{"id":11037,"date":"2025-07-17T10:50:57","date_gmt":"2025-07-17T08:50:57","guid":{"rendered":"https:\/\/carteldamageclaims.com\/?page_id=11037"},"modified":"2025-07-18T15:38:38","modified_gmt":"2025-07-18T13:38:38","slug":"amelia-mora","status":"publish","type":"page","link":"https:\/\/carteldamageclaims.com\/de\/about-us\/meet-the-team\/amelia-mora\/","title":{"rendered":"Amelia Mora"},"content":{"rendered":"<div data-elementor-type=\"wp-page\" data-elementor-id=\"11037\" class=\"elementor elementor-11037\" data-elementor-post-type=\"page\">\n\t\t\t\t\t\t<section class=\"elementor-section elementor-top-section elementor-element elementor-element-ab44274 elementor-section-boxed elementor-section-height-default elementor-section-height-default\" data-id=\"ab44274\" data-element_type=\"section\" data-e-type=\"section\">\n\t\t\t\t\t\t<div class=\"elementor-container elementor-column-gap-default\">\n\t\t\t\t\t<div class=\"elementor-column elementor-col-100 elementor-top-column elementor-element elementor-element-1676374\" data-id=\"1676374\" data-element_type=\"column\" data-e-type=\"column\">\n\t\t\t<div class=\"elementor-widget-wrap elementor-element-populated\">\n\t\t\t\t\t\t<div class=\"elementor-element elementor-element-7e71578 elementor-widget elementor-widget-heading\" data-id=\"7e71578\" data-element_type=\"widget\" data-e-type=\"widget\" data-widget_type=\"heading.default\">\n\t\t\t\t<div class=\"elementor-widget-container\">\n\t\t\t\t\t<h1 class=\"elementor-heading-title elementor-size-default\">Amelia Mora<\/h1>\t\t\t\t<\/div>\n\t\t\t\t<\/div>\n\t\t\t\t<div class=\"elementor-element elementor-element-150e12f elementor-widget elementor-widget-image\" data-id=\"150e12f\" data-element_type=\"widget\" data-e-type=\"widget\" data-widget_type=\"image.default\">\n\t\t\t\t<div class=\"elementor-widget-container\">\n\t\t\t\t\t\t\t\t\t\t\t\t\t\t\t<img decoding=\"async\" src=\"https:\/\/carteldamageclaims.com\/wp-content\/uploads\/elementor\/thumbs\/Amelia_bio2-r8vuih1d70l9g0r93cnfzcpn8cr0py6n2m3dluf1jc.jpg\" title=\"Amelia_bio2\" alt=\"Amelia_bio2\" loading=\"lazy\" \/>\t\t\t\t\t\t\t\t\t\t\t\t\t\t\t<\/div>\n\t\t\t\t<\/div>\n\t\t\t\t<div class=\"elementor-element elementor-element-73851c3 elementor-widget elementor-widget-text-editor\" data-id=\"73851c3\" data-element_type=\"widget\" data-e-type=\"widget\" data-widget_type=\"text-editor.default\">\n\t\t\t\t<div class=\"elementor-widget-container\">\n\t\t\t\t\t\t\t\t\t<p>Amelia arbeitet in der Niederlassung von CDC in Br\u00fcssel und konzentriert sich auf die Erhebung, Bereinigung und Analyse von Daten, die Kommunikation mit betroffenen Unternehmen, die B\u00fcroverwaltung sowie Rechts- und Marktstudien. Dar\u00fcber hinaus k\u00fcmmert sie sich um Aufgaben im Zusammenhang mit der Feststellung und Quantifizierung von Schadensersatzanspr\u00fcchen aufgrund von Verst\u00f6\u00dfen gegen Kartell- und Missbrauchsregeln.<\/p><p>Bevor sie zu CDC kam, sammelte Amelia wertvolle Erfahrungen in f\u00fchrenden Anwaltskanzleien in Spanien, wo sie sich auf Rechtsstreitigkeiten im Zusammenhang mit Sch\u00e4den aufgrund von Verst\u00f6\u00dfen gegen das Wettbewerbsrecht spezialisierte. Amelia hat einen Bachelor-Abschluss in Rechtswissenschaften, einen Bachelor-Abschluss in Politikwissenschaft und \u00f6ffentlicher Verwaltung sowie einen LLM-Abschluss in Europarecht und Wettbewerbsrecht.<\/p><p>In ihrer Freizeit liebt sie Reisen, Kino und widmet sich gerne kulturellen Aktivit\u00e4ten und dem Lesen.<\/p><p>Sprachen: Spanisch und Englisch<\/p>\t\t\t\t\t\t\t\t<\/div>\n\t\t\t\t<\/div>\n\t\t\t\t\t<\/div>\n\t\t<\/div>\n\t\t\t\t\t<\/div>\n\t\t<\/section>\n\t\t\t\t<section class=\"elementor-section elementor-top-section elementor-element elementor-element-c0d9bb3 elementor-section-boxed elementor-section-height-default elementor-section-height-default\" data-id=\"c0d9bb3\" data-element_type=\"section\" data-e-type=\"section\">\n\t\t\t\t\t\t<div class=\"elementor-container elementor-column-gap-default\">\n\t\t\t\t\t<div class=\"elementor-column elementor-col-20 elementor-top-column elementor-element elementor-element-2ccf329\" data-id=\"2ccf329\" data-element_type=\"column\" data-e-type=\"column\">\n\t\t\t<div class=\"elementor-widget-wrap\">\n\t\t\t\t\t\t\t<\/div>\n\t\t<\/div>\n\t\t\t\t<div class=\"elementor-column elementor-col-20 elementor-top-column elementor-element elementor-element-8f1fd38\" data-id=\"8f1fd38\" data-element_type=\"column\" data-e-type=\"column\">\n\t\t\t<div class=\"elementor-widget-wrap elementor-element-populated\">\n\t\t\t\t\t\t<div class=\"elementor-element elementor-element-6e4781a elementor-shape-circle elementor-grid-0 e-grid-align-center elementor-widget elementor-widget-social-icons\" data-id=\"6e4781a\" data-element_type=\"widget\" data-e-type=\"widget\" data-widget_type=\"social-icons.default\">\n\t\t\t\t<div class=\"elementor-widget-container\">\n\t\t\t\t\t\t\t<div class=\"elementor-social-icons-wrapper elementor-grid\">\n\t\t\t\t\t\t\t<span class=\"elementor-grid-item\">\n\t\t\t\t\t<a class=\"elementor-icon elementor-social-icon elementor-social-icon-linkedin elementor-repeater-item-02681da\" href=\"https:\/\/www.linkedin.com\/in\/amelia-mora-282399238\/\" target=\"_blank\">\n\t\t\t\t\t\t<span class=\"elementor-screen-only\">Linkedin<\/span>\n\t\t\t\t\t\t<i aria-hidden=\"true\" class=\"fab fa-linkedin\"><\/i>\t\t\t\t\t<\/a>\n\t\t\t\t<\/span>\n\t\t\t\t\t<\/div>\n\t\t\t\t\t\t<\/div>\n\t\t\t\t<\/div>\n\t\t\t\t\t<\/div>\n\t\t<\/div>\n\t\t\t\t<div class=\"elementor-column elementor-col-20 elementor-top-column elementor-element elementor-element-9647eb0\" data-id=\"9647eb0\" data-element_type=\"column\" data-e-type=\"column\">\n\t\t\t<div class=\"elementor-widget-wrap elementor-element-populated\">\n\t\t\t\t\t\t<div class=\"elementor-element elementor-element-adb98be elementor-view-framed elementor-shape-circle elementor-widget elementor-widget-icon\" data-id=\"adb98be\" data-element_type=\"widget\" data-e-type=\"widget\" data-widget_type=\"icon.default\">\n\t\t\t\t<div class=\"elementor-widget-container\">\n\t\t\t\t\t\t\t<div class=\"elementor-icon-wrapper\">\n\t\t\t<a class=\"elementor-icon\" href=\"mailto:mora@carteldamageclaims.com\">\n\t\t\t<i aria-hidden=\"true\" class=\"fas fa-envelope\"><\/i>\t\t\t<\/a>\n\t\t<\/div>\n\t\t\t\t\t\t<\/div>\n\t\t\t\t<\/div>\n\t\t\t\t\t<\/div>\n\t\t<\/div>\n\t\t\t\t<div class=\"elementor-column elementor-col-20 elementor-top-column elementor-element elementor-element-bc85f21\" data-id=\"bc85f21\" data-element_type=\"column\" data-e-type=\"column\">\n\t\t\t<div class=\"elementor-widget-wrap elementor-element-populated\">\n\t\t\t\t\t\t<div class=\"elementor-element elementor-element-322c250 elementor-view-default elementor-widget elementor-widget-icon\" data-id=\"322c250\" data-element_type=\"widget\" data-e-type=\"widget\" data-widget_type=\"icon.default\">\n\t\t\t\t<div class=\"elementor-widget-container\">\n\t\t\t\t\t\t\t<div class=\"elementor-icon-wrapper\">\n\t\t\t<a class=\"elementor-icon\" href=\"https:\/\/carteldamageclaims.com\/de\/author\/amelia\/\" target=\"_blank\">\n\t\t\t<i aria-hidden=\"true\" class=\"far fa-newspaper\"><\/i>\t\t\t<\/a>\n\t\t<\/div>\n\t\t\t\t\t\t<\/div>\n\t\t\t\t<\/div>\n\t\t\t\t\t<\/div>\n\t\t<\/div>\n\t\t\t\t<div class=\"elementor-column elementor-col-20 elementor-top-column elementor-element elementor-element-f1f2667\" data-id=\"f1f2667\" data-element_type=\"column\" data-e-type=\"column\">\n\t\t\t<div class=\"elementor-widget-wrap\">\n\t\t\t\t\t\t\t<\/div>\n\t\t<\/div>\n\t\t\t\t\t<\/div>\n\t\t<\/section>\n\t\t\t\t<section class=\"elementor-section elementor-top-section elementor-element elementor-element-eb4cb6a elementor-section-boxed elementor-section-height-default elementor-section-height-default\" data-id=\"eb4cb6a\" data-element_type=\"section\" data-e-type=\"section\">\n\t\t\t\t\t\t<div class=\"elementor-container elementor-column-gap-default\">\n\t\t\t\t\t<div class=\"elementor-column elementor-col-100 elementor-top-column elementor-element elementor-element-606e8e4\" data-id=\"606e8e4\" data-element_type=\"column\" data-e-type=\"column\">\n\t\t\t<div class=\"elementor-widget-wrap elementor-element-populated\">\n\t\t\t\t\t\t<div class=\"elementor-element elementor-element-57ec8bd elementor-widget elementor-widget-spacer\" data-id=\"57ec8bd\" data-element_type=\"widget\" data-e-type=\"widget\" data-widget_type=\"spacer.default\">\n\t\t\t\t<div class=\"elementor-widget-container\">\n\t\t\t\t\t\t\t<div class=\"elementor-spacer\">\n\t\t\t<div class=\"elementor-spacer-inner\"><\/div>\n\t\t<\/div>\n\t\t\t\t\t\t<\/div>\n\t\t\t\t<\/div>\n\t\t\t\t\t<\/div>\n\t\t<\/div>\n\t\t\t\t\t<\/div>\n\t\t<\/section>\n\t\t\t\t<section class=\"elementor-section elementor-top-section elementor-element elementor-element-a6d53e6 elementor-section-boxed elementor-section-height-default elementor-section-height-default\" data-id=\"a6d53e6\" data-element_type=\"section\" data-e-type=\"section\">\n\t\t\t\t\t\t<div class=\"elementor-container elementor-column-gap-default\">\n\t\t\t\t\t<div class=\"elementor-column elementor-col-100 elementor-top-column elementor-element elementor-element-4cef4a6\" data-id=\"4cef4a6\" data-element_type=\"column\" data-e-type=\"column\">\n\t\t\t<div class=\"elementor-widget-wrap elementor-element-populated\">\n\t\t\t\t\t\t<div class=\"elementor-element elementor-element-28b0efb elementor-align-center elementor-widget elementor-widget-button\" data-id=\"28b0efb\" data-element_type=\"widget\" data-e-type=\"widget\" data-widget_type=\"button.default\">\n\t\t\t\t<div class=\"elementor-widget-container\">\n\t\t\t\t\t\t\t\t\t<div class=\"elementor-button-wrapper\">\n\t\t\t\t\t<a class=\"elementor-button elementor-button-link elementor-size-md\" href=\"\/de\/about-us\/meet-the-team\/\">\n\t\t\t\t\t\t<span class=\"elementor-button-content-wrapper\">\n\t\t\t\t\t\t\t\t\t<span class=\"elementor-button-text\">Das CDC Team<\/span>\n\t\t\t\t\t<\/span>\n\t\t\t\t\t<\/a>\n\t\t\t\t<\/div>\n\t\t\t\t\t\t\t\t<\/div>\n\t\t\t\t<\/div>\n\t\t\t\t\t<\/div>\n\t\t<\/div>\n\t\t\t\t\t<\/div>\n\t\t<\/section>\n\t\t\t\t<\/div>","protected":false},"excerpt":{"rendered":"<p>Amelia Mora Amelia works at CDC\u2019s Brussels office, focusing on the collection, cleaning, and analysis of data, communication with affected companies, office administration, and legal and market studies. Additionally, she handles tasks related to the establishment and quantification of compensation claims resulting from infringements of cartels and abuse of dominance regulations. Prior to joining CDC, [&hellip;]<\/p>\n","protected":false},"author":24,"featured_media":0,"parent":28,"menu_order":0,"comment_status":"closed","ping_status":"closed","template":"elementor_header_footer","meta":{"footnotes":""},"coauthors":[88],"class_list":["post-11037","page","type-page","status-publish","hentry"],"yoast_head":"<!-- This site is optimized with the Yoast SEO plugin v27.3 - https:\/\/yoast.com\/product\/yoast-seo-wordpress\/ -->\n<title>Amelia Mora - CDC part of multidisciplinary and international team<\/title>\n<meta name=\"description\" content=\"Akos Reger is a senior economist at CDC and has multiple years of experience in the field of competition economics. Get to know his strengths!\" \/>\n<meta name=\"robots\" content=\"index, follow, max-snippet:-1, max-image-preview:large, max-video-preview:-1\" \/>\n<link rel=\"canonical\" href=\"https:\/\/carteldamageclaims.com\/de\/about-us\/meet-the-team\/amelia-mora\/\" \/>\n<meta property=\"og:locale\" content=\"de_DE\" \/>\n<meta property=\"og:type\" content=\"article\" \/>\n<meta property=\"og:title\" content=\"Amelia Mora - CDC part of multidisciplinary and international team\" \/>\n<meta property=\"og:description\" content=\"Akos Reger is a senior economist at CDC and has multiple years of experience in the field of competition economics. Get to know his strengths!\" \/>\n<meta property=\"og:url\" content=\"https:\/\/carteldamageclaims.com\/de\/about-us\/meet-the-team\/amelia-mora\/\" \/>\n<meta property=\"og:site_name\" content=\"CDC\" \/>\n<meta property=\"article:modified_time\" content=\"2025-07-18T13:38:38+00:00\" \/>\n<meta property=\"og:image\" content=\"https:\/\/carteldamageclaims.com\/wp-content\/uploads\/elementor\/thumbs\/Amelia_bio2-r8vuih1d70l9g0r93cnfzcpn8cr0py6n2m3dluf1jc.jpg\" \/>\n<meta name=\"twitter:card\" content=\"summary_large_image\" \/>\n<meta name=\"twitter:label1\" content=\"Est. reading time\" \/>\n\t<meta name=\"twitter:data1\" content=\"1 minute\" \/>\n\t<meta name=\"twitter:label2\" content=\"Written by\" \/>\n\t<meta name=\"twitter:data2\" content=\"Viktoria Speyerer\" \/>\n<script type=\"application\/ld+json\" class=\"yoast-schema-graph\">{\"@context\":\"https:\\\/\\\/schema.org\",\"@graph\":[{\"@type\":\"WebPage\",\"@id\":\"https:\\\/\\\/carteldamageclaims.com\\\/about-us\\\/meet-the-team\\\/amelia-mora\\\/\",\"url\":\"https:\\\/\\\/carteldamageclaims.com\\\/about-us\\\/meet-the-team\\\/amelia-mora\\\/\",\"name\":\"Amelia Mora - CDC part of multidisciplinary and international team\",\"isPartOf\":{\"@id\":\"https:\\\/\\\/carteldamageclaims.com\\\/#website\"},\"primaryImageOfPage\":{\"@id\":\"https:\\\/\\\/carteldamageclaims.com\\\/about-us\\\/meet-the-team\\\/amelia-mora\\\/#primaryimage\"},\"image\":{\"@id\":\"https:\\\/\\\/carteldamageclaims.com\\\/about-us\\\/meet-the-team\\\/amelia-mora\\\/#primaryimage\"},\"thumbnailUrl\":\"https:\\\/\\\/carteldamageclaims.com\\\/wp-content\\\/uploads\\\/elementor\\\/thumbs\\\/Amelia_bio2-r8vuih1d70l9g0r93cnfzcpn8cr0py6n2m3dluf1jc.jpg\",\"datePublished\":\"2025-07-17T08:50:57+00:00\",\"dateModified\":\"2025-07-18T13:38:38+00:00\",\"description\":\"Akos Reger is a senior economist at CDC and has multiple years of experience in the field of competition economics. Get to know his strengths!\",\"breadcrumb\":{\"@id\":\"https:\\\/\\\/carteldamageclaims.com\\\/about-us\\\/meet-the-team\\\/amelia-mora\\\/#breadcrumb\"},\"inLanguage\":\"de-DE-formal\",\"potentialAction\":[{\"@type\":\"ReadAction\",\"target\":[\"https:\\\/\\\/carteldamageclaims.com\\\/about-us\\\/meet-the-team\\\/amelia-mora\\\/\"]}]},{\"@type\":\"ImageObject\",\"inLanguage\":\"de-DE-formal\",\"@id\":\"https:\\\/\\\/carteldamageclaims.com\\\/about-us\\\/meet-the-team\\\/amelia-mora\\\/#primaryimage\",\"url\":\"https:\\\/\\\/carteldamageclaims.com\\\/wp-content\\\/uploads\\\/elementor\\\/thumbs\\\/Amelia_bio2-r8vuih1d70l9g0r93cnfzcpn8cr0py6n2m3dluf1jc.jpg\",\"contentUrl\":\"https:\\\/\\\/carteldamageclaims.com\\\/wp-content\\\/uploads\\\/elementor\\\/thumbs\\\/Amelia_bio2-r8vuih1d70l9g0r93cnfzcpn8cr0py6n2m3dluf1jc.jpg\"},{\"@type\":\"BreadcrumbList\",\"@id\":\"https:\\\/\\\/carteldamageclaims.com\\\/about-us\\\/meet-the-team\\\/amelia-mora\\\/#breadcrumb\",\"itemListElement\":[{\"@type\":\"ListItem\",\"position\":1,\"name\":\"Home\",\"item\":\"https:\\\/\\\/carteldamageclaims.com\\\/\"},{\"@type\":\"ListItem\",\"position\":2,\"name\":\"ABOUT US\",\"item\":\"https:\\\/\\\/carteldamageclaims.com\\\/de\\\/about-us\\\/\"},{\"@type\":\"ListItem\",\"position\":3,\"name\":\"Meet the Team\",\"item\":\"https:\\\/\\\/carteldamageclaims.com\\\/about-us\\\/meet-the-team\\\/\"},{\"@type\":\"ListItem\",\"position\":4,\"name\":\"Amelia Mora\"}]},{\"@type\":\"WebSite\",\"@id\":\"https:\\\/\\\/carteldamageclaims.com\\\/#website\",\"url\":\"https:\\\/\\\/carteldamageclaims.com\\\/\",\"name\":\"CDC Cartel Damage Claims\",\"description\":\"Cartel Damage Claims\",\"publisher\":{\"@id\":\"https:\\\/\\\/carteldamageclaims.com\\\/#organization\"},\"potentialAction\":[{\"@type\":\"SearchAction\",\"target\":{\"@type\":\"EntryPoint\",\"urlTemplate\":\"https:\\\/\\\/carteldamageclaims.com\\\/?s={search_term_string}\"},\"query-input\":{\"@type\":\"PropertyValueSpecification\",\"valueRequired\":true,\"valueName\":\"search_term_string\"}}],\"inLanguage\":\"de-DE-formal\"},{\"@type\":\"Organization\",\"@id\":\"https:\\\/\\\/carteldamageclaims.com\\\/#organization\",\"name\":\"CDC Cartel Damage Claims\",\"url\":\"https:\\\/\\\/carteldamageclaims.com\\\/\",\"logo\":{\"@type\":\"ImageObject\",\"inLanguage\":\"de-DE-formal\",\"@id\":\"https:\\\/\\\/carteldamageclaims.com\\\/#\\\/schema\\\/logo\\\/image\\\/\",\"url\":\"https:\\\/\\\/carteldamageclaims.com\\\/wp-content\\\/uploads\\\/2020\\\/09\\\/CDC-Logo.jpg\",\"contentUrl\":\"https:\\\/\\\/carteldamageclaims.com\\\/wp-content\\\/uploads\\\/2020\\\/09\\\/CDC-Logo.jpg\",\"width\":225,\"height\":54,\"caption\":\"CDC Cartel Damage Claims\"},\"image\":{\"@id\":\"https:\\\/\\\/carteldamageclaims.com\\\/#\\\/schema\\\/logo\\\/image\\\/\"}}]}<\/script>\n<!-- \/ Yoast SEO plugin. -->","yoast_head_json":{"title":"Amelia Mora - CDC part of multidisciplinary and international team","description":"Akos Reger is a senior economist at CDC and has multiple years of experience in the field of competition economics. Get to know his strengths!","robots":{"index":"index","follow":"follow","max-snippet":"max-snippet:-1","max-image-preview":"max-image-preview:large","max-video-preview":"max-video-preview:-1"},"canonical":"https:\/\/carteldamageclaims.com\/de\/about-us\/meet-the-team\/amelia-mora\/","og_locale":"de_DE","og_type":"article","og_title":"Amelia Mora - CDC part of multidisciplinary and international team","og_description":"Akos Reger is a senior economist at CDC and has multiple years of experience in the field of competition economics. Get to know his strengths!","og_url":"https:\/\/carteldamageclaims.com\/de\/about-us\/meet-the-team\/amelia-mora\/","og_site_name":"CDC","article_modified_time":"2025-07-18T13:38:38+00:00","og_image":[{"url":"https:\/\/carteldamageclaims.com\/wp-content\/uploads\/elementor\/thumbs\/Amelia_bio2-r8vuih1d70l9g0r93cnfzcpn8cr0py6n2m3dluf1jc.jpg","type":"","width":"","height":""}],"twitter_card":"summary_large_image","twitter_misc":{"Est. reading time":"1 minute","Written by":"Viktoria Speyerer"},"schema":{"@context":"https:\/\/schema.org","@graph":[{"@type":"WebPage","@id":"https:\/\/carteldamageclaims.com\/about-us\/meet-the-team\/amelia-mora\/","url":"https:\/\/carteldamageclaims.com\/about-us\/meet-the-team\/amelia-mora\/","name":"Amelia Mora - CDC part of multidisciplinary and international team","isPartOf":{"@id":"https:\/\/carteldamageclaims.com\/#website"},"primaryImageOfPage":{"@id":"https:\/\/carteldamageclaims.com\/about-us\/meet-the-team\/amelia-mora\/#primaryimage"},"image":{"@id":"https:\/\/carteldamageclaims.com\/about-us\/meet-the-team\/amelia-mora\/#primaryimage"},"thumbnailUrl":"https:\/\/carteldamageclaims.com\/wp-content\/uploads\/elementor\/thumbs\/Amelia_bio2-r8vuih1d70l9g0r93cnfzcpn8cr0py6n2m3dluf1jc.jpg","datePublished":"2025-07-17T08:50:57+00:00","dateModified":"2025-07-18T13:38:38+00:00","description":"Akos Reger is a senior economist at CDC and has multiple years of experience in the field of competition economics. Get to know his strengths!","breadcrumb":{"@id":"https:\/\/carteldamageclaims.com\/about-us\/meet-the-team\/amelia-mora\/#breadcrumb"},"inLanguage":"de-DE-formal","potentialAction":[{"@type":"ReadAction","target":["https:\/\/carteldamageclaims.com\/about-us\/meet-the-team\/amelia-mora\/"]}]},{"@type":"ImageObject","inLanguage":"de-DE-formal","@id":"https:\/\/carteldamageclaims.com\/about-us\/meet-the-team\/amelia-mora\/#primaryimage","url":"https:\/\/carteldamageclaims.com\/wp-content\/uploads\/elementor\/thumbs\/Amelia_bio2-r8vuih1d70l9g0r93cnfzcpn8cr0py6n2m3dluf1jc.jpg","contentUrl":"https:\/\/carteldamageclaims.com\/wp-content\/uploads\/elementor\/thumbs\/Amelia_bio2-r8vuih1d70l9g0r93cnfzcpn8cr0py6n2m3dluf1jc.jpg"},{"@type":"BreadcrumbList","@id":"https:\/\/carteldamageclaims.com\/about-us\/meet-the-team\/amelia-mora\/#breadcrumb","itemListElement":[{"@type":"ListItem","position":1,"name":"Home","item":"https:\/\/carteldamageclaims.com\/"},{"@type":"ListItem","position":2,"name":"ABOUT US","item":"https:\/\/carteldamageclaims.com\/de\/about-us\/"},{"@type":"ListItem","position":3,"name":"Meet the Team","item":"https:\/\/carteldamageclaims.com\/about-us\/meet-the-team\/"},{"@type":"ListItem","position":4,"name":"Amelia Mora"}]},{"@type":"WebSite","@id":"https:\/\/carteldamageclaims.com\/#website","url":"https:\/\/carteldamageclaims.com\/","name":"CDC Cartel Damage Claims","description":"Cartel Damage Claims","publisher":{"@id":"https:\/\/carteldamageclaims.com\/#organization"},"potentialAction":[{"@type":"SearchAction","target":{"@type":"EntryPoint","urlTemplate":"https:\/\/carteldamageclaims.com\/?s={search_term_string}"},"query-input":{"@type":"PropertyValueSpecification","valueRequired":true,"valueName":"search_term_string"}}],"inLanguage":"de-DE-formal"},{"@type":"Organization","@id":"https:\/\/carteldamageclaims.com\/#organization","name":"CDC Cartel Damage Claims","url":"https:\/\/carteldamageclaims.com\/","logo":{"@type":"ImageObject","inLanguage":"de-DE-formal","@id":"https:\/\/carteldamageclaims.com\/#\/schema\/logo\/image\/","url":"https:\/\/carteldamageclaims.com\/wp-content\/uploads\/2020\/09\/CDC-Logo.jpg","contentUrl":"https:\/\/carteldamageclaims.com\/wp-content\/uploads\/2020\/09\/CDC-Logo.jpg","width":225,"height":54,"caption":"CDC Cartel Damage Claims"},"image":{"@id":"https:\/\/carteldamageclaims.com\/#\/schema\/logo\/image\/"}}]}},"_links":{"self":[{"href":"https:\/\/carteldamageclaims.com\/de\/wp-json\/wp\/v2\/pages\/11037","targetHints":{"allow":["GET"]}}],"collection":[{"href":"https:\/\/carteldamageclaims.com\/de\/wp-json\/wp\/v2\/pages"}],"about":[{"href":"https:\/\/carteldamageclaims.com\/de\/wp-json\/wp\/v2\/types\/page"}],"author":[{"embeddable":true,"href":"https:\/\/carteldamageclaims.com\/de\/wp-json\/wp\/v2\/users\/24"}],"replies":[{"embeddable":true,"href":"https:\/\/carteldamageclaims.com\/de\/wp-json\/wp\/v2\/comments?post=11037"}],"version-history":[{"count":19,"href":"https:\/\/carteldamageclaims.com\/de\/wp-json\/wp\/v2\/pages\/11037\/revisions"}],"predecessor-version":[{"id":11078,"href":"https:\/\/carteldamageclaims.com\/de\/wp-json\/wp\/v2\/pages\/11037\/revisions\/11078"}],"up":[{"embeddable":true,"href":"https:\/\/carteldamageclaims.com\/de\/wp-json\/wp\/v2\/pages\/28"}],"wp:attachment":[{"href":"https:\/\/carteldamageclaims.com\/de\/wp-json\/wp\/v2\/media?parent=11037"}],"wp:term":[{"taxonomy":"author","embeddable":true,"href":"https:\/\/carteldamageclaims.com\/de\/wp-json\/wp\/v2\/coauthors?post=11037"}],"curies":[{"name":"wp","href":"https:\/\/api.w.org\/{rel}","templated":true}]}}