{"id":44,"date":"2020-07-03T16:33:30","date_gmt":"2020-07-03T14:33:30","guid":{"rendered":"https:\/\/carteldamageclaims.com\/?page_id=44"},"modified":"2021-04-27T08:53:18","modified_gmt":"2021-04-27T06:53:18","slug":"zement","status":"publish","type":"page","link":"https:\/\/carteldamageclaims.com\/de\/cases\/cement\/","title":{"rendered":"Zement"},"content":{"rendered":"<div data-elementor-type=\"wp-page\" data-elementor-id=\"44\" class=\"elementor elementor-44\" data-elementor-post-type=\"page\">\n\t\t\t\t\t\t<section class=\"elementor-section elementor-top-section elementor-element elementor-element-bd56fb2 elementor-section-boxed elementor-section-height-default elementor-section-height-default\" data-id=\"bd56fb2\" data-element_type=\"section\" data-e-type=\"section\" data-settings=\"{&quot;background_background&quot;:&quot;classic&quot;}\">\n\t\t\t\t\t\t<div class=\"elementor-container elementor-column-gap-default\">\n\t\t\t\t\t<div class=\"elementor-column elementor-col-100 elementor-top-column elementor-element elementor-element-88d13d3\" data-id=\"88d13d3\" data-element_type=\"column\" data-e-type=\"column\">\n\t\t\t<div class=\"elementor-widget-wrap elementor-element-populated\">\n\t\t\t\t\t\t\t<\/div>\n\t\t<\/div>\n\t\t\t\t\t<\/div>\n\t\t<\/section>\n\t\t\t\t<section class=\"elementor-section elementor-top-section elementor-element elementor-element-1a66d59 elementor-section-boxed elementor-section-height-default elementor-section-height-default\" data-id=\"1a66d59\" data-element_type=\"section\" data-e-type=\"section\" data-settings=\"{&quot;background_background&quot;:&quot;classic&quot;}\">\n\t\t\t\t\t\t\t<div class=\"elementor-background-overlay\"><\/div>\n\t\t\t\t\t\t\t<div class=\"elementor-container elementor-column-gap-default\">\n\t\t\t\t\t<div class=\"elementor-column elementor-col-50 elementor-top-column elementor-element elementor-element-b948637\" data-id=\"b948637\" data-element_type=\"column\" data-e-type=\"column\">\n\t\t\t<div class=\"elementor-widget-wrap elementor-element-populated\">\n\t\t\t\t\t\t<div class=\"elementor-element elementor-element-5be925f elementor-widget elementor-widget-spacer\" data-id=\"5be925f\" data-element_type=\"widget\" data-e-type=\"widget\" data-widget_type=\"spacer.default\">\n\t\t\t\t<div class=\"elementor-widget-container\">\n\t\t\t\t\t\t\t<div class=\"elementor-spacer\">\n\t\t\t<div class=\"elementor-spacer-inner\"><\/div>\n\t\t<\/div>\n\t\t\t\t\t\t<\/div>\n\t\t\t\t<\/div>\n\t\t\t\t\t<\/div>\n\t\t<\/div>\n\t\t\t\t<div class=\"elementor-column elementor-col-50 elementor-top-column elementor-element elementor-element-d3ad8a6\" data-id=\"d3ad8a6\" data-element_type=\"column\" data-e-type=\"column\">\n\t\t\t<div class=\"elementor-widget-wrap elementor-element-populated\">\n\t\t\t\t\t\t<div class=\"elementor-element elementor-element-cf58c48 elementor-widget elementor-widget-spacer\" data-id=\"cf58c48\" data-element_type=\"widget\" data-e-type=\"widget\" data-widget_type=\"spacer.default\">\n\t\t\t\t<div class=\"elementor-widget-container\">\n\t\t\t\t\t\t\t<div class=\"elementor-spacer\">\n\t\t\t<div class=\"elementor-spacer-inner\"><\/div>\n\t\t<\/div>\n\t\t\t\t\t\t<\/div>\n\t\t\t\t<\/div>\n\t\t\t\t\t<\/div>\n\t\t<\/div>\n\t\t\t\t\t<\/div>\n\t\t<\/section>\n\t\t\t\t<section class=\"elementor-section elementor-top-section elementor-element elementor-element-ba4f78e elementor-section-boxed elementor-section-height-default elementor-section-height-default\" data-id=\"ba4f78e\" data-element_type=\"section\" data-e-type=\"section\">\n\t\t\t\t\t\t<div class=\"elementor-container elementor-column-gap-default\">\n\t\t\t\t\t<div class=\"elementor-column elementor-col-100 elementor-top-column elementor-element elementor-element-78e2e5c\" data-id=\"78e2e5c\" data-element_type=\"column\" data-e-type=\"column\">\n\t\t\t<div class=\"elementor-widget-wrap elementor-element-populated\">\n\t\t\t\t\t\t<div class=\"elementor-element elementor-element-7fc7294 elementor-widget elementor-widget-spacer\" data-id=\"7fc7294\" data-element_type=\"widget\" data-e-type=\"widget\" data-widget_type=\"spacer.default\">\n\t\t\t\t<div class=\"elementor-widget-container\">\n\t\t\t\t\t\t\t<div class=\"elementor-spacer\">\n\t\t\t<div class=\"elementor-spacer-inner\"><\/div>\n\t\t<\/div>\n\t\t\t\t\t\t<\/div>\n\t\t\t\t<\/div>\n\t\t\t\t<div class=\"elementor-element elementor-element-1521cda elementor-widget elementor-widget-heading\" data-id=\"1521cda\" data-element_type=\"widget\" data-e-type=\"widget\" data-widget_type=\"heading.default\">\n\t\t\t\t<div class=\"elementor-widget-container\">\n\t\t\t\t\t<h2 class=\"elementor-heading-title elementor-size-default\">Zement<\/h2>\t\t\t\t<\/div>\n\t\t\t\t<\/div>\n\t\t\t\t<div class=\"elementor-element elementor-element-e4b8371 elementor-widget elementor-widget-text-editor\" data-id=\"e4b8371\" data-element_type=\"widget\" data-e-type=\"widget\" data-widget_type=\"text-editor.default\">\n\t\t\t\t<div class=\"elementor-widget-container\">\n\t\t\t\t\t\t\t\t\t<p>Die Aktivit\u00e4ten von CDC Cartel Damage Claims im Zusammenhang mit den deutschen Zementkartellen haben sowohl in Deutschland als auch international erhebliche Aufmerksamkeit erregt. CDC hat in Deutschland zwei Klagen wegen Schadensersatzanspr\u00fcchen von mehr als 35 Firmenkunden der deutschen Zementhersteller erhoben, zu einem Zeitpunkt, als solche Klagen noch nie zuvor gepr\u00fcft wurden. Die erste Schadensersatzklage wurde im Jahr 2005 vor dem Landgericht D\u00fcsseldorf eingereicht, die zweite im Jahr 2015 vor dem Landgericht Mannheim. Die 2005 eingereichte Klage war die erste gro\u00df angelegte kartellrechtliche Schadensersatzklage in Europa. Im Jahr 2019 einigten sich die Parteien au\u00dfergerichtlich auf eine nicht ver\u00f6ffentlichte Summe. <\/p>\t\t\t\t\t\t\t\t<\/div>\n\t\t\t\t<\/div>\n\t\t\t\t<div class=\"elementor-element elementor-element-8ce28ef elementor-widget elementor-widget-heading\" data-id=\"8ce28ef\" data-element_type=\"widget\" data-e-type=\"widget\" data-widget_type=\"heading.default\">\n\t\t\t\t<div class=\"elementor-widget-container\">\n\t\t\t\t\t<h3 class=\"elementor-heading-title elementor-size-default\">Hintergund - Die deutschen Zementkartelle\n\n<\/h3>\t\t\t\t<\/div>\n\t\t\t\t<\/div>\n\t\t\t\t<div class=\"elementor-element elementor-element-2c65008 elementor-widget elementor-widget-text-editor\" data-id=\"2c65008\" data-element_type=\"widget\" data-e-type=\"widget\" data-widget_type=\"text-editor.default\">\n\t\t\t\t<div class=\"elementor-widget-container\">\n\t\t\t\t\t\t\t\t\t<p>Im April 2003 verh\u00e4ngte das deutsche Bundeskartellamt (BKartA) gegen zw\u00f6lf Unternehmen und deren Vertreter Bu\u00dfgelder in H\u00f6he von insgesamt 702 Mio. EUR wegen der Beteiligung an den deutschen Zementkartellen. Auf die sechs gr\u00f6\u00dften deutschen Hersteller\u00a0<a href=\"http:\/\/www.lafargeholcim.com\/\">Alsen AG (heute Holcim Deutschland AG)<\/a>,\u00a0<a href=\"http:\/\/www.dyckerhoff.com\/online\/en\/Home.html\">Dyckerhoff AG (heute Dyckerhoff GmbH)<\/a>,\u00a0<a href=\"http:\/\/www.heidelbergcement.com\/en\">HeidelbergCement AG<\/a>,\u00a0<a href=\"http:\/\/www.lafargeholcim.com\/\">Lafarge Zement GmbH<\/a>,\u00a0<a href=\"http:\/\/www.cemex.de\/\">Readymix AG (heute Cemex Deutschland AG)<\/a>und\u00a0<a href=\"http:\/\/www.schwenk-zement.de\/en\/index.php\">Schwenk Zement KG<\/a>\u00a0entfielen 660 Mio. EUR der Geldbu\u00dfe. Nach Angaben des BKartA hatten die Zementhersteller sp\u00e4testens seit Anfang der 1990er Jahre deutschlandweit illegale Quoten- und Marktaufteilungsabsprachen getroffen. Im Juni 2009 wurde das Bu\u00dfgeld in der Berufung auf 330 Mio. EUR reduziert, weil die Daten f\u00fcr die Bu\u00dfgeldbemessung unvollst\u00e4ndig waren. Sowohl das Oberlandesgericht D\u00fcsseldorf als auch der Bundesgerichtshof best\u00e4tigten jedoch die Existenz der Kartelle in der deutschen Zementbranche.<\/p>\t\t\t\t\t\t\t\t<\/div>\n\t\t\t\t<\/div>\n\t\t\t\t<div class=\"elementor-element elementor-element-14af716 elementor-widget elementor-widget-heading\" data-id=\"14af716\" data-element_type=\"widget\" data-e-type=\"widget\" data-widget_type=\"heading.default\">\n\t\t\t\t<div class=\"elementor-widget-container\">\n\t\t\t\t\t<h3 class=\"elementor-heading-title elementor-size-default\">Die CDC-Schadensersatzklagen\n\n<\/h3>\t\t\t\t<\/div>\n\t\t\t\t<\/div>\n\t\t\t\t<div class=\"elementor-element elementor-element-f62a419 elementor-widget elementor-widget-text-editor\" data-id=\"f62a419\" data-element_type=\"widget\" data-e-type=\"widget\" data-widget_type=\"text-editor.default\">\n\t\t\t\t<div class=\"elementor-widget-container\">\n\t\t\t\t\t\t\t\t\t<p>CDCs erste Klage, die im August 2005 eingereicht wurde, wurde 2009 vom Bundesgerichtshof f\u00fcr zul\u00e4ssig erachtet. In der Folge wurde die Klage jedoch vom Oberlandesgericht D\u00fcsseldorf in der Berufung im Februar 2015 abgewiesen, da das Gericht die Auffassung vertrat, dass die Forderungsabtretungen der gesch\u00e4digten Unternehmen an CDC unwirksam seien. Hauptgrund f\u00fcr die Unwirksamkeit der Abtretungen war der angeblich alleinige Zweck der Abw\u00e4lzung des Kostenrisikos von den gesch\u00e4digten Unternehmen auf CDC, die nach Ansicht des Gerichts zum Zeitpunkt der Abtretungen nicht \u00fcber die finanzielle Leistungsf\u00e4higkeit verf\u00fcgte, die nachteiligen Kosten zu tragen. Demgegen\u00fcber war das Landgericht D\u00fcsseldorf in seiner Streitwertentscheidung aus dem Jahr 2005 davon ausgegangen, dass die wirtschaftliche Situation der CDC nicht ernsthaft gef\u00e4hrdet sei, wenn CDC im Falle des Unterliegens die Prozesskosten zu tragen habe.<\/p><p>Tats\u00e4chlich hat CDC bis zum Ende des Prozesses aber Gerichtsgeb\u00fchren in H\u00f6he von insgesamt mehr als 713.000 EUR geleistet. Dar\u00fcber hinaus hat CDC nach der Abweisung ihrer Schadensersatzklage und der Berufung an alle gegnerischen Parteien vollst\u00e4ndige Kostenerstattungen in H\u00f6he von insgesamt mehr als 3,5 Mio. EUR geleistet. Damit sind alle Kosten beglichen worden. Das Oberlandesgericht D\u00fcsseldorf hat eine weitere Berufung gegen sein Urteil vom 18. Februar 2015 nicht zugelassen. Es ist daher rechtskr\u00e4ftig geworden.<\/p><p>Am 16. September 2015 hat CDC seine zweite Schadensersatzklage im Zusammenhang mit den deutschen Zementkartellen eingereicht, diesmal vor dem Landgericht Mannheim gegen HeidelbergCement. Vor dem Hintergrund des Urteils des Landgerichts D\u00fcsseldorf vom 18. Februar 2015 hat CDC dabei Ma\u00dfnahmen zur Prozesskostenabsicherung f\u00fcr drei Instanzen ergriffen. Konkret hat CDC zugunsten der Beklagten und der Staatskasse eine vorsorgliche Sicherheit in H\u00f6he von mehr als 2,3 Millionen Euro geleistet. Die Erhebung der neuen Klage ist ein weiterer Beleg f\u00fcr das Engagement und die Hartn\u00e4ckigkeit von CDC bei der Durchsetzung von kartellrechtlichen Schadensersatzanspr\u00fcchen.<\/p><p>Am 24. Januar 2017 hat das Landgericht Mannheim die Zul\u00e4ssigkeit der Klage best\u00e4tigt. Allerdings wies das Gericht die Klage insgesamt als verj\u00e4hrt zur\u00fcck. Das LG Mannheim folgte damit seiner Berufungsinstanz, dem OLG Karlsruhe, das mit Urteil vom 9. November 2016 entschieden hatte, dass eine gesetzliche Regelung zur Hemmung der Verj\u00e4hrung in Kartellschadensersatzprozessen aus dem Jahr 2005 auf Anspr\u00fcche, die vor Inkrafttreten der Regelung entstanden sind, nicht anwendbar sei. CDC hat vor dem OLG Karlsruhe Berufung gegen das Urteil des LG Mannheim eingelegt.<\/p><p>In seinem Grundsatzurteil vom 12. Juni 2018 hat der Bundesgerichtshof die lang erwartete Rechtssicherheit in Bezug auf Verj\u00e4hrungsfristen geschaffen. Das Urteil best\u00e4tigt die Auffassung der Mehrheit der Oberlandesgerichte in Deutschland und hob die Auslegung des Oberlandesgerichts Karlsruhe auf, die zum Urteil des Mannheimer Gerichts f\u00fchrte, das die zweite Zementklage von CDC abwies.<\/p><p>Im Jahr 2019 verglichen sich die Parteien au\u00dfergerichtlich zu einem nicht ver\u00f6ffentlichten Betrag. Damit ist der Rechtsstreit nun vollst\u00e4ndig erledigt. Dieser Fall dauerte 14 Jahre und ist einmalig. Es war die erste gro\u00df angelegte Kartellschadensersatzklage in Europa, die den Weg f\u00fcr eine private Durchsetzungskultur ebnete und Rechtssicherheit f\u00fcr andere von CDC angestrengte Klagen schuf. Dieser Fall belegt dar\u00fcber hinaus die Widerstandsf\u00e4higkeit von CDC gegen\u00fcber Kartellmitgliedern und, dass CDC den erforderlichen Einsatz bringt, um f\u00fcr gesch\u00e4digte Unternehmen Wiedergutmachung zu erlangen.<\/p>\t\t\t\t\t\t\t\t<\/div>\n\t\t\t\t<\/div>\n\t\t\t\t\t<\/div>\n\t\t<\/div>\n\t\t\t\t\t<\/div>\n\t\t<\/section>\n\t\t\t\t<\/div>","protected":false},"excerpt":{"rendered":"<p>Cement The activities of CDC Cartel Damage Claims in relation to the German cement cartels have attracted considerable attention both in Germany and internationally. CDC brought two legal actions in Germany concerning damage claims acquired from more than 35 corporate customers of the German cement producers, at the time when such actions had not been [&hellip;]<\/p>\n","protected":false},"author":2,"featured_media":0,"parent":40,"menu_order":0,"comment_status":"closed","ping_status":"closed","template":"elementor_header_footer","meta":{"footnotes":""},"coauthors":[],"class_list":["post-44","page","type-page","status-publish","hentry"],"yoast_head":"<!-- This site is optimized with the Yoast SEO plugin v27.3 - https:\/\/yoast.com\/product\/yoast-seo-wordpress\/ -->\n<title>Cement - CDC<\/title>\n<meta name=\"robots\" content=\"index, follow, max-snippet:-1, max-image-preview:large, max-video-preview:-1\" \/>\n<link rel=\"canonical\" href=\"https:\/\/carteldamageclaims.com\/de\/unsere-falle\/zement\/\" \/>\n<meta property=\"og:locale\" content=\"de_DE\" \/>\n<meta property=\"og:type\" content=\"article\" \/>\n<meta property=\"og:title\" content=\"Cement - CDC\" \/>\n<meta property=\"og:description\" content=\"Cement The activities of CDC Cartel Damage Claims in relation to the German cement cartels have attracted considerable attention both in Germany and internationally. CDC brought two legal actions in Germany concerning damage claims acquired from more than 35 corporate customers of the German cement producers, at the time when such actions had not been [&hellip;]\" \/>\n<meta property=\"og:url\" content=\"https:\/\/carteldamageclaims.com\/de\/unsere-falle\/zement\/\" \/>\n<meta property=\"og:site_name\" content=\"CDC\" \/>\n<meta property=\"article:modified_time\" content=\"2021-04-27T06:53:18+00:00\" \/>\n<meta name=\"twitter:card\" content=\"summary_large_image\" \/>\n<meta name=\"twitter:label1\" content=\"Est. reading time\" \/>\n\t<meta name=\"twitter:data1\" content=\"4 minutes\" \/>\n\t<meta name=\"twitter:label2\" content=\"Written by\" \/>\n\t<meta name=\"twitter:data2\" content=\"Christian Classen\" \/>\n<script type=\"application\/ld+json\" class=\"yoast-schema-graph\">{\"@context\":\"https:\\\/\\\/schema.org\",\"@graph\":[{\"@type\":\"WebPage\",\"@id\":\"https:\\\/\\\/carteldamageclaims.com\\\/cases\\\/cement\\\/\",\"url\":\"https:\\\/\\\/carteldamageclaims.com\\\/cases\\\/cement\\\/\",\"name\":\"Cement - CDC\",\"isPartOf\":{\"@id\":\"https:\\\/\\\/carteldamageclaims.com\\\/#website\"},\"datePublished\":\"2020-07-03T14:33:30+00:00\",\"dateModified\":\"2021-04-27T06:53:18+00:00\",\"breadcrumb\":{\"@id\":\"https:\\\/\\\/carteldamageclaims.com\\\/cases\\\/cement\\\/#breadcrumb\"},\"inLanguage\":\"de-DE-formal\",\"potentialAction\":[{\"@type\":\"ReadAction\",\"target\":[\"https:\\\/\\\/carteldamageclaims.com\\\/cases\\\/cement\\\/\"]}]},{\"@type\":\"BreadcrumbList\",\"@id\":\"https:\\\/\\\/carteldamageclaims.com\\\/cases\\\/cement\\\/#breadcrumb\",\"itemListElement\":[{\"@type\":\"ListItem\",\"position\":1,\"name\":\"Home\",\"item\":\"https:\\\/\\\/carteldamageclaims.com\\\/\"},{\"@type\":\"ListItem\",\"position\":2,\"name\":\"CASES\",\"item\":\"https:\\\/\\\/carteldamageclaims.com\\\/cases\\\/\"},{\"@type\":\"ListItem\",\"position\":3,\"name\":\"Cement\"}]},{\"@type\":\"WebSite\",\"@id\":\"https:\\\/\\\/carteldamageclaims.com\\\/#website\",\"url\":\"https:\\\/\\\/carteldamageclaims.com\\\/\",\"name\":\"CDC Cartel Damage Claims\",\"description\":\"Cartel Damage Claims\",\"publisher\":{\"@id\":\"https:\\\/\\\/carteldamageclaims.com\\\/#organization\"},\"potentialAction\":[{\"@type\":\"SearchAction\",\"target\":{\"@type\":\"EntryPoint\",\"urlTemplate\":\"https:\\\/\\\/carteldamageclaims.com\\\/?s={search_term_string}\"},\"query-input\":{\"@type\":\"PropertyValueSpecification\",\"valueRequired\":true,\"valueName\":\"search_term_string\"}}],\"inLanguage\":\"de-DE-formal\"},{\"@type\":\"Organization\",\"@id\":\"https:\\\/\\\/carteldamageclaims.com\\\/#organization\",\"name\":\"CDC Cartel Damage Claims\",\"url\":\"https:\\\/\\\/carteldamageclaims.com\\\/\",\"logo\":{\"@type\":\"ImageObject\",\"inLanguage\":\"de-DE-formal\",\"@id\":\"https:\\\/\\\/carteldamageclaims.com\\\/#\\\/schema\\\/logo\\\/image\\\/\",\"url\":\"https:\\\/\\\/carteldamageclaims.com\\\/wp-content\\\/uploads\\\/2020\\\/09\\\/CDC-Logo.jpg\",\"contentUrl\":\"https:\\\/\\\/carteldamageclaims.com\\\/wp-content\\\/uploads\\\/2020\\\/09\\\/CDC-Logo.jpg\",\"width\":225,\"height\":54,\"caption\":\"CDC Cartel Damage Claims\"},\"image\":{\"@id\":\"https:\\\/\\\/carteldamageclaims.com\\\/#\\\/schema\\\/logo\\\/image\\\/\"}}]}<\/script>\n<!-- \/ Yoast SEO plugin. -->","yoast_head_json":{"title":"Zement - CDC","robots":{"index":"index","follow":"follow","max-snippet":"max-snippet:-1","max-image-preview":"max-image-preview:large","max-video-preview":"max-video-preview:-1"},"canonical":"https:\/\/carteldamageclaims.com\/de\/unsere-falle\/zement\/","og_locale":"de_DE","og_type":"article","og_title":"Cement - CDC","og_description":"Cement The activities of CDC Cartel Damage Claims in relation to the German cement cartels have attracted considerable attention both in Germany and internationally. CDC brought two legal actions in Germany concerning damage claims acquired from more than 35 corporate customers of the German cement producers, at the time when such actions had not been [&hellip;]","og_url":"https:\/\/carteldamageclaims.com\/de\/unsere-falle\/zement\/","og_site_name":"CDC","article_modified_time":"2021-04-27T06:53:18+00:00","twitter_card":"summary_large_image","twitter_misc":{"Est. reading time":"4 minutes","Written by":"Christian Classen"},"schema":{"@context":"https:\/\/schema.org","@graph":[{"@type":"WebPage","@id":"https:\/\/carteldamageclaims.com\/cases\/cement\/","url":"https:\/\/carteldamageclaims.com\/cases\/cement\/","name":"Zement - CDC","isPartOf":{"@id":"https:\/\/carteldamageclaims.com\/#website"},"datePublished":"2020-07-03T14:33:30+00:00","dateModified":"2021-04-27T06:53:18+00:00","breadcrumb":{"@id":"https:\/\/carteldamageclaims.com\/cases\/cement\/#breadcrumb"},"inLanguage":"de-DE-formal","potentialAction":[{"@type":"ReadAction","target":["https:\/\/carteldamageclaims.com\/cases\/cement\/"]}]},{"@type":"BreadcrumbList","@id":"https:\/\/carteldamageclaims.com\/cases\/cement\/#breadcrumb","itemListElement":[{"@type":"ListItem","position":1,"name":"Home","item":"https:\/\/carteldamageclaims.com\/"},{"@type":"ListItem","position":2,"name":"CASES","item":"https:\/\/carteldamageclaims.com\/cases\/"},{"@type":"ListItem","position":3,"name":"Cement"}]},{"@type":"WebSite","@id":"https:\/\/carteldamageclaims.com\/#website","url":"https:\/\/carteldamageclaims.com\/","name":"CDC Cartel Damage Claims","description":"Cartel Damage Claims","publisher":{"@id":"https:\/\/carteldamageclaims.com\/#organization"},"potentialAction":[{"@type":"SearchAction","target":{"@type":"EntryPoint","urlTemplate":"https:\/\/carteldamageclaims.com\/?s={search_term_string}"},"query-input":{"@type":"PropertyValueSpecification","valueRequired":true,"valueName":"search_term_string"}}],"inLanguage":"de-DE-formal"},{"@type":"Organization","@id":"https:\/\/carteldamageclaims.com\/#organization","name":"CDC Cartel Damage Claims","url":"https:\/\/carteldamageclaims.com\/","logo":{"@type":"ImageObject","inLanguage":"de-DE-formal","@id":"https:\/\/carteldamageclaims.com\/#\/schema\/logo\/image\/","url":"https:\/\/carteldamageclaims.com\/wp-content\/uploads\/2020\/09\/CDC-Logo.jpg","contentUrl":"https:\/\/carteldamageclaims.com\/wp-content\/uploads\/2020\/09\/CDC-Logo.jpg","width":225,"height":54,"caption":"CDC Cartel Damage Claims"},"image":{"@id":"https:\/\/carteldamageclaims.com\/#\/schema\/logo\/image\/"}}]}},"_links":{"self":[{"href":"https:\/\/carteldamageclaims.com\/de\/wp-json\/wp\/v2\/pages\/44","targetHints":{"allow":["GET"]}}],"collection":[{"href":"https:\/\/carteldamageclaims.com\/de\/wp-json\/wp\/v2\/pages"}],"about":[{"href":"https:\/\/carteldamageclaims.com\/de\/wp-json\/wp\/v2\/types\/page"}],"author":[{"embeddable":true,"href":"https:\/\/carteldamageclaims.com\/de\/wp-json\/wp\/v2\/users\/2"}],"replies":[{"embeddable":true,"href":"https:\/\/carteldamageclaims.com\/de\/wp-json\/wp\/v2\/comments?post=44"}],"version-history":[{"count":23,"href":"https:\/\/carteldamageclaims.com\/de\/wp-json\/wp\/v2\/pages\/44\/revisions"}],"predecessor-version":[{"id":7309,"href":"https:\/\/carteldamageclaims.com\/de\/wp-json\/wp\/v2\/pages\/44\/revisions\/7309"}],"up":[{"embeddable":true,"href":"https:\/\/carteldamageclaims.com\/de\/wp-json\/wp\/v2\/pages\/40"}],"wp:attachment":[{"href":"https:\/\/carteldamageclaims.com\/de\/wp-json\/wp\/v2\/media?parent=44"}],"wp:term":[{"taxonomy":"author","embeddable":true,"href":"https:\/\/carteldamageclaims.com\/de\/wp-json\/wp\/v2\/coauthors?post=44"}],"curies":[{"name":"wp","href":"https:\/\/api.w.org\/{rel}","templated":true}]}}