{"id":493,"date":"2020-09-07T15:45:59","date_gmt":"2020-09-07T13:45:59","guid":{"rendered":"https:\/\/carteldamageclaims.com\/?page_id=493"},"modified":"2026-03-23T15:04:57","modified_gmt":"2026-03-23T14:04:57","slug":"legal-notice","status":"publish","type":"page","link":"https:\/\/carteldamageclaims.com\/de\/legal-notice\/","title":{"rendered":"Rechtlicher Hinweis"},"content":{"rendered":"<div data-elementor-type=\"wp-page\" data-elementor-id=\"493\" class=\"elementor elementor-493\" data-elementor-post-type=\"page\">\n\t\t\t\t\t\t<section class=\"elementor-section elementor-top-section elementor-element elementor-element-cc060ea elementor-section-boxed elementor-section-height-default elementor-section-height-default\" data-id=\"cc060ea\" data-element_type=\"section\" data-e-type=\"section\">\n\t\t\t\t\t\t<div class=\"elementor-container elementor-column-gap-default\">\n\t\t\t\t\t<div class=\"elementor-column elementor-col-100 elementor-top-column elementor-element elementor-element-030dd2b\" data-id=\"030dd2b\" data-element_type=\"column\" data-e-type=\"column\">\n\t\t\t<div class=\"elementor-widget-wrap elementor-element-populated\">\n\t\t\t\t\t\t\t<\/div>\n\t\t<\/div>\n\t\t\t\t\t<\/div>\n\t\t<\/section>\n\t\t\t\t<section class=\"elementor-section elementor-top-section elementor-element elementor-element-d0dde45 elementor-section-boxed elementor-section-height-default elementor-section-height-default\" data-id=\"d0dde45\" data-element_type=\"section\" data-e-type=\"section\">\n\t\t\t\t\t\t<div class=\"elementor-container elementor-column-gap-default\">\n\t\t\t\t\t<div class=\"elementor-column elementor-col-100 elementor-top-column elementor-element elementor-element-31c31a3\" data-id=\"31c31a3\" data-element_type=\"column\" data-e-type=\"column\">\n\t\t\t<div class=\"elementor-widget-wrap elementor-element-populated\">\n\t\t\t\t\t\t<div class=\"elementor-element elementor-element-5558356 elementor-widget elementor-widget-text-editor\" data-id=\"5558356\" data-element_type=\"widget\" data-e-type=\"widget\" data-widget_type=\"text-editor.default\">\n\t\t\t\t<div class=\"elementor-widget-container\">\n\t\t\t\t\t\t\t\t\t<p>Dies ist die Website und das Impressum der CDC Consulting SRL.<\/p><p>CDC Consulting SRL is a soci\u00e9t\u00e9 \u00e0 responsabilit\u00e9 limit\u00e9e registered with the Belgian Crossroad Bank of Enterprises under registered number 872.872.613 (Company Register Brussels) and registered office at Avenue Louise 475, B-1050 Brussels. The company is legally represented by its directors\u00a0 Dr Till Schreiber, Mr Ben Bornemann, Mr Padraic Burke, and CDC Global Holding SA permanently represented by Dr Christian Classen. Contact Information for CDC Consulting SRL is available in the footer and on the contact page.<\/p><p>CDC Consulting SRL provides services for the CDC Group of companies, including CDC Retail SA (Company Register N\u00b0 B 190719, Business Permit N\u00b0 10054328\/9), CDC Reclama SA (Company Register N\u00b0 B 181952, Business Permit N\u00b0 10081170\/7), CDC COMPENSACION CARTON SA (Company Register N\u00b0 B259905, Business Permit N\u00b0 10134566\/1), SMARTEC GMBH (Company Register N\u00b0 32606), \u00a0CDC GLOBAL HOLDING SA (Company Register N\u00b0 B190748) and CDC PROJECT 31 SA (Company Register N\u00b0 B259913, Business Permit N\u00b0 10134565\/1) \u00a0with their legal seat at\u00a017, rue Antoine Jans,\u00a0L-1820 Luxembourg.<\/p><p>Alle Instanzen des Akronyms \"CDC\" auf dieser Website sind als Verweis auf CDC Consulting SRL und die mit ihr verbundenen Unternehmen zu verstehen.<\/p><p>Sowohl CDC Consulting SRL (Nr. 3712 E 1 - 6.446) als auch CDC Retail SA (3712 E 1 - 6.491) sind als Rechtsdienstleister in Deutschland nach dem Rechtsdienstleistungsgesetz registriert. Die Registrierungen sind unter http:\/\/www.rechtsdienstleistungsregister.de ver\u00f6ffentlicht.<\/p><p>Der Begriff \"CDC\" auf den fallspezifischen Webseiten steht f\u00fcr die juristische Person, die wie in den betreffenden Presseerkl\u00e4rungen beschrieben die Schadensersatzanspr\u00fcche im jeweiligen Fall kauft und durchsetzt.<\/p>\t\t\t\t\t\t\t\t<\/div>\n\t\t\t\t<\/div>\n\t\t\t\t<div class=\"elementor-element elementor-element-3029c93 elementor-widget elementor-widget-spacer\" data-id=\"3029c93\" data-element_type=\"widget\" data-e-type=\"widget\" data-widget_type=\"spacer.default\">\n\t\t\t\t<div class=\"elementor-widget-container\">\n\t\t\t\t\t\t\t<div class=\"elementor-spacer\">\n\t\t\t<div class=\"elementor-spacer-inner\"><\/div>\n\t\t<\/div>\n\t\t\t\t\t\t<\/div>\n\t\t\t\t<\/div>\n\t\t\t\t\t<\/div>\n\t\t<\/div>\n\t\t\t\t\t<\/div>\n\t\t<\/section>\n\t\t\t\t<section class=\"elementor-section elementor-top-section elementor-element elementor-element-1193a0e elementor-section-boxed elementor-section-height-default elementor-section-height-default\" data-id=\"1193a0e\" data-element_type=\"section\" data-e-type=\"section\">\n\t\t\t\t\t\t<div class=\"elementor-container elementor-column-gap-default\">\n\t\t\t\t\t<div class=\"elementor-column elementor-col-100 elementor-top-column elementor-element elementor-element-ea10fd5\" data-id=\"ea10fd5\" data-element_type=\"column\" data-e-type=\"column\">\n\t\t\t<div class=\"elementor-widget-wrap elementor-element-populated\">\n\t\t\t\t\t\t<div class=\"elementor-element elementor-element-33af1b9 elementor-widget elementor-widget-heading\" data-id=\"33af1b9\" data-element_type=\"widget\" data-e-type=\"widget\" data-widget_type=\"heading.default\">\n\t\t\t\t<div class=\"elementor-widget-container\">\n\t\t\t\t\t<h2 class=\"elementor-heading-title elementor-size-default\">HAFTUNGSAUSSCHLUSS<\/h2>\t\t\t\t<\/div>\n\t\t\t\t<\/div>\n\t\t\t\t<div class=\"elementor-element elementor-element-06e05fb elementor-widget elementor-widget-text-editor\" data-id=\"06e05fb\" data-element_type=\"widget\" data-e-type=\"widget\" data-widget_type=\"text-editor.default\">\n\t\t\t\t<div class=\"elementor-widget-container\">\n\t\t\t\t\t\t\t\t\t<p>Diese Website und ihr gesamter Inhalt, einschlie\u00dflich des rechtlichen Hinweises, ist nur f\u00fcr allgemeine Informationszwecke bestimmt und stellt keine Rechtsberatung oder sonstige professionelle Beratung dar und\/oder dient dazu. Sie sollten keine Ma\u00dfnahmen auf der Grundlage der auf dieser Website enthaltenen Informationen ergreifen, ohne einen Rechtsbeistand zu konsultieren.<\/p><p>Die Inhalte dieser Website werden mit gr\u00f6\u00dftm\u00f6glicher Sorgfalt erstellt. F\u00fcr die Richtigkeit, Vollst\u00e4ndigkeit und Aktualit\u00e4t der Inhalte k\u00f6nnen wir jedoch keine Gew\u00e4hr \u00fcbernehmen. Insbesondere \u00fcbernehmen wir, soweit dies gesetzlich zul\u00e4ssig ist, keine Verantwortung f\u00fcr Sch\u00e4den, die durch das Vertrauen auf die Inhalte dieser Website oder auf andere mit dieser Website verlinkte Websites entstehen.<\/p><p>Wir weisen darauf hin, dass die Daten\u00fcbertragung \u00fcber eine Internetverbindung (z.B. bei der Kommunikation per E-Mail) Sicherheitsl\u00fccken aufweisen kann. Ein l\u00fcckenloser Schutz der Daten vor dem Zugriff durch Dritte ist nicht m\u00f6glich.<\/p><p>Die Website von CDC Consulting SRL enth\u00e4lt Links zu Websiten von Dritten. Auf diese verlinkten Websiten haben wir keinen Einfluss und wir \u00fcbernehmen keine Verantwortung f\u00fcr deren Inhalte. Gleiches gilt f\u00fcr Websiten von Dritten, die auf unsere Website verlinken.<\/p><p>Wir k\u00f6nnen diese Website jederzeit aus beliebigen Gr\u00fcnden und ohne Vorank\u00fcndigung oder Kosten \u00e4ndern, aussetzen oder einstellen. Die Website kann aufgrund von Wartungsarbeiten oder Fehlfunktionen der Computerausr\u00fcstung oder aus anderen Gr\u00fcnden nicht verf\u00fcgbar sein.<\/p><p>Die von den Autoren der Blog-Beitr\u00e4ge auf dieser Website ge\u00e4u\u00dferten Ansichten sind rein pers\u00f6nlich, basieren auf \u00f6ffentlich zug\u00e4nglichen Informationen und stellen in keiner Weise eine Verpflichtung gegen\u00fcber den Unternehmen der CDC-Gruppe oder anderen Unternehmen dar, f\u00fcr die sie gearbeitet haben, arbeiten oder in Zukunft arbeiten k\u00f6nnten.<\/p>\t\t\t\t\t\t\t\t<\/div>\n\t\t\t\t<\/div>\n\t\t\t\t<div class=\"elementor-element elementor-element-f8272a8 elementor-widget elementor-widget-spacer\" data-id=\"f8272a8\" data-element_type=\"widget\" data-e-type=\"widget\" data-widget_type=\"spacer.default\">\n\t\t\t\t<div class=\"elementor-widget-container\">\n\t\t\t\t\t\t\t<div class=\"elementor-spacer\">\n\t\t\t<div class=\"elementor-spacer-inner\"><\/div>\n\t\t<\/div>\n\t\t\t\t\t\t<\/div>\n\t\t\t\t<\/div>\n\t\t\t\t<div class=\"elementor-element elementor-element-aa87193 elementor-widget elementor-widget-heading\" data-id=\"aa87193\" data-element_type=\"widget\" data-e-type=\"widget\" data-widget_type=\"heading.default\">\n\t\t\t\t<div class=\"elementor-widget-container\">\n\t\t\t\t\t<h2 class=\"elementor-heading-title elementor-size-default\">URHEBERRECHTE<\/h2>\t\t\t\t<\/div>\n\t\t\t\t<\/div>\n\t\t\t\t<div class=\"elementor-element elementor-element-20fea5e elementor-widget elementor-widget-text-editor\" data-id=\"20fea5e\" data-element_type=\"widget\" data-e-type=\"widget\" data-widget_type=\"text-editor.default\">\n\t\t\t\t<div class=\"elementor-widget-container\">\n\t\t\t\t\t\t\t\t\t<p>CDC Consulting SRL, 2026. Contents of this website are subject to copyright. Contributions of third parties are marked accordingly.<\/p>\t\t\t\t\t\t\t\t<\/div>\n\t\t\t\t<\/div>\n\t\t\t\t<div class=\"elementor-element elementor-element-2be207c elementor-widget elementor-widget-spacer\" data-id=\"2be207c\" data-element_type=\"widget\" data-e-type=\"widget\" data-widget_type=\"spacer.default\">\n\t\t\t\t<div class=\"elementor-widget-container\">\n\t\t\t\t\t\t\t<div class=\"elementor-spacer\">\n\t\t\t<div class=\"elementor-spacer-inner\"><\/div>\n\t\t<\/div>\n\t\t\t\t\t\t<\/div>\n\t\t\t\t<\/div>\n\t\t\t\t<div class=\"elementor-element elementor-element-78c747a elementor-widget elementor-widget-heading\" data-id=\"78c747a\" data-element_type=\"widget\" data-e-type=\"widget\" data-widget_type=\"heading.default\">\n\t\t\t\t<div class=\"elementor-widget-container\">\n\t\t\t\t\t<h2 class=\"elementor-heading-title elementor-size-default\">MARKEN<\/h2>\t\t\t\t<\/div>\n\t\t\t\t<\/div>\n\t\t\t\t<div class=\"elementor-element elementor-element-88ddc9a elementor-widget elementor-widget-text-editor\" data-id=\"88ddc9a\" data-element_type=\"widget\" data-e-type=\"widget\" data-widget_type=\"text-editor.default\">\n\t\t\t\t<div class=\"elementor-widget-container\">\n\t\t\t\t\t\t\t\t\t<p>CDC Cartel Damage Claims ist eine Gemeinschaftsmarke, die beim Amt der Europ\u00e4ischen Union f\u00fcr geistiges Eigentum unter der Nr. 003387611.<\/p><p>Leniency PLUS+ ist eine Gemeinschaftsmarke, die beim Amt der Europ\u00e4ischen Union f\u00fcr geistiges Eigentum unter der Nr. 005787254.<\/p><p>CDC Consulting SRL besitzt eine Lizenz zur Nutzung dieser Marken f\u00fcr die Zwecke dieser Website.<\/p>\t\t\t\t\t\t\t\t<\/div>\n\t\t\t\t<\/div>\n\t\t\t\t\t<\/div>\n\t\t<\/div>\n\t\t\t\t\t<\/div>\n\t\t<\/section>\n\t\t\t\t<\/div>","protected":false},"excerpt":{"rendered":"<p>This is the website and legal notice of CDC Consulting SRL. CDC Consulting SRL is a soci\u00e9t\u00e9 \u00e0 responsabilit\u00e9 limit\u00e9e registered with the Belgian Crossroad Bank of Enterprises under registered number 872.872.613 (Company Register Brussels) and registered office at Avenue Louise 475, B-1050 Brussels. The company is legally represented by its directors\u00a0 Dr Till Schreiber, [&hellip;]<\/p>\n","protected":false},"author":2,"featured_media":0,"parent":0,"menu_order":0,"comment_status":"closed","ping_status":"closed","template":"elementor_header_footer","meta":{"footnotes":""},"coauthors":[101],"class_list":["post-493","page","type-page","status-publish","hentry"],"yoast_head":"<!-- This site is optimized with the Yoast SEO plugin v27.4 - https:\/\/yoast.com\/product\/yoast-seo-wordpress\/ -->\n<title>Legal Notice - CDC<\/title>\n<meta name=\"robots\" content=\"index, follow, max-snippet:-1, max-image-preview:large, max-video-preview:-1\" \/>\n<link rel=\"canonical\" href=\"https:\/\/carteldamageclaims.com\/de\/legal-notice\/\" \/>\n<meta property=\"og:locale\" content=\"de_DE\" \/>\n<meta property=\"og:type\" content=\"article\" \/>\n<meta property=\"og:title\" content=\"Legal Notice - CDC\" \/>\n<meta property=\"og:description\" content=\"This is the website and legal notice of CDC Consulting SRL. CDC Consulting SRL is a soci\u00e9t\u00e9 \u00e0 responsabilit\u00e9 limit\u00e9e registered with the Belgian Crossroad Bank of Enterprises under registered number 872.872.613 (Company Register Brussels) and registered office at Avenue Louise 475, B-1050 Brussels. The company is legally represented by its directors\u00a0 Dr Till Schreiber, [&hellip;]\" \/>\n<meta property=\"og:url\" content=\"https:\/\/carteldamageclaims.com\/de\/legal-notice\/\" \/>\n<meta property=\"og:site_name\" content=\"CDC\" \/>\n<meta property=\"article:modified_time\" content=\"2026-03-23T14:04:57+00:00\" \/>\n<meta name=\"twitter:card\" content=\"summary_large_image\" \/>\n<meta name=\"twitter:label1\" content=\"Est. reading time\" \/>\n\t<meta name=\"twitter:data1\" content=\"3 minutes\" \/>\n\t<meta name=\"twitter:label2\" content=\"Written by\" \/>\n\t<meta name=\"twitter:data2\" content=\"Christian Classen\" \/>\n<script type=\"application\/ld+json\" class=\"yoast-schema-graph\">{\"@context\":\"https:\\\/\\\/schema.org\",\"@graph\":[{\"@type\":\"WebPage\",\"@id\":\"https:\\\/\\\/carteldamageclaims.com\\\/legal-notice\\\/\",\"url\":\"https:\\\/\\\/carteldamageclaims.com\\\/legal-notice\\\/\",\"name\":\"Legal Notice - CDC\",\"isPartOf\":{\"@id\":\"https:\\\/\\\/carteldamageclaims.com\\\/#website\"},\"datePublished\":\"2020-09-07T13:45:59+00:00\",\"dateModified\":\"2026-03-23T14:04:57+00:00\",\"breadcrumb\":{\"@id\":\"https:\\\/\\\/carteldamageclaims.com\\\/legal-notice\\\/#breadcrumb\"},\"inLanguage\":\"de-DE-formal\",\"potentialAction\":[{\"@type\":\"ReadAction\",\"target\":[\"https:\\\/\\\/carteldamageclaims.com\\\/legal-notice\\\/\"]}]},{\"@type\":\"BreadcrumbList\",\"@id\":\"https:\\\/\\\/carteldamageclaims.com\\\/legal-notice\\\/#breadcrumb\",\"itemListElement\":[{\"@type\":\"ListItem\",\"position\":1,\"name\":\"Home\",\"item\":\"https:\\\/\\\/carteldamageclaims.com\\\/\"},{\"@type\":\"ListItem\",\"position\":2,\"name\":\"Legal Notice\"}]},{\"@type\":\"WebSite\",\"@id\":\"https:\\\/\\\/carteldamageclaims.com\\\/#website\",\"url\":\"https:\\\/\\\/carteldamageclaims.com\\\/\",\"name\":\"CDC Cartel Damage Claims\",\"description\":\"Cartel Damage Claims\",\"publisher\":{\"@id\":\"https:\\\/\\\/carteldamageclaims.com\\\/#organization\"},\"potentialAction\":[{\"@type\":\"SearchAction\",\"target\":{\"@type\":\"EntryPoint\",\"urlTemplate\":\"https:\\\/\\\/carteldamageclaims.com\\\/?s={search_term_string}\"},\"query-input\":{\"@type\":\"PropertyValueSpecification\",\"valueRequired\":true,\"valueName\":\"search_term_string\"}}],\"inLanguage\":\"de-DE-formal\"},{\"@type\":\"Organization\",\"@id\":\"https:\\\/\\\/carteldamageclaims.com\\\/#organization\",\"name\":\"CDC Cartel Damage Claims\",\"url\":\"https:\\\/\\\/carteldamageclaims.com\\\/\",\"logo\":{\"@type\":\"ImageObject\",\"inLanguage\":\"de-DE-formal\",\"@id\":\"https:\\\/\\\/carteldamageclaims.com\\\/#\\\/schema\\\/logo\\\/image\\\/\",\"url\":\"https:\\\/\\\/carteldamageclaims.com\\\/wp-content\\\/uploads\\\/2020\\\/09\\\/CDC-Logo.jpg\",\"contentUrl\":\"https:\\\/\\\/carteldamageclaims.com\\\/wp-content\\\/uploads\\\/2020\\\/09\\\/CDC-Logo.jpg\",\"width\":225,\"height\":54,\"caption\":\"CDC Cartel Damage Claims\"},\"image\":{\"@id\":\"https:\\\/\\\/carteldamageclaims.com\\\/#\\\/schema\\\/logo\\\/image\\\/\"}}]}<\/script>\n<!-- \/ Yoast SEO plugin. -->","yoast_head_json":{"title":"Legal Notice - CDC","robots":{"index":"index","follow":"follow","max-snippet":"max-snippet:-1","max-image-preview":"max-image-preview:large","max-video-preview":"max-video-preview:-1"},"canonical":"https:\/\/carteldamageclaims.com\/de\/legal-notice\/","og_locale":"de_DE","og_type":"article","og_title":"Legal Notice - CDC","og_description":"This is the website and legal notice of CDC Consulting SRL. CDC Consulting SRL is a soci\u00e9t\u00e9 \u00e0 responsabilit\u00e9 limit\u00e9e registered with the Belgian Crossroad Bank of Enterprises under registered number 872.872.613 (Company Register Brussels) and registered office at Avenue Louise 475, B-1050 Brussels. The company is legally represented by its directors\u00a0 Dr Till Schreiber, [&hellip;]","og_url":"https:\/\/carteldamageclaims.com\/de\/legal-notice\/","og_site_name":"CDC","article_modified_time":"2026-03-23T14:04:57+00:00","twitter_card":"summary_large_image","twitter_misc":{"Est. reading time":"3 minutes","Written by":"Christian Classen"},"schema":{"@context":"https:\/\/schema.org","@graph":[{"@type":"WebPage","@id":"https:\/\/carteldamageclaims.com\/legal-notice\/","url":"https:\/\/carteldamageclaims.com\/legal-notice\/","name":"Legal Notice - CDC","isPartOf":{"@id":"https:\/\/carteldamageclaims.com\/#website"},"datePublished":"2020-09-07T13:45:59+00:00","dateModified":"2026-03-23T14:04:57+00:00","breadcrumb":{"@id":"https:\/\/carteldamageclaims.com\/legal-notice\/#breadcrumb"},"inLanguage":"de-DE-formal","potentialAction":[{"@type":"ReadAction","target":["https:\/\/carteldamageclaims.com\/legal-notice\/"]}]},{"@type":"BreadcrumbList","@id":"https:\/\/carteldamageclaims.com\/legal-notice\/#breadcrumb","itemListElement":[{"@type":"ListItem","position":1,"name":"Home","item":"https:\/\/carteldamageclaims.com\/"},{"@type":"ListItem","position":2,"name":"Legal Notice"}]},{"@type":"WebSite","@id":"https:\/\/carteldamageclaims.com\/#website","url":"https:\/\/carteldamageclaims.com\/","name":"CDC Cartel Damage Claims","description":"Cartel Damage Claims","publisher":{"@id":"https:\/\/carteldamageclaims.com\/#organization"},"potentialAction":[{"@type":"SearchAction","target":{"@type":"EntryPoint","urlTemplate":"https:\/\/carteldamageclaims.com\/?s={search_term_string}"},"query-input":{"@type":"PropertyValueSpecification","valueRequired":true,"valueName":"search_term_string"}}],"inLanguage":"de-DE-formal"},{"@type":"Organization","@id":"https:\/\/carteldamageclaims.com\/#organization","name":"CDC Cartel Damage Claims","url":"https:\/\/carteldamageclaims.com\/","logo":{"@type":"ImageObject","inLanguage":"de-DE-formal","@id":"https:\/\/carteldamageclaims.com\/#\/schema\/logo\/image\/","url":"https:\/\/carteldamageclaims.com\/wp-content\/uploads\/2020\/09\/CDC-Logo.jpg","contentUrl":"https:\/\/carteldamageclaims.com\/wp-content\/uploads\/2020\/09\/CDC-Logo.jpg","width":225,"height":54,"caption":"CDC Cartel Damage Claims"},"image":{"@id":"https:\/\/carteldamageclaims.com\/#\/schema\/logo\/image\/"}}]}},"_links":{"self":[{"href":"https:\/\/carteldamageclaims.com\/de\/wp-json\/wp\/v2\/pages\/493","targetHints":{"allow":["GET"]}}],"collection":[{"href":"https:\/\/carteldamageclaims.com\/de\/wp-json\/wp\/v2\/pages"}],"about":[{"href":"https:\/\/carteldamageclaims.com\/de\/wp-json\/wp\/v2\/types\/page"}],"author":[{"embeddable":true,"href":"https:\/\/carteldamageclaims.com\/de\/wp-json\/wp\/v2\/users\/2"}],"replies":[{"embeddable":true,"href":"https:\/\/carteldamageclaims.com\/de\/wp-json\/wp\/v2\/comments?post=493"}],"version-history":[{"count":44,"href":"https:\/\/carteldamageclaims.com\/de\/wp-json\/wp\/v2\/pages\/493\/revisions"}],"predecessor-version":[{"id":11398,"href":"https:\/\/carteldamageclaims.com\/de\/wp-json\/wp\/v2\/pages\/493\/revisions\/11398"}],"wp:attachment":[{"href":"https:\/\/carteldamageclaims.com\/de\/wp-json\/wp\/v2\/media?parent=493"}],"wp:term":[{"taxonomy":"author","embeddable":true,"href":"https:\/\/carteldamageclaims.com\/de\/wp-json\/wp\/v2\/coauthors?post=493"}],"curies":[{"name":"wp","href":"https:\/\/api.w.org\/{rel}","templated":true}]}}