{"id":535,"date":"2020-09-09T12:22:11","date_gmt":"2020-09-09T10:22:11","guid":{"rendered":"https:\/\/carteldamageclaims.com\/?page_id=535"},"modified":"2021-01-28T11:01:10","modified_gmt":"2021-01-28T10:01:10","slug":"sodium-chlorate","status":"publish","type":"page","link":"https:\/\/carteldamageclaims.com\/de\/cases\/sodium-chlorate\/","title":{"rendered":"Sodiumchlorat"},"content":{"rendered":"<div data-elementor-type=\"wp-page\" data-elementor-id=\"535\" class=\"elementor elementor-535\" data-elementor-post-type=\"page\">\n\t\t\t\t\t\t<section class=\"elementor-section elementor-top-section elementor-element elementor-element-e461854 elementor-section-boxed elementor-section-height-default elementor-section-height-default\" data-id=\"e461854\" data-element_type=\"section\" data-e-type=\"section\" data-settings=\"{&quot;background_background&quot;:&quot;classic&quot;}\">\n\t\t\t\t\t\t<div class=\"elementor-container elementor-column-gap-default\">\n\t\t\t\t\t<div class=\"elementor-column elementor-col-100 elementor-top-column elementor-element elementor-element-72bc5b5\" data-id=\"72bc5b5\" data-element_type=\"column\" data-e-type=\"column\">\n\t\t\t<div class=\"elementor-widget-wrap elementor-element-populated\">\n\t\t\t\t\t\t\t<\/div>\n\t\t<\/div>\n\t\t\t\t\t<\/div>\n\t\t<\/section>\n\t\t\t\t<section class=\"elementor-section elementor-top-section elementor-element elementor-element-e859103 elementor-section-boxed elementor-section-height-default elementor-section-height-default\" data-id=\"e859103\" data-element_type=\"section\" data-e-type=\"section\" data-settings=\"{&quot;background_background&quot;:&quot;classic&quot;}\">\n\t\t\t\t\t\t\t<div class=\"elementor-background-overlay\"><\/div>\n\t\t\t\t\t\t\t<div class=\"elementor-container elementor-column-gap-default\">\n\t\t\t\t\t<div class=\"elementor-column elementor-col-50 elementor-top-column elementor-element elementor-element-591e5df\" data-id=\"591e5df\" data-element_type=\"column\" data-e-type=\"column\">\n\t\t\t<div class=\"elementor-widget-wrap elementor-element-populated\">\n\t\t\t\t\t\t<div class=\"elementor-element elementor-element-4fd825f elementor-widget elementor-widget-spacer\" data-id=\"4fd825f\" data-element_type=\"widget\" data-e-type=\"widget\" data-widget_type=\"spacer.default\">\n\t\t\t\t<div class=\"elementor-widget-container\">\n\t\t\t\t\t\t\t<div class=\"elementor-spacer\">\n\t\t\t<div class=\"elementor-spacer-inner\"><\/div>\n\t\t<\/div>\n\t\t\t\t\t\t<\/div>\n\t\t\t\t<\/div>\n\t\t\t\t\t<\/div>\n\t\t<\/div>\n\t\t\t\t<div class=\"elementor-column elementor-col-50 elementor-top-column elementor-element elementor-element-92579b0\" data-id=\"92579b0\" data-element_type=\"column\" data-e-type=\"column\">\n\t\t\t<div class=\"elementor-widget-wrap elementor-element-populated\">\n\t\t\t\t\t\t<div class=\"elementor-element elementor-element-f11ebe5 elementor-widget elementor-widget-spacer\" data-id=\"f11ebe5\" data-element_type=\"widget\" data-e-type=\"widget\" data-widget_type=\"spacer.default\">\n\t\t\t\t<div class=\"elementor-widget-container\">\n\t\t\t\t\t\t\t<div class=\"elementor-spacer\">\n\t\t\t<div class=\"elementor-spacer-inner\"><\/div>\n\t\t<\/div>\n\t\t\t\t\t\t<\/div>\n\t\t\t\t<\/div>\n\t\t\t\t\t<\/div>\n\t\t<\/div>\n\t\t\t\t\t<\/div>\n\t\t<\/section>\n\t\t\t\t<section class=\"elementor-section elementor-top-section elementor-element elementor-element-5dff73a elementor-section-boxed elementor-section-height-default elementor-section-height-default\" data-id=\"5dff73a\" data-element_type=\"section\" data-e-type=\"section\">\n\t\t\t\t\t\t<div class=\"elementor-container elementor-column-gap-default\">\n\t\t\t\t\t<div class=\"elementor-column elementor-col-100 elementor-top-column elementor-element elementor-element-ab00f95\" data-id=\"ab00f95\" data-element_type=\"column\" data-e-type=\"column\">\n\t\t\t<div class=\"elementor-widget-wrap elementor-element-populated\">\n\t\t\t\t\t\t<div class=\"elementor-element elementor-element-5f2db3e elementor-widget elementor-widget-spacer\" data-id=\"5f2db3e\" data-element_type=\"widget\" data-e-type=\"widget\" data-widget_type=\"spacer.default\">\n\t\t\t\t<div class=\"elementor-widget-container\">\n\t\t\t\t\t\t\t<div class=\"elementor-spacer\">\n\t\t\t<div class=\"elementor-spacer-inner\"><\/div>\n\t\t<\/div>\n\t\t\t\t\t\t<\/div>\n\t\t\t\t<\/div>\n\t\t\t\t<div class=\"elementor-element elementor-element-907d28c elementor-widget elementor-widget-text-editor\" data-id=\"907d28c\" data-element_type=\"widget\" data-e-type=\"widget\" data-widget_type=\"text-editor.default\">\n\t\t\t\t<div class=\"elementor-widget-container\">\n\t\t\t\t\t\t\t\t\t<p>Im Mai 2011 reichte CDC eine Klage gegen vier Mitglieder des europaweiten Sodiumchlorat-Kartells bei den Gerichten in Amsterdam, Niederlande, ein. Sodiumchlorat ist ein Bleichmittel, das haupts\u00e4chlich in der Zellstoff- und Papierindustrie verwendet wird.<\/p>\t\t\t\t\t\t\t\t<\/div>\n\t\t\t\t<\/div>\n\t\t\t\t<div class=\"elementor-element elementor-element-8d7ac36 elementor-widget elementor-widget-spacer\" data-id=\"8d7ac36\" data-element_type=\"widget\" data-e-type=\"widget\" data-widget_type=\"spacer.default\">\n\t\t\t\t<div class=\"elementor-widget-container\">\n\t\t\t\t\t\t\t<div class=\"elementor-spacer\">\n\t\t\t<div class=\"elementor-spacer-inner\"><\/div>\n\t\t<\/div>\n\t\t\t\t\t\t<\/div>\n\t\t\t\t<\/div>\n\t\t\t\t<div class=\"elementor-element elementor-element-9de5eb0 elementor-widget elementor-widget-heading\" data-id=\"9de5eb0\" data-element_type=\"widget\" data-e-type=\"widget\" data-widget_type=\"heading.default\">\n\t\t\t\t<div class=\"elementor-widget-container\">\n\t\t\t\t\t<h2 class=\"elementor-heading-title elementor-size-default\">Hintergrund - Das europ\u00e4ische Sodiumchlorat-Kartell\n\n<\/h2>\t\t\t\t<\/div>\n\t\t\t\t<\/div>\n\t\t\t\t<div class=\"elementor-element elementor-element-366f183 elementor-widget elementor-widget-text-editor\" data-id=\"366f183\" data-element_type=\"widget\" data-e-type=\"widget\" data-widget_type=\"text-editor.default\">\n\t\t\t\t<div class=\"elementor-widget-container\">\n\t\t\t\t\t\t\t\t\t<p>Am 11. Juni 2008 stellte die Europ\u00e4ische Kommission fest, dass&nbsp;<a href=\"https:\/\/www.akzonobel.com\/en\" target=\"_blank\" rel=\"noopener noreferrer\">Eka Chemicals AB \/ Akzo Nobel NV<\/a>,&nbsp;<a href=\"https:\/\/www.kemira.com\/\" target=\"_blank\" rel=\"noopener noreferrer\">Finnish Chemicals Oy (heute Kemira Chemicals)\/ Erikem Luxembourg SA<\/a>,&nbsp;<a href=\"https:\/\/www.arkema.com\/en\/\" target=\"_blank\" rel=\"noopener noreferrer\">Arkema France SA \/ Elf Aquitaine SA<\/a>und&nbsp;<a href=\"http:\/\/www.ercros.es\/index.php?lang=en\" target=\"_blank\" rel=\"noopener noreferrer\">Aragonesas Industrias y Energia SAU\/ Uralita SA<\/a>&nbsp;von 1994 bis 2000 europaweite wettbewerbswidrigen Vereinbarungen und abgestimmten Verhaltensweisen auf dem Markt f\u00fcr Sodiiumchlorat prktiziert hatten.<\/p>\n<p>In zahlreichen Zusammenk\u00fcnften legten die Mitglieder des Sodiumchlorat-Kartells Preise fest und \u00fcberwachten deren Umsetzung, teilten Kunden sowie Marktanteile zu und tauschten gesch\u00e4ftlich sensible Informationen aus. Die Kartellanten verfolgten eine Strategie zur k\u00fcnstlichen Stabilisierung des Sodiumchloratmarktes. Ihr oberstes Ziel war es laut Kommission, \"die Preispolitik gegen\u00fcber den Kunden zu koordinieren und dadurch die Gewinnspannen zu maximieren\".<\/p>\n<p>Drei Unternehmensgruppen r\u00e4umten ihre Beteiligung am Sodiumchlorat-Kartell ein und kooperierten mit der Kommission im Rahmen der Kronzeugenregelung. Die Kommission verh\u00e4ngte gegen alle Unternehmensgruppen Geldbu\u00dfen in H\u00f6he von mehr als 79 Mio. EUR.<\/p>\t\t\t\t\t\t\t\t<\/div>\n\t\t\t\t<\/div>\n\t\t\t\t<div class=\"elementor-element elementor-element-83cab40 elementor-widget elementor-widget-spacer\" data-id=\"83cab40\" data-element_type=\"widget\" data-e-type=\"widget\" data-widget_type=\"spacer.default\">\n\t\t\t\t<div class=\"elementor-widget-container\">\n\t\t\t\t\t\t\t<div class=\"elementor-spacer\">\n\t\t\t<div class=\"elementor-spacer-inner\"><\/div>\n\t\t<\/div>\n\t\t\t\t\t\t<\/div>\n\t\t\t\t<\/div>\n\t\t\t\t<div class=\"elementor-element elementor-element-29df993 elementor-widget elementor-widget-heading\" data-id=\"29df993\" data-element_type=\"widget\" data-e-type=\"widget\" data-widget_type=\"heading.default\">\n\t\t\t\t<div class=\"elementor-widget-container\">\n\t\t\t\t\t<h2 class=\"elementor-heading-title elementor-size-default\">CDCs Schadensersatzklage<\/h2>\t\t\t\t<\/div>\n\t\t\t\t<\/div>\n\t\t\t\t<div class=\"elementor-element elementor-element-9645da7 elementor-widget elementor-widget-text-editor\" data-id=\"9645da7\" data-element_type=\"widget\" data-e-type=\"widget\" data-widget_type=\"text-editor.default\">\n\t\t\t\t<div class=\"elementor-widget-container\">\n\t\t\t\t\t\t\t\t\t<p>Am 31. Mai 2011 hat CDC eine Schadensersatzklage gegen Akzo Nobel, EKA Chemicals, Kemira Chemicals und Arkema France vor dem Bezirksgericht Amsterdam, Niederlande, eingereicht. Zuvor hatten zehn Zellstoff- und Papierunternehmen mit insgesamt 27 Produktionsstandorten in 9 europ\u00e4ischen L\u00e4ndern ihre Schadensersatzanspr\u00fcche aus dem Sodiumchlorat-Kartell an CDC verkauft. Auf sie entf\u00e4llt fast die H\u00e4lfte der gesamten europ\u00e4ischen Nachfrage nach Sodiumchlorat.<\/p><p>Auf der Grundlage detaillierter Transaktionsdaten, die bei den gesch\u00e4digten Unternehmen erhoben wurden, hat CDC zusammen mit seinen externen Wirtschaftsexperten festgestellt, dass das Kartell zu erheblichen Preis\u00fcberh\u00f6hungen f\u00fchrte. Den Abnehmern von Sodiumchlorat entstand ein Schaden, f\u00fcr den die Kartellmitglieder gesamtschuldnerisch haften. Der von CDC geltend gemachte Gesamtschaden einschlie\u00dflich Zinsen belief sich auf \u00fcber 100 Mio. EUR.<\/p><p>Am 4. Juni 2014 best\u00e4tigte das Bezirksgericht Amsterdam seine internationale Zust\u00e4ndigkeit f\u00fcr die Verhandlung des Falles. In diesem Grundsatzurteil stellte das Gericht fest, dass alle Unternehmen, denen die Kommission eine Beteiligung an dem Kartell nachgewiesen hat, gemeinsam an dem Ort verklagt werden k\u00f6nnen, an dem eines von ihnen seinen Sitz hat. Das Gericht best\u00e4tigte auch, dass dies f\u00fcr Muttergesellschaften wie Akzo Nobel gilt, die Adressatin der Bu\u00dfgeldentscheidung der Kommission war und deren Tochtergesellschaften direkt an den Kartellbesprechungen teilnahmen. Es wies auch das Argument zur\u00fcck, dass es wegen allgemeiner Zust\u00e4ndigkeits- und Schiedsklauseln, die angeblich in einigen Liefervertr\u00e4gen \u00fcber den Kauf von Sodiumchlorat vereinbart wurden, nicht zust\u00e4ndig sei, weil Kartellschadensersatzanspr\u00fcche nicht an ein Vertragsverh\u00e4ltnis gebunden sind, sondern aus der heimlichen Marktmanipulation aller Kartellmitglieder resultieren. Das Berufungsgericht Amsterdam best\u00e4tigte daraufhin das erstinstanzliche Urteil mit Beschluss vom 21. Juli 2015. In der Sache selbst best\u00e4tigte das Landgericht Amsterdam mit Urteil vom 10. Mai 2017 die Wirksamkeit der Abtretungen, betrachtete jedoch einige Anspr\u00fcche als bereits verj\u00e4hrt. Sowohl CDC als auch Kemira Chemicals legten Berufung gegen das erstinstanzliche Urteil ein.<\/p><p>Am 4. Februar 2020 entschied das Amsterdamer Berufungsgericht in einem wegweisenden Urteil, dass die von CDC gegen Kemira Chemicals erhobenen Anspr\u00fcche nicht verj\u00e4hrt sind und best\u00e4tigte die Wirksamkeit der Abtretungen. Das Urteil sorgt f\u00fcr zus\u00e4tzliche Rechtssicherheit auf dem Gebiet der privaten Kartellrechtsdurchsetzung. Die Pressemitteilung von CDC in Bezug auf das Urteil des Berufungsgerichts finden Sie\u00a0<a href=\"https:\/\/www.carteldamageclaims.com\/wp-content\/uploads\/2020\/02\/200204-CDC-Press-Release-Court-of-Appeal-judgment-Sodium-Chlorate-Cartel-Litigation.pdf\" target=\"_blank\" rel=\"noopener noreferrer\">hier<\/a>. Eine englische \u00dcbersetzung des Urteils ist ebenfalls verf\u00fcgbar; Sie finden sie\u00a0<a href=\"https:\/\/www.carteldamageclaims.com\/wp-content\/uploads\/2020\/02\/2020-02-04-Translation-Judgment-of-the-Amsterdam-Court-of-Appeal-CDC-Kemira_3310107.pdf\" target=\"_blank\" rel=\"noopener noreferrer\">hier<\/a>.<\/p><p>Wie aus Presseartikeln, Pressemitteilungen, Gesch\u00e4ftsberichten und \u00f6ffentlichen Erkl\u00e4rungen der Beklagten hervorgeht, hat CDC au\u00dfergerichtliche Vergleiche mit Arkema France, Akzo Nobel und Eka Chemicals geschlossen und die Klage gegen diese Unternehmen zur\u00fcckgezogen.<\/p><p>Das Verfahren wird gegen die einzige verbleibende Beklagte, Kemira Chemicals, fortgesetzt und ist derzeit vor dem Landgericht Amsterdam anh\u00e4ngig.<\/p>\t\t\t\t\t\t\t\t<\/div>\n\t\t\t\t<\/div>\n\t\t\t\t\t<\/div>\n\t\t<\/div>\n\t\t\t\t\t<\/div>\n\t\t<\/section>\n\t\t\t\t<\/div>","protected":false},"excerpt":{"rendered":"<p>In May 2011, CDC filed an action against four members of the Europe-wide sodium chlorate cartel in the Courts of Amsterdam, the Netherlands. Sodium chlorate is a bleaching agent mainly used in the pulp and paper industry. Background \u2013 European Sodium Chlorate Cartel On 11 June 2008 the European Commission found that&nbsp;Eka Chemicals AB \/ [&hellip;]<\/p>\n","protected":false},"author":2,"featured_media":0,"parent":40,"menu_order":0,"comment_status":"closed","ping_status":"closed","template":"elementor_header_footer","meta":{"footnotes":""},"coauthors":[],"class_list":["post-535","page","type-page","status-publish","hentry"],"yoast_head":"<!-- This site is optimized with the Yoast SEO plugin v27.3 - https:\/\/yoast.com\/product\/yoast-seo-wordpress\/ -->\n<title>Sodium Chlorate - CDC<\/title>\n<meta name=\"robots\" content=\"index, follow, max-snippet:-1, max-image-preview:large, max-video-preview:-1\" \/>\n<link rel=\"canonical\" href=\"https:\/\/carteldamageclaims.com\/de\/unsere-falle\/sodium-chlorate\/\" \/>\n<meta property=\"og:locale\" content=\"de_DE\" \/>\n<meta property=\"og:type\" content=\"article\" \/>\n<meta property=\"og:title\" content=\"Sodium Chlorate - CDC\" \/>\n<meta property=\"og:description\" content=\"In May 2011, CDC filed an action against four members of the Europe-wide sodium chlorate cartel in the Courts of Amsterdam, the Netherlands. Sodium chlorate is a bleaching agent mainly used in the pulp and paper industry. Background \u2013 European Sodium Chlorate Cartel On 11 June 2008 the European Commission found that&nbsp;Eka Chemicals AB \/ [&hellip;]\" \/>\n<meta property=\"og:url\" content=\"https:\/\/carteldamageclaims.com\/de\/unsere-falle\/sodium-chlorate\/\" \/>\n<meta property=\"og:site_name\" content=\"CDC\" \/>\n<meta property=\"article:modified_time\" content=\"2021-01-28T10:01:10+00:00\" \/>\n<meta name=\"twitter:card\" content=\"summary_large_image\" \/>\n<meta name=\"twitter:label1\" content=\"Est. reading time\" \/>\n\t<meta name=\"twitter:data1\" content=\"3 minutes\" \/>\n\t<meta name=\"twitter:label2\" content=\"Written by\" \/>\n\t<meta name=\"twitter:data2\" content=\"Christian Classen\" \/>\n<script type=\"application\/ld+json\" class=\"yoast-schema-graph\">{\"@context\":\"https:\\\/\\\/schema.org\",\"@graph\":[{\"@type\":\"WebPage\",\"@id\":\"https:\\\/\\\/carteldamageclaims.com\\\/cases\\\/sodium-chlorate\\\/\",\"url\":\"https:\\\/\\\/carteldamageclaims.com\\\/cases\\\/sodium-chlorate\\\/\",\"name\":\"Sodium Chlorate - CDC\",\"isPartOf\":{\"@id\":\"https:\\\/\\\/carteldamageclaims.com\\\/#website\"},\"datePublished\":\"2020-09-09T10:22:11+00:00\",\"dateModified\":\"2021-01-28T10:01:10+00:00\",\"breadcrumb\":{\"@id\":\"https:\\\/\\\/carteldamageclaims.com\\\/cases\\\/sodium-chlorate\\\/#breadcrumb\"},\"inLanguage\":\"de-DE-formal\",\"potentialAction\":[{\"@type\":\"ReadAction\",\"target\":[\"https:\\\/\\\/carteldamageclaims.com\\\/cases\\\/sodium-chlorate\\\/\"]}]},{\"@type\":\"BreadcrumbList\",\"@id\":\"https:\\\/\\\/carteldamageclaims.com\\\/cases\\\/sodium-chlorate\\\/#breadcrumb\",\"itemListElement\":[{\"@type\":\"ListItem\",\"position\":1,\"name\":\"Home\",\"item\":\"https:\\\/\\\/carteldamageclaims.com\\\/\"},{\"@type\":\"ListItem\",\"position\":2,\"name\":\"CASES\",\"item\":\"https:\\\/\\\/carteldamageclaims.com\\\/cases\\\/\"},{\"@type\":\"ListItem\",\"position\":3,\"name\":\"Sodium Chlorate\"}]},{\"@type\":\"WebSite\",\"@id\":\"https:\\\/\\\/carteldamageclaims.com\\\/#website\",\"url\":\"https:\\\/\\\/carteldamageclaims.com\\\/\",\"name\":\"CDC Cartel Damage Claims\",\"description\":\"Cartel Damage Claims\",\"publisher\":{\"@id\":\"https:\\\/\\\/carteldamageclaims.com\\\/#organization\"},\"potentialAction\":[{\"@type\":\"SearchAction\",\"target\":{\"@type\":\"EntryPoint\",\"urlTemplate\":\"https:\\\/\\\/carteldamageclaims.com\\\/?s={search_term_string}\"},\"query-input\":{\"@type\":\"PropertyValueSpecification\",\"valueRequired\":true,\"valueName\":\"search_term_string\"}}],\"inLanguage\":\"de-DE-formal\"},{\"@type\":\"Organization\",\"@id\":\"https:\\\/\\\/carteldamageclaims.com\\\/#organization\",\"name\":\"CDC Cartel Damage Claims\",\"url\":\"https:\\\/\\\/carteldamageclaims.com\\\/\",\"logo\":{\"@type\":\"ImageObject\",\"inLanguage\":\"de-DE-formal\",\"@id\":\"https:\\\/\\\/carteldamageclaims.com\\\/#\\\/schema\\\/logo\\\/image\\\/\",\"url\":\"https:\\\/\\\/carteldamageclaims.com\\\/wp-content\\\/uploads\\\/2020\\\/09\\\/CDC-Logo.jpg\",\"contentUrl\":\"https:\\\/\\\/carteldamageclaims.com\\\/wp-content\\\/uploads\\\/2020\\\/09\\\/CDC-Logo.jpg\",\"width\":225,\"height\":54,\"caption\":\"CDC Cartel Damage Claims\"},\"image\":{\"@id\":\"https:\\\/\\\/carteldamageclaims.com\\\/#\\\/schema\\\/logo\\\/image\\\/\"}}]}<\/script>\n<!-- \/ Yoast SEO plugin. -->","yoast_head_json":{"title":"Sodium Chlorate - CDC","robots":{"index":"index","follow":"follow","max-snippet":"max-snippet:-1","max-image-preview":"max-image-preview:large","max-video-preview":"max-video-preview:-1"},"canonical":"https:\/\/carteldamageclaims.com\/de\/unsere-falle\/sodium-chlorate\/","og_locale":"de_DE","og_type":"article","og_title":"Sodium Chlorate - CDC","og_description":"In May 2011, CDC filed an action against four members of the Europe-wide sodium chlorate cartel in the Courts of Amsterdam, the Netherlands. Sodium chlorate is a bleaching agent mainly used in the pulp and paper industry. Background \u2013 European Sodium Chlorate Cartel On 11 June 2008 the European Commission found that&nbsp;Eka Chemicals AB \/ [&hellip;]","og_url":"https:\/\/carteldamageclaims.com\/de\/unsere-falle\/sodium-chlorate\/","og_site_name":"CDC","article_modified_time":"2021-01-28T10:01:10+00:00","twitter_card":"summary_large_image","twitter_misc":{"Est. reading time":"3 minutes","Written by":"Christian Classen"},"schema":{"@context":"https:\/\/schema.org","@graph":[{"@type":"WebPage","@id":"https:\/\/carteldamageclaims.com\/cases\/sodium-chlorate\/","url":"https:\/\/carteldamageclaims.com\/cases\/sodium-chlorate\/","name":"Sodium Chlorate - CDC","isPartOf":{"@id":"https:\/\/carteldamageclaims.com\/#website"},"datePublished":"2020-09-09T10:22:11+00:00","dateModified":"2021-01-28T10:01:10+00:00","breadcrumb":{"@id":"https:\/\/carteldamageclaims.com\/cases\/sodium-chlorate\/#breadcrumb"},"inLanguage":"de-DE-formal","potentialAction":[{"@type":"ReadAction","target":["https:\/\/carteldamageclaims.com\/cases\/sodium-chlorate\/"]}]},{"@type":"BreadcrumbList","@id":"https:\/\/carteldamageclaims.com\/cases\/sodium-chlorate\/#breadcrumb","itemListElement":[{"@type":"ListItem","position":1,"name":"Home","item":"https:\/\/carteldamageclaims.com\/"},{"@type":"ListItem","position":2,"name":"CASES","item":"https:\/\/carteldamageclaims.com\/cases\/"},{"@type":"ListItem","position":3,"name":"Sodium Chlorate"}]},{"@type":"WebSite","@id":"https:\/\/carteldamageclaims.com\/#website","url":"https:\/\/carteldamageclaims.com\/","name":"CDC Cartel Damage Claims","description":"Cartel Damage Claims","publisher":{"@id":"https:\/\/carteldamageclaims.com\/#organization"},"potentialAction":[{"@type":"SearchAction","target":{"@type":"EntryPoint","urlTemplate":"https:\/\/carteldamageclaims.com\/?s={search_term_string}"},"query-input":{"@type":"PropertyValueSpecification","valueRequired":true,"valueName":"search_term_string"}}],"inLanguage":"de-DE-formal"},{"@type":"Organization","@id":"https:\/\/carteldamageclaims.com\/#organization","name":"CDC Cartel Damage Claims","url":"https:\/\/carteldamageclaims.com\/","logo":{"@type":"ImageObject","inLanguage":"de-DE-formal","@id":"https:\/\/carteldamageclaims.com\/#\/schema\/logo\/image\/","url":"https:\/\/carteldamageclaims.com\/wp-content\/uploads\/2020\/09\/CDC-Logo.jpg","contentUrl":"https:\/\/carteldamageclaims.com\/wp-content\/uploads\/2020\/09\/CDC-Logo.jpg","width":225,"height":54,"caption":"CDC Cartel Damage Claims"},"image":{"@id":"https:\/\/carteldamageclaims.com\/#\/schema\/logo\/image\/"}}]}},"_links":{"self":[{"href":"https:\/\/carteldamageclaims.com\/de\/wp-json\/wp\/v2\/pages\/535","targetHints":{"allow":["GET"]}}],"collection":[{"href":"https:\/\/carteldamageclaims.com\/de\/wp-json\/wp\/v2\/pages"}],"about":[{"href":"https:\/\/carteldamageclaims.com\/de\/wp-json\/wp\/v2\/types\/page"}],"author":[{"embeddable":true,"href":"https:\/\/carteldamageclaims.com\/de\/wp-json\/wp\/v2\/users\/2"}],"replies":[{"embeddable":true,"href":"https:\/\/carteldamageclaims.com\/de\/wp-json\/wp\/v2\/comments?post=535"}],"version-history":[{"count":17,"href":"https:\/\/carteldamageclaims.com\/de\/wp-json\/wp\/v2\/pages\/535\/revisions"}],"predecessor-version":[{"id":6935,"href":"https:\/\/carteldamageclaims.com\/de\/wp-json\/wp\/v2\/pages\/535\/revisions\/6935"}],"up":[{"embeddable":true,"href":"https:\/\/carteldamageclaims.com\/de\/wp-json\/wp\/v2\/pages\/40"}],"wp:attachment":[{"href":"https:\/\/carteldamageclaims.com\/de\/wp-json\/wp\/v2\/media?parent=535"}],"wp:term":[{"taxonomy":"author","embeddable":true,"href":"https:\/\/carteldamageclaims.com\/de\/wp-json\/wp\/v2\/coauthors?post=535"}],"curies":[{"name":"wp","href":"https:\/\/api.w.org\/{rel}","templated":true}]}}