{"id":7330,"date":"2021-04-30T08:56:59","date_gmt":"2021-04-30T06:56:59","guid":{"rendered":"https:\/\/carteldamageclaims.com\/?page_id=7330"},"modified":"2022-04-01T13:29:15","modified_gmt":"2022-04-01T11:29:15","slug":"milk-cartel","status":"publish","type":"page","link":"https:\/\/carteldamageclaims.com\/de\/cases\/milk-cartel\/","title":{"rendered":"Milch-Kartell"},"content":{"rendered":"<div data-elementor-type=\"wp-page\" data-elementor-id=\"7330\" class=\"elementor elementor-7330\" data-elementor-post-type=\"page\">\n\t\t\t\t\t\t<section class=\"elementor-section elementor-top-section elementor-element elementor-element-d3ab98c elementor-section-boxed elementor-section-height-default elementor-section-height-default\" data-id=\"d3ab98c\" data-element_type=\"section\" data-e-type=\"section\" data-settings=\"{&quot;background_background&quot;:&quot;classic&quot;}\">\n\t\t\t\t\t\t<div class=\"elementor-container elementor-column-gap-default\">\n\t\t\t\t\t<div class=\"elementor-column elementor-col-100 elementor-top-column elementor-element elementor-element-71f91e3\" data-id=\"71f91e3\" data-element_type=\"column\" data-e-type=\"column\">\n\t\t\t<div class=\"elementor-widget-wrap elementor-element-populated\">\n\t\t\t\t\t\t\t<\/div>\n\t\t<\/div>\n\t\t\t\t\t<\/div>\n\t\t<\/section>\n\t\t\t\t<section class=\"elementor-section elementor-top-section elementor-element elementor-element-aabda83 elementor-section-full_width elementor-section-height-default elementor-section-height-default\" data-id=\"aabda83\" data-element_type=\"section\" data-e-type=\"section\" data-settings=\"{&quot;background_background&quot;:&quot;classic&quot;}\">\n\t\t\t\t\t\t<div class=\"elementor-container elementor-column-gap-default\">\n\t\t\t\t\t<div class=\"elementor-column elementor-col-100 elementor-top-column elementor-element elementor-element-a5d2a9e\" data-id=\"a5d2a9e\" data-element_type=\"column\" data-e-type=\"column\">\n\t\t\t<div class=\"elementor-widget-wrap elementor-element-populated\">\n\t\t\t\t\t\t<div class=\"elementor-element elementor-element-c6cd6d9 elementor-widget elementor-widget-image\" data-id=\"c6cd6d9\" data-element_type=\"widget\" data-e-type=\"widget\" data-widget_type=\"image.default\">\n\t\t\t\t<div class=\"elementor-widget-container\">\n\t\t\t\t\t\t\t\t\t\t\t\t\t\t\t<img fetchpriority=\"high\" decoding=\"async\" width=\"850\" height=\"213\" src=\"https:\/\/carteldamageclaims.com\/wp-content\/uploads\/2021\/05\/Header-Leche-1024x256.png\" class=\"attachment-large size-large wp-image-7453\" alt=\"Milk carton - Icon blue\" srcset=\"https:\/\/carteldamageclaims.com\/wp-content\/uploads\/2021\/05\/Header-Leche-1024x256.png 1024w, https:\/\/carteldamageclaims.com\/wp-content\/uploads\/2021\/05\/Header-Leche-300x75.png 300w, https:\/\/carteldamageclaims.com\/wp-content\/uploads\/2021\/05\/Header-Leche-768x192.png 768w, https:\/\/carteldamageclaims.com\/wp-content\/uploads\/2021\/05\/Header-Leche-16x4.png 16w, https:\/\/carteldamageclaims.com\/wp-content\/uploads\/2021\/05\/Header-Leche-615x154.png 615w, https:\/\/carteldamageclaims.com\/wp-content\/uploads\/2021\/05\/Header-Leche.png 1120w\" sizes=\"(max-width: 850px) 100vw, 850px\" \/>\t\t\t\t\t\t\t\t\t\t\t\t\t\t\t<\/div>\n\t\t\t\t<\/div>\n\t\t\t\t\t<\/div>\n\t\t<\/div>\n\t\t\t\t\t<\/div>\n\t\t<\/section>\n\t\t\t\t<section class=\"elementor-section elementor-top-section elementor-element elementor-element-3a0473e2 elementor-section-boxed elementor-section-height-default elementor-section-height-default\" data-id=\"3a0473e2\" data-element_type=\"section\" data-e-type=\"section\">\n\t\t\t\t\t\t<div class=\"elementor-container elementor-column-gap-default\">\n\t\t\t\t\t<div class=\"elementor-column elementor-col-100 elementor-top-column elementor-element elementor-element-1dee42c3\" data-id=\"1dee42c3\" data-element_type=\"column\" data-e-type=\"column\">\n\t\t\t<div class=\"elementor-widget-wrap elementor-element-populated\">\n\t\t\t\t\t\t<div class=\"elementor-element elementor-element-43a8e58b elementor-widget elementor-widget-text-editor\" data-id=\"43a8e58b\" data-element_type=\"widget\" data-e-type=\"widget\" data-widget_type=\"text-editor.default\">\n\t\t\t\t<div class=\"elementor-widget-container\">\n\t\t\t\t\t\t\t\t\t\n<p>Am 11. Juli 2019 hat die spanische Wettbewerbsbeh\u00f6rde, die \u201eComisi\u00f3n Nacional de Mercados y Competencia\u201c (\u201eCNMC\u201c) gegen zehn gro\u00dfe in Spanien t\u00e4tigen Molkereibetriebe wegen Verst\u00f6\u00dfen gegen das Kartellverbot zwischen den Jahren 2000 und 2013 Bu\u00dfgelder in H\u00f6he von insgesamt 80 Millionen Euro verh\u00e4ngt (Expte. S\/0425\/12 INDUSTRIAS L\u00c1CTEAS 2).<\/p>\n\n<p>CDC bereitet aktuell die geb\u00fcndelte Durchsetzung der Schadensersatzanspr\u00fcche vor, die den von dem Kartell gesch\u00e4digten Milchbauern zustehen (mehr dazu unten).<\/p>\n\n<p><strong>Hintergrund \u2013 Das spanische Milchkartell<\/strong><\/p>\n\n<p>Nach den Erkenntnissen der CNMC tauschten die wichtigsten Abnehmer von roher Kuhmilch seit dem Jahr 2000 Informationen \u00fcber Einkaufspreise, Einkaufsmengen und Milch\u00fcbersch\u00fcsse aus. Dadurch konnten sie ihre Handelsstrategien koordinieren, den Wettbewerb auf dem Markt f\u00fcr unverarbeitete Kuhmilch einschr\u00e4nken und die Landwirte daran hindern, wettbewerbsf\u00e4hige Marktpreise f\u00fcr ihre Rohmilch zu erzielen. Dadurch hinderten sie die Milchbauern daran, Preise auszuhandeln, und stellten sie vor die Wahl, ihre Milch entweder zu niedrigeren Preisen zu verkaufen oder einen Teil davon \u00fcberhaupt nicht absetzen zu k\u00f6nnen. Nach Angaben der CNMC gelang es den Kartellmitgliedern auf diese Weise, die Preise unter das Wettbewerbsniveau zu dr\u00fccken.<\/p>\n\n<p>Bei den am Milchkartell beteiligten Unternehmen handelt es sich um Calidad Pascual, S.A. (ehemals Grupo Leche Pascual, S.A.), Central Lechera de Galicia (CELEGA, S.L.), Corporaci\u00f3n Alimentaria Pe\u00f1asanta, S.A., Danone, S.A., Grupo Lactalis Iberia, S.A., Nestl\u00e9 Espa\u00f1a, S.A., Industrias L\u00e1cteas de Granada, S.L.U. (ehemals PULEVA FOOD, S.L.), Schreiber Food Espa\u00f1a, S.L. (ehemals SENOBLE IBERICA, S.L.), Verband der galicischen Molkereiunternehmen, Innung der katalanischen Molkereiindustrie, Industrias L\u00e1cteas Asturianas, S.A., Grupo Leche R\u00edo, S.A., Feiraco L\u00e1cteos, S.L., Leche Celta, S.L., Forlactaria Operadores Lecheros, S.A. und Central Lechera Asturiana, S.A.T.<\/p>\n\n<p><strong>Schadensersatz f\u00fcr Milchbauern<\/strong><\/p>\n\n<p>Vom Kartell betroffene Milchbauern sind nach spanischem und EU-Recht berechtigt, von den Kartellmitgliedern vollen Ersatz des ihnen durch die wettbewerbswidrigen Praktiken entstandenen Schadens zu verlangen. Der Schadensersatzanspruch umfasst auch aufgelaufene Zinsen ab dem Zeitpunkt des Schadenseintritts. In ihrer Entscheidung sch\u00e4tzt die CNMC, dass die kartellrechtswidrigen Praktiken zu einer Preisreduzierung um mehr als 10 % haben. Hiernach k\u00f6nnte jeder Milchbauer mindestens 10 % seines Umsatzes w\u00e4hrend des Kartellzeitraums zuz\u00fcglich aufgelaufener Zinsen einfordern. Wie hoch der erlittene Schaden im Einzelfall war, l\u00e4sst sich jedoch erst nach Durchf\u00fchrung einer umfassenden \u00f6konomischen Schadensanalyse quantifizieren.<\/p>\n\n<p><strong>Geb\u00fcndelte Anspruchsdurchsetzung durch CDC<\/strong><\/p>\n\n<p>CDC bereitet aktuell zusammen mit Kooperationspartnern die Geltendmachung der Schadensersatzanspr\u00fcche einer Vielzahl von Milchbauern vor. Dabei profitieren die Milchbauern nicht nur von der knapp 20-j\u00e4hrigen Erfahrung und Expertise von CDC auf dem Gebiet der europaweiten Durchsetzung kartellrechtlicher Schadensersatzanspr\u00fcche, sondern auch von der vollst\u00e4ndigen \u00dcbernahme s\u00e4mtlicher Kosten und Risiken durch CDC. Die mit dem von CDC entwickelten \u201eB\u00fcndelungsmodell\u201c verbundenen Vorteile einer umfassenden Datenerhebung erm\u00f6glichen dar\u00fcber hinaus die Erstellung einer robusten Schadensanalyse sowie eine bestm\u00f6gliche Beweisf\u00fchrung in einem etwaigen Gerichtsverfahren. Die durch die Anspruchsb\u00fcndelung erzielten Synergieeffekte und st\u00e4rkere Verhandlungsmacht gegen\u00fcber den Kartellmitgliedern runden den vollst\u00e4ndigen Interessengleichlauf - einerseits zwischen den gesch\u00e4digten Milchbauern untereinander und andererseits im Verh\u00e4ltnis zu CDC - ab.<\/p>\n\n<p><strong>Kann ich mich der geb\u00fcndelten Geltendmachung durch CDC noch anschlie\u00dfen?<\/strong><\/p>\n<p>Ja! CDC ist grunds\u00e4tzlich daf\u00fcr offen, die Anspr\u00fcche weiterer Milchbauern in seine geb\u00fcndelte Anspruchsdurchsetzung einzubeziehen. Wenn Sie Interesse an detaillierteren Informationen hierzu haben, nehmen Sie einfach Kontakt mit uns auf. Wir erl\u00e4utern Ihnen unseren Ansatz sowie alle damit verbundenen Vorteile gerne in einem pers\u00f6nlichen Gespr\u00e4ch (wir sprechen auch Spanisch).<\/p>\n\t\t\t\t\t\t\t\t<\/div>\n\t\t\t\t<\/div>\n\t\t\t\t\t<\/div>\n\t\t<\/div>\n\t\t\t\t\t<\/div>\n\t\t<\/section>\n\t\t\t\t<section class=\"elementor-section elementor-top-section elementor-element elementor-element-317bfc6 elementor-section-boxed elementor-section-height-default elementor-section-height-default\" data-id=\"317bfc6\" data-element_type=\"section\" data-e-type=\"section\">\n\t\t\t\t\t\t<div class=\"elementor-container elementor-column-gap-default\">\n\t\t\t\t\t<div class=\"elementor-column elementor-col-100 elementor-top-column elementor-element elementor-element-f28017e\" data-id=\"f28017e\" data-element_type=\"column\" data-e-type=\"column\">\n\t\t\t<div class=\"elementor-widget-wrap elementor-element-populated\">\n\t\t\t\t\t\t<div class=\"elementor-element elementor-element-730cd0c elementor-align-center elementor-widget elementor-widget-button\" data-id=\"730cd0c\" data-element_type=\"widget\" data-e-type=\"widget\" data-widget_type=\"button.default\">\n\t\t\t\t<div class=\"elementor-widget-container\">\n\t\t\t\t\t\t\t\t\t<div class=\"elementor-button-wrapper\">\n\t\t\t\t\t<a class=\"elementor-button elementor-button-link elementor-size-md\" href=\"mailto:mail@carteldamageclaims.com\">\n\t\t\t\t\t\t<span class=\"elementor-button-content-wrapper\">\n\t\t\t\t\t\t\t\t\t<span class=\"elementor-button-text\">Kontaktieren Sie uns jetzt<\/span>\n\t\t\t\t\t<\/span>\n\t\t\t\t\t<\/a>\n\t\t\t\t<\/div>\n\t\t\t\t\t\t\t\t<\/div>\n\t\t\t\t<\/div>\n\t\t\t\t<div class=\"elementor-element elementor-element-773819f elementor-widget elementor-widget-spacer\" data-id=\"773819f\" data-element_type=\"widget\" data-e-type=\"widget\" data-widget_type=\"spacer.default\">\n\t\t\t\t<div class=\"elementor-widget-container\">\n\t\t\t\t\t\t\t<div class=\"elementor-spacer\">\n\t\t\t<div class=\"elementor-spacer-inner\"><\/div>\n\t\t<\/div>\n\t\t\t\t\t\t<\/div>\n\t\t\t\t<\/div>\n\t\t\t\t\t<\/div>\n\t\t<\/div>\n\t\t\t\t\t<\/div>\n\t\t<\/section>\n\t\t\t\t<\/div>","protected":false},"excerpt":{"rendered":"<p>On 11 July 2019, the Spanish Competition Authority, the \u2018Comisi\u00f3n Nacional de Mercados y Competencia\u2019 (\u2018CNMC\u2019) fined ten large dairy companies operating in Spain \u20ac80 million for breaches of competition law between the years 2000 and 2013 (Expte. S\/0425\/12 INDUSTRIAS L\u00c1CTEAS 2). CDC is currently preparing the bundled enforcement of damage claims to which the [&hellip;]<\/p>\n","protected":false},"author":2,"featured_media":0,"parent":40,"menu_order":0,"comment_status":"closed","ping_status":"closed","template":"elementor_header_footer","meta":{"footnotes":""},"coauthors":[],"class_list":["post-7330","page","type-page","status-publish","hentry"],"yoast_head":"<!-- This site is optimized with the Yoast SEO plugin v27.3 - https:\/\/yoast.com\/product\/yoast-seo-wordpress\/ -->\n<title>Milk Cartel - CDC<\/title>\n<meta name=\"robots\" content=\"index, follow, max-snippet:-1, max-image-preview:large, max-video-preview:-1\" \/>\n<link rel=\"canonical\" href=\"https:\/\/carteldamageclaims.com\/de\/unsere-falle\/milk-cartel\/\" \/>\n<meta property=\"og:locale\" content=\"de_DE\" \/>\n<meta property=\"og:type\" content=\"article\" \/>\n<meta property=\"og:title\" content=\"Milk Cartel - CDC\" \/>\n<meta property=\"og:description\" content=\"On 11 July 2019, the Spanish Competition Authority, the \u2018Comisi\u00f3n Nacional de Mercados y Competencia\u2019 (\u2018CNMC\u2019) fined ten large dairy companies operating in Spain \u20ac80 million for breaches of competition law between the years 2000 and 2013 (Expte. S\/0425\/12 INDUSTRIAS L\u00c1CTEAS 2). CDC is currently preparing the bundled enforcement of damage claims to which the [&hellip;]\" \/>\n<meta property=\"og:url\" content=\"https:\/\/carteldamageclaims.com\/de\/unsere-falle\/milk-cartel\/\" \/>\n<meta property=\"og:site_name\" content=\"CDC\" \/>\n<meta property=\"article:modified_time\" content=\"2022-04-01T11:29:15+00:00\" \/>\n<meta property=\"og:image\" content=\"https:\/\/carteldamageclaims.com\/wp-content\/uploads\/2021\/05\/Header-Leche-1024x256.png\" \/>\n<meta name=\"twitter:card\" content=\"summary_large_image\" \/>\n<meta name=\"twitter:label1\" content=\"Est. reading time\" \/>\n\t<meta name=\"twitter:data1\" content=\"3 minutes\" \/>\n\t<meta name=\"twitter:label2\" content=\"Written by\" \/>\n\t<meta name=\"twitter:data2\" content=\"Christian Classen\" \/>\n<script type=\"application\/ld+json\" class=\"yoast-schema-graph\">{\"@context\":\"https:\\\/\\\/schema.org\",\"@graph\":[{\"@type\":\"WebPage\",\"@id\":\"https:\\\/\\\/carteldamageclaims.com\\\/cases\\\/milk-cartel\\\/\",\"url\":\"https:\\\/\\\/carteldamageclaims.com\\\/cases\\\/milk-cartel\\\/\",\"name\":\"Milk Cartel - CDC\",\"isPartOf\":{\"@id\":\"https:\\\/\\\/carteldamageclaims.com\\\/#website\"},\"primaryImageOfPage\":{\"@id\":\"https:\\\/\\\/carteldamageclaims.com\\\/cases\\\/milk-cartel\\\/#primaryimage\"},\"image\":{\"@id\":\"https:\\\/\\\/carteldamageclaims.com\\\/cases\\\/milk-cartel\\\/#primaryimage\"},\"thumbnailUrl\":\"https:\\\/\\\/carteldamageclaims.com\\\/wp-content\\\/uploads\\\/2021\\\/05\\\/Header-Leche-1024x256.png\",\"datePublished\":\"2021-04-30T06:56:59+00:00\",\"dateModified\":\"2022-04-01T11:29:15+00:00\",\"breadcrumb\":{\"@id\":\"https:\\\/\\\/carteldamageclaims.com\\\/cases\\\/milk-cartel\\\/#breadcrumb\"},\"inLanguage\":\"de-DE-formal\",\"potentialAction\":[{\"@type\":\"ReadAction\",\"target\":[\"https:\\\/\\\/carteldamageclaims.com\\\/cases\\\/milk-cartel\\\/\"]}]},{\"@type\":\"ImageObject\",\"inLanguage\":\"de-DE-formal\",\"@id\":\"https:\\\/\\\/carteldamageclaims.com\\\/cases\\\/milk-cartel\\\/#primaryimage\",\"url\":\"https:\\\/\\\/carteldamageclaims.com\\\/wp-content\\\/uploads\\\/2021\\\/05\\\/Header-Leche-1024x256.png\",\"contentUrl\":\"https:\\\/\\\/carteldamageclaims.com\\\/wp-content\\\/uploads\\\/2021\\\/05\\\/Header-Leche-1024x256.png\"},{\"@type\":\"BreadcrumbList\",\"@id\":\"https:\\\/\\\/carteldamageclaims.com\\\/cases\\\/milk-cartel\\\/#breadcrumb\",\"itemListElement\":[{\"@type\":\"ListItem\",\"position\":1,\"name\":\"Home\",\"item\":\"https:\\\/\\\/carteldamageclaims.com\\\/\"},{\"@type\":\"ListItem\",\"position\":2,\"name\":\"CASES\",\"item\":\"https:\\\/\\\/carteldamageclaims.com\\\/cases\\\/\"},{\"@type\":\"ListItem\",\"position\":3,\"name\":\"Milk Cartel\"}]},{\"@type\":\"WebSite\",\"@id\":\"https:\\\/\\\/carteldamageclaims.com\\\/#website\",\"url\":\"https:\\\/\\\/carteldamageclaims.com\\\/\",\"name\":\"CDC Cartel Damage Claims\",\"description\":\"Cartel Damage Claims\",\"publisher\":{\"@id\":\"https:\\\/\\\/carteldamageclaims.com\\\/#organization\"},\"potentialAction\":[{\"@type\":\"SearchAction\",\"target\":{\"@type\":\"EntryPoint\",\"urlTemplate\":\"https:\\\/\\\/carteldamageclaims.com\\\/?s={search_term_string}\"},\"query-input\":{\"@type\":\"PropertyValueSpecification\",\"valueRequired\":true,\"valueName\":\"search_term_string\"}}],\"inLanguage\":\"de-DE-formal\"},{\"@type\":\"Organization\",\"@id\":\"https:\\\/\\\/carteldamageclaims.com\\\/#organization\",\"name\":\"CDC Cartel Damage Claims\",\"url\":\"https:\\\/\\\/carteldamageclaims.com\\\/\",\"logo\":{\"@type\":\"ImageObject\",\"inLanguage\":\"de-DE-formal\",\"@id\":\"https:\\\/\\\/carteldamageclaims.com\\\/#\\\/schema\\\/logo\\\/image\\\/\",\"url\":\"https:\\\/\\\/carteldamageclaims.com\\\/wp-content\\\/uploads\\\/2020\\\/09\\\/CDC-Logo.jpg\",\"contentUrl\":\"https:\\\/\\\/carteldamageclaims.com\\\/wp-content\\\/uploads\\\/2020\\\/09\\\/CDC-Logo.jpg\",\"width\":225,\"height\":54,\"caption\":\"CDC Cartel Damage Claims\"},\"image\":{\"@id\":\"https:\\\/\\\/carteldamageclaims.com\\\/#\\\/schema\\\/logo\\\/image\\\/\"}}]}<\/script>\n<!-- \/ Yoast SEO plugin. -->","yoast_head_json":{"title":"Milk Cartel - CDC","robots":{"index":"index","follow":"follow","max-snippet":"max-snippet:-1","max-image-preview":"max-image-preview:large","max-video-preview":"max-video-preview:-1"},"canonical":"https:\/\/carteldamageclaims.com\/de\/unsere-falle\/milk-cartel\/","og_locale":"de_DE","og_type":"article","og_title":"Milk Cartel - CDC","og_description":"On 11 July 2019, the Spanish Competition Authority, the \u2018Comisi\u00f3n Nacional de Mercados y Competencia\u2019 (\u2018CNMC\u2019) fined ten large dairy companies operating in Spain \u20ac80 million for breaches of competition law between the years 2000 and 2013 (Expte. S\/0425\/12 INDUSTRIAS L\u00c1CTEAS 2). CDC is currently preparing the bundled enforcement of damage claims to which the [&hellip;]","og_url":"https:\/\/carteldamageclaims.com\/de\/unsere-falle\/milk-cartel\/","og_site_name":"CDC","article_modified_time":"2022-04-01T11:29:15+00:00","og_image":[{"url":"https:\/\/carteldamageclaims.com\/wp-content\/uploads\/2021\/05\/Header-Leche-1024x256.png","type":"","width":"","height":""}],"twitter_card":"summary_large_image","twitter_misc":{"Est. reading time":"3 minutes","Written by":"Christian Classen"},"schema":{"@context":"https:\/\/schema.org","@graph":[{"@type":"WebPage","@id":"https:\/\/carteldamageclaims.com\/cases\/milk-cartel\/","url":"https:\/\/carteldamageclaims.com\/cases\/milk-cartel\/","name":"Milk Cartel - CDC","isPartOf":{"@id":"https:\/\/carteldamageclaims.com\/#website"},"primaryImageOfPage":{"@id":"https:\/\/carteldamageclaims.com\/cases\/milk-cartel\/#primaryimage"},"image":{"@id":"https:\/\/carteldamageclaims.com\/cases\/milk-cartel\/#primaryimage"},"thumbnailUrl":"https:\/\/carteldamageclaims.com\/wp-content\/uploads\/2021\/05\/Header-Leche-1024x256.png","datePublished":"2021-04-30T06:56:59+00:00","dateModified":"2022-04-01T11:29:15+00:00","breadcrumb":{"@id":"https:\/\/carteldamageclaims.com\/cases\/milk-cartel\/#breadcrumb"},"inLanguage":"de-DE-formal","potentialAction":[{"@type":"ReadAction","target":["https:\/\/carteldamageclaims.com\/cases\/milk-cartel\/"]}]},{"@type":"ImageObject","inLanguage":"de-DE-formal","@id":"https:\/\/carteldamageclaims.com\/cases\/milk-cartel\/#primaryimage","url":"https:\/\/carteldamageclaims.com\/wp-content\/uploads\/2021\/05\/Header-Leche-1024x256.png","contentUrl":"https:\/\/carteldamageclaims.com\/wp-content\/uploads\/2021\/05\/Header-Leche-1024x256.png"},{"@type":"BreadcrumbList","@id":"https:\/\/carteldamageclaims.com\/cases\/milk-cartel\/#breadcrumb","itemListElement":[{"@type":"ListItem","position":1,"name":"Home","item":"https:\/\/carteldamageclaims.com\/"},{"@type":"ListItem","position":2,"name":"CASES","item":"https:\/\/carteldamageclaims.com\/cases\/"},{"@type":"ListItem","position":3,"name":"Milk Cartel"}]},{"@type":"WebSite","@id":"https:\/\/carteldamageclaims.com\/#website","url":"https:\/\/carteldamageclaims.com\/","name":"CDC Cartel Damage Claims","description":"Cartel Damage Claims","publisher":{"@id":"https:\/\/carteldamageclaims.com\/#organization"},"potentialAction":[{"@type":"SearchAction","target":{"@type":"EntryPoint","urlTemplate":"https:\/\/carteldamageclaims.com\/?s={search_term_string}"},"query-input":{"@type":"PropertyValueSpecification","valueRequired":true,"valueName":"search_term_string"}}],"inLanguage":"de-DE-formal"},{"@type":"Organization","@id":"https:\/\/carteldamageclaims.com\/#organization","name":"CDC Cartel Damage Claims","url":"https:\/\/carteldamageclaims.com\/","logo":{"@type":"ImageObject","inLanguage":"de-DE-formal","@id":"https:\/\/carteldamageclaims.com\/#\/schema\/logo\/image\/","url":"https:\/\/carteldamageclaims.com\/wp-content\/uploads\/2020\/09\/CDC-Logo.jpg","contentUrl":"https:\/\/carteldamageclaims.com\/wp-content\/uploads\/2020\/09\/CDC-Logo.jpg","width":225,"height":54,"caption":"CDC Cartel Damage Claims"},"image":{"@id":"https:\/\/carteldamageclaims.com\/#\/schema\/logo\/image\/"}}]}},"_links":{"self":[{"href":"https:\/\/carteldamageclaims.com\/de\/wp-json\/wp\/v2\/pages\/7330","targetHints":{"allow":["GET"]}}],"collection":[{"href":"https:\/\/carteldamageclaims.com\/de\/wp-json\/wp\/v2\/pages"}],"about":[{"href":"https:\/\/carteldamageclaims.com\/de\/wp-json\/wp\/v2\/types\/page"}],"author":[{"embeddable":true,"href":"https:\/\/carteldamageclaims.com\/de\/wp-json\/wp\/v2\/users\/2"}],"replies":[{"embeddable":true,"href":"https:\/\/carteldamageclaims.com\/de\/wp-json\/wp\/v2\/comments?post=7330"}],"version-history":[{"count":23,"href":"https:\/\/carteldamageclaims.com\/de\/wp-json\/wp\/v2\/pages\/7330\/revisions"}],"predecessor-version":[{"id":8899,"href":"https:\/\/carteldamageclaims.com\/de\/wp-json\/wp\/v2\/pages\/7330\/revisions\/8899"}],"up":[{"embeddable":true,"href":"https:\/\/carteldamageclaims.com\/de\/wp-json\/wp\/v2\/pages\/40"}],"wp:attachment":[{"href":"https:\/\/carteldamageclaims.com\/de\/wp-json\/wp\/v2\/media?parent=7330"}],"wp:term":[{"taxonomy":"author","embeddable":true,"href":"https:\/\/carteldamageclaims.com\/de\/wp-json\/wp\/v2\/coauthors?post=7330"}],"curies":[{"name":"wp","href":"https:\/\/api.w.org\/{rel}","templated":true}]}}