{"id":7767,"date":"2022-01-11T10:11:05","date_gmt":"2022-01-11T09:11:05","guid":{"rendered":"https:\/\/carteldamageclaims.com\/?page_id=7767"},"modified":"2025-08-12T08:30:24","modified_gmt":"2025-08-12T06:30:24","slug":"cars","status":"publish","type":"page","link":"https:\/\/carteldamageclaims.com\/de\/cases\/cars\/","title":{"rendered":"Cars"},"content":{"rendered":"<div data-elementor-type=\"wp-page\" data-elementor-id=\"7767\" class=\"elementor elementor-7767\" data-elementor-post-type=\"page\">\n\t\t\t\t\t\t<section class=\"elementor-section elementor-top-section elementor-element elementor-element-1e81c321 elementor-section-boxed elementor-section-height-default elementor-section-height-default\" data-id=\"1e81c321\" data-element_type=\"section\" data-e-type=\"section\" data-settings=\"{&quot;background_background&quot;:&quot;classic&quot;}\">\n\t\t\t\t\t\t<div class=\"elementor-container elementor-column-gap-default\">\n\t\t\t\t\t<div class=\"elementor-column elementor-col-100 elementor-top-column elementor-element elementor-element-7d104459\" data-id=\"7d104459\" data-element_type=\"column\" data-e-type=\"column\">\n\t\t\t<div class=\"elementor-widget-wrap elementor-element-populated\">\n\t\t\t\t\t\t\t<\/div>\n\t\t<\/div>\n\t\t\t\t\t<\/div>\n\t\t<\/section>\n\t\t\t\t<section class=\"elementor-section elementor-top-section elementor-element elementor-element-786f0ad7 elementor-section-boxed elementor-section-height-default elementor-section-height-default\" data-id=\"786f0ad7\" data-element_type=\"section\" data-e-type=\"section\" data-settings=\"{&quot;background_background&quot;:&quot;classic&quot;}\">\n\t\t\t\t\t\t\t<div class=\"elementor-background-overlay\"><\/div>\n\t\t\t\t\t\t\t<div class=\"elementor-container elementor-column-gap-default\">\n\t\t\t\t\t<div class=\"elementor-column elementor-col-50 elementor-top-column elementor-element elementor-element-6c12b44d\" data-id=\"6c12b44d\" data-element_type=\"column\" data-e-type=\"column\">\n\t\t\t<div class=\"elementor-widget-wrap elementor-element-populated\">\n\t\t\t\t\t\t<div class=\"elementor-element elementor-element-3154fcb1 elementor-widget elementor-widget-spacer\" data-id=\"3154fcb1\" data-element_type=\"widget\" data-e-type=\"widget\" data-widget_type=\"spacer.default\">\n\t\t\t\t<div class=\"elementor-widget-container\">\n\t\t\t\t\t\t\t<div class=\"elementor-spacer\">\n\t\t\t<div class=\"elementor-spacer-inner\"><\/div>\n\t\t<\/div>\n\t\t\t\t\t\t<\/div>\n\t\t\t\t<\/div>\n\t\t\t\t\t<\/div>\n\t\t<\/div>\n\t\t\t\t<div class=\"elementor-column elementor-col-50 elementor-top-column elementor-element elementor-element-3ce6525a\" data-id=\"3ce6525a\" data-element_type=\"column\" data-e-type=\"column\">\n\t\t\t<div class=\"elementor-widget-wrap elementor-element-populated\">\n\t\t\t\t\t\t<div class=\"elementor-element elementor-element-37c419d3 elementor-widget elementor-widget-spacer\" data-id=\"37c419d3\" data-element_type=\"widget\" data-e-type=\"widget\" data-widget_type=\"spacer.default\">\n\t\t\t\t<div class=\"elementor-widget-container\">\n\t\t\t\t\t\t\t<div class=\"elementor-spacer\">\n\t\t\t<div class=\"elementor-spacer-inner\"><\/div>\n\t\t<\/div>\n\t\t\t\t\t\t<\/div>\n\t\t\t\t<\/div>\n\t\t\t\t\t<\/div>\n\t\t<\/div>\n\t\t\t\t\t<\/div>\n\t\t<\/section>\n\t\t\t\t<section class=\"elementor-section elementor-top-section elementor-element elementor-element-26b75cb8 elementor-section-boxed elementor-section-height-default elementor-section-height-default\" data-id=\"26b75cb8\" data-element_type=\"section\" data-e-type=\"section\">\n\t\t\t\t\t\t<div class=\"elementor-container elementor-column-gap-default\">\n\t\t\t\t\t<div class=\"elementor-column elementor-col-100 elementor-top-column elementor-element elementor-element-5e6abe0c\" data-id=\"5e6abe0c\" data-element_type=\"column\" data-e-type=\"column\">\n\t\t\t<div class=\"elementor-widget-wrap elementor-element-populated\">\n\t\t\t\t\t\t<div class=\"elementor-element elementor-element-75d99321 elementor-widget elementor-widget-spacer\" data-id=\"75d99321\" data-element_type=\"widget\" data-e-type=\"widget\" data-widget_type=\"spacer.default\">\n\t\t\t\t<div class=\"elementor-widget-container\">\n\t\t\t\t\t\t\t<div class=\"elementor-spacer\">\n\t\t\t<div class=\"elementor-spacer-inner\"><\/div>\n\t\t<\/div>\n\t\t\t\t\t\t<\/div>\n\t\t\t\t<\/div>\n\t\t\t\t<div class=\"elementor-element elementor-element-76878678 elementor-widget elementor-widget-text-editor\" data-id=\"76878678\" data-element_type=\"widget\" data-e-type=\"widget\" data-widget_type=\"text-editor.default\">\n\t\t\t\t<div class=\"elementor-widget-container\">\n\t\t\t\t\t\t\t\t\tOn 23 July 2015, the Spanish Competition Authority, the \u2018Comisi\u00f3n Nacional de Mercados y Competencia\u2019 (\u2018CNMC\u2019) fined 21 car manufacturers and two consulting agencies operating in Spain EUR 171 million for breaches of competition law between February 2006 and August 2013, the highest fine in CNMC\u00b4s history (Exp. S\/0482\/13 Fabricantes de Autom\u00f3viles).\t\t\t\t\t\t\t\t<\/div>\n\t\t\t\t<\/div>\n\t\t\t\t<div class=\"elementor-element elementor-element-6421f4b3 elementor-widget elementor-widget-heading\" data-id=\"6421f4b3\" data-element_type=\"widget\" data-e-type=\"widget\" data-widget_type=\"heading.default\">\n\t\t\t\t<div class=\"elementor-widget-container\">\n\t\t\t\t\t<h2 class=\"elementor-heading-title elementor-size-default\"> Background \u2013 The Spanish Car Cartel<\/h2>\t\t\t\t<\/div>\n\t\t\t\t<\/div>\n\t\t\t\t<div class=\"elementor-element elementor-element-1e4b5c6f elementor-widget elementor-widget-text-editor\" data-id=\"1e4b5c6f\" data-element_type=\"widget\" data-e-type=\"widget\" data-widget_type=\"text-editor.default\">\n\t\t\t\t<div class=\"elementor-widget-container\">\n\t\t\t\t\t\t\t\t\t<p>The fined companies, covering more than 90% of the Spanish market, exchanged commercially sensitive information on car sales. By doing so, they were able to control the vast majority of the distribution and after-sales market in Spain allowing them to establish commercial conditions detrimental to their customers. Among other things, this resulted in both consumers and companies paying higher prices for cars due to the illegal conduct of the car manufacturers. Preliminary price overcharge estimations are in the range of 10-15%.<br \/>The fined entities are: AUTOM\u00d3VILES CITRO\u00cbN ESPA\u00d1A, B&amp;M AUTOM\u00d3VILES ESPA\u00d1A, BMW IB\u00c9RICA, S.A.U., CHEVROLET ESPA\u00d1A, S.A.U., CHRYSLER ESPA\u00d1A, S.L., FIAT GROUP AUTOMOBILES SPAIN, S.A., FORD ESPA\u00d1A, S.L., GENERAL MOTORS ESPA\u00d1A, S.L.U., HONDA MOTOR EUROPE LIMITED, BRANCH IN SPAIN, S.L., HYUNDAI MOTOR ESPA\u00d1A, S.L.U., KIA MOTORS IBERIA, S.L., MAZDA AUTOM\u00d3VILES ESPA\u00d1A, S.A., MERCEDES BENZ ESPA\u00d1A, S.A., NISSAN IBERIA, S.A., PEUGEOT ESPA\u00d1A, S.A., PORSCHE IB\u00c9RICA, S.A., RENAULT ESPA\u00d1A COMERCIAL, S.A., SEAT, S.A., SNAP-ON BUSINESS SOLUTIONS, S.L., TOYOTA ESPA\u00d1A, S.L., URBAN SCIENCE ESPA\u00d1A, S.L.U., VOLKSWAGEN AUDI ESPA\u00d1A, S.A. and VOLVO CAR ESPA\u00d1A, S.A..<br \/>SEAT, S.A. as well as the other companies forming part of the Group to which it belongs (VOLKSWAGEN AUDI ESPA\u00d1A, S.A. and PORSCHE IB\u00c9RICA, S.A.), met the requirements set out in article 65 of the LDC and, consequently, were exempted from paying the fine relating to their participation in the infringing conduct.<\/p>\t\t\t\t\t\t\t\t<\/div>\n\t\t\t\t<\/div>\n\t\t\t\t<div class=\"elementor-element elementor-element-4f9853c elementor-widget elementor-widget-heading\" data-id=\"4f9853c\" data-element_type=\"widget\" data-e-type=\"widget\" data-widget_type=\"heading.default\">\n\t\t\t\t<div class=\"elementor-widget-container\">\n\t\t\t\t\t<h2 class=\"elementor-heading-title elementor-size-default\">Schadensersatzklage der CDC<\/h2>\t\t\t\t<\/div>\n\t\t\t\t<\/div>\n\t\t\t\t<div class=\"elementor-element elementor-element-5e41dc8a elementor-widget elementor-widget-text-editor\" data-id=\"5e41dc8a\" data-element_type=\"widget\" data-e-type=\"widget\" data-widget_type=\"text-editor.default\">\n\t\t\t\t<div class=\"elementor-widget-container\">\n\t\t\t\t\t\t\t\t\t<p>CDC has purchased and acquired damage claims from over 14,000 assignors, mainly consumers, that were affected by the anticompetitive agreements and practices as purchasers of cars in Spain during the cartel period.<\/p><p>With its action filed in November 2023, CDC is asserting these claims for damages against RENAULT ESPA\u00d1A COMERCIAL, S.A., FIAT CHRYSLER AUTOMOBILES SPAIN, S.A., STELLANTIS ESPA\u00d1A, S.L. and STELLANTIS, N.V. as joint and several debtors. The case is currently pending in first instance before the Commercial Court of Valladolid. The total damages claimed by CDC, including interest, exceed EUR 47 million.<\/p>\t\t\t\t\t\t\t\t<\/div>\n\t\t\t\t<\/div>\n\t\t\t\t<div class=\"elementor-element elementor-element-6a237da elementor-hidden-desktop elementor-hidden-tablet elementor-hidden-mobile elementor-widget elementor-widget-heading\" data-id=\"6a237da\" data-element_type=\"widget\" data-e-type=\"widget\" data-widget_type=\"heading.default\">\n\t\t\t\t<div class=\"elementor-widget-container\">\n\t\t\t\t\t<h2 class=\"elementor-heading-title elementor-size-default\">Referral program<\/h2>\t\t\t\t<\/div>\n\t\t\t\t<\/div>\n\t\t\t\t\t<\/div>\n\t\t<\/div>\n\t\t\t\t\t<\/div>\n\t\t<\/section>\n\t\t\t\t<\/div>","protected":false},"excerpt":{"rendered":"<p>On 23 July 2015, the Spanish Competition Authority, the \u2018Comisi\u00f3n Nacional de Mercados y Competencia\u2019 (\u2018CNMC\u2019) fined 21 car manufacturers and two consulting agencies operating in Spain EUR 171 million for breaches of competition law between February 2006 and August 2013, the highest fine in CNMC\u00b4s history (Exp. S\/0482\/13 Fabricantes de Autom\u00f3viles). Background \u2013 The [&hellip;]<\/p>\n","protected":false},"author":30,"featured_media":0,"parent":40,"menu_order":0,"comment_status":"closed","ping_status":"closed","template":"elementor_header_footer","meta":{"footnotes":""},"coauthors":[],"class_list":["post-7767","page","type-page","status-publish","hentry"],"yoast_head":"<!-- This site is optimized with the Yoast SEO plugin v27.3 - https:\/\/yoast.com\/product\/yoast-seo-wordpress\/ -->\n<title>Cars - CDC<\/title>\n<meta name=\"robots\" content=\"index, follow, max-snippet:-1, max-image-preview:large, max-video-preview:-1\" \/>\n<link rel=\"canonical\" href=\"https:\/\/carteldamageclaims.com\/de\/unsere-falle\/cars\/\" \/>\n<meta property=\"og:locale\" content=\"de_DE\" \/>\n<meta property=\"og:type\" content=\"article\" \/>\n<meta property=\"og:title\" content=\"Cars - CDC\" \/>\n<meta property=\"og:description\" content=\"On 23 July 2015, the Spanish Competition Authority, the \u2018Comisi\u00f3n Nacional de Mercados y Competencia\u2019 (\u2018CNMC\u2019) fined 21 car manufacturers and two consulting agencies operating in Spain EUR 171 million for breaches of competition law between February 2006 and August 2013, the highest fine in CNMC\u00b4s history (Exp. S\/0482\/13 Fabricantes de Autom\u00f3viles). Background \u2013 The [&hellip;]\" \/>\n<meta property=\"og:url\" content=\"https:\/\/carteldamageclaims.com\/de\/unsere-falle\/cars\/\" \/>\n<meta property=\"og:site_name\" content=\"CDC\" \/>\n<meta property=\"article:modified_time\" content=\"2025-08-12T06:30:24+00:00\" \/>\n<meta name=\"twitter:card\" content=\"summary_large_image\" \/>\n<meta name=\"twitter:label1\" content=\"Est. reading time\" \/>\n\t<meta name=\"twitter:data1\" content=\"2 minutes\" \/>\n\t<meta name=\"twitter:label2\" content=\"Written by\" \/>\n\t<meta name=\"twitter:data2\" content=\"Andr\u00e9 Fassbender\" \/>\n<script type=\"application\/ld+json\" class=\"yoast-schema-graph\">{\"@context\":\"https:\\\/\\\/schema.org\",\"@graph\":[{\"@type\":\"WebPage\",\"@id\":\"https:\\\/\\\/carteldamageclaims.com\\\/cases\\\/cars\\\/\",\"url\":\"https:\\\/\\\/carteldamageclaims.com\\\/cases\\\/cars\\\/\",\"name\":\"Cars - CDC\",\"isPartOf\":{\"@id\":\"https:\\\/\\\/carteldamageclaims.com\\\/#website\"},\"datePublished\":\"2022-01-11T09:11:05+00:00\",\"dateModified\":\"2025-08-12T06:30:24+00:00\",\"breadcrumb\":{\"@id\":\"https:\\\/\\\/carteldamageclaims.com\\\/cases\\\/cars\\\/#breadcrumb\"},\"inLanguage\":\"de-DE-formal\",\"potentialAction\":[{\"@type\":\"ReadAction\",\"target\":[\"https:\\\/\\\/carteldamageclaims.com\\\/cases\\\/cars\\\/\"]}]},{\"@type\":\"BreadcrumbList\",\"@id\":\"https:\\\/\\\/carteldamageclaims.com\\\/cases\\\/cars\\\/#breadcrumb\",\"itemListElement\":[{\"@type\":\"ListItem\",\"position\":1,\"name\":\"Home\",\"item\":\"https:\\\/\\\/carteldamageclaims.com\\\/\"},{\"@type\":\"ListItem\",\"position\":2,\"name\":\"CASES\",\"item\":\"https:\\\/\\\/carteldamageclaims.com\\\/cases\\\/\"},{\"@type\":\"ListItem\",\"position\":3,\"name\":\"Cars\"}]},{\"@type\":\"WebSite\",\"@id\":\"https:\\\/\\\/carteldamageclaims.com\\\/#website\",\"url\":\"https:\\\/\\\/carteldamageclaims.com\\\/\",\"name\":\"CDC Cartel Damage Claims\",\"description\":\"Cartel Damage Claims\",\"publisher\":{\"@id\":\"https:\\\/\\\/carteldamageclaims.com\\\/#organization\"},\"potentialAction\":[{\"@type\":\"SearchAction\",\"target\":{\"@type\":\"EntryPoint\",\"urlTemplate\":\"https:\\\/\\\/carteldamageclaims.com\\\/?s={search_term_string}\"},\"query-input\":{\"@type\":\"PropertyValueSpecification\",\"valueRequired\":true,\"valueName\":\"search_term_string\"}}],\"inLanguage\":\"de-DE-formal\"},{\"@type\":\"Organization\",\"@id\":\"https:\\\/\\\/carteldamageclaims.com\\\/#organization\",\"name\":\"CDC Cartel Damage Claims\",\"url\":\"https:\\\/\\\/carteldamageclaims.com\\\/\",\"logo\":{\"@type\":\"ImageObject\",\"inLanguage\":\"de-DE-formal\",\"@id\":\"https:\\\/\\\/carteldamageclaims.com\\\/#\\\/schema\\\/logo\\\/image\\\/\",\"url\":\"https:\\\/\\\/carteldamageclaims.com\\\/wp-content\\\/uploads\\\/2020\\\/09\\\/CDC-Logo.jpg\",\"contentUrl\":\"https:\\\/\\\/carteldamageclaims.com\\\/wp-content\\\/uploads\\\/2020\\\/09\\\/CDC-Logo.jpg\",\"width\":225,\"height\":54,\"caption\":\"CDC Cartel Damage Claims\"},\"image\":{\"@id\":\"https:\\\/\\\/carteldamageclaims.com\\\/#\\\/schema\\\/logo\\\/image\\\/\"}}]}<\/script>\n<!-- \/ Yoast SEO plugin. -->","yoast_head_json":{"title":"Cars - CDC","robots":{"index":"index","follow":"follow","max-snippet":"max-snippet:-1","max-image-preview":"max-image-preview:large","max-video-preview":"max-video-preview:-1"},"canonical":"https:\/\/carteldamageclaims.com\/de\/unsere-falle\/cars\/","og_locale":"de_DE","og_type":"article","og_title":"Cars - CDC","og_description":"On 23 July 2015, the Spanish Competition Authority, the \u2018Comisi\u00f3n Nacional de Mercados y Competencia\u2019 (\u2018CNMC\u2019) fined 21 car manufacturers and two consulting agencies operating in Spain EUR 171 million for breaches of competition law between February 2006 and August 2013, the highest fine in CNMC\u00b4s history (Exp. S\/0482\/13 Fabricantes de Autom\u00f3viles). Background \u2013 The [&hellip;]","og_url":"https:\/\/carteldamageclaims.com\/de\/unsere-falle\/cars\/","og_site_name":"CDC","article_modified_time":"2025-08-12T06:30:24+00:00","twitter_card":"summary_large_image","twitter_misc":{"Est. reading time":"2 minutes","Written by":"Andr\u00e9 Fassbender"},"schema":{"@context":"https:\/\/schema.org","@graph":[{"@type":"WebPage","@id":"https:\/\/carteldamageclaims.com\/cases\/cars\/","url":"https:\/\/carteldamageclaims.com\/cases\/cars\/","name":"Cars - CDC","isPartOf":{"@id":"https:\/\/carteldamageclaims.com\/#website"},"datePublished":"2022-01-11T09:11:05+00:00","dateModified":"2025-08-12T06:30:24+00:00","breadcrumb":{"@id":"https:\/\/carteldamageclaims.com\/cases\/cars\/#breadcrumb"},"inLanguage":"de-DE-formal","potentialAction":[{"@type":"ReadAction","target":["https:\/\/carteldamageclaims.com\/cases\/cars\/"]}]},{"@type":"BreadcrumbList","@id":"https:\/\/carteldamageclaims.com\/cases\/cars\/#breadcrumb","itemListElement":[{"@type":"ListItem","position":1,"name":"Home","item":"https:\/\/carteldamageclaims.com\/"},{"@type":"ListItem","position":2,"name":"CASES","item":"https:\/\/carteldamageclaims.com\/cases\/"},{"@type":"ListItem","position":3,"name":"Cars"}]},{"@type":"WebSite","@id":"https:\/\/carteldamageclaims.com\/#website","url":"https:\/\/carteldamageclaims.com\/","name":"CDC Cartel Damage Claims","description":"Cartel Damage Claims","publisher":{"@id":"https:\/\/carteldamageclaims.com\/#organization"},"potentialAction":[{"@type":"SearchAction","target":{"@type":"EntryPoint","urlTemplate":"https:\/\/carteldamageclaims.com\/?s={search_term_string}"},"query-input":{"@type":"PropertyValueSpecification","valueRequired":true,"valueName":"search_term_string"}}],"inLanguage":"de-DE-formal"},{"@type":"Organization","@id":"https:\/\/carteldamageclaims.com\/#organization","name":"CDC Cartel Damage Claims","url":"https:\/\/carteldamageclaims.com\/","logo":{"@type":"ImageObject","inLanguage":"de-DE-formal","@id":"https:\/\/carteldamageclaims.com\/#\/schema\/logo\/image\/","url":"https:\/\/carteldamageclaims.com\/wp-content\/uploads\/2020\/09\/CDC-Logo.jpg","contentUrl":"https:\/\/carteldamageclaims.com\/wp-content\/uploads\/2020\/09\/CDC-Logo.jpg","width":225,"height":54,"caption":"CDC Cartel Damage Claims"},"image":{"@id":"https:\/\/carteldamageclaims.com\/#\/schema\/logo\/image\/"}}]}},"_links":{"self":[{"href":"https:\/\/carteldamageclaims.com\/de\/wp-json\/wp\/v2\/pages\/7767","targetHints":{"allow":["GET"]}}],"collection":[{"href":"https:\/\/carteldamageclaims.com\/de\/wp-json\/wp\/v2\/pages"}],"about":[{"href":"https:\/\/carteldamageclaims.com\/de\/wp-json\/wp\/v2\/types\/page"}],"author":[{"embeddable":true,"href":"https:\/\/carteldamageclaims.com\/de\/wp-json\/wp\/v2\/users\/30"}],"replies":[{"embeddable":true,"href":"https:\/\/carteldamageclaims.com\/de\/wp-json\/wp\/v2\/comments?post=7767"}],"version-history":[{"count":21,"href":"https:\/\/carteldamageclaims.com\/de\/wp-json\/wp\/v2\/pages\/7767\/revisions"}],"predecessor-version":[{"id":11156,"href":"https:\/\/carteldamageclaims.com\/de\/wp-json\/wp\/v2\/pages\/7767\/revisions\/11156"}],"up":[{"embeddable":true,"href":"https:\/\/carteldamageclaims.com\/de\/wp-json\/wp\/v2\/pages\/40"}],"wp:attachment":[{"href":"https:\/\/carteldamageclaims.com\/de\/wp-json\/wp\/v2\/media?parent=7767"}],"wp:term":[{"taxonomy":"author","embeddable":true,"href":"https:\/\/carteldamageclaims.com\/de\/wp-json\/wp\/v2\/coauthors?post=7767"}],"curies":[{"name":"wp","href":"https:\/\/api.w.org\/{rel}","templated":true}]}}