{"id":7924,"date":"2020-09-09T12:14:08","date_gmt":"2020-09-09T10:14:08","guid":{"rendered":"https:\/\/carteldamageclaims.com\/our-cases-2\/paraffin-wax\/"},"modified":"2020-09-09T12:14:08","modified_gmt":"2020-09-09T10:14:08","slug":"paraffin-wax","status":"publish","type":"page","link":"https:\/\/carteldamageclaims.com\/de\/paraffin-wax\/","title":{"rendered":"Paraffin Wax #2"},"content":{"rendered":"<p>Im Jahr 2011 reichte CDC in Den Haag, Niederlande, eine Klage zur Durchsetzung von Schadensersatzanspr\u00fcchen aus dem europaweiten Paraffinwachskartell ein. Zuvor hatte die CDC die Anspr\u00fcche von acht Abnehmern von Paraffinwachs erworben. Paraffinwachs wird haupts\u00e4chlich f\u00fcr die Kerzenherstellung verwendet, hat aber auch eine Vielzahl von Anwendungen in der Verpackungs-, Kosmetik-, Bau- und Lebensmittelindustrie.<\/p>\n<h2>Hintergrund - Das europ\u00e4ische Paraffinwachskartell<br \/>\n<\/h2>\n<p>Am 1. Oktober 2008 stellte die Europ\u00e4ische Kommission fest, dass\u00a0<a href=\"https:\/\/www.eni.com\/en_IT\/home.page\" target=\"_blank\" rel=\"noopener noreferrer\">ENI<\/a>,\u00a0<a href=\"http:\/\/corporate.exxonmobil.com\/en\" target=\"_blank\" rel=\"noopener noreferrer\">ExxonMobil<\/a>,\u00a0<a href=\"http:\/\/hur.com\/en\/\" target=\"_blank\" rel=\"noopener noreferrer\">Hansen &amp; Rosenthal\/Tudapetrol<\/a>,\u00a0<a href=\"https:\/\/molgroup.info\/en\/about-mol-group\" target=\"_blank\" rel=\"noopener noreferrer\">MOL<\/a>,\u00a0<a href=\"https:\/\/www.repsol.com\/us_en\/\" target=\"_blank\" rel=\"noopener noreferrer\">Repsol<\/a>,\u00a0<a href=\"http:\/\/www.sasol.com\/\" target=\"_blank\" rel=\"noopener noreferrer\">Sasol<\/a>,\u00a0<a href=\"http:\/\/www.shell.com\/\" target=\"_blank\" rel=\"noopener noreferrer\">Shell<\/a>,\u00a0<a href=\"https:\/\/www.rwe.com\/web\/cms\/en\/8\/rwe\/\" target=\"_blank\" rel=\"noopener noreferrer\">RWE<\/a>und\u00a0<a href=\"http:\/\/www.total.com\/en\" target=\"_blank\" rel=\"noopener noreferrer\">Total<\/a>\u00a0mindestens von 1992 bis 2005 an einem europaweiten Paraffinwachskartell beteiligt waren. In mehr als 50 Treffen in ganz Europa, hunderten von Briefen, Faxen und E-Mails legten die Kartellmitglieder Zielpreise fest und \u00fcberwachten deren Umsetzung, teilten sich Kunden sowie Marktanteile zu und tauschten wirtschaftlich sensible Informationen aus.<\/p>\n<p>Nach Angaben der Europ\u00e4ischen Kommission bestand der Gesamtplan darin, den Preiswettbewerb zu verringern und zu verhindern, um die Preise zu stabilisieren oder zu erh\u00f6hen, indem Mindestpreise und Preiserh\u00f6hungen vereinbart wurden. Die Kartellmitglieder zielten darauf ab, den Wettbewerb zu verringern oder sogar auszuschalten, um letztlich h\u00f6here Gewinne zu erzielen. Vier Konzerne r\u00e4umten ihre Beteiligung an dem Kartell ein und kooperierten mit der Kommission im Rahmen ihrer Kronzeugenregelung. Die Kommission verh\u00e4ngte gegen alle Unternehmensgruppen Geldbu\u00dfen in H\u00f6he von mehr als 676 Mio. EUR.<\/p>\n<h2>CDCs Schadensersatzklage<br \/>\n<\/h2>\n<p>Im September 2011 reichte CDC eine Klage auf Schadensersatz aufgrund des Paraffinwachskartells gegen ExxonMobil, Shell, Total und Sasol ein. Die Klage wurde in Den Haag, Niederlande, erhoben. CDC erwarb die Schadensersatzanspr\u00fcche im Wesentlichen von Kerzenherstellern, mit Produktionsst\u00e4tten in f\u00fcnf europ\u00e4ischen L\u00e4ndern. Die detaillierten Transaktionsdaten, die CDC von den gesch\u00e4digten Unternehmen sammelte, zeigten zusammen mit anderen Marktdaten, dass das Kartell zu erheblichen Preis\u00fcberh\u00f6hungen gef\u00fchrt hatte. Diese Erkenntnisse wurden von externen Wirtschaftsexperten best\u00e4tigt. Der von CDC geltend gemachte Gesamtschaden einschlie\u00dflich Zinsen betrug \u00fcber 100 Mio. EUR. Der Haager Gerichtshof best\u00e4tigte mit Urteil vom 12. Dezember 2014 seine Zust\u00e4ndigkeit, die Wirksamkeit der Forderungsabtretungen und die ma\u00dfgeblichen Rechtsordnungen.<\/p>\n<p>Im Juni 2015 erzielte CDC, wie aus der \u00f6ffentlichen Berichterstattung von Sasol ersichtlich, eine au\u00dfergerichtliche Einigung und zog anschlie\u00dfend die Klage gegen Sasol zur\u00fcck. Im Jahr 2017 nahm CDC nach weiteren Vergleichen die Klage auch gegen die \u00fcbrigen Beklagten zur\u00fcckg.<\/p>","protected":false},"excerpt":{"rendered":"<p>In 2011, CDC filed in The Hague, the Netherlands, a legal action enforcing claims for damages resulting\u00a0from the Europe-wide paraffin wax cartel. Previously, CDC had acquired the claims from\u00a0eight purchasers of paraffin wax. Paraffin wax is mainly used for candle production but\u00a0has also a wide range of applications in packaging, cosmetics, construction and food industry. [&hellip;]<\/p>\n","protected":false},"author":2,"featured_media":0,"parent":0,"menu_order":0,"comment_status":"closed","ping_status":"closed","template":"elementor_header_footer","meta":{"footnotes":""},"coauthors":[],"class_list":["post-7924","page","type-page","status-publish","hentry"],"yoast_head":"<!-- This site is optimized with the Yoast SEO plugin v27.4 - https:\/\/yoast.com\/product\/yoast-seo-wordpress\/ -->\n<title>Paraffin Wax #2 - CDC<\/title>\n<meta name=\"robots\" content=\"index, follow, max-snippet:-1, max-image-preview:large, max-video-preview:-1\" \/>\n<link rel=\"canonical\" href=\"https:\/\/carteldamageclaims.com\/de\/paraffin-wax\/\" \/>\n<meta property=\"og:locale\" content=\"de_DE\" \/>\n<meta property=\"og:type\" content=\"article\" \/>\n<meta property=\"og:title\" content=\"Paraffin Wax #2 - CDC\" \/>\n<meta property=\"og:description\" content=\"In 2011, CDC filed in The Hague, the Netherlands, a legal action enforcing claims for damages resulting\u00a0from the Europe-wide paraffin wax cartel. Previously, CDC had acquired the claims from\u00a0eight purchasers of paraffin wax. Paraffin wax is mainly used for candle production but\u00a0has also a wide range of applications in packaging, cosmetics, construction and food industry. [&hellip;]\" \/>\n<meta property=\"og:url\" content=\"https:\/\/carteldamageclaims.com\/de\/paraffin-wax\/\" \/>\n<meta property=\"og:site_name\" content=\"CDC\" \/>\n<meta name=\"twitter:card\" content=\"summary_large_image\" \/>\n<meta name=\"twitter:label1\" content=\"Est. reading time\" \/>\n\t<meta name=\"twitter:data1\" content=\"2 minutes\" \/>\n\t<meta name=\"twitter:label2\" content=\"Written by\" \/>\n\t<meta name=\"twitter:data2\" content=\"Christian Classen\" \/>\n<script type=\"application\/ld+json\" class=\"yoast-schema-graph\">{\"@context\":\"https:\\\/\\\/schema.org\",\"@graph\":[{\"@type\":\"WebPage\",\"@id\":\"https:\\\/\\\/carteldamageclaims.com\\\/fr\\\/paraffin-wax\\\/\",\"url\":\"https:\\\/\\\/carteldamageclaims.com\\\/fr\\\/paraffin-wax\\\/\",\"name\":\"Paraffin Wax #2 - CDC\",\"isPartOf\":{\"@id\":\"https:\\\/\\\/carteldamageclaims.com\\\/#website\"},\"datePublished\":\"2020-09-09T10:14:08+00:00\",\"breadcrumb\":{\"@id\":\"https:\\\/\\\/carteldamageclaims.com\\\/fr\\\/paraffin-wax\\\/#breadcrumb\"},\"inLanguage\":\"de-DE-formal\",\"potentialAction\":[{\"@type\":\"ReadAction\",\"target\":[\"https:\\\/\\\/carteldamageclaims.com\\\/fr\\\/paraffin-wax\\\/\"]}]},{\"@type\":\"BreadcrumbList\",\"@id\":\"https:\\\/\\\/carteldamageclaims.com\\\/fr\\\/paraffin-wax\\\/#breadcrumb\",\"itemListElement\":[{\"@type\":\"ListItem\",\"position\":1,\"name\":\"Home\",\"item\":\"https:\\\/\\\/carteldamageclaims.com\\\/\"},{\"@type\":\"ListItem\",\"position\":2,\"name\":\"Paraffin Wax #2\"}]},{\"@type\":\"WebSite\",\"@id\":\"https:\\\/\\\/carteldamageclaims.com\\\/#website\",\"url\":\"https:\\\/\\\/carteldamageclaims.com\\\/\",\"name\":\"CDC Cartel Damage Claims\",\"description\":\"Cartel Damage Claims\",\"publisher\":{\"@id\":\"https:\\\/\\\/carteldamageclaims.com\\\/#organization\"},\"potentialAction\":[{\"@type\":\"SearchAction\",\"target\":{\"@type\":\"EntryPoint\",\"urlTemplate\":\"https:\\\/\\\/carteldamageclaims.com\\\/?s={search_term_string}\"},\"query-input\":{\"@type\":\"PropertyValueSpecification\",\"valueRequired\":true,\"valueName\":\"search_term_string\"}}],\"inLanguage\":\"de-DE-formal\"},{\"@type\":\"Organization\",\"@id\":\"https:\\\/\\\/carteldamageclaims.com\\\/#organization\",\"name\":\"CDC Cartel Damage Claims\",\"url\":\"https:\\\/\\\/carteldamageclaims.com\\\/\",\"logo\":{\"@type\":\"ImageObject\",\"inLanguage\":\"de-DE-formal\",\"@id\":\"https:\\\/\\\/carteldamageclaims.com\\\/#\\\/schema\\\/logo\\\/image\\\/\",\"url\":\"https:\\\/\\\/carteldamageclaims.com\\\/wp-content\\\/uploads\\\/2020\\\/09\\\/CDC-Logo.jpg\",\"contentUrl\":\"https:\\\/\\\/carteldamageclaims.com\\\/wp-content\\\/uploads\\\/2020\\\/09\\\/CDC-Logo.jpg\",\"width\":225,\"height\":54,\"caption\":\"CDC Cartel Damage Claims\"},\"image\":{\"@id\":\"https:\\\/\\\/carteldamageclaims.com\\\/#\\\/schema\\\/logo\\\/image\\\/\"}}]}<\/script>\n<!-- \/ Yoast SEO plugin. -->","yoast_head_json":{"title":"Paraffin Wax #2 - CDC","robots":{"index":"index","follow":"follow","max-snippet":"max-snippet:-1","max-image-preview":"max-image-preview:large","max-video-preview":"max-video-preview:-1"},"canonical":"https:\/\/carteldamageclaims.com\/de\/paraffin-wax\/","og_locale":"de_DE","og_type":"article","og_title":"Paraffin Wax #2 - CDC","og_description":"In 2011, CDC filed in The Hague, the Netherlands, a legal action enforcing claims for damages resulting\u00a0from the Europe-wide paraffin wax cartel. Previously, CDC had acquired the claims from\u00a0eight purchasers of paraffin wax. Paraffin wax is mainly used for candle production but\u00a0has also a wide range of applications in packaging, cosmetics, construction and food industry. [&hellip;]","og_url":"https:\/\/carteldamageclaims.com\/de\/paraffin-wax\/","og_site_name":"CDC","twitter_card":"summary_large_image","twitter_misc":{"Est. reading time":"2 minutes","Written by":"Christian Classen"},"schema":{"@context":"https:\/\/schema.org","@graph":[{"@type":"WebPage","@id":"https:\/\/carteldamageclaims.com\/fr\/paraffin-wax\/","url":"https:\/\/carteldamageclaims.com\/fr\/paraffin-wax\/","name":"Paraffin Wax #2 - CDC","isPartOf":{"@id":"https:\/\/carteldamageclaims.com\/#website"},"datePublished":"2020-09-09T10:14:08+00:00","breadcrumb":{"@id":"https:\/\/carteldamageclaims.com\/fr\/paraffin-wax\/#breadcrumb"},"inLanguage":"de-DE-formal","potentialAction":[{"@type":"ReadAction","target":["https:\/\/carteldamageclaims.com\/fr\/paraffin-wax\/"]}]},{"@type":"BreadcrumbList","@id":"https:\/\/carteldamageclaims.com\/fr\/paraffin-wax\/#breadcrumb","itemListElement":[{"@type":"ListItem","position":1,"name":"Home","item":"https:\/\/carteldamageclaims.com\/"},{"@type":"ListItem","position":2,"name":"Paraffin Wax #2"}]},{"@type":"WebSite","@id":"https:\/\/carteldamageclaims.com\/#website","url":"https:\/\/carteldamageclaims.com\/","name":"CDC Cartel Damage Claims","description":"Cartel Damage Claims","publisher":{"@id":"https:\/\/carteldamageclaims.com\/#organization"},"potentialAction":[{"@type":"SearchAction","target":{"@type":"EntryPoint","urlTemplate":"https:\/\/carteldamageclaims.com\/?s={search_term_string}"},"query-input":{"@type":"PropertyValueSpecification","valueRequired":true,"valueName":"search_term_string"}}],"inLanguage":"de-DE-formal"},{"@type":"Organization","@id":"https:\/\/carteldamageclaims.com\/#organization","name":"CDC Cartel Damage Claims","url":"https:\/\/carteldamageclaims.com\/","logo":{"@type":"ImageObject","inLanguage":"de-DE-formal","@id":"https:\/\/carteldamageclaims.com\/#\/schema\/logo\/image\/","url":"https:\/\/carteldamageclaims.com\/wp-content\/uploads\/2020\/09\/CDC-Logo.jpg","contentUrl":"https:\/\/carteldamageclaims.com\/wp-content\/uploads\/2020\/09\/CDC-Logo.jpg","width":225,"height":54,"caption":"CDC Cartel Damage Claims"},"image":{"@id":"https:\/\/carteldamageclaims.com\/#\/schema\/logo\/image\/"}}]}},"_links":{"self":[{"href":"https:\/\/carteldamageclaims.com\/de\/wp-json\/wp\/v2\/pages\/7924","targetHints":{"allow":["GET"]}}],"collection":[{"href":"https:\/\/carteldamageclaims.com\/de\/wp-json\/wp\/v2\/pages"}],"about":[{"href":"https:\/\/carteldamageclaims.com\/de\/wp-json\/wp\/v2\/types\/page"}],"author":[{"embeddable":true,"href":"https:\/\/carteldamageclaims.com\/de\/wp-json\/wp\/v2\/users\/2"}],"replies":[{"embeddable":true,"href":"https:\/\/carteldamageclaims.com\/de\/wp-json\/wp\/v2\/comments?post=7924"}],"version-history":[{"count":0,"href":"https:\/\/carteldamageclaims.com\/de\/wp-json\/wp\/v2\/pages\/7924\/revisions"}],"wp:attachment":[{"href":"https:\/\/carteldamageclaims.com\/de\/wp-json\/wp\/v2\/media?parent=7924"}],"wp:term":[{"taxonomy":"author","embeddable":true,"href":"https:\/\/carteldamageclaims.com\/de\/wp-json\/wp\/v2\/coauthors?post=7924"}],"curies":[{"name":"wp","href":"https:\/\/api.w.org\/{rel}","templated":true}]}}