{"id":7925,"date":"2020-09-07T15:05:16","date_gmt":"2020-09-07T13:05:16","guid":{"rendered":"https:\/\/carteldamageclaims.com\/our-cases-2\/sugar\/"},"modified":"2020-09-07T15:05:16","modified_gmt":"2020-09-07T13:05:16","slug":"sugar","status":"publish","type":"page","link":"https:\/\/carteldamageclaims.com\/de\/sugar\/","title":{"rendered":"Sugar #2"},"content":{"rendered":"<p>Am 16. Februar 2017 hat CDC vor dem Landgericht Hannover eine Schadensersatzklage gegen die Mitglieder des deutschen Zuckerkartells eingereicht.<\/p>\n<h2>Hintergrund - Das deutsche Zuckerkartell<br \/>\n<\/h2>\n<p>Am 18. Februar 2014 verh\u00e4ngte das Bundeskartellamt (BKartA) Geldbu\u00dfen in H\u00f6he von ca. 280 Mio. EUR gegen\u00a0<a href=\"https:\/\/www.nordzucker.com\/en\/company.html\" target=\"_blank\" rel=\"noopener\">die Nordzucker AG<\/a>,\u00a0<a href=\"http:\/\/www.pfeifer-langen.com\/en\/index.html\" target=\"_blank\" rel=\"noopener\">die Pfeifer &amp; Langen GmbH &amp; Co. KG<\/a>\u00a0und\u00a0<a href=\"http:\/\/www.suedzucker.de\/en\/Homepage\/\" target=\"_blank\" rel=\"noopener\">die S\u00fcdzucker AG<\/a>\u00a0wegen ihrer Beteiligung an wettbewerbswidrigen Absprachen \u00fcber Verkaufsgebiete, Quoten und Preise auf dem deutschen Zuckermarkt.<\/p>\n<p>Die Verst\u00f6\u00dfe betrafen den Verkauf von Zucker f\u00fcr die verarbeitende Industrie (Verarbeitungszucker) und Zucker f\u00fcr Endverbraucher (Haushaltszucker). Sie erfolgten \u00fcber mehrere Jahre bis zu den unangek\u00fcndigten Kontrollen des BKartA im Fr\u00fchjahr 2009 und reichen teilweise bis in die Mitte der 1990er Jahre zur\u00fcck.<\/p>\n<p>Nach den Feststellungen des\u00a0<a href=\"https:\/\/www.bundeskartellamt.de\/SharedDocs\/Meldung\/EN\/Pressemitteilungen\/2014\/18_02_2014_Zucker.html\" target=\"_blank\" rel=\"noopener\">BKartA<\/a>schlossen sich die Zuckerhersteller zu einem \"Gebietskartell\" zusammen und vereinbarten \u00fcber viele Jahre hinweg, ihren Zuckerabsatz in Deutschland generell auf die jeweiligen \"Stammgebiete\" zu beschr\u00e4nken. Ziel der Absprachen war es, m\u00f6glichst hohe Preise f\u00fcr Zucker zu erzielen. Dar\u00fcber hinaus koordinierten die Kartellmitglieder durch ein \"homogenes Kunden- und Mengenmanagement\" ihre Aktivit\u00e4ten im Hinblick auf die EU-Zuckermarktordnung, die EU-Osterweiterung und die Ver\u00e4nderung der Import-\/Exportstr\u00f6me. Zentrale Aspekte der Vereinbarungen waren das \"Heimatmarktprinzip\" und die Verpflichtung, sich nicht bei anderen Kartellmitgliedern einzumischen. Die Zuckerproduzenten einigten sich darauf, die \u00dcberproduktion zu exportieren, anstatt die \u00dcbersch\u00fcsse f\u00fcr den Ausbau ihrer jeweiligen Marktanteile in Deutschland zu nutzen.<\/p>\n<p>Das Zuckerkartell sei nicht durch die EU-Zuckermarktordnung verursacht worden, so das Bundeskartellamt. Trotz Quotenregelung und Mindestpreisgarantien w\u00e4re ein Wettbewerb um Absatzgebiete, Kunden und Kundenpreise m\u00f6glich gewesen. Stattdessen nutzten die Kartellmitglieder aber \"die daraus resultierende hohe Markttransparenz zu Koordinationszwecken, die den Restwettbewerb weiter einschr\u00e4nkten\". Die Zuckerhersteller haben gegen die Entscheidung des Bundeskartellamts keine Rechtsmittel eingelegt, so dass dessen Feststellungen f\u00fcr die Zivilgerichte in Schadensersatzverfahren bindend wurden.<\/p>\n<h2>CDCs Schadensersatzklage<\/h2>\n<p>CDC hat Schadensersatzanspr\u00fcche von 63 deutschen Einzelh\u00e4ndlern und Lebensmittel-\/Getr\u00e4nkeherstellern erworben, die w\u00e4hrend des Kartellzeitraums als direkte oder indirekte Abnehmer von Zucker und Ersatzprodukten von den wettbewerbswidrigen Vereinbarungen und Praktiken betroffen waren. Am 16. Februar 2017 hat CDC vor dem Landgericht Hannover gegen die Nordzucker AG, die Pfeifer &amp; Langen GmbH &amp; Co. KG und die S\u00fcdzucker AG Klage auf gesamtschuldnerische Haftung f\u00fcr den verursachten Schaden erhoben.<\/p>\n<p>CDC hat zusammen mit renommierten externen Experten eine \u00f6konomische Analyse des durch das Kartell verursachten Schadens vorgenommen. In Anbetracht der Tatsache, dass das Kartell Auswirkungen auf mehreren Marktebenen hatte, umfasst die \u00f6konomische Schadensanalyse eine kombinierte horizontale und vertikale Betrachtung.<\/p>\n<p>Das Gutachten kommt zu dem Ergebnis, dass sowohl die direkten als auch die indirekten Abnehmer der Zuckerhersteller f\u00fcr ihre Eink\u00e4ufe von Verarbeitungszucker, Haushaltszucker und Substitutionsprodukten w\u00e4hrend des Kartellzeitraums -  und aufgrund von Nachlaufeffekten auch dar\u00fcber hinaus - erheblich \u00fcberh\u00f6hte Preise gezahlt haben. Die Besonderheiten des Zuckermarktes, wie z. B. die EU-Zuckermarktordnung, wurden dabei schon ber\u00fccksichtigt.<\/p>\n<p>Der von CDC geforderte Gesamtschaden einschlie\u00dflich Zinsen \u00fcbersteigt 300 Mio. EUR.<\/p>","protected":false},"excerpt":{"rendered":"<p>On 16 February 2017, CDC filed an action for damages before the Regional Court of Hannover, Germany in relation to the German sugar cartel. Background \u2013 The German Sugar Cartel On 18 February 2014, the German Federal Cartel Office (FCO) imposed fines of approximately EUR 280 million on\u00a0Nordzucker AG,\u00a0Pfeifer &amp; Langen GmbH &amp; Co. KG\u00a0and\u00a0S\u00fcdzucker [&hellip;]<\/p>\n","protected":false},"author":2,"featured_media":0,"parent":0,"menu_order":0,"comment_status":"closed","ping_status":"closed","template":"elementor_header_footer","meta":{"footnotes":""},"coauthors":[],"class_list":["post-7925","page","type-page","status-publish","hentry"],"yoast_head":"<!-- This site is optimized with the Yoast SEO plugin v27.3 - https:\/\/yoast.com\/product\/yoast-seo-wordpress\/ -->\n<title>Sugar #2 - CDC<\/title>\n<meta name=\"robots\" content=\"index, follow, max-snippet:-1, max-image-preview:large, max-video-preview:-1\" \/>\n<link rel=\"canonical\" href=\"https:\/\/carteldamageclaims.com\/de\/sugar\/\" \/>\n<meta property=\"og:locale\" content=\"de_DE\" \/>\n<meta property=\"og:type\" content=\"article\" \/>\n<meta property=\"og:title\" content=\"Sugar #2 - CDC\" \/>\n<meta property=\"og:description\" content=\"On 16 February 2017, CDC filed an action for damages before the Regional Court of Hannover, Germany in relation to the German sugar cartel. Background \u2013 The German Sugar Cartel On 18 February 2014, the German Federal Cartel Office (FCO) imposed fines of approximately EUR 280 million on\u00a0Nordzucker AG,\u00a0Pfeifer &amp; Langen GmbH &amp; Co. KG\u00a0and\u00a0S\u00fcdzucker [&hellip;]\" \/>\n<meta property=\"og:url\" content=\"https:\/\/carteldamageclaims.com\/de\/sugar\/\" \/>\n<meta property=\"og:site_name\" content=\"CDC\" \/>\n<meta name=\"twitter:card\" content=\"summary_large_image\" \/>\n<meta name=\"twitter:label1\" content=\"Est. reading time\" \/>\n\t<meta name=\"twitter:data1\" content=\"2 minutes\" \/>\n\t<meta name=\"twitter:label2\" content=\"Written by\" \/>\n\t<meta name=\"twitter:data2\" content=\"Christian Classen\" \/>\n<script type=\"application\/ld+json\" class=\"yoast-schema-graph\">{\"@context\":\"https:\\\/\\\/schema.org\",\"@graph\":[{\"@type\":\"WebPage\",\"@id\":\"https:\\\/\\\/carteldamageclaims.com\\\/sugar\\\/\",\"url\":\"https:\\\/\\\/carteldamageclaims.com\\\/sugar\\\/\",\"name\":\"Sugar #2 - CDC\",\"isPartOf\":{\"@id\":\"https:\\\/\\\/carteldamageclaims.com\\\/#website\"},\"datePublished\":\"2020-09-07T13:05:16+00:00\",\"breadcrumb\":{\"@id\":\"https:\\\/\\\/carteldamageclaims.com\\\/sugar\\\/#breadcrumb\"},\"inLanguage\":\"de-DE-formal\",\"potentialAction\":[{\"@type\":\"ReadAction\",\"target\":[\"https:\\\/\\\/carteldamageclaims.com\\\/sugar\\\/\"]}]},{\"@type\":\"BreadcrumbList\",\"@id\":\"https:\\\/\\\/carteldamageclaims.com\\\/sugar\\\/#breadcrumb\",\"itemListElement\":[{\"@type\":\"ListItem\",\"position\":1,\"name\":\"Home\",\"item\":\"https:\\\/\\\/carteldamageclaims.com\\\/\"},{\"@type\":\"ListItem\",\"position\":2,\"name\":\"Sugar #2\"}]},{\"@type\":\"WebSite\",\"@id\":\"https:\\\/\\\/carteldamageclaims.com\\\/#website\",\"url\":\"https:\\\/\\\/carteldamageclaims.com\\\/\",\"name\":\"CDC Cartel Damage Claims\",\"description\":\"Cartel Damage Claims\",\"publisher\":{\"@id\":\"https:\\\/\\\/carteldamageclaims.com\\\/#organization\"},\"potentialAction\":[{\"@type\":\"SearchAction\",\"target\":{\"@type\":\"EntryPoint\",\"urlTemplate\":\"https:\\\/\\\/carteldamageclaims.com\\\/?s={search_term_string}\"},\"query-input\":{\"@type\":\"PropertyValueSpecification\",\"valueRequired\":true,\"valueName\":\"search_term_string\"}}],\"inLanguage\":\"de-DE-formal\"},{\"@type\":\"Organization\",\"@id\":\"https:\\\/\\\/carteldamageclaims.com\\\/#organization\",\"name\":\"CDC Cartel Damage Claims\",\"url\":\"https:\\\/\\\/carteldamageclaims.com\\\/\",\"logo\":{\"@type\":\"ImageObject\",\"inLanguage\":\"de-DE-formal\",\"@id\":\"https:\\\/\\\/carteldamageclaims.com\\\/#\\\/schema\\\/logo\\\/image\\\/\",\"url\":\"https:\\\/\\\/carteldamageclaims.com\\\/wp-content\\\/uploads\\\/2020\\\/09\\\/CDC-Logo.jpg\",\"contentUrl\":\"https:\\\/\\\/carteldamageclaims.com\\\/wp-content\\\/uploads\\\/2020\\\/09\\\/CDC-Logo.jpg\",\"width\":225,\"height\":54,\"caption\":\"CDC Cartel Damage Claims\"},\"image\":{\"@id\":\"https:\\\/\\\/carteldamageclaims.com\\\/#\\\/schema\\\/logo\\\/image\\\/\"}}]}<\/script>\n<!-- \/ Yoast SEO plugin. -->","yoast_head_json":{"title":"Sugar #2 - CDC","robots":{"index":"index","follow":"follow","max-snippet":"max-snippet:-1","max-image-preview":"max-image-preview:large","max-video-preview":"max-video-preview:-1"},"canonical":"https:\/\/carteldamageclaims.com\/de\/sugar\/","og_locale":"de_DE","og_type":"article","og_title":"Sugar #2 - CDC","og_description":"On 16 February 2017, CDC filed an action for damages before the Regional Court of Hannover, Germany in relation to the German sugar cartel. Background \u2013 The German Sugar Cartel On 18 February 2014, the German Federal Cartel Office (FCO) imposed fines of approximately EUR 280 million on\u00a0Nordzucker AG,\u00a0Pfeifer &amp; Langen GmbH &amp; Co. KG\u00a0and\u00a0S\u00fcdzucker [&hellip;]","og_url":"https:\/\/carteldamageclaims.com\/de\/sugar\/","og_site_name":"CDC","twitter_card":"summary_large_image","twitter_misc":{"Est. reading time":"2 minutes","Written by":"Christian Classen"},"schema":{"@context":"https:\/\/schema.org","@graph":[{"@type":"WebPage","@id":"https:\/\/carteldamageclaims.com\/sugar\/","url":"https:\/\/carteldamageclaims.com\/sugar\/","name":"Sugar #2 - CDC","isPartOf":{"@id":"https:\/\/carteldamageclaims.com\/#website"},"datePublished":"2020-09-07T13:05:16+00:00","breadcrumb":{"@id":"https:\/\/carteldamageclaims.com\/sugar\/#breadcrumb"},"inLanguage":"de-DE-formal","potentialAction":[{"@type":"ReadAction","target":["https:\/\/carteldamageclaims.com\/sugar\/"]}]},{"@type":"BreadcrumbList","@id":"https:\/\/carteldamageclaims.com\/sugar\/#breadcrumb","itemListElement":[{"@type":"ListItem","position":1,"name":"Home","item":"https:\/\/carteldamageclaims.com\/"},{"@type":"ListItem","position":2,"name":"Sugar #2"}]},{"@type":"WebSite","@id":"https:\/\/carteldamageclaims.com\/#website","url":"https:\/\/carteldamageclaims.com\/","name":"CDC Cartel Damage Claims","description":"Cartel Damage Claims","publisher":{"@id":"https:\/\/carteldamageclaims.com\/#organization"},"potentialAction":[{"@type":"SearchAction","target":{"@type":"EntryPoint","urlTemplate":"https:\/\/carteldamageclaims.com\/?s={search_term_string}"},"query-input":{"@type":"PropertyValueSpecification","valueRequired":true,"valueName":"search_term_string"}}],"inLanguage":"de-DE-formal"},{"@type":"Organization","@id":"https:\/\/carteldamageclaims.com\/#organization","name":"CDC Cartel Damage Claims","url":"https:\/\/carteldamageclaims.com\/","logo":{"@type":"ImageObject","inLanguage":"de-DE-formal","@id":"https:\/\/carteldamageclaims.com\/#\/schema\/logo\/image\/","url":"https:\/\/carteldamageclaims.com\/wp-content\/uploads\/2020\/09\/CDC-Logo.jpg","contentUrl":"https:\/\/carteldamageclaims.com\/wp-content\/uploads\/2020\/09\/CDC-Logo.jpg","width":225,"height":54,"caption":"CDC Cartel Damage Claims"},"image":{"@id":"https:\/\/carteldamageclaims.com\/#\/schema\/logo\/image\/"}}]}},"_links":{"self":[{"href":"https:\/\/carteldamageclaims.com\/de\/wp-json\/wp\/v2\/pages\/7925","targetHints":{"allow":["GET"]}}],"collection":[{"href":"https:\/\/carteldamageclaims.com\/de\/wp-json\/wp\/v2\/pages"}],"about":[{"href":"https:\/\/carteldamageclaims.com\/de\/wp-json\/wp\/v2\/types\/page"}],"author":[{"embeddable":true,"href":"https:\/\/carteldamageclaims.com\/de\/wp-json\/wp\/v2\/users\/2"}],"replies":[{"embeddable":true,"href":"https:\/\/carteldamageclaims.com\/de\/wp-json\/wp\/v2\/comments?post=7925"}],"version-history":[{"count":0,"href":"https:\/\/carteldamageclaims.com\/de\/wp-json\/wp\/v2\/pages\/7925\/revisions"}],"wp:attachment":[{"href":"https:\/\/carteldamageclaims.com\/de\/wp-json\/wp\/v2\/media?parent=7925"}],"wp:term":[{"taxonomy":"author","embeddable":true,"href":"https:\/\/carteldamageclaims.com\/de\/wp-json\/wp\/v2\/coauthors?post=7925"}],"curies":[{"name":"wp","href":"https:\/\/api.w.org\/{rel}","templated":true}]}}