{"id":10520,"date":"2024-10-07T11:18:13","date_gmt":"2024-10-07T09:18:13","guid":{"rendered":"https:\/\/carteldamageclaims.com\/?page_id=10520"},"modified":"2024-10-07T11:30:59","modified_gmt":"2024-10-07T09:30:59","slug":"cardboard","status":"publish","type":"page","link":"https:\/\/carteldamageclaims.com\/es\/cases\/cardboard\/","title":{"rendered":"Cajas de cart\u00f3n ondulado (Espa\u00f1a)"},"content":{"rendered":"<div data-elementor-type=\"wp-page\" data-elementor-id=\"10520\" class=\"elementor elementor-10520\" data-elementor-post-type=\"page\">\n\t\t\t\t\t\t<section class=\"elementor-section elementor-top-section elementor-element elementor-element-1e81c321 elementor-section-boxed elementor-section-height-default elementor-section-height-default\" data-id=\"1e81c321\" data-element_type=\"section\" data-e-type=\"section\" data-settings=\"{&quot;background_background&quot;:&quot;classic&quot;}\">\n\t\t\t\t\t\t<div class=\"elementor-container elementor-column-gap-default\">\n\t\t\t\t\t<div class=\"elementor-column elementor-col-100 elementor-top-column elementor-element elementor-element-7d104459\" data-id=\"7d104459\" data-element_type=\"column\" data-e-type=\"column\">\n\t\t\t<div class=\"elementor-widget-wrap elementor-element-populated\">\n\t\t\t\t\t\t\t<\/div>\n\t\t<\/div>\n\t\t\t\t\t<\/div>\n\t\t<\/section>\n\t\t\t\t<section class=\"elementor-section elementor-top-section elementor-element elementor-element-786f0ad7 elementor-section-boxed elementor-section-height-default elementor-section-height-default\" data-id=\"786f0ad7\" data-element_type=\"section\" data-e-type=\"section\" data-settings=\"{&quot;background_background&quot;:&quot;classic&quot;}\">\n\t\t\t\t\t\t\t<div class=\"elementor-background-overlay\"><\/div>\n\t\t\t\t\t\t\t<div class=\"elementor-container elementor-column-gap-default\">\n\t\t\t\t\t<div class=\"elementor-column elementor-col-50 elementor-top-column elementor-element elementor-element-6c12b44d\" data-id=\"6c12b44d\" data-element_type=\"column\" data-e-type=\"column\">\n\t\t\t<div class=\"elementor-widget-wrap elementor-element-populated\">\n\t\t\t\t\t\t<div class=\"elementor-element elementor-element-3154fcb1 elementor-widget elementor-widget-spacer\" data-id=\"3154fcb1\" data-element_type=\"widget\" data-e-type=\"widget\" data-widget_type=\"spacer.default\">\n\t\t\t\t<div class=\"elementor-widget-container\">\n\t\t\t\t\t\t\t<div class=\"elementor-spacer\">\n\t\t\t<div class=\"elementor-spacer-inner\"><\/div>\n\t\t<\/div>\n\t\t\t\t\t\t<\/div>\n\t\t\t\t<\/div>\n\t\t\t\t\t<\/div>\n\t\t<\/div>\n\t\t\t\t<div class=\"elementor-column elementor-col-50 elementor-top-column elementor-element elementor-element-3ce6525a\" data-id=\"3ce6525a\" data-element_type=\"column\" data-e-type=\"column\">\n\t\t\t<div class=\"elementor-widget-wrap elementor-element-populated\">\n\t\t\t\t\t\t<div class=\"elementor-element elementor-element-37c419d3 elementor-widget elementor-widget-spacer\" data-id=\"37c419d3\" data-element_type=\"widget\" data-e-type=\"widget\" data-widget_type=\"spacer.default\">\n\t\t\t\t<div class=\"elementor-widget-container\">\n\t\t\t\t\t\t\t<div class=\"elementor-spacer\">\n\t\t\t<div class=\"elementor-spacer-inner\"><\/div>\n\t\t<\/div>\n\t\t\t\t\t\t<\/div>\n\t\t\t\t<\/div>\n\t\t\t\t\t<\/div>\n\t\t<\/div>\n\t\t\t\t\t<\/div>\n\t\t<\/section>\n\t\t\t\t<section class=\"elementor-section elementor-top-section elementor-element elementor-element-26b75cb8 elementor-section-boxed elementor-section-height-default elementor-section-height-default\" data-id=\"26b75cb8\" data-element_type=\"section\" data-e-type=\"section\">\n\t\t\t\t\t\t<div class=\"elementor-container elementor-column-gap-default\">\n\t\t\t\t\t<div class=\"elementor-column elementor-col-100 elementor-top-column elementor-element elementor-element-5e6abe0c\" data-id=\"5e6abe0c\" data-element_type=\"column\" data-e-type=\"column\">\n\t\t\t<div class=\"elementor-widget-wrap elementor-element-populated\">\n\t\t\t\t\t\t<div class=\"elementor-element elementor-element-75d99321 elementor-widget elementor-widget-spacer\" data-id=\"75d99321\" data-element_type=\"widget\" data-e-type=\"widget\" data-widget_type=\"spacer.default\">\n\t\t\t\t<div class=\"elementor-widget-container\">\n\t\t\t\t\t\t\t<div class=\"elementor-spacer\">\n\t\t\t<div class=\"elementor-spacer-inner\"><\/div>\n\t\t<\/div>\n\t\t\t\t\t\t<\/div>\n\t\t\t\t<\/div>\n\t\t\t\t<div class=\"elementor-element elementor-element-76878678 elementor-widget elementor-widget-text-editor\" data-id=\"76878678\" data-element_type=\"widget\" data-e-type=\"widget\" data-widget_type=\"text-editor.default\">\n\t\t\t\t<div class=\"elementor-widget-container\">\n\t\t\t\t\t\t\t\t\t<p>El 18 de junio de 2015, la Comisi\u00f3n Nacional de los Mercados y la Competencia (CNMC) dict\u00f3 una resoluci\u00f3n imponiendo sanciones administrativas por un total de 57.686.187 euros a 18 empresas -fabricantes de papel, cart\u00f3n ondulado y embalajes de cart\u00f3n- y a una asociaci\u00f3n empresarial por incurrir en una infracci\u00f3n \u00fanica y continuada de la normativa de competencia dentro de los mercados de fabricaci\u00f3n y transformaci\u00f3n de pasta de papel y cart\u00f3n ondulado en Espa\u00f1a. Aunque la Audiencia Nacional anul\u00f3 esta decisi\u00f3n en 2018\/2019 por motivos formales, el tribunal ratific\u00f3 la existencia del c\u00e1rtel.<\/p>\n<p>Seg\u00fan la resoluci\u00f3n de la CNMC, las pr\u00e1cticas anticompetitivas en los mercados espa\u00f1oles de fabricaci\u00f3n de papel y cart\u00f3n constituyeron una infracci\u00f3n \u00fanica y continuada en distintos niveles del mercado:<\/p>\n<ul>\n<li class=\"translation-block\"><b>Conducta 1:<\/b> Entre 2008 y 2012, los operadores del mercado de fabricaci\u00f3n de pasta de papel intercambiaron informaci\u00f3n sobre los precios del papel y formularon recomendaciones colectivas de precios. Estos intercambios ten\u00edan como objetivo manipular el \u00edndice de precios de referencia PPI, influyendo en las estrategias de fijaci\u00f3n de precios y controlando indirectamente el mercado de producci\u00f3n de cart\u00f3n ondulado. La asociaci\u00f3n empresarial AFCO actu\u00f3 como intermediaria clave en este proceso.<\/li>\n<li class=\"translation-block\"><b>Conducta 2: <\/b> Entre 2002 y 2013, los participantes en el mercado de fabricaci\u00f3n y transformaci\u00f3n de cart\u00f3n ondulado realizaron acuerdos para fijar precios, repartirse mercados y compartir informaci\u00f3n. Estas interacciones ocurrieron durante reuniones denominadas \"mesas\", celebradas entre fabricantes de diversas regiones de Espa\u00f1a.<\/li>\n<\/ul>\n<p>La CNMC calific\u00f3 esta infracci\u00f3n como un c\u00e1rtel duro.<\/p>\t\t\t\t\t\t\t\t<\/div>\n\t\t\t\t<\/div>\n\t\t\t\t<div class=\"elementor-element elementor-element-6421f4b3 elementor-widget elementor-widget-heading\" data-id=\"6421f4b3\" data-element_type=\"widget\" data-e-type=\"widget\" data-widget_type=\"heading.default\">\n\t\t\t\t<div class=\"elementor-widget-container\">\n\t\t\t\t\t<h2 class=\"elementor-heading-title elementor-size-default\">Compensaci\u00f3n para los compradores de cart\u00f3n ondulado<\/h2>\t\t\t\t<\/div>\n\t\t\t\t<\/div>\n\t\t\t\t<div class=\"elementor-element elementor-element-1e4b5c6f elementor-widget elementor-widget-text-editor\" data-id=\"1e4b5c6f\" data-element_type=\"widget\" data-e-type=\"widget\" data-widget_type=\"text-editor.default\">\n\t\t\t\t<div class=\"elementor-widget-container\">\n\t\t\t\t\t\t\t\t\t<p>Los compradores de cart\u00f3n ondulado (cajas) afectados por el c\u00e1rtel tienen derecho, conforme a la legislaci\u00f3n espa\u00f1ola y europea, a reclamar a los miembros del c\u00e1rtel una indemnizaci\u00f3n \u00edntegra por los da\u00f1os y perjuicios derivados de las pr\u00e1cticas anticompetitivas establecidas por la CNMC. Estas reclamaciones incluyen tambi\u00e9n los intereses devengados desde el momento en que se produjo el da\u00f1o.<\/p>\t\t\t\t\t\t\t\t<\/div>\n\t\t\t\t<\/div>\n\t\t\t\t<div class=\"elementor-element elementor-element-4f9853c elementor-widget elementor-widget-heading\" data-id=\"4f9853c\" data-element_type=\"widget\" data-e-type=\"widget\" data-widget_type=\"heading.default\">\n\t\t\t\t<div class=\"elementor-widget-container\">\n\t\t\t\t\t<h2 class=\"elementor-heading-title elementor-size-default\">Ejecuci\u00f3n de reclamaciones agrupadas a trav\u00e9s de CDC<\/h2>\t\t\t\t<\/div>\n\t\t\t\t<\/div>\n\t\t\t\t<div class=\"elementor-element elementor-element-5e41dc8a elementor-widget elementor-widget-text-editor\" data-id=\"5e41dc8a\" data-element_type=\"widget\" data-e-type=\"widget\" data-widget_type=\"text-editor.default\">\n\t\t\t\t<div class=\"elementor-widget-container\">\n\t\t\t\t\t\t\t\t\tEn colaboraci\u00f3n con sus socios, CDC est\u00e1 preparando la ejecuci\u00f3n de reclamaciones por da\u00f1os y perjuicios en nombre de m\u00e1s de 150 empresas que compraron cajas de cart\u00f3n ondulado durante el periodo afectado. Estas empresas se benefician no solo de los casi 20 a\u00f1os de experiencia y conocimientos de CDC en la ejecuci\u00f3n de reclamaciones antimonopolio en toda Europa, sino tambi\u00e9n de la plena asunci\u00f3n de todos los costes y riesgos por parte de CDC. El \"modelo de agrupaci\u00f3n\" de CDC permite la recopilaci\u00f3n exhaustiva de datos, facilitando la preparaci\u00f3n de  an\u00e1lisis de da\u00f1os s\u00f3lidos, as\u00ed como de una presentaci\u00f3n de pruebas robusta ante los tribunales. Este modelo tambi\u00e9n aumenta el poder de negociaci\u00f3n frente a los miembros del c\u00e1rtel y garantiza una  alineaci\u00f3n total de intereses entre las empresas afectadas y CDC.\t\t\t\t\t\t\t\t<\/div>\n\t\t\t\t<\/div>\n\t\t\t\t\t<\/div>\n\t\t<\/div>\n\t\t\t\t\t<\/div>\n\t\t<\/section>\n\t\t\t\t<section class=\"elementor-section elementor-top-section elementor-element elementor-element-ec6d511 elementor-section-boxed elementor-section-height-default elementor-section-height-default\" data-id=\"ec6d511\" data-element_type=\"section\" data-e-type=\"section\">\n\t\t\t\t\t\t<div class=\"elementor-container elementor-column-gap-default\">\n\t\t\t\t\t<div class=\"elementor-column elementor-col-100 elementor-top-column elementor-element elementor-element-8ea0979\" data-id=\"8ea0979\" data-element_type=\"column\" data-e-type=\"column\">\n\t\t\t<div class=\"elementor-widget-wrap elementor-element-populated\">\n\t\t\t\t\t\t<div class=\"elementor-element elementor-element-7112336 elementor-widget elementor-widget-spacer\" data-id=\"7112336\" data-element_type=\"widget\" data-e-type=\"widget\" data-widget_type=\"spacer.default\">\n\t\t\t\t<div class=\"elementor-widget-container\">\n\t\t\t\t\t\t\t<div class=\"elementor-spacer\">\n\t\t\t<div class=\"elementor-spacer-inner\"><\/div>\n\t\t<\/div>\n\t\t\t\t\t\t<\/div>\n\t\t\t\t<\/div>\n\t\t\t\t\t<\/div>\n\t\t<\/div>\n\t\t\t\t\t<\/div>\n\t\t<\/section>\n\t\t\t\t<\/div>","protected":false},"excerpt":{"rendered":"<p>On June 18, 2015, the Spanish Competition Authority (CNMC) issued a decision imposing administrative fines totaling EUR 57,686,187 on 18 companies \u2013 manufacturers of paper, corrugated cardboard and cardboard packaging \u2013 and a trade association for engaging in a single, continuous infringement of competition law within the pulp and corrugated board manufacturing and transformation markets [&hellip;]<\/p>\n","protected":false},"author":30,"featured_media":0,"parent":40,"menu_order":0,"comment_status":"closed","ping_status":"closed","template":"elementor_header_footer","meta":{"footnotes":""},"coauthors":[96],"class_list":["post-10520","page","type-page","status-publish","hentry"],"yoast_head":"<!-- This site is optimized with the Yoast SEO plugin v27.4 - https:\/\/yoast.com\/product\/yoast-seo-wordpress\/ -->\n<title>Corrugated cardboard boxes (Spain) - CDC<\/title>\n<meta name=\"robots\" content=\"index, follow, max-snippet:-1, max-image-preview:large, max-video-preview:-1\" \/>\n<link rel=\"canonical\" href=\"https:\/\/carteldamageclaims.com\/es\/cases\/cardboard\/\" \/>\n<meta property=\"og:locale\" content=\"es_ES\" \/>\n<meta property=\"og:type\" content=\"article\" \/>\n<meta property=\"og:title\" content=\"Corrugated cardboard boxes (Spain) - CDC\" \/>\n<meta property=\"og:description\" content=\"On June 18, 2015, the Spanish Competition Authority (CNMC) issued a decision imposing administrative fines totaling EUR 57,686,187 on 18 companies \u2013 manufacturers of paper, corrugated cardboard and cardboard packaging \u2013 and a trade association for engaging in a single, continuous infringement of competition law within the pulp and corrugated board manufacturing and transformation markets [&hellip;]\" \/>\n<meta property=\"og:url\" content=\"https:\/\/carteldamageclaims.com\/es\/cases\/cardboard\/\" \/>\n<meta property=\"og:site_name\" content=\"CDC\" \/>\n<meta property=\"article:modified_time\" content=\"2024-10-07T09:30:59+00:00\" \/>\n<meta name=\"twitter:card\" content=\"summary_large_image\" \/>\n<meta name=\"twitter:label1\" content=\"Est. reading time\" \/>\n\t<meta name=\"twitter:data1\" content=\"2 minutes\" \/>\n\t<meta name=\"twitter:label2\" content=\"Written by\" \/>\n\t<meta name=\"twitter:data2\" content=\"Andr\u00e9 Fassbender\" \/>\n<script type=\"application\/ld+json\" class=\"yoast-schema-graph\">{\"@context\":\"https:\\\/\\\/schema.org\",\"@graph\":[{\"@type\":\"WebPage\",\"@id\":\"https:\\\/\\\/carteldamageclaims.com\\\/cases\\\/cardboard\\\/\",\"url\":\"https:\\\/\\\/carteldamageclaims.com\\\/cases\\\/cardboard\\\/\",\"name\":\"Corrugated cardboard boxes (Spain) - CDC\",\"isPartOf\":{\"@id\":\"https:\\\/\\\/carteldamageclaims.com\\\/#website\"},\"datePublished\":\"2024-10-07T09:18:13+00:00\",\"dateModified\":\"2024-10-07T09:30:59+00:00\",\"breadcrumb\":{\"@id\":\"https:\\\/\\\/carteldamageclaims.com\\\/cases\\\/cardboard\\\/#breadcrumb\"},\"inLanguage\":\"es-ES\",\"potentialAction\":[{\"@type\":\"ReadAction\",\"target\":[\"https:\\\/\\\/carteldamageclaims.com\\\/cases\\\/cardboard\\\/\"]}]},{\"@type\":\"BreadcrumbList\",\"@id\":\"https:\\\/\\\/carteldamageclaims.com\\\/cases\\\/cardboard\\\/#breadcrumb\",\"itemListElement\":[{\"@type\":\"ListItem\",\"position\":1,\"name\":\"Home\",\"item\":\"https:\\\/\\\/carteldamageclaims.com\\\/\"},{\"@type\":\"ListItem\",\"position\":2,\"name\":\"CASES\",\"item\":\"https:\\\/\\\/carteldamageclaims.com\\\/cases\\\/\"},{\"@type\":\"ListItem\",\"position\":3,\"name\":\"Corrugated cardboard boxes (Spain)\"}]},{\"@type\":\"WebSite\",\"@id\":\"https:\\\/\\\/carteldamageclaims.com\\\/#website\",\"url\":\"https:\\\/\\\/carteldamageclaims.com\\\/\",\"name\":\"CDC Cartel Damage Claims\",\"description\":\"Cartel Damage Claims\",\"publisher\":{\"@id\":\"https:\\\/\\\/carteldamageclaims.com\\\/#organization\"},\"potentialAction\":[{\"@type\":\"SearchAction\",\"target\":{\"@type\":\"EntryPoint\",\"urlTemplate\":\"https:\\\/\\\/carteldamageclaims.com\\\/?s={search_term_string}\"},\"query-input\":{\"@type\":\"PropertyValueSpecification\",\"valueRequired\":true,\"valueName\":\"search_term_string\"}}],\"inLanguage\":\"es-ES\"},{\"@type\":\"Organization\",\"@id\":\"https:\\\/\\\/carteldamageclaims.com\\\/#organization\",\"name\":\"CDC Cartel Damage Claims\",\"url\":\"https:\\\/\\\/carteldamageclaims.com\\\/\",\"logo\":{\"@type\":\"ImageObject\",\"inLanguage\":\"es-ES\",\"@id\":\"https:\\\/\\\/carteldamageclaims.com\\\/#\\\/schema\\\/logo\\\/image\\\/\",\"url\":\"https:\\\/\\\/carteldamageclaims.com\\\/wp-content\\\/uploads\\\/2020\\\/09\\\/CDC-Logo.jpg\",\"contentUrl\":\"https:\\\/\\\/carteldamageclaims.com\\\/wp-content\\\/uploads\\\/2020\\\/09\\\/CDC-Logo.jpg\",\"width\":225,\"height\":54,\"caption\":\"CDC Cartel Damage Claims\"},\"image\":{\"@id\":\"https:\\\/\\\/carteldamageclaims.com\\\/#\\\/schema\\\/logo\\\/image\\\/\"}}]}<\/script>\n<!-- \/ Yoast SEO plugin. -->","yoast_head_json":{"title":"Corrugated cardboard boxes (Spain) - CDC","robots":{"index":"index","follow":"follow","max-snippet":"max-snippet:-1","max-image-preview":"max-image-preview:large","max-video-preview":"max-video-preview:-1"},"canonical":"https:\/\/carteldamageclaims.com\/es\/cases\/cardboard\/","og_locale":"es_ES","og_type":"article","og_title":"Corrugated cardboard boxes (Spain) - CDC","og_description":"On June 18, 2015, the Spanish Competition Authority (CNMC) issued a decision imposing administrative fines totaling EUR 57,686,187 on 18 companies \u2013 manufacturers of paper, corrugated cardboard and cardboard packaging \u2013 and a trade association for engaging in a single, continuous infringement of competition law within the pulp and corrugated board manufacturing and transformation markets [&hellip;]","og_url":"https:\/\/carteldamageclaims.com\/es\/cases\/cardboard\/","og_site_name":"CDC","article_modified_time":"2024-10-07T09:30:59+00:00","twitter_card":"summary_large_image","twitter_misc":{"Est. reading time":"2 minutes","Written by":"Andr\u00e9 Fassbender"},"schema":{"@context":"https:\/\/schema.org","@graph":[{"@type":"WebPage","@id":"https:\/\/carteldamageclaims.com\/cases\/cardboard\/","url":"https:\/\/carteldamageclaims.com\/cases\/cardboard\/","name":"Corrugated cardboard boxes (Spain) - CDC","isPartOf":{"@id":"https:\/\/carteldamageclaims.com\/#website"},"datePublished":"2024-10-07T09:18:13+00:00","dateModified":"2024-10-07T09:30:59+00:00","breadcrumb":{"@id":"https:\/\/carteldamageclaims.com\/cases\/cardboard\/#breadcrumb"},"inLanguage":"es-ES","potentialAction":[{"@type":"ReadAction","target":["https:\/\/carteldamageclaims.com\/cases\/cardboard\/"]}]},{"@type":"BreadcrumbList","@id":"https:\/\/carteldamageclaims.com\/cases\/cardboard\/#breadcrumb","itemListElement":[{"@type":"ListItem","position":1,"name":"Home","item":"https:\/\/carteldamageclaims.com\/"},{"@type":"ListItem","position":2,"name":"CASES","item":"https:\/\/carteldamageclaims.com\/cases\/"},{"@type":"ListItem","position":3,"name":"Corrugated cardboard boxes (Spain)"}]},{"@type":"WebSite","@id":"https:\/\/carteldamageclaims.com\/#website","url":"https:\/\/carteldamageclaims.com\/","name":"CDC Cartel Damage Claims","description":"Cartel Damage Claims","publisher":{"@id":"https:\/\/carteldamageclaims.com\/#organization"},"potentialAction":[{"@type":"SearchAction","target":{"@type":"EntryPoint","urlTemplate":"https:\/\/carteldamageclaims.com\/?s={search_term_string}"},"query-input":{"@type":"PropertyValueSpecification","valueRequired":true,"valueName":"search_term_string"}}],"inLanguage":"es-ES"},{"@type":"Organization","@id":"https:\/\/carteldamageclaims.com\/#organization","name":"CDC Cartel Damage Claims","url":"https:\/\/carteldamageclaims.com\/","logo":{"@type":"ImageObject","inLanguage":"es-ES","@id":"https:\/\/carteldamageclaims.com\/#\/schema\/logo\/image\/","url":"https:\/\/carteldamageclaims.com\/wp-content\/uploads\/2020\/09\/CDC-Logo.jpg","contentUrl":"https:\/\/carteldamageclaims.com\/wp-content\/uploads\/2020\/09\/CDC-Logo.jpg","width":225,"height":54,"caption":"CDC Cartel Damage Claims"},"image":{"@id":"https:\/\/carteldamageclaims.com\/#\/schema\/logo\/image\/"}}]}},"_links":{"self":[{"href":"https:\/\/carteldamageclaims.com\/es\/wp-json\/wp\/v2\/pages\/10520","targetHints":{"allow":["GET"]}}],"collection":[{"href":"https:\/\/carteldamageclaims.com\/es\/wp-json\/wp\/v2\/pages"}],"about":[{"href":"https:\/\/carteldamageclaims.com\/es\/wp-json\/wp\/v2\/types\/page"}],"author":[{"embeddable":true,"href":"https:\/\/carteldamageclaims.com\/es\/wp-json\/wp\/v2\/users\/30"}],"replies":[{"embeddable":true,"href":"https:\/\/carteldamageclaims.com\/es\/wp-json\/wp\/v2\/comments?post=10520"}],"version-history":[{"count":17,"href":"https:\/\/carteldamageclaims.com\/es\/wp-json\/wp\/v2\/pages\/10520\/revisions"}],"predecessor-version":[{"id":10542,"href":"https:\/\/carteldamageclaims.com\/es\/wp-json\/wp\/v2\/pages\/10520\/revisions\/10542"}],"up":[{"embeddable":true,"href":"https:\/\/carteldamageclaims.com\/es\/wp-json\/wp\/v2\/pages\/40"}],"wp:attachment":[{"href":"https:\/\/carteldamageclaims.com\/es\/wp-json\/wp\/v2\/media?parent=10520"}],"wp:term":[{"taxonomy":"author","embeddable":true,"href":"https:\/\/carteldamageclaims.com\/es\/wp-json\/wp\/v2\/coauthors?post=10520"}],"curies":[{"name":"wp","href":"https:\/\/api.w.org\/{rel}","templated":true}]}}