{"id":18,"date":"2020-07-03T16:29:58","date_gmt":"2020-07-03T14:29:58","guid":{"rendered":"https:\/\/carteldamageclaims.com\/?page_id=18"},"modified":"2021-01-04T15:58:49","modified_gmt":"2021-01-04T14:58:49","slug":"lawyers","status":"publish","type":"page","link":"https:\/\/carteldamageclaims.com\/es\/what-we-offer\/lawyers\/","title":{"rendered":"Abogados"},"content":{"rendered":"<div data-elementor-type=\"wp-page\" data-elementor-id=\"18\" class=\"elementor elementor-18\" data-elementor-post-type=\"page\">\n\t\t\t\t\t\t<section class=\"elementor-section elementor-top-section elementor-element elementor-element-9265521 elementor-section-boxed elementor-section-height-default elementor-section-height-default\" data-id=\"9265521\" data-element_type=\"section\" data-e-type=\"section\">\n\t\t\t\t\t\t<div class=\"elementor-container elementor-column-gap-default\">\n\t\t\t\t\t<div class=\"elementor-column elementor-col-100 elementor-top-column elementor-element elementor-element-d1f093e\" data-id=\"d1f093e\" data-element_type=\"column\" data-e-type=\"column\">\n\t\t\t<div class=\"elementor-widget-wrap elementor-element-populated\">\n\t\t\t\t\t\t\t<\/div>\n\t\t<\/div>\n\t\t\t\t\t<\/div>\n\t\t<\/section>\n\t\t\t\t<section class=\"elementor-section elementor-top-section elementor-element elementor-element-e09e965 elementor-hidden-desktop elementor-section-boxed elementor-section-height-default elementor-section-height-default\" data-id=\"e09e965\" data-element_type=\"section\" data-e-type=\"section\" data-settings=\"{&quot;background_background&quot;:&quot;classic&quot;}\">\n\t\t\t\t\t\t<div class=\"elementor-container elementor-column-gap-default\">\n\t\t\t\t\t<div class=\"elementor-column elementor-col-100 elementor-top-column elementor-element elementor-element-212b63f\" data-id=\"212b63f\" data-element_type=\"column\" data-e-type=\"column\">\n\t\t\t<div class=\"elementor-widget-wrap elementor-element-populated\">\n\t\t\t\t\t\t<div class=\"elementor-element elementor-element-9e3388b elementor-widget elementor-widget-image\" data-id=\"9e3388b\" data-element_type=\"widget\" data-e-type=\"widget\" data-widget_type=\"image.default\">\n\t\t\t\t<div class=\"elementor-widget-container\">\n\t\t\t\t\t\t\t\t\t\t\t\t\t\t\t<img fetchpriority=\"high\" decoding=\"async\" width=\"850\" height=\"364\" src=\"https:\/\/carteldamageclaims.com\/wp-content\/uploads\/2020\/11\/cdc-lawyers-1024x439.png\" class=\"attachment-large size-large wp-image-960\" alt=\"Abogados\" srcset=\"https:\/\/carteldamageclaims.com\/wp-content\/uploads\/2020\/11\/cdc-lawyers-1024x439.png 1024w, https:\/\/carteldamageclaims.com\/wp-content\/uploads\/2020\/11\/cdc-lawyers-300x129.png 300w, https:\/\/carteldamageclaims.com\/wp-content\/uploads\/2020\/11\/cdc-lawyers-768x329.png 768w, https:\/\/carteldamageclaims.com\/wp-content\/uploads\/2020\/11\/cdc-lawyers-615x264.png 615w, https:\/\/carteldamageclaims.com\/wp-content\/uploads\/2020\/11\/cdc-lawyers.png 1120w\" sizes=\"(max-width: 850px) 100vw, 850px\" \/>\t\t\t\t\t\t\t\t\t\t\t\t\t\t\t<\/div>\n\t\t\t\t<\/div>\n\t\t\t\t<div class=\"elementor-element elementor-element-735fa79 elementor-widget elementor-widget-text-editor\" data-id=\"735fa79\" data-element_type=\"widget\" data-e-type=\"widget\" data-widget_type=\"text-editor.default\">\n\t\t\t\t<div class=\"elementor-widget-container\">\n\t\t\t\t\t\t\t\t\t<p>Joining forces with<\/p><p>CDC\u00a0enables lawyers<\/p><p>to offer tailor-made<\/p><p>solutions for their clients.<\/p>\t\t\t\t\t\t\t\t<\/div>\n\t\t\t\t<\/div>\n\t\t\t\t\t<\/div>\n\t\t<\/div>\n\t\t\t\t\t<\/div>\n\t\t<\/section>\n\t\t\t\t<section class=\"elementor-section elementor-top-section elementor-element elementor-element-26c5144 elementor-hidden-tablet elementor-hidden-phone elementor-section-boxed elementor-section-height-default elementor-section-height-default\" data-id=\"26c5144\" data-element_type=\"section\" data-e-type=\"section\" data-settings=\"{&quot;background_background&quot;:&quot;classic&quot;}\">\n\t\t\t\t\t\t\t<div class=\"elementor-background-overlay\"><\/div>\n\t\t\t\t\t\t\t<div class=\"elementor-container elementor-column-gap-default\">\n\t\t\t\t\t<div class=\"elementor-column elementor-col-50 elementor-top-column elementor-element elementor-element-39ebe2b\" data-id=\"39ebe2b\" data-element_type=\"column\" data-e-type=\"column\">\n\t\t\t<div class=\"elementor-widget-wrap elementor-element-populated\">\n\t\t\t\t\t\t<div class=\"elementor-element elementor-element-3bf1364 elementor-widget elementor-widget-spacer\" data-id=\"3bf1364\" data-element_type=\"widget\" data-e-type=\"widget\" data-widget_type=\"spacer.default\">\n\t\t\t\t<div class=\"elementor-widget-container\">\n\t\t\t\t\t\t\t<div class=\"elementor-spacer\">\n\t\t\t<div class=\"elementor-spacer-inner\"><\/div>\n\t\t<\/div>\n\t\t\t\t\t\t<\/div>\n\t\t\t\t<\/div>\n\t\t\t\t\t<\/div>\n\t\t<\/div>\n\t\t\t\t<div class=\"elementor-column elementor-col-50 elementor-top-column elementor-element elementor-element-9925a53\" data-id=\"9925a53\" data-element_type=\"column\" data-e-type=\"column\">\n\t\t\t<div class=\"elementor-widget-wrap elementor-element-populated\">\n\t\t\t\t\t\t<div class=\"elementor-element elementor-element-63a6058 elementor-widget elementor-widget-spacer\" data-id=\"63a6058\" data-element_type=\"widget\" data-e-type=\"widget\" data-widget_type=\"spacer.default\">\n\t\t\t\t<div class=\"elementor-widget-container\">\n\t\t\t\t\t\t\t<div class=\"elementor-spacer\">\n\t\t\t<div class=\"elementor-spacer-inner\"><\/div>\n\t\t<\/div>\n\t\t\t\t\t\t<\/div>\n\t\t\t\t<\/div>\n\t\t\t\t<div class=\"elementor-element elementor-element-5f26514 elementor-widget elementor-widget-text-editor\" data-id=\"5f26514\" data-element_type=\"widget\" data-e-type=\"widget\" data-widget_type=\"text-editor.default\">\n\t\t\t\t<div class=\"elementor-widget-container\">\n\t\t\t\t\t\t\t\t\t<p>Unir fuerzas con CDC permite a los abogados ofrecer soluciones a medida para sus clientes.<\/p>\t\t\t\t\t\t\t\t<\/div>\n\t\t\t\t<\/div>\n\t\t\t\t<div class=\"elementor-element elementor-element-24b1ac3 elementor-widget elementor-widget-spacer\" data-id=\"24b1ac3\" data-element_type=\"widget\" data-e-type=\"widget\" data-widget_type=\"spacer.default\">\n\t\t\t\t<div class=\"elementor-widget-container\">\n\t\t\t\t\t\t\t<div class=\"elementor-spacer\">\n\t\t\t<div class=\"elementor-spacer-inner\"><\/div>\n\t\t<\/div>\n\t\t\t\t\t\t<\/div>\n\t\t\t\t<\/div>\n\t\t\t\t\t<\/div>\n\t\t<\/div>\n\t\t\t\t\t<\/div>\n\t\t<\/section>\n\t\t\t\t<section class=\"elementor-section elementor-top-section elementor-element elementor-element-9359f4d elementor-hidden-tablet elementor-hidden-phone elementor-section-boxed elementor-section-height-default elementor-section-height-default\" data-id=\"9359f4d\" data-element_type=\"section\" data-e-type=\"section\">\n\t\t\t\t\t\t<div class=\"elementor-container elementor-column-gap-default\">\n\t\t\t\t\t<div class=\"elementor-column elementor-col-50 elementor-top-column elementor-element elementor-element-4188ec1\" data-id=\"4188ec1\" data-element_type=\"column\" data-e-type=\"column\">\n\t\t\t<div class=\"elementor-widget-wrap\">\n\t\t\t\t\t\t\t<\/div>\n\t\t<\/div>\n\t\t\t\t<div class=\"elementor-column elementor-col-50 elementor-top-column elementor-element elementor-element-7aca1b5\" data-id=\"7aca1b5\" data-element_type=\"column\" data-e-type=\"column\">\n\t\t\t<div class=\"elementor-widget-wrap elementor-element-populated\">\n\t\t\t\t\t\t<div class=\"elementor-element elementor-element-d13a63d elementor-widget elementor-widget-image\" data-id=\"d13a63d\" data-element_type=\"widget\" data-e-type=\"widget\" data-widget_type=\"image.default\">\n\t\t\t\t<div class=\"elementor-widget-container\">\n\t\t\t\t\t\t\t\t\t\t\t\t\t\t\t<img decoding=\"async\" width=\"597\" height=\"263\" src=\"https:\/\/carteldamageclaims.com\/wp-content\/uploads\/2020\/11\/lawyers-cdc-4.jpg\" class=\"attachment-large size-large wp-image-1729\" alt=\"\" srcset=\"https:\/\/carteldamageclaims.com\/wp-content\/uploads\/2020\/11\/lawyers-cdc-4.jpg 597w, https:\/\/carteldamageclaims.com\/wp-content\/uploads\/2020\/11\/lawyers-cdc-4-300x132.jpg 300w\" sizes=\"(max-width: 597px) 100vw, 597px\" \/>\t\t\t\t\t\t\t\t\t\t\t\t\t\t\t<\/div>\n\t\t\t\t<\/div>\n\t\t\t\t\t<\/div>\n\t\t<\/div>\n\t\t\t\t\t<\/div>\n\t\t<\/section>\n\t\t\t\t<section class=\"elementor-section elementor-top-section elementor-element elementor-element-7e6ed3f elementor-section-boxed elementor-section-height-default elementor-section-height-default\" data-id=\"7e6ed3f\" data-element_type=\"section\" data-e-type=\"section\">\n\t\t\t\t\t\t<div class=\"elementor-container elementor-column-gap-default\">\n\t\t\t\t\t<div class=\"elementor-column elementor-col-100 elementor-top-column elementor-element elementor-element-ea9d8bb\" data-id=\"ea9d8bb\" data-element_type=\"column\" data-e-type=\"column\">\n\t\t\t<div class=\"elementor-widget-wrap elementor-element-populated\">\n\t\t\t\t\t\t<div class=\"elementor-element elementor-element-5f9a839 elementor-widget elementor-widget-spacer\" data-id=\"5f9a839\" data-element_type=\"widget\" data-e-type=\"widget\" data-widget_type=\"spacer.default\">\n\t\t\t\t<div class=\"elementor-widget-container\">\n\t\t\t\t\t\t\t<div class=\"elementor-spacer\">\n\t\t\t<div class=\"elementor-spacer-inner\"><\/div>\n\t\t<\/div>\n\t\t\t\t\t\t<\/div>\n\t\t\t\t<\/div>\n\t\t\t\t<div class=\"elementor-element elementor-element-382b8d1 elementor-widget elementor-widget-text-editor\" data-id=\"382b8d1\" data-element_type=\"widget\" data-e-type=\"widget\" data-widget_type=\"text-editor.default\">\n\t\t\t\t<div class=\"elementor-widget-container\">\n\t\t\t\t\t\t\t\t\t<p>Los despachos de abogados de toda Europa conf\u00edan en CDC Cartel Damage Claims debido a nuestra amplia experiencia y a nuestra inigualable trayectoria.<\/p><p>CDC colabora con abogados y despachos de abogados para ofrecer las mejores soluciones que maximicen la compensaci\u00f3n y minimicen el riesgo para sus clientes afectados por las infracciones del derecho de la competencia. Los despachos de abogados siguen participando en todo el proceso, al tiempo que contin\u00faan siendo asesores jur\u00eddicos de sus clientes.<\/p><p>Cuando los despachos de abogados deciden asociarse con CDC, sus clientes no incurren en ning\u00fan coste o riesgo asociado a la acci\u00f3n legal. Al mismo tiempo, se benefician de un mayor poder de negociaci\u00f3n y de los recursos internos de CDC, como el acceso a datos de todo el mercado y la experiencia en derecho de la competencia, recopilaci\u00f3n y an\u00e1lisis de datos, econom\u00eda e inform\u00e1tica.<\/p><p>No dude en ponerse en contacto con nuestro equipo si su cliente ha sido v\u00edctima de una infracci\u00f3n del derecho de la competencia.<\/p>\t\t\t\t\t\t\t\t<\/div>\n\t\t\t\t<\/div>\n\t\t\t\t<div class=\"elementor-element elementor-element-4154944 elementor-align-center elementor-widget elementor-widget-button\" data-id=\"4154944\" data-element_type=\"widget\" data-e-type=\"widget\" data-widget_type=\"button.default\">\n\t\t\t\t<div class=\"elementor-widget-container\">\n\t\t\t\t\t\t\t\t\t<div class=\"elementor-button-wrapper\">\n\t\t\t\t\t<a class=\"elementor-button elementor-button-link elementor-size-md\" href=\"mailto:mail@carteldamageclaims.com\">\n\t\t\t\t\t\t<span class=\"elementor-button-content-wrapper\">\n\t\t\t\t\t\t\t\t\t<span class=\"elementor-button-text\">Contacte con nosotros ahora<\/span>\n\t\t\t\t\t<\/span>\n\t\t\t\t\t<\/a>\n\t\t\t\t<\/div>\n\t\t\t\t\t\t\t\t<\/div>\n\t\t\t\t<\/div>\n\t\t\t\t<div class=\"elementor-element elementor-element-93cfbfd elementor-widget elementor-widget-spacer\" data-id=\"93cfbfd\" data-element_type=\"widget\" data-e-type=\"widget\" data-widget_type=\"spacer.default\">\n\t\t\t\t<div class=\"elementor-widget-container\">\n\t\t\t\t\t\t\t<div class=\"elementor-spacer\">\n\t\t\t<div class=\"elementor-spacer-inner\"><\/div>\n\t\t<\/div>\n\t\t\t\t\t\t<\/div>\n\t\t\t\t<\/div>\n\t\t\t\t\t<\/div>\n\t\t<\/div>\n\t\t\t\t\t<\/div>\n\t\t<\/section>\n\t\t\t\t<\/div>","protected":false},"excerpt":{"rendered":"<p>Joining forces with CDC\u00a0enables lawyers to offer tailor-made solutions for their clients. Joining forces with CDC enables lawyers to offer tailor-made solutions for their clients. Law firms throughout Europe trust CDC Cartel Damage Claims because of our comprehensive expertise and unrivalled track record. CDC collaborates with law firms and lawyers to provide the best solutions [&hellip;]<\/p>\n","protected":false},"author":2,"featured_media":0,"parent":11,"menu_order":0,"comment_status":"closed","ping_status":"closed","template":"elementor_header_footer","meta":{"footnotes":""},"coauthors":[],"class_list":["post-18","page","type-page","status-publish","hentry"],"yoast_head":"<!-- This site is optimized with the Yoast SEO plugin v27.4 - https:\/\/yoast.com\/product\/yoast-seo-wordpress\/ -->\n<title>Lawyers - CDC<\/title>\n<meta name=\"robots\" content=\"index, follow, max-snippet:-1, max-image-preview:large, max-video-preview:-1\" \/>\n<link rel=\"canonical\" href=\"https:\/\/carteldamageclaims.com\/es\/what-we-offer\/lawyers\/\" \/>\n<meta property=\"og:locale\" content=\"es_ES\" \/>\n<meta property=\"og:type\" content=\"article\" \/>\n<meta property=\"og:title\" content=\"Lawyers - CDC\" \/>\n<meta property=\"og:description\" content=\"Joining forces with CDC\u00a0enables lawyers to offer tailor-made solutions for their clients. Joining forces with CDC enables lawyers to offer tailor-made solutions for their clients. Law firms throughout Europe trust CDC Cartel Damage Claims because of our comprehensive expertise and unrivalled track record. CDC collaborates with law firms and lawyers to provide the best solutions [&hellip;]\" \/>\n<meta property=\"og:url\" content=\"https:\/\/carteldamageclaims.com\/es\/what-we-offer\/lawyers\/\" \/>\n<meta property=\"og:site_name\" content=\"CDC\" \/>\n<meta property=\"article:modified_time\" content=\"2021-01-04T14:58:49+00:00\" \/>\n<meta property=\"og:image\" content=\"https:\/\/carteldamageclaims.com\/wp-content\/uploads\/2020\/11\/cdc-lawyers-1024x439.png\" \/>\n<meta name=\"twitter:card\" content=\"summary_large_image\" \/>\n<meta name=\"twitter:label1\" content=\"Est. reading time\" \/>\n\t<meta name=\"twitter:data1\" content=\"1 minute\" \/>\n\t<meta name=\"twitter:label2\" content=\"Written by\" \/>\n\t<meta name=\"twitter:data2\" content=\"Christian Classen\" \/>\n<script type=\"application\/ld+json\" class=\"yoast-schema-graph\">{\"@context\":\"https:\\\/\\\/schema.org\",\"@graph\":[{\"@type\":\"WebPage\",\"@id\":\"https:\\\/\\\/carteldamageclaims.com\\\/what-we-offer\\\/lawyers\\\/\",\"url\":\"https:\\\/\\\/carteldamageclaims.com\\\/what-we-offer\\\/lawyers\\\/\",\"name\":\"Lawyers - CDC\",\"isPartOf\":{\"@id\":\"https:\\\/\\\/carteldamageclaims.com\\\/#website\"},\"primaryImageOfPage\":{\"@id\":\"https:\\\/\\\/carteldamageclaims.com\\\/what-we-offer\\\/lawyers\\\/#primaryimage\"},\"image\":{\"@id\":\"https:\\\/\\\/carteldamageclaims.com\\\/what-we-offer\\\/lawyers\\\/#primaryimage\"},\"thumbnailUrl\":\"https:\\\/\\\/carteldamageclaims.com\\\/wp-content\\\/uploads\\\/2020\\\/11\\\/cdc-lawyers-1024x439.png\",\"datePublished\":\"2020-07-03T14:29:58+00:00\",\"dateModified\":\"2021-01-04T14:58:49+00:00\",\"breadcrumb\":{\"@id\":\"https:\\\/\\\/carteldamageclaims.com\\\/what-we-offer\\\/lawyers\\\/#breadcrumb\"},\"inLanguage\":\"es-ES\",\"potentialAction\":[{\"@type\":\"ReadAction\",\"target\":[\"https:\\\/\\\/carteldamageclaims.com\\\/what-we-offer\\\/lawyers\\\/\"]}]},{\"@type\":\"ImageObject\",\"inLanguage\":\"es-ES\",\"@id\":\"https:\\\/\\\/carteldamageclaims.com\\\/what-we-offer\\\/lawyers\\\/#primaryimage\",\"url\":\"https:\\\/\\\/carteldamageclaims.com\\\/wp-content\\\/uploads\\\/2020\\\/11\\\/cdc-lawyers-1024x439.png\",\"contentUrl\":\"https:\\\/\\\/carteldamageclaims.com\\\/wp-content\\\/uploads\\\/2020\\\/11\\\/cdc-lawyers-1024x439.png\"},{\"@type\":\"BreadcrumbList\",\"@id\":\"https:\\\/\\\/carteldamageclaims.com\\\/what-we-offer\\\/lawyers\\\/#breadcrumb\",\"itemListElement\":[{\"@type\":\"ListItem\",\"position\":1,\"name\":\"Home\",\"item\":\"https:\\\/\\\/carteldamageclaims.com\\\/\"},{\"@type\":\"ListItem\",\"position\":2,\"name\":\"WHAT WE OFFER\",\"item\":\"https:\\\/\\\/carteldamageclaims.com\\\/what-we-offer\\\/\"},{\"@type\":\"ListItem\",\"position\":3,\"name\":\"Lawyers\"}]},{\"@type\":\"WebSite\",\"@id\":\"https:\\\/\\\/carteldamageclaims.com\\\/#website\",\"url\":\"https:\\\/\\\/carteldamageclaims.com\\\/\",\"name\":\"CDC Cartel Damage Claims\",\"description\":\"Cartel Damage Claims\",\"publisher\":{\"@id\":\"https:\\\/\\\/carteldamageclaims.com\\\/#organization\"},\"potentialAction\":[{\"@type\":\"SearchAction\",\"target\":{\"@type\":\"EntryPoint\",\"urlTemplate\":\"https:\\\/\\\/carteldamageclaims.com\\\/?s={search_term_string}\"},\"query-input\":{\"@type\":\"PropertyValueSpecification\",\"valueRequired\":true,\"valueName\":\"search_term_string\"}}],\"inLanguage\":\"es-ES\"},{\"@type\":\"Organization\",\"@id\":\"https:\\\/\\\/carteldamageclaims.com\\\/#organization\",\"name\":\"CDC Cartel Damage Claims\",\"url\":\"https:\\\/\\\/carteldamageclaims.com\\\/\",\"logo\":{\"@type\":\"ImageObject\",\"inLanguage\":\"es-ES\",\"@id\":\"https:\\\/\\\/carteldamageclaims.com\\\/#\\\/schema\\\/logo\\\/image\\\/\",\"url\":\"https:\\\/\\\/carteldamageclaims.com\\\/wp-content\\\/uploads\\\/2020\\\/09\\\/CDC-Logo.jpg\",\"contentUrl\":\"https:\\\/\\\/carteldamageclaims.com\\\/wp-content\\\/uploads\\\/2020\\\/09\\\/CDC-Logo.jpg\",\"width\":225,\"height\":54,\"caption\":\"CDC Cartel Damage Claims\"},\"image\":{\"@id\":\"https:\\\/\\\/carteldamageclaims.com\\\/#\\\/schema\\\/logo\\\/image\\\/\"}}]}<\/script>\n<!-- \/ Yoast SEO plugin. -->","yoast_head_json":{"title":"Abogados - CDC","robots":{"index":"index","follow":"follow","max-snippet":"max-snippet:-1","max-image-preview":"max-image-preview:large","max-video-preview":"max-video-preview:-1"},"canonical":"https:\/\/carteldamageclaims.com\/es\/what-we-offer\/lawyers\/","og_locale":"es_ES","og_type":"article","og_title":"Lawyers - CDC","og_description":"Joining forces with CDC\u00a0enables lawyers to offer tailor-made solutions for their clients. Joining forces with CDC enables lawyers to offer tailor-made solutions for their clients. Law firms throughout Europe trust CDC Cartel Damage Claims because of our comprehensive expertise and unrivalled track record. CDC collaborates with law firms and lawyers to provide the best solutions [&hellip;]","og_url":"https:\/\/carteldamageclaims.com\/es\/what-we-offer\/lawyers\/","og_site_name":"CDC","article_modified_time":"2021-01-04T14:58:49+00:00","og_image":[{"url":"https:\/\/carteldamageclaims.com\/wp-content\/uploads\/2020\/11\/cdc-lawyers-1024x439.png","type":"","width":"","height":""}],"twitter_card":"summary_large_image","twitter_misc":{"Est. reading time":"1 minute","Written by":"Christian Classen"},"schema":{"@context":"https:\/\/schema.org","@graph":[{"@type":"WebPage","@id":"https:\/\/carteldamageclaims.com\/what-we-offer\/lawyers\/","url":"https:\/\/carteldamageclaims.com\/what-we-offer\/lawyers\/","name":"Abogados - CDC","isPartOf":{"@id":"https:\/\/carteldamageclaims.com\/#website"},"primaryImageOfPage":{"@id":"https:\/\/carteldamageclaims.com\/what-we-offer\/lawyers\/#primaryimage"},"image":{"@id":"https:\/\/carteldamageclaims.com\/what-we-offer\/lawyers\/#primaryimage"},"thumbnailUrl":"https:\/\/carteldamageclaims.com\/wp-content\/uploads\/2020\/11\/cdc-lawyers-1024x439.png","datePublished":"2020-07-03T14:29:58+00:00","dateModified":"2021-01-04T14:58:49+00:00","breadcrumb":{"@id":"https:\/\/carteldamageclaims.com\/what-we-offer\/lawyers\/#breadcrumb"},"inLanguage":"es-ES","potentialAction":[{"@type":"ReadAction","target":["https:\/\/carteldamageclaims.com\/what-we-offer\/lawyers\/"]}]},{"@type":"ImageObject","inLanguage":"es-ES","@id":"https:\/\/carteldamageclaims.com\/what-we-offer\/lawyers\/#primaryimage","url":"https:\/\/carteldamageclaims.com\/wp-content\/uploads\/2020\/11\/cdc-lawyers-1024x439.png","contentUrl":"https:\/\/carteldamageclaims.com\/wp-content\/uploads\/2020\/11\/cdc-lawyers-1024x439.png"},{"@type":"BreadcrumbList","@id":"https:\/\/carteldamageclaims.com\/what-we-offer\/lawyers\/#breadcrumb","itemListElement":[{"@type":"ListItem","position":1,"name":"Home","item":"https:\/\/carteldamageclaims.com\/"},{"@type":"ListItem","position":2,"name":"WHAT WE OFFER","item":"https:\/\/carteldamageclaims.com\/what-we-offer\/"},{"@type":"ListItem","position":3,"name":"Lawyers"}]},{"@type":"WebSite","@id":"https:\/\/carteldamageclaims.com\/#website","url":"https:\/\/carteldamageclaims.com\/","name":"CDC Cartel Damage Claims","description":"Cartel Damage Claims","publisher":{"@id":"https:\/\/carteldamageclaims.com\/#organization"},"potentialAction":[{"@type":"SearchAction","target":{"@type":"EntryPoint","urlTemplate":"https:\/\/carteldamageclaims.com\/?s={search_term_string}"},"query-input":{"@type":"PropertyValueSpecification","valueRequired":true,"valueName":"search_term_string"}}],"inLanguage":"es-ES"},{"@type":"Organization","@id":"https:\/\/carteldamageclaims.com\/#organization","name":"CDC Cartel Damage Claims","url":"https:\/\/carteldamageclaims.com\/","logo":{"@type":"ImageObject","inLanguage":"es-ES","@id":"https:\/\/carteldamageclaims.com\/#\/schema\/logo\/image\/","url":"https:\/\/carteldamageclaims.com\/wp-content\/uploads\/2020\/09\/CDC-Logo.jpg","contentUrl":"https:\/\/carteldamageclaims.com\/wp-content\/uploads\/2020\/09\/CDC-Logo.jpg","width":225,"height":54,"caption":"CDC Cartel Damage Claims"},"image":{"@id":"https:\/\/carteldamageclaims.com\/#\/schema\/logo\/image\/"}}]}},"_links":{"self":[{"href":"https:\/\/carteldamageclaims.com\/es\/wp-json\/wp\/v2\/pages\/18","targetHints":{"allow":["GET"]}}],"collection":[{"href":"https:\/\/carteldamageclaims.com\/es\/wp-json\/wp\/v2\/pages"}],"about":[{"href":"https:\/\/carteldamageclaims.com\/es\/wp-json\/wp\/v2\/types\/page"}],"author":[{"embeddable":true,"href":"https:\/\/carteldamageclaims.com\/es\/wp-json\/wp\/v2\/users\/2"}],"replies":[{"embeddable":true,"href":"https:\/\/carteldamageclaims.com\/es\/wp-json\/wp\/v2\/comments?post=18"}],"version-history":[{"count":55,"href":"https:\/\/carteldamageclaims.com\/es\/wp-json\/wp\/v2\/pages\/18\/revisions"}],"predecessor-version":[{"id":2022,"href":"https:\/\/carteldamageclaims.com\/es\/wp-json\/wp\/v2\/pages\/18\/revisions\/2022"}],"up":[{"embeddable":true,"href":"https:\/\/carteldamageclaims.com\/es\/wp-json\/wp\/v2\/pages\/11"}],"wp:attachment":[{"href":"https:\/\/carteldamageclaims.com\/es\/wp-json\/wp\/v2\/media?parent=18"}],"wp:term":[{"taxonomy":"author","embeddable":true,"href":"https:\/\/carteldamageclaims.com\/es\/wp-json\/wp\/v2\/coauthors?post=18"}],"curies":[{"name":"wp","href":"https:\/\/api.w.org\/{rel}","templated":true}]}}