{"id":231,"date":"2020-07-27T13:15:37","date_gmt":"2020-07-27T11:15:37","guid":{"rendered":"https:\/\/carteldamageclaims.com\/?page_id=231"},"modified":"2025-01-22T17:23:12","modified_gmt":"2025-01-22T16:23:12","slug":"ben-bornemann","status":"publish","type":"page","link":"https:\/\/carteldamageclaims.com\/es\/about-us\/meet-the-team\/ben-bornemann\/","title":{"rendered":"Ben Bornemann"},"content":{"rendered":"<div data-elementor-type=\"wp-page\" data-elementor-id=\"231\" class=\"elementor elementor-231\" data-elementor-post-type=\"page\">\n\t\t\t\t\t\t<section class=\"elementor-section elementor-top-section elementor-element elementor-element-b17bbae elementor-section-boxed elementor-section-height-default elementor-section-height-default\" data-id=\"b17bbae\" data-element_type=\"section\" data-e-type=\"section\">\n\t\t\t\t\t\t<div class=\"elementor-container elementor-column-gap-default\">\n\t\t\t\t\t<div class=\"elementor-column elementor-col-100 elementor-top-column elementor-element elementor-element-2525840\" data-id=\"2525840\" data-element_type=\"column\" data-e-type=\"column\">\n\t\t\t<div class=\"elementor-widget-wrap elementor-element-populated\">\n\t\t\t\t\t\t<div class=\"elementor-element elementor-element-ec7d3af elementor-widget elementor-widget-heading\" data-id=\"ec7d3af\" data-element_type=\"widget\" data-e-type=\"widget\" data-widget_type=\"heading.default\">\n\t\t\t\t<div class=\"elementor-widget-container\">\n\t\t\t\t\t<h1 class=\"elementor-heading-title elementor-size-default\">Ben Bornemann, LL.M.\n<\/h1>\t\t\t\t<\/div>\n\t\t\t\t<\/div>\n\t\t\t\t<div class=\"elementor-element elementor-element-8b01de8 elementor-widget elementor-widget-image\" data-id=\"8b01de8\" data-element_type=\"widget\" data-e-type=\"widget\" data-widget_type=\"image.default\">\n\t\t\t\t<div class=\"elementor-widget-container\">\n\t\t\t\t\t\t\t\t\t\t\t\t\t\t\t<img decoding=\"async\" src=\"https:\/\/carteldamageclaims.com\/wp-content\/uploads\/2025\/01\/Ben.jpg\" title=\"\" alt=\"\" loading=\"lazy\" \/>\t\t\t\t\t\t\t\t\t\t\t\t\t\t\t<\/div>\n\t\t\t\t<\/div>\n\t\t\t\t<div class=\"elementor-element elementor-element-1c945cf elementor-widget elementor-widget-text-editor\" data-id=\"1c945cf\" data-element_type=\"widget\" data-e-type=\"widget\" data-widget_type=\"text-editor.default\">\n\t\t\t\t<div class=\"elementor-widget-container\">\n\t\t\t\t\t\t\t\t\t<p>Ben lidera las operaciones de CDC. Su doble formaci\u00f3n y su especializaci\u00f3n en la aplicaci\u00f3n privada del derecho de la competencia le proporcionan una excelente comprensi\u00f3n de todos los aspectos relacionados con el negocio de CDC y de c\u00f3mo mantenerlos sincronizados. Su inter\u00e9s por las nuevas tecnolog\u00edas, su clara comunicaci\u00f3n y su experiencia pr\u00e1ctica adquirida en todos los casos pasados y actuales de CDC, le permiten convertir esa comprensi\u00f3n en procesos empresariales eficientes.<\/p><p>Antes de incorporarse a CDC, Ben trabaj\u00f3 brevemente en el sector petroqu\u00edmico y de la automoci\u00f3n, as\u00ed como en el sector de la investigaci\u00f3n. Ben estudi\u00f3 Derecho y Econom\u00eda en Augsburgo y Chicago.<\/p><p>En su tiempo libre, le gusta ejercitarse y salir de paseo, as\u00ed como leer sobre otros dominios como la tecnolog\u00eda, la psicolog\u00eda o la historia.<\/p><p>Idiomas: Alem\u00e1n, ingl\u00e9s, franc\u00e9s y espa\u00f1ol<\/p>\t\t\t\t\t\t\t\t<\/div>\n\t\t\t\t<\/div>\n\t\t\t\t\t<\/div>\n\t\t<\/div>\n\t\t\t\t\t<\/div>\n\t\t<\/section>\n\t\t\t\t<section class=\"elementor-section elementor-top-section elementor-element elementor-element-c112b54 elementor-section-boxed elementor-section-height-default elementor-section-height-default\" data-id=\"c112b54\" data-element_type=\"section\" data-e-type=\"section\">\n\t\t\t\t\t\t<div class=\"elementor-container elementor-column-gap-default\">\n\t\t\t\t\t<div class=\"elementor-column elementor-col-20 elementor-top-column elementor-element elementor-element-7604738\" data-id=\"7604738\" data-element_type=\"column\" data-e-type=\"column\">\n\t\t\t<div class=\"elementor-widget-wrap\">\n\t\t\t\t\t\t\t<\/div>\n\t\t<\/div>\n\t\t\t\t<div class=\"elementor-column elementor-col-20 elementor-top-column elementor-element elementor-element-e475138\" data-id=\"e475138\" data-element_type=\"column\" data-e-type=\"column\">\n\t\t\t<div class=\"elementor-widget-wrap elementor-element-populated\">\n\t\t\t\t\t\t<div class=\"elementor-element elementor-element-4a88e3b elementor-shape-circle elementor-grid-0 e-grid-align-center elementor-widget elementor-widget-social-icons\" data-id=\"4a88e3b\" data-element_type=\"widget\" data-e-type=\"widget\" data-widget_type=\"social-icons.default\">\n\t\t\t\t<div class=\"elementor-widget-container\">\n\t\t\t\t\t\t\t<div class=\"elementor-social-icons-wrapper elementor-grid\">\n\t\t\t\t\t\t\t<span class=\"elementor-grid-item\">\n\t\t\t\t\t<a class=\"elementor-icon elementor-social-icon elementor-social-icon-linkedin elementor-repeater-item-02681da\" href=\"https:\/\/www.linkedin.com\/in\/ben-bornemann-b5898377\" target=\"_blank\">\n\t\t\t\t\t\t<span class=\"elementor-screen-only\">Linkedin<\/span>\n\t\t\t\t\t\t<i aria-hidden=\"true\" class=\"fab fa-linkedin\"><\/i>\t\t\t\t\t<\/a>\n\t\t\t\t<\/span>\n\t\t\t\t\t<\/div>\n\t\t\t\t\t\t<\/div>\n\t\t\t\t<\/div>\n\t\t\t\t\t<\/div>\n\t\t<\/div>\n\t\t\t\t<div class=\"elementor-column elementor-col-20 elementor-top-column elementor-element elementor-element-d7a9302\" data-id=\"d7a9302\" data-element_type=\"column\" data-e-type=\"column\">\n\t\t\t<div class=\"elementor-widget-wrap elementor-element-populated\">\n\t\t\t\t\t\t<div class=\"elementor-element elementor-element-e82dcf0 elementor-view-framed elementor-shape-circle elementor-widget elementor-widget-icon\" data-id=\"e82dcf0\" data-element_type=\"widget\" data-e-type=\"widget\" data-widget_type=\"icon.default\">\n\t\t\t\t<div class=\"elementor-widget-container\">\n\t\t\t\t\t\t\t<div class=\"elementor-icon-wrapper\">\n\t\t\t<a class=\"elementor-icon\" href=\"mailto:bornemann@carteldamageclaims.com\">\n\t\t\t<i aria-hidden=\"true\" class=\"fas fa-envelope\"><\/i>\t\t\t<\/a>\n\t\t<\/div>\n\t\t\t\t\t\t<\/div>\n\t\t\t\t<\/div>\n\t\t\t\t\t<\/div>\n\t\t<\/div>\n\t\t\t\t<div class=\"elementor-column elementor-col-20 elementor-top-column elementor-element elementor-element-8850222\" data-id=\"8850222\" data-element_type=\"column\" data-e-type=\"column\">\n\t\t\t<div class=\"elementor-widget-wrap elementor-element-populated\">\n\t\t\t\t\t\t<div class=\"elementor-element elementor-element-e2c1e6d elementor-view-default elementor-widget elementor-widget-icon\" data-id=\"e2c1e6d\" data-element_type=\"widget\" data-e-type=\"widget\" data-widget_type=\"icon.default\">\n\t\t\t\t<div class=\"elementor-widget-container\">\n\t\t\t\t\t\t\t<div class=\"elementor-icon-wrapper\">\n\t\t\t<a class=\"elementor-icon\" href=\"https:\/\/carteldamageclaims.com\/es\/author\/bornemanncarteldamageclaims-com\/\" target=\"_blank\">\n\t\t\t<i aria-hidden=\"true\" class=\"far fa-newspaper\"><\/i>\t\t\t<\/a>\n\t\t<\/div>\n\t\t\t\t\t\t<\/div>\n\t\t\t\t<\/div>\n\t\t\t\t\t<\/div>\n\t\t<\/div>\n\t\t\t\t<div class=\"elementor-column elementor-col-20 elementor-top-column elementor-element elementor-element-4a613e6\" data-id=\"4a613e6\" data-element_type=\"column\" data-e-type=\"column\">\n\t\t\t<div class=\"elementor-widget-wrap\">\n\t\t\t\t\t\t\t<\/div>\n\t\t<\/div>\n\t\t\t\t\t<\/div>\n\t\t<\/section>\n\t\t\t\t<section class=\"elementor-section elementor-top-section elementor-element elementor-element-dcfb19e elementor-section-boxed elementor-section-height-default elementor-section-height-default\" data-id=\"dcfb19e\" data-element_type=\"section\" data-e-type=\"section\">\n\t\t\t\t\t\t<div class=\"elementor-container elementor-column-gap-default\">\n\t\t\t\t\t<div class=\"elementor-column elementor-col-100 elementor-top-column elementor-element elementor-element-a4f9d2f\" data-id=\"a4f9d2f\" data-element_type=\"column\" data-e-type=\"column\">\n\t\t\t<div class=\"elementor-widget-wrap elementor-element-populated\">\n\t\t\t\t\t\t<div class=\"elementor-element elementor-element-1dc9083 elementor-widget elementor-widget-spacer\" data-id=\"1dc9083\" data-element_type=\"widget\" data-e-type=\"widget\" data-widget_type=\"spacer.default\">\n\t\t\t\t<div class=\"elementor-widget-container\">\n\t\t\t\t\t\t\t<div class=\"elementor-spacer\">\n\t\t\t<div class=\"elementor-spacer-inner\"><\/div>\n\t\t<\/div>\n\t\t\t\t\t\t<\/div>\n\t\t\t\t<\/div>\n\t\t\t\t\t<\/div>\n\t\t<\/div>\n\t\t\t\t\t<\/div>\n\t\t<\/section>\n\t\t\t\t<section class=\"elementor-section elementor-top-section elementor-element elementor-element-fe87d51 elementor-section-boxed elementor-section-height-default elementor-section-height-default\" data-id=\"fe87d51\" data-element_type=\"section\" data-e-type=\"section\">\n\t\t\t\t\t\t<div class=\"elementor-container elementor-column-gap-default\">\n\t\t\t\t\t<div class=\"elementor-column elementor-col-100 elementor-top-column elementor-element elementor-element-d26b8e1\" data-id=\"d26b8e1\" data-element_type=\"column\" data-e-type=\"column\">\n\t\t\t<div class=\"elementor-widget-wrap elementor-element-populated\">\n\t\t\t\t\t\t<div class=\"elementor-element elementor-element-6603209 elementor-align-center elementor-widget elementor-widget-button\" data-id=\"6603209\" data-element_type=\"widget\" data-e-type=\"widget\" data-widget_type=\"button.default\">\n\t\t\t\t<div class=\"elementor-widget-container\">\n\t\t\t\t\t\t\t\t\t<div class=\"elementor-button-wrapper\">\n\t\t\t\t\t<a class=\"elementor-button elementor-button-link elementor-size-md\" href=\"\/es\/about-us\/meet-the-team\/\">\n\t\t\t\t\t\t<span class=\"elementor-button-content-wrapper\">\n\t\t\t\t\t\t\t\t\t<span class=\"elementor-button-text\">Conozca a nuestro equipo<\/span>\n\t\t\t\t\t<\/span>\n\t\t\t\t\t<\/a>\n\t\t\t\t<\/div>\n\t\t\t\t\t\t\t\t<\/div>\n\t\t\t\t<\/div>\n\t\t\t\t<div class=\"elementor-element elementor-element-ddb66cd elementor-widget elementor-widget-spacer\" data-id=\"ddb66cd\" data-element_type=\"widget\" data-e-type=\"widget\" data-widget_type=\"spacer.default\">\n\t\t\t\t<div class=\"elementor-widget-container\">\n\t\t\t\t\t\t\t<div class=\"elementor-spacer\">\n\t\t\t<div class=\"elementor-spacer-inner\"><\/div>\n\t\t<\/div>\n\t\t\t\t\t\t<\/div>\n\t\t\t\t<\/div>\n\t\t\t\t\t<\/div>\n\t\t<\/div>\n\t\t\t\t\t<\/div>\n\t\t<\/section>\n\t\t\t\t<\/div>","protected":false},"excerpt":{"rendered":"<p>Ben Bornemann, LL.M. Ben heads operations at CDC. His dual training and his focus on private enforcement of competition law provide him with an excellent understanding of all aspects related to CDC\u2019s business and how to keep them in sync. His affinity for new technology, clear communication, as well as his hands-on experience gathered in [&hellip;]<\/p>\n","protected":false},"author":2,"featured_media":0,"parent":28,"menu_order":0,"comment_status":"closed","ping_status":"closed","template":"elementor_header_footer","meta":{"footnotes":""},"coauthors":[],"class_list":["post-231","page","type-page","status-publish","hentry"],"yoast_head":"<!-- This site is optimized with the Yoast SEO plugin v27.3 - https:\/\/yoast.com\/product\/yoast-seo-wordpress\/ -->\n<title>Ben Bornemann - CDC part of multidisciplinary and international team<\/title>\n<meta name=\"description\" content=\"Ben Bornemann heads operations at CDC and is resposible for efficient business processes. Get to know his strengths!\" \/>\n<meta name=\"robots\" content=\"index, follow, max-snippet:-1, max-image-preview:large, max-video-preview:-1\" \/>\n<link rel=\"canonical\" href=\"https:\/\/carteldamageclaims.com\/es\/about-us\/meet-the-team\/ben-bornemann\/\" \/>\n<meta property=\"og:locale\" content=\"es_ES\" \/>\n<meta property=\"og:type\" content=\"article\" \/>\n<meta property=\"og:title\" content=\"Ben Bornemann - CDC part of multidisciplinary and international team\" \/>\n<meta property=\"og:description\" content=\"Ben Bornemann heads operations at CDC and is resposible for efficient business processes. Get to know his strengths!\" \/>\n<meta property=\"og:url\" content=\"https:\/\/carteldamageclaims.com\/es\/about-us\/meet-the-team\/ben-bornemann\/\" \/>\n<meta property=\"og:site_name\" content=\"CDC\" \/>\n<meta property=\"article:modified_time\" content=\"2025-01-22T16:23:12+00:00\" \/>\n<meta property=\"og:image\" content=\"https:\/\/carteldamageclaims.com\/wp-content\/uploads\/2025\/01\/Ben.jpg\" \/>\n<meta name=\"twitter:card\" content=\"summary_large_image\" \/>\n<meta name=\"twitter:label1\" content=\"Est. reading time\" \/>\n\t<meta name=\"twitter:data1\" content=\"1 minute\" \/>\n\t<meta name=\"twitter:label2\" content=\"Written by\" \/>\n\t<meta name=\"twitter:data2\" content=\"Christian Classen\" \/>\n<script type=\"application\/ld+json\" class=\"yoast-schema-graph\">{\"@context\":\"https:\\\/\\\/schema.org\",\"@graph\":[{\"@type\":\"WebPage\",\"@id\":\"https:\\\/\\\/carteldamageclaims.com\\\/about-us\\\/meet-the-team\\\/ben-bornemann\\\/\",\"url\":\"https:\\\/\\\/carteldamageclaims.com\\\/about-us\\\/meet-the-team\\\/ben-bornemann\\\/\",\"name\":\"Ben Bornemann - CDC part of multidisciplinary and international team\",\"isPartOf\":{\"@id\":\"https:\\\/\\\/carteldamageclaims.com\\\/#website\"},\"primaryImageOfPage\":{\"@id\":\"https:\\\/\\\/carteldamageclaims.com\\\/about-us\\\/meet-the-team\\\/ben-bornemann\\\/#primaryimage\"},\"image\":{\"@id\":\"https:\\\/\\\/carteldamageclaims.com\\\/about-us\\\/meet-the-team\\\/ben-bornemann\\\/#primaryimage\"},\"thumbnailUrl\":\"https:\\\/\\\/carteldamageclaims.com\\\/wp-content\\\/uploads\\\/2025\\\/01\\\/Ben.jpg\",\"datePublished\":\"2020-07-27T11:15:37+00:00\",\"dateModified\":\"2025-01-22T16:23:12+00:00\",\"description\":\"Ben Bornemann heads operations at CDC and is resposible for efficient business processes. Get to know his strengths!\",\"breadcrumb\":{\"@id\":\"https:\\\/\\\/carteldamageclaims.com\\\/about-us\\\/meet-the-team\\\/ben-bornemann\\\/#breadcrumb\"},\"inLanguage\":\"es-ES\",\"potentialAction\":[{\"@type\":\"ReadAction\",\"target\":[\"https:\\\/\\\/carteldamageclaims.com\\\/about-us\\\/meet-the-team\\\/ben-bornemann\\\/\"]}]},{\"@type\":\"ImageObject\",\"inLanguage\":\"es-ES\",\"@id\":\"https:\\\/\\\/carteldamageclaims.com\\\/about-us\\\/meet-the-team\\\/ben-bornemann\\\/#primaryimage\",\"url\":\"https:\\\/\\\/carteldamageclaims.com\\\/wp-content\\\/uploads\\\/2025\\\/01\\\/Ben.jpg\",\"contentUrl\":\"https:\\\/\\\/carteldamageclaims.com\\\/wp-content\\\/uploads\\\/2025\\\/01\\\/Ben.jpg\"},{\"@type\":\"BreadcrumbList\",\"@id\":\"https:\\\/\\\/carteldamageclaims.com\\\/about-us\\\/meet-the-team\\\/ben-bornemann\\\/#breadcrumb\",\"itemListElement\":[{\"@type\":\"ListItem\",\"position\":1,\"name\":\"Home\",\"item\":\"https:\\\/\\\/carteldamageclaims.com\\\/\"},{\"@type\":\"ListItem\",\"position\":2,\"name\":\"ABOUT US\",\"item\":\"https:\\\/\\\/carteldamageclaims.com\\\/de\\\/about-us\\\/\"},{\"@type\":\"ListItem\",\"position\":3,\"name\":\"Meet the Team\",\"item\":\"https:\\\/\\\/carteldamageclaims.com\\\/about-us\\\/meet-the-team\\\/\"},{\"@type\":\"ListItem\",\"position\":4,\"name\":\"Ben Bornemann\"}]},{\"@type\":\"WebSite\",\"@id\":\"https:\\\/\\\/carteldamageclaims.com\\\/#website\",\"url\":\"https:\\\/\\\/carteldamageclaims.com\\\/\",\"name\":\"CDC Cartel Damage Claims\",\"description\":\"Cartel Damage Claims\",\"publisher\":{\"@id\":\"https:\\\/\\\/carteldamageclaims.com\\\/#organization\"},\"potentialAction\":[{\"@type\":\"SearchAction\",\"target\":{\"@type\":\"EntryPoint\",\"urlTemplate\":\"https:\\\/\\\/carteldamageclaims.com\\\/?s={search_term_string}\"},\"query-input\":{\"@type\":\"PropertyValueSpecification\",\"valueRequired\":true,\"valueName\":\"search_term_string\"}}],\"inLanguage\":\"es-ES\"},{\"@type\":\"Organization\",\"@id\":\"https:\\\/\\\/carteldamageclaims.com\\\/#organization\",\"name\":\"CDC Cartel Damage Claims\",\"url\":\"https:\\\/\\\/carteldamageclaims.com\\\/\",\"logo\":{\"@type\":\"ImageObject\",\"inLanguage\":\"es-ES\",\"@id\":\"https:\\\/\\\/carteldamageclaims.com\\\/#\\\/schema\\\/logo\\\/image\\\/\",\"url\":\"https:\\\/\\\/carteldamageclaims.com\\\/wp-content\\\/uploads\\\/2020\\\/09\\\/CDC-Logo.jpg\",\"contentUrl\":\"https:\\\/\\\/carteldamageclaims.com\\\/wp-content\\\/uploads\\\/2020\\\/09\\\/CDC-Logo.jpg\",\"width\":225,\"height\":54,\"caption\":\"CDC Cartel Damage Claims\"},\"image\":{\"@id\":\"https:\\\/\\\/carteldamageclaims.com\\\/#\\\/schema\\\/logo\\\/image\\\/\"}}]}<\/script>\n<!-- \/ Yoast SEO plugin. -->","yoast_head_json":{"title":"Ben Bornemann - CDC part of multidisciplinary and international team","description":"Ben Bornemann heads operations at CDC and is resposible for efficient business processes. Get to know his strengths!","robots":{"index":"index","follow":"follow","max-snippet":"max-snippet:-1","max-image-preview":"max-image-preview:large","max-video-preview":"max-video-preview:-1"},"canonical":"https:\/\/carteldamageclaims.com\/es\/about-us\/meet-the-team\/ben-bornemann\/","og_locale":"es_ES","og_type":"article","og_title":"Ben Bornemann - CDC part of multidisciplinary and international team","og_description":"Ben Bornemann heads operations at CDC and is resposible for efficient business processes. Get to know his strengths!","og_url":"https:\/\/carteldamageclaims.com\/es\/about-us\/meet-the-team\/ben-bornemann\/","og_site_name":"CDC","article_modified_time":"2025-01-22T16:23:12+00:00","og_image":[{"url":"https:\/\/carteldamageclaims.com\/wp-content\/uploads\/2025\/01\/Ben.jpg","type":"","width":"","height":""}],"twitter_card":"summary_large_image","twitter_misc":{"Est. reading time":"1 minute","Written by":"Christian Classen"},"schema":{"@context":"https:\/\/schema.org","@graph":[{"@type":"WebPage","@id":"https:\/\/carteldamageclaims.com\/about-us\/meet-the-team\/ben-bornemann\/","url":"https:\/\/carteldamageclaims.com\/about-us\/meet-the-team\/ben-bornemann\/","name":"Ben Bornemann - CDC part of multidisciplinary and international team","isPartOf":{"@id":"https:\/\/carteldamageclaims.com\/#website"},"primaryImageOfPage":{"@id":"https:\/\/carteldamageclaims.com\/about-us\/meet-the-team\/ben-bornemann\/#primaryimage"},"image":{"@id":"https:\/\/carteldamageclaims.com\/about-us\/meet-the-team\/ben-bornemann\/#primaryimage"},"thumbnailUrl":"https:\/\/carteldamageclaims.com\/wp-content\/uploads\/2025\/01\/Ben.jpg","datePublished":"2020-07-27T11:15:37+00:00","dateModified":"2025-01-22T16:23:12+00:00","description":"Ben Bornemann heads operations at CDC and is resposible for efficient business processes. Get to know his strengths!","breadcrumb":{"@id":"https:\/\/carteldamageclaims.com\/about-us\/meet-the-team\/ben-bornemann\/#breadcrumb"},"inLanguage":"es-ES","potentialAction":[{"@type":"ReadAction","target":["https:\/\/carteldamageclaims.com\/about-us\/meet-the-team\/ben-bornemann\/"]}]},{"@type":"ImageObject","inLanguage":"es-ES","@id":"https:\/\/carteldamageclaims.com\/about-us\/meet-the-team\/ben-bornemann\/#primaryimage","url":"https:\/\/carteldamageclaims.com\/wp-content\/uploads\/2025\/01\/Ben.jpg","contentUrl":"https:\/\/carteldamageclaims.com\/wp-content\/uploads\/2025\/01\/Ben.jpg"},{"@type":"BreadcrumbList","@id":"https:\/\/carteldamageclaims.com\/about-us\/meet-the-team\/ben-bornemann\/#breadcrumb","itemListElement":[{"@type":"ListItem","position":1,"name":"Home","item":"https:\/\/carteldamageclaims.com\/"},{"@type":"ListItem","position":2,"name":"ABOUT US","item":"https:\/\/carteldamageclaims.com\/de\/about-us\/"},{"@type":"ListItem","position":3,"name":"Meet the Team","item":"https:\/\/carteldamageclaims.com\/about-us\/meet-the-team\/"},{"@type":"ListItem","position":4,"name":"Ben Bornemann"}]},{"@type":"WebSite","@id":"https:\/\/carteldamageclaims.com\/#website","url":"https:\/\/carteldamageclaims.com\/","name":"CDC Cartel Damage Claims","description":"Cartel Damage Claims","publisher":{"@id":"https:\/\/carteldamageclaims.com\/#organization"},"potentialAction":[{"@type":"SearchAction","target":{"@type":"EntryPoint","urlTemplate":"https:\/\/carteldamageclaims.com\/?s={search_term_string}"},"query-input":{"@type":"PropertyValueSpecification","valueRequired":true,"valueName":"search_term_string"}}],"inLanguage":"es-ES"},{"@type":"Organization","@id":"https:\/\/carteldamageclaims.com\/#organization","name":"CDC Cartel Damage Claims","url":"https:\/\/carteldamageclaims.com\/","logo":{"@type":"ImageObject","inLanguage":"es-ES","@id":"https:\/\/carteldamageclaims.com\/#\/schema\/logo\/image\/","url":"https:\/\/carteldamageclaims.com\/wp-content\/uploads\/2020\/09\/CDC-Logo.jpg","contentUrl":"https:\/\/carteldamageclaims.com\/wp-content\/uploads\/2020\/09\/CDC-Logo.jpg","width":225,"height":54,"caption":"CDC Cartel Damage Claims"},"image":{"@id":"https:\/\/carteldamageclaims.com\/#\/schema\/logo\/image\/"}}]}},"_links":{"self":[{"href":"https:\/\/carteldamageclaims.com\/es\/wp-json\/wp\/v2\/pages\/231","targetHints":{"allow":["GET"]}}],"collection":[{"href":"https:\/\/carteldamageclaims.com\/es\/wp-json\/wp\/v2\/pages"}],"about":[{"href":"https:\/\/carteldamageclaims.com\/es\/wp-json\/wp\/v2\/types\/page"}],"author":[{"embeddable":true,"href":"https:\/\/carteldamageclaims.com\/es\/wp-json\/wp\/v2\/users\/2"}],"replies":[{"embeddable":true,"href":"https:\/\/carteldamageclaims.com\/es\/wp-json\/wp\/v2\/comments?post=231"}],"version-history":[{"count":41,"href":"https:\/\/carteldamageclaims.com\/es\/wp-json\/wp\/v2\/pages\/231\/revisions"}],"predecessor-version":[{"id":10584,"href":"https:\/\/carteldamageclaims.com\/es\/wp-json\/wp\/v2\/pages\/231\/revisions\/10584"}],"up":[{"embeddable":true,"href":"https:\/\/carteldamageclaims.com\/es\/wp-json\/wp\/v2\/pages\/28"}],"wp:attachment":[{"href":"https:\/\/carteldamageclaims.com\/es\/wp-json\/wp\/v2\/media?parent=231"}],"wp:term":[{"taxonomy":"author","embeddable":true,"href":"https:\/\/carteldamageclaims.com\/es\/wp-json\/wp\/v2\/coauthors?post=231"}],"curies":[{"name":"wp","href":"https:\/\/api.w.org\/{rel}","templated":true}]}}