{"id":255,"date":"2020-07-27T13:28:54","date_gmt":"2020-07-27T11:28:54","guid":{"rendered":"https:\/\/carteldamageclaims.com\/?page_id=255"},"modified":"2025-01-22T17:44:12","modified_gmt":"2025-01-22T16:44:12","slug":"jakob-rueggeberg","status":"publish","type":"page","link":"https:\/\/carteldamageclaims.com\/es\/about-us\/meet-the-team\/jakob-rueggeberg\/","title":{"rendered":"Jakob R\u00fcggeberg"},"content":{"rendered":"<div data-elementor-type=\"wp-page\" data-elementor-id=\"255\" class=\"elementor elementor-255\" data-elementor-post-type=\"page\">\n\t\t\t\t\t\t<section class=\"elementor-section elementor-top-section elementor-element elementor-element-855aad6 elementor-section-boxed elementor-section-height-default elementor-section-height-default\" data-id=\"855aad6\" data-element_type=\"section\" data-e-type=\"section\">\n\t\t\t\t\t\t<div class=\"elementor-container elementor-column-gap-default\">\n\t\t\t\t\t<div class=\"elementor-column elementor-col-100 elementor-top-column elementor-element elementor-element-49a1cdf\" data-id=\"49a1cdf\" data-element_type=\"column\" data-e-type=\"column\">\n\t\t\t<div class=\"elementor-widget-wrap elementor-element-populated\">\n\t\t\t\t\t\t<div class=\"elementor-element elementor-element-0f6c258 elementor-widget elementor-widget-heading\" data-id=\"0f6c258\" data-element_type=\"widget\" data-e-type=\"widget\" data-widget_type=\"heading.default\">\n\t\t\t\t<div class=\"elementor-widget-container\">\n\t\t\t\t\t<h1 class=\"elementor-heading-title elementor-size-default\">Jakob R\u00fcggeberg, M.Sc.\n<\/h1>\t\t\t\t<\/div>\n\t\t\t\t<\/div>\n\t\t\t\t<div class=\"elementor-element elementor-element-9e3a8fb elementor-widget elementor-widget-image\" data-id=\"9e3a8fb\" data-element_type=\"widget\" data-e-type=\"widget\" data-widget_type=\"image.default\">\n\t\t\t\t<div class=\"elementor-widget-container\">\n\t\t\t\t\t\t\t\t\t\t\t\t\t\t\t<img decoding=\"async\" src=\"https:\/\/carteldamageclaims.com\/wp-content\/uploads\/2025\/01\/Jakob.jpg\" title=\"\" alt=\"Meet the Team of experts - Photo of Jakob R\u00fcggeberg, person in business suit, smiling, male, gallantly, standing upright\" loading=\"lazy\" \/>\t\t\t\t\t\t\t\t\t\t\t\t\t\t\t<\/div>\n\t\t\t\t<\/div>\n\t\t\t\t<div class=\"elementor-element elementor-element-98b2ba1 elementor-widget elementor-widget-text-editor\" data-id=\"98b2ba1\" data-element_type=\"widget\" data-e-type=\"widget\" data-widget_type=\"text-editor.default\">\n\t\t\t\t<div class=\"elementor-widget-container\">\n\t\t\t\t\t\t\t\t\t<p>Jakob dirige el equipo de an\u00e1lisis econ\u00f3mico y cuantificaci\u00f3n de da\u00f1os de CDC. Desde 2009, ha trabajado en todos los aspectos de los litigios de c\u00e1rteles relacionados con la recopilaci\u00f3n de datos y pruebas, el an\u00e1lisis econ\u00f3mico y la cuantificaci\u00f3n de da\u00f1os. Su experiencia abarca desde la evaluaci\u00f3n de posibles demandas hasta la gesti\u00f3n de cuantificaciones de da\u00f1os a gran escala, tanto dentro como fuera de los tribunales. A lo largo de los a\u00f1os, ha ampliado la red de expertos de renombre de CDC en los campos de la organizaci\u00f3n industrial y la econometr\u00eda.<\/p><p>Antes de incorporarse a CDC, Jakob trabaj\u00f3 en consultor\u00eda de competencia y en el Centro de Derecho y Econom\u00eda de \u00c1msterdam. Estudi\u00f3 econom\u00eda internacional en las universidades de Maastricht, Hamburgo y Toulouse.<\/p><p>A Jakob le gusta la m\u00fasica cl\u00e1sica y el arte contempor\u00e1neo, es un orgulloso padre de dos hijos y el responsable de las redes sociales del mejor equipo de f\u00fatbol de la liga dominical de Bruselas.<\/p><p>Idiomas: Alem\u00e1n, ingl\u00e9s, neerland\u00e9s y franc\u00e9s.<\/p>\t\t\t\t\t\t\t\t<\/div>\n\t\t\t\t<\/div>\n\t\t\t\t\t<\/div>\n\t\t<\/div>\n\t\t\t\t\t<\/div>\n\t\t<\/section>\n\t\t\t\t<section class=\"elementor-section elementor-top-section elementor-element elementor-element-2c90ae8 elementor-section-boxed elementor-section-height-default elementor-section-height-default\" data-id=\"2c90ae8\" data-element_type=\"section\" data-e-type=\"section\">\n\t\t\t\t\t\t<div class=\"elementor-container elementor-column-gap-default\">\n\t\t\t\t\t<div class=\"elementor-column elementor-col-20 elementor-top-column elementor-element elementor-element-77d9ef2\" data-id=\"77d9ef2\" data-element_type=\"column\" data-e-type=\"column\">\n\t\t\t<div class=\"elementor-widget-wrap\">\n\t\t\t\t\t\t\t<\/div>\n\t\t<\/div>\n\t\t\t\t<div class=\"elementor-column elementor-col-20 elementor-top-column elementor-element elementor-element-f9913bc\" data-id=\"f9913bc\" data-element_type=\"column\" data-e-type=\"column\">\n\t\t\t<div class=\"elementor-widget-wrap elementor-element-populated\">\n\t\t\t\t\t\t<div class=\"elementor-element elementor-element-aa8eb5e elementor-shape-circle elementor-grid-0 e-grid-align-center elementor-widget elementor-widget-social-icons\" data-id=\"aa8eb5e\" data-element_type=\"widget\" data-e-type=\"widget\" data-widget_type=\"social-icons.default\">\n\t\t\t\t<div class=\"elementor-widget-container\">\n\t\t\t\t\t\t\t<div class=\"elementor-social-icons-wrapper elementor-grid\">\n\t\t\t\t\t\t\t<span class=\"elementor-grid-item\">\n\t\t\t\t\t<a class=\"elementor-icon elementor-social-icon elementor-social-icon-linkedin elementor-repeater-item-02681da\" href=\"https:\/\/www.linkedin.com\/in\/jakob-r%C3%BCggeberg-4961b899\" target=\"_blank\">\n\t\t\t\t\t\t<span class=\"elementor-screen-only\">Linkedin<\/span>\n\t\t\t\t\t\t<i aria-hidden=\"true\" class=\"fab fa-linkedin\"><\/i>\t\t\t\t\t<\/a>\n\t\t\t\t<\/span>\n\t\t\t\t\t<\/div>\n\t\t\t\t\t\t<\/div>\n\t\t\t\t<\/div>\n\t\t\t\t\t<\/div>\n\t\t<\/div>\n\t\t\t\t<div class=\"elementor-column elementor-col-20 elementor-top-column elementor-element elementor-element-6c30778\" data-id=\"6c30778\" data-element_type=\"column\" data-e-type=\"column\">\n\t\t\t<div class=\"elementor-widget-wrap elementor-element-populated\">\n\t\t\t\t\t\t<div class=\"elementor-element elementor-element-3acfee5 elementor-view-framed elementor-shape-circle elementor-widget elementor-widget-icon\" data-id=\"3acfee5\" data-element_type=\"widget\" data-e-type=\"widget\" data-widget_type=\"icon.default\">\n\t\t\t\t<div class=\"elementor-widget-container\">\n\t\t\t\t\t\t\t<div class=\"elementor-icon-wrapper\">\n\t\t\t<a class=\"elementor-icon\" href=\"mailto:rueggeberg@carteldamageclaims.com\">\n\t\t\t<i aria-hidden=\"true\" class=\"fas fa-envelope\"><\/i>\t\t\t<\/a>\n\t\t<\/div>\n\t\t\t\t\t\t<\/div>\n\t\t\t\t<\/div>\n\t\t\t\t\t<\/div>\n\t\t<\/div>\n\t\t\t\t<div class=\"elementor-column elementor-col-20 elementor-top-column elementor-element elementor-element-b7f74a3\" data-id=\"b7f74a3\" data-element_type=\"column\" data-e-type=\"column\">\n\t\t\t<div class=\"elementor-widget-wrap elementor-element-populated\">\n\t\t\t\t\t\t<div class=\"elementor-element elementor-element-c232f36 elementor-view-default elementor-widget elementor-widget-icon\" data-id=\"c232f36\" data-element_type=\"widget\" data-e-type=\"widget\" data-widget_type=\"icon.default\">\n\t\t\t\t<div class=\"elementor-widget-container\">\n\t\t\t\t\t\t\t<div class=\"elementor-icon-wrapper\">\n\t\t\t<a class=\"elementor-icon\" href=\"https:\/\/carteldamageclaims.com\/es\/author\/bornemanncarteldamageclaims-com\/\" target=\"_blank\">\n\t\t\t<i aria-hidden=\"true\" class=\"far fa-newspaper\"><\/i>\t\t\t<\/a>\n\t\t<\/div>\n\t\t\t\t\t\t<\/div>\n\t\t\t\t<\/div>\n\t\t\t\t\t<\/div>\n\t\t<\/div>\n\t\t\t\t<div class=\"elementor-column elementor-col-20 elementor-top-column elementor-element elementor-element-74d6976\" data-id=\"74d6976\" data-element_type=\"column\" data-e-type=\"column\">\n\t\t\t<div class=\"elementor-widget-wrap\">\n\t\t\t\t\t\t\t<\/div>\n\t\t<\/div>\n\t\t\t\t\t<\/div>\n\t\t<\/section>\n\t\t\t\t<section class=\"elementor-section elementor-top-section elementor-element elementor-element-11c6369 elementor-section-boxed elementor-section-height-default elementor-section-height-default\" data-id=\"11c6369\" data-element_type=\"section\" data-e-type=\"section\">\n\t\t\t\t\t\t<div class=\"elementor-container elementor-column-gap-default\">\n\t\t\t\t\t<div class=\"elementor-column elementor-col-100 elementor-top-column elementor-element elementor-element-54915fc\" data-id=\"54915fc\" data-element_type=\"column\" data-e-type=\"column\">\n\t\t\t<div class=\"elementor-widget-wrap elementor-element-populated\">\n\t\t\t\t\t\t<div class=\"elementor-element elementor-element-f527cd6 elementor-widget elementor-widget-spacer\" data-id=\"f527cd6\" data-element_type=\"widget\" data-e-type=\"widget\" data-widget_type=\"spacer.default\">\n\t\t\t\t<div class=\"elementor-widget-container\">\n\t\t\t\t\t\t\t<div class=\"elementor-spacer\">\n\t\t\t<div class=\"elementor-spacer-inner\"><\/div>\n\t\t<\/div>\n\t\t\t\t\t\t<\/div>\n\t\t\t\t<\/div>\n\t\t\t\t\t<\/div>\n\t\t<\/div>\n\t\t\t\t\t<\/div>\n\t\t<\/section>\n\t\t\t\t<section class=\"elementor-section elementor-top-section elementor-element elementor-element-483fa1c elementor-section-boxed elementor-section-height-default elementor-section-height-default\" data-id=\"483fa1c\" data-element_type=\"section\" data-e-type=\"section\">\n\t\t\t\t\t\t<div class=\"elementor-container elementor-column-gap-default\">\n\t\t\t\t\t<div class=\"elementor-column elementor-col-100 elementor-top-column elementor-element elementor-element-c2abd87\" data-id=\"c2abd87\" data-element_type=\"column\" data-e-type=\"column\">\n\t\t\t<div class=\"elementor-widget-wrap elementor-element-populated\">\n\t\t\t\t\t\t<div class=\"elementor-element elementor-element-6be4bbc elementor-align-center elementor-widget elementor-widget-button\" data-id=\"6be4bbc\" data-element_type=\"widget\" data-e-type=\"widget\" data-widget_type=\"button.default\">\n\t\t\t\t<div class=\"elementor-widget-container\">\n\t\t\t\t\t\t\t\t\t<div class=\"elementor-button-wrapper\">\n\t\t\t\t\t<a class=\"elementor-button elementor-button-link elementor-size-md\" href=\"\/es\/about-us\/meet-the-team\/\">\n\t\t\t\t\t\t<span class=\"elementor-button-content-wrapper\">\n\t\t\t\t\t\t\t\t\t<span class=\"elementor-button-text\">Conozca a nuestro equipo<\/span>\n\t\t\t\t\t<\/span>\n\t\t\t\t\t<\/a>\n\t\t\t\t<\/div>\n\t\t\t\t\t\t\t\t<\/div>\n\t\t\t\t<\/div>\n\t\t\t\t<div class=\"elementor-element elementor-element-10952d7 elementor-widget elementor-widget-spacer\" data-id=\"10952d7\" data-element_type=\"widget\" data-e-type=\"widget\" data-widget_type=\"spacer.default\">\n\t\t\t\t<div class=\"elementor-widget-container\">\n\t\t\t\t\t\t\t<div class=\"elementor-spacer\">\n\t\t\t<div class=\"elementor-spacer-inner\"><\/div>\n\t\t<\/div>\n\t\t\t\t\t\t<\/div>\n\t\t\t\t<\/div>\n\t\t\t\t\t<\/div>\n\t\t<\/div>\n\t\t\t\t\t<\/div>\n\t\t<\/section>\n\t\t\t\t<\/div>","protected":false},"excerpt":{"rendered":"<p>Jakob R\u00fcggeberg, M.Sc. Jakob heads the economic analysis and damage quantification team at CDC. Since 2009, he has worked on all aspects of cartel litigation related to data and evidence collection, economic analysis and damage quantification. His expertise ranges from the assessment of potential claims to managing large-scale damage quantifications in and out-of-court. Over the [&hellip;]<\/p>\n","protected":false},"author":2,"featured_media":0,"parent":28,"menu_order":0,"comment_status":"closed","ping_status":"closed","template":"elementor_header_footer","meta":{"footnotes":""},"coauthors":[],"class_list":["post-255","page","type-page","status-publish","hentry"],"yoast_head":"<!-- This site is optimized with the Yoast SEO plugin v27.3 - https:\/\/yoast.com\/product\/yoast-seo-wordpress\/ -->\n<title>Jakob R\u00fcggeberg - CDC part of multidisciplinary and international team<\/title>\n<meta name=\"description\" content=\"Jakob R\u00fcggeberg heads the economic analysis and damage quantification team at CDC. Get to know his strengths!\" \/>\n<meta name=\"robots\" content=\"index, follow, max-snippet:-1, max-image-preview:large, max-video-preview:-1\" \/>\n<link rel=\"canonical\" href=\"https:\/\/carteldamageclaims.com\/es\/about-us\/meet-the-team\/jakob-rueggeberg\/\" \/>\n<meta property=\"og:locale\" content=\"es_ES\" \/>\n<meta property=\"og:type\" content=\"article\" \/>\n<meta property=\"og:title\" content=\"Jakob R\u00fcggeberg - CDC part of multidisciplinary and international team\" \/>\n<meta property=\"og:description\" content=\"Jakob R\u00fcggeberg heads the economic analysis and damage quantification team at CDC. Get to know his strengths!\" \/>\n<meta property=\"og:url\" content=\"https:\/\/carteldamageclaims.com\/es\/about-us\/meet-the-team\/jakob-rueggeberg\/\" \/>\n<meta property=\"og:site_name\" content=\"CDC\" \/>\n<meta property=\"article:modified_time\" content=\"2025-01-22T16:44:12+00:00\" \/>\n<meta property=\"og:image\" content=\"https:\/\/carteldamageclaims.com\/wp-content\/uploads\/2025\/01\/Jakob.jpg\" \/>\n<meta name=\"twitter:card\" content=\"summary_large_image\" \/>\n<meta name=\"twitter:label1\" content=\"Est. reading time\" \/>\n\t<meta name=\"twitter:data1\" content=\"1 minute\" \/>\n\t<meta name=\"twitter:label2\" content=\"Written by\" \/>\n\t<meta name=\"twitter:data2\" content=\"Christian Classen\" \/>\n<script type=\"application\/ld+json\" class=\"yoast-schema-graph\">{\"@context\":\"https:\\\/\\\/schema.org\",\"@graph\":[{\"@type\":\"WebPage\",\"@id\":\"https:\\\/\\\/carteldamageclaims.com\\\/about-us\\\/meet-the-team\\\/jakob-rueggeberg\\\/\",\"url\":\"https:\\\/\\\/carteldamageclaims.com\\\/about-us\\\/meet-the-team\\\/jakob-rueggeberg\\\/\",\"name\":\"Jakob R\u00fcggeberg - CDC part of multidisciplinary and international team\",\"isPartOf\":{\"@id\":\"https:\\\/\\\/carteldamageclaims.com\\\/#website\"},\"primaryImageOfPage\":{\"@id\":\"https:\\\/\\\/carteldamageclaims.com\\\/about-us\\\/meet-the-team\\\/jakob-rueggeberg\\\/#primaryimage\"},\"image\":{\"@id\":\"https:\\\/\\\/carteldamageclaims.com\\\/about-us\\\/meet-the-team\\\/jakob-rueggeberg\\\/#primaryimage\"},\"thumbnailUrl\":\"https:\\\/\\\/carteldamageclaims.com\\\/wp-content\\\/uploads\\\/2025\\\/01\\\/Jakob.jpg\",\"datePublished\":\"2020-07-27T11:28:54+00:00\",\"dateModified\":\"2025-01-22T16:44:12+00:00\",\"description\":\"Jakob R\u00fcggeberg heads the economic analysis and damage quantification team at CDC. Get to know his strengths!\",\"breadcrumb\":{\"@id\":\"https:\\\/\\\/carteldamageclaims.com\\\/about-us\\\/meet-the-team\\\/jakob-rueggeberg\\\/#breadcrumb\"},\"inLanguage\":\"es-ES\",\"potentialAction\":[{\"@type\":\"ReadAction\",\"target\":[\"https:\\\/\\\/carteldamageclaims.com\\\/about-us\\\/meet-the-team\\\/jakob-rueggeberg\\\/\"]}]},{\"@type\":\"ImageObject\",\"inLanguage\":\"es-ES\",\"@id\":\"https:\\\/\\\/carteldamageclaims.com\\\/about-us\\\/meet-the-team\\\/jakob-rueggeberg\\\/#primaryimage\",\"url\":\"https:\\\/\\\/carteldamageclaims.com\\\/wp-content\\\/uploads\\\/2025\\\/01\\\/Jakob.jpg\",\"contentUrl\":\"https:\\\/\\\/carteldamageclaims.com\\\/wp-content\\\/uploads\\\/2025\\\/01\\\/Jakob.jpg\"},{\"@type\":\"BreadcrumbList\",\"@id\":\"https:\\\/\\\/carteldamageclaims.com\\\/about-us\\\/meet-the-team\\\/jakob-rueggeberg\\\/#breadcrumb\",\"itemListElement\":[{\"@type\":\"ListItem\",\"position\":1,\"name\":\"Home\",\"item\":\"https:\\\/\\\/carteldamageclaims.com\\\/\"},{\"@type\":\"ListItem\",\"position\":2,\"name\":\"ABOUT US\",\"item\":\"https:\\\/\\\/carteldamageclaims.com\\\/de\\\/about-us\\\/\"},{\"@type\":\"ListItem\",\"position\":3,\"name\":\"Meet the Team\",\"item\":\"https:\\\/\\\/carteldamageclaims.com\\\/about-us\\\/meet-the-team\\\/\"},{\"@type\":\"ListItem\",\"position\":4,\"name\":\"Jakob R\u00fcggeberg\"}]},{\"@type\":\"WebSite\",\"@id\":\"https:\\\/\\\/carteldamageclaims.com\\\/#website\",\"url\":\"https:\\\/\\\/carteldamageclaims.com\\\/\",\"name\":\"CDC Cartel Damage Claims\",\"description\":\"Cartel Damage Claims\",\"publisher\":{\"@id\":\"https:\\\/\\\/carteldamageclaims.com\\\/#organization\"},\"potentialAction\":[{\"@type\":\"SearchAction\",\"target\":{\"@type\":\"EntryPoint\",\"urlTemplate\":\"https:\\\/\\\/carteldamageclaims.com\\\/?s={search_term_string}\"},\"query-input\":{\"@type\":\"PropertyValueSpecification\",\"valueRequired\":true,\"valueName\":\"search_term_string\"}}],\"inLanguage\":\"es-ES\"},{\"@type\":\"Organization\",\"@id\":\"https:\\\/\\\/carteldamageclaims.com\\\/#organization\",\"name\":\"CDC Cartel Damage Claims\",\"url\":\"https:\\\/\\\/carteldamageclaims.com\\\/\",\"logo\":{\"@type\":\"ImageObject\",\"inLanguage\":\"es-ES\",\"@id\":\"https:\\\/\\\/carteldamageclaims.com\\\/#\\\/schema\\\/logo\\\/image\\\/\",\"url\":\"https:\\\/\\\/carteldamageclaims.com\\\/wp-content\\\/uploads\\\/2020\\\/09\\\/CDC-Logo.jpg\",\"contentUrl\":\"https:\\\/\\\/carteldamageclaims.com\\\/wp-content\\\/uploads\\\/2020\\\/09\\\/CDC-Logo.jpg\",\"width\":225,\"height\":54,\"caption\":\"CDC Cartel Damage Claims\"},\"image\":{\"@id\":\"https:\\\/\\\/carteldamageclaims.com\\\/#\\\/schema\\\/logo\\\/image\\\/\"}}]}<\/script>\n<!-- \/ Yoast SEO plugin. -->","yoast_head_json":{"title":"Jakob R\u00fcggeberg - CDC part of multidisciplinary and international team","description":"Jakob R\u00fcggeberg heads the economic analysis and damage quantification team at CDC. Get to know his strengths!","robots":{"index":"index","follow":"follow","max-snippet":"max-snippet:-1","max-image-preview":"max-image-preview:large","max-video-preview":"max-video-preview:-1"},"canonical":"https:\/\/carteldamageclaims.com\/es\/about-us\/meet-the-team\/jakob-rueggeberg\/","og_locale":"es_ES","og_type":"article","og_title":"Jakob R\u00fcggeberg - CDC part of multidisciplinary and international team","og_description":"Jakob R\u00fcggeberg heads the economic analysis and damage quantification team at CDC. Get to know his strengths!","og_url":"https:\/\/carteldamageclaims.com\/es\/about-us\/meet-the-team\/jakob-rueggeberg\/","og_site_name":"CDC","article_modified_time":"2025-01-22T16:44:12+00:00","og_image":[{"url":"https:\/\/carteldamageclaims.com\/wp-content\/uploads\/2025\/01\/Jakob.jpg","type":"","width":"","height":""}],"twitter_card":"summary_large_image","twitter_misc":{"Est. reading time":"1 minute","Written by":"Christian Classen"},"schema":{"@context":"https:\/\/schema.org","@graph":[{"@type":"WebPage","@id":"https:\/\/carteldamageclaims.com\/about-us\/meet-the-team\/jakob-rueggeberg\/","url":"https:\/\/carteldamageclaims.com\/about-us\/meet-the-team\/jakob-rueggeberg\/","name":"Jakob R\u00fcggeberg - CDC part of multidisciplinary and international team","isPartOf":{"@id":"https:\/\/carteldamageclaims.com\/#website"},"primaryImageOfPage":{"@id":"https:\/\/carteldamageclaims.com\/about-us\/meet-the-team\/jakob-rueggeberg\/#primaryimage"},"image":{"@id":"https:\/\/carteldamageclaims.com\/about-us\/meet-the-team\/jakob-rueggeberg\/#primaryimage"},"thumbnailUrl":"https:\/\/carteldamageclaims.com\/wp-content\/uploads\/2025\/01\/Jakob.jpg","datePublished":"2020-07-27T11:28:54+00:00","dateModified":"2025-01-22T16:44:12+00:00","description":"Jakob R\u00fcggeberg heads the economic analysis and damage quantification team at CDC. Get to know his strengths!","breadcrumb":{"@id":"https:\/\/carteldamageclaims.com\/about-us\/meet-the-team\/jakob-rueggeberg\/#breadcrumb"},"inLanguage":"es-ES","potentialAction":[{"@type":"ReadAction","target":["https:\/\/carteldamageclaims.com\/about-us\/meet-the-team\/jakob-rueggeberg\/"]}]},{"@type":"ImageObject","inLanguage":"es-ES","@id":"https:\/\/carteldamageclaims.com\/about-us\/meet-the-team\/jakob-rueggeberg\/#primaryimage","url":"https:\/\/carteldamageclaims.com\/wp-content\/uploads\/2025\/01\/Jakob.jpg","contentUrl":"https:\/\/carteldamageclaims.com\/wp-content\/uploads\/2025\/01\/Jakob.jpg"},{"@type":"BreadcrumbList","@id":"https:\/\/carteldamageclaims.com\/about-us\/meet-the-team\/jakob-rueggeberg\/#breadcrumb","itemListElement":[{"@type":"ListItem","position":1,"name":"Home","item":"https:\/\/carteldamageclaims.com\/"},{"@type":"ListItem","position":2,"name":"ABOUT US","item":"https:\/\/carteldamageclaims.com\/de\/about-us\/"},{"@type":"ListItem","position":3,"name":"Meet the Team","item":"https:\/\/carteldamageclaims.com\/about-us\/meet-the-team\/"},{"@type":"ListItem","position":4,"name":"Jakob R\u00fcggeberg"}]},{"@type":"WebSite","@id":"https:\/\/carteldamageclaims.com\/#website","url":"https:\/\/carteldamageclaims.com\/","name":"CDC Cartel Damage Claims","description":"Cartel Damage Claims","publisher":{"@id":"https:\/\/carteldamageclaims.com\/#organization"},"potentialAction":[{"@type":"SearchAction","target":{"@type":"EntryPoint","urlTemplate":"https:\/\/carteldamageclaims.com\/?s={search_term_string}"},"query-input":{"@type":"PropertyValueSpecification","valueRequired":true,"valueName":"search_term_string"}}],"inLanguage":"es-ES"},{"@type":"Organization","@id":"https:\/\/carteldamageclaims.com\/#organization","name":"CDC Cartel Damage Claims","url":"https:\/\/carteldamageclaims.com\/","logo":{"@type":"ImageObject","inLanguage":"es-ES","@id":"https:\/\/carteldamageclaims.com\/#\/schema\/logo\/image\/","url":"https:\/\/carteldamageclaims.com\/wp-content\/uploads\/2020\/09\/CDC-Logo.jpg","contentUrl":"https:\/\/carteldamageclaims.com\/wp-content\/uploads\/2020\/09\/CDC-Logo.jpg","width":225,"height":54,"caption":"CDC Cartel Damage Claims"},"image":{"@id":"https:\/\/carteldamageclaims.com\/#\/schema\/logo\/image\/"}}]}},"_links":{"self":[{"href":"https:\/\/carteldamageclaims.com\/es\/wp-json\/wp\/v2\/pages\/255","targetHints":{"allow":["GET"]}}],"collection":[{"href":"https:\/\/carteldamageclaims.com\/es\/wp-json\/wp\/v2\/pages"}],"about":[{"href":"https:\/\/carteldamageclaims.com\/es\/wp-json\/wp\/v2\/types\/page"}],"author":[{"embeddable":true,"href":"https:\/\/carteldamageclaims.com\/es\/wp-json\/wp\/v2\/users\/2"}],"replies":[{"embeddable":true,"href":"https:\/\/carteldamageclaims.com\/es\/wp-json\/wp\/v2\/comments?post=255"}],"version-history":[{"count":22,"href":"https:\/\/carteldamageclaims.com\/es\/wp-json\/wp\/v2\/pages\/255\/revisions"}],"predecessor-version":[{"id":10589,"href":"https:\/\/carteldamageclaims.com\/es\/wp-json\/wp\/v2\/pages\/255\/revisions\/10589"}],"up":[{"embeddable":true,"href":"https:\/\/carteldamageclaims.com\/es\/wp-json\/wp\/v2\/pages\/28"}],"wp:attachment":[{"href":"https:\/\/carteldamageclaims.com\/es\/wp-json\/wp\/v2\/media?parent=255"}],"wp:term":[{"taxonomy":"author","embeddable":true,"href":"https:\/\/carteldamageclaims.com\/es\/wp-json\/wp\/v2\/coauthors?post=255"}],"curies":[{"name":"wp","href":"https:\/\/api.w.org\/{rel}","templated":true}]}}