{"id":530,"date":"2020-09-09T12:14:08","date_gmt":"2020-09-09T10:14:08","guid":{"rendered":"https:\/\/carteldamageclaims.com\/?page_id=530"},"modified":"2021-01-28T11:04:18","modified_gmt":"2021-01-28T10:04:18","slug":"paraffin-wax","status":"publish","type":"page","link":"https:\/\/carteldamageclaims.com\/es\/cases\/paraffin-wax\/","title":{"rendered":"Cera de parafina"},"content":{"rendered":"<div data-elementor-type=\"wp-page\" data-elementor-id=\"530\" class=\"elementor elementor-530\" data-elementor-post-type=\"page\">\n\t\t\t\t\t\t<section class=\"elementor-section elementor-top-section elementor-element elementor-element-e1d22fe elementor-section-boxed elementor-section-height-default elementor-section-height-default\" data-id=\"e1d22fe\" data-element_type=\"section\" data-e-type=\"section\" data-settings=\"{&quot;background_background&quot;:&quot;classic&quot;}\">\n\t\t\t\t\t\t<div class=\"elementor-container elementor-column-gap-default\">\n\t\t\t\t\t<div class=\"elementor-column elementor-col-100 elementor-top-column elementor-element elementor-element-7d786da\" data-id=\"7d786da\" data-element_type=\"column\" data-e-type=\"column\">\n\t\t\t<div class=\"elementor-widget-wrap elementor-element-populated\">\n\t\t\t\t\t\t\t<\/div>\n\t\t<\/div>\n\t\t\t\t\t<\/div>\n\t\t<\/section>\n\t\t\t\t<section class=\"elementor-section elementor-top-section elementor-element elementor-element-e036b63 elementor-section-boxed elementor-section-height-default elementor-section-height-default\" data-id=\"e036b63\" data-element_type=\"section\" data-e-type=\"section\" data-settings=\"{&quot;background_background&quot;:&quot;classic&quot;}\">\n\t\t\t\t\t\t\t<div class=\"elementor-background-overlay\"><\/div>\n\t\t\t\t\t\t\t<div class=\"elementor-container elementor-column-gap-default\">\n\t\t\t\t\t<div class=\"elementor-column elementor-col-50 elementor-top-column elementor-element elementor-element-c487cf5\" data-id=\"c487cf5\" data-element_type=\"column\" data-e-type=\"column\">\n\t\t\t<div class=\"elementor-widget-wrap elementor-element-populated\">\n\t\t\t\t\t\t<div class=\"elementor-element elementor-element-528834e elementor-widget elementor-widget-spacer\" data-id=\"528834e\" data-element_type=\"widget\" data-e-type=\"widget\" data-widget_type=\"spacer.default\">\n\t\t\t\t<div class=\"elementor-widget-container\">\n\t\t\t\t\t\t\t<div class=\"elementor-spacer\">\n\t\t\t<div class=\"elementor-spacer-inner\"><\/div>\n\t\t<\/div>\n\t\t\t\t\t\t<\/div>\n\t\t\t\t<\/div>\n\t\t\t\t\t<\/div>\n\t\t<\/div>\n\t\t\t\t<div class=\"elementor-column elementor-col-50 elementor-top-column elementor-element elementor-element-881cb83\" data-id=\"881cb83\" data-element_type=\"column\" data-e-type=\"column\">\n\t\t\t<div class=\"elementor-widget-wrap elementor-element-populated\">\n\t\t\t\t\t\t<div class=\"elementor-element elementor-element-39ec8fc elementor-widget elementor-widget-spacer\" data-id=\"39ec8fc\" data-element_type=\"widget\" data-e-type=\"widget\" data-widget_type=\"spacer.default\">\n\t\t\t\t<div class=\"elementor-widget-container\">\n\t\t\t\t\t\t\t<div class=\"elementor-spacer\">\n\t\t\t<div class=\"elementor-spacer-inner\"><\/div>\n\t\t<\/div>\n\t\t\t\t\t\t<\/div>\n\t\t\t\t<\/div>\n\t\t\t\t\t<\/div>\n\t\t<\/div>\n\t\t\t\t\t<\/div>\n\t\t<\/section>\n\t\t\t\t<section class=\"elementor-section elementor-top-section elementor-element elementor-element-4e21ad8 elementor-section-boxed elementor-section-height-default elementor-section-height-default\" data-id=\"4e21ad8\" data-element_type=\"section\" data-e-type=\"section\">\n\t\t\t\t\t\t<div class=\"elementor-container elementor-column-gap-default\">\n\t\t\t\t\t<div class=\"elementor-column elementor-col-100 elementor-top-column elementor-element elementor-element-4298e63\" data-id=\"4298e63\" data-element_type=\"column\" data-e-type=\"column\">\n\t\t\t<div class=\"elementor-widget-wrap elementor-element-populated\">\n\t\t\t\t\t\t<div class=\"elementor-element elementor-element-27033b0 elementor-widget elementor-widget-spacer\" data-id=\"27033b0\" data-element_type=\"widget\" data-e-type=\"widget\" data-widget_type=\"spacer.default\">\n\t\t\t\t<div class=\"elementor-widget-container\">\n\t\t\t\t\t\t\t<div class=\"elementor-spacer\">\n\t\t\t<div class=\"elementor-spacer-inner\"><\/div>\n\t\t<\/div>\n\t\t\t\t\t\t<\/div>\n\t\t\t\t<\/div>\n\t\t\t\t<div class=\"elementor-element elementor-element-1f837a2 elementor-widget elementor-widget-text-editor\" data-id=\"1f837a2\" data-element_type=\"widget\" data-e-type=\"widget\" data-widget_type=\"text-editor.default\">\n\t\t\t\t<div class=\"elementor-widget-container\">\n\t\t\t\t\t\t\t\t\t<p>En 2011, CDC present\u00f3 en La Haya (Pa\u00edses Bajos) una acci\u00f3n judicial para hacer valer las reclamaciones por da\u00f1os y perjuicios resultantes del c\u00e1rtel de\n la cera de parafina en toda Europa. Anteriormente, CDC hab\u00eda adquirido las reclamaciones de ocho compradores de cera de parafina. La parafina se utiliza principalmente para la producci\u00f3n de velas, pero tambi\u00e9n tiene una amplia gama de aplicaciones en el embalaje, los cosm\u00e9ticos, la construcci\u00f3n y la industria alimentaria.<\/p>\t\t\t\t\t\t\t\t<\/div>\n\t\t\t\t<\/div>\n\t\t\t\t<div class=\"elementor-element elementor-element-a71f27b elementor-widget elementor-widget-spacer\" data-id=\"a71f27b\" data-element_type=\"widget\" data-e-type=\"widget\" data-widget_type=\"spacer.default\">\n\t\t\t\t<div class=\"elementor-widget-container\">\n\t\t\t\t\t\t\t<div class=\"elementor-spacer\">\n\t\t\t<div class=\"elementor-spacer-inner\"><\/div>\n\t\t<\/div>\n\t\t\t\t\t\t<\/div>\n\t\t\t\t<\/div>\n\t\t\t\t<div class=\"elementor-element elementor-element-b7fecbd elementor-widget elementor-widget-heading\" data-id=\"b7fecbd\" data-element_type=\"widget\" data-e-type=\"widget\" data-widget_type=\"heading.default\">\n\t\t\t\t<div class=\"elementor-widget-container\">\n\t\t\t\t\t<h2 class=\"elementor-heading-title elementor-size-default\">Antecedentes - Cartel europeo de la cera de parafina\n\n<\/h2>\t\t\t\t<\/div>\n\t\t\t\t<\/div>\n\t\t\t\t<div class=\"elementor-element elementor-element-bb310a2 elementor-widget elementor-widget-text-editor\" data-id=\"bb310a2\" data-element_type=\"widget\" data-e-type=\"widget\" data-widget_type=\"text-editor.default\">\n\t\t\t\t<div class=\"elementor-widget-container\">\n\t\t\t\t\t\t\t\t\t<p>El 1 de octubre de 2008, la Comisi\u00f3n Europea descubri\u00f3 que\u00a0<a href=\"https:\/\/www.eni.com\/en_IT\/home.page\" target=\"_blank\" rel=\"noopener noreferrer\">ENI<\/a>,\u00a0<a href=\"http:\/\/corporate.exxonmobil.com\/en\" target=\"_blank\" rel=\"noopener noreferrer\">ExxonMobil<\/a>,\u00a0<a href=\"http:\/\/hur.com\/en\/\" target=\"_blank\" rel=\"noopener noreferrer\">Hansen &amp; Rosenthal\/Tudapetrol<\/a>,\u00a0<a href=\"https:\/\/molgroup.info\/en\/about-mol-group\" target=\"_blank\" rel=\"noopener noreferrer\">MOL<\/a>,\u00a0<a href=\"https:\/\/www.repsol.com\/us_en\/\" target=\"_blank\" rel=\"noopener noreferrer\">Repsol<\/a>,\u00a0<a href=\"http:\/\/www.sasol.com\/\" target=\"_blank\" rel=\"noopener noreferrer\">Sasol<\/a>,\u00a0<a href=\"http:\/\/www.shell.com\/\" target=\"_blank\" rel=\"noopener noreferrer\">Shell<\/a>,\u00a0<a href=\"https:\/\/www.rwe.com\/web\/cms\/en\/8\/rwe\/\" target=\"_blank\" rel=\"noopener noreferrer\">RWE<\/a>y\u00a0<a href=\"http:\/\/www.total.com\/en\" target=\"_blank\" rel=\"noopener noreferrer\">Total<\/a>\u00a0hab\u00edan participado en un c\u00e1rtel de cera de parafina a escala europea desde al menos 1992 hasta 2005. En m\u00e1s de 50 reuniones en toda Europa, cientos de cartas, faxes y correos electr\u00f3nicos, los miembros del c\u00e1rtel fijaron los precios objetivo y supervisaron su aplicaci\u00f3n, se asignaron clientes y cuotas de mercado e intercambiaron informaci\u00f3n comercialmente sensible.<\/p><p>Seg\u00fan la Comisi\u00f3n Europea, el plan general consist\u00eda en reducir e impedir la competencia en materia de precios para estabilizar o elevar los precios acordando precios m\u00ednimos y aumentos de precios. Los miembros del c\u00e1rtel pretend\u00edan reducir o incluso eliminar la competencia con el objetivo final de conseguir mayores beneficios. Cuatro grupos reconocieron su participaci\u00f3n en el c\u00e1rtel y cooperaron con la Comisi\u00f3n en el marco de su programa de clemencia. La Comisi\u00f3n impuso multas de m\u00e1s de 676 millones de euros a todos los grupos de empresas.<\/p>\t\t\t\t\t\t\t\t<\/div>\n\t\t\t\t<\/div>\n\t\t\t\t<div class=\"elementor-element elementor-element-9ebad97 elementor-widget elementor-widget-spacer\" data-id=\"9ebad97\" data-element_type=\"widget\" data-e-type=\"widget\" data-widget_type=\"spacer.default\">\n\t\t\t\t<div class=\"elementor-widget-container\">\n\t\t\t\t\t\t\t<div class=\"elementor-spacer\">\n\t\t\t<div class=\"elementor-spacer-inner\"><\/div>\n\t\t<\/div>\n\t\t\t\t\t\t<\/div>\n\t\t\t\t<\/div>\n\t\t\t\t<div class=\"elementor-element elementor-element-7d3e5ee elementor-widget elementor-widget-heading\" data-id=\"7d3e5ee\" data-element_type=\"widget\" data-e-type=\"widget\" data-widget_type=\"heading.default\">\n\t\t\t\t<div class=\"elementor-widget-container\">\n\t\t\t\t\t<h2 class=\"elementor-heading-title elementor-size-default\">La acci\u00f3n de da\u00f1os de CDC\n\n<\/h2>\t\t\t\t<\/div>\n\t\t\t\t<\/div>\n\t\t\t\t<div class=\"elementor-element elementor-element-3cee3df elementor-widget elementor-widget-text-editor\" data-id=\"3cee3df\" data-element_type=\"widget\" data-e-type=\"widget\" data-widget_type=\"text-editor.default\">\n\t\t\t\t<div class=\"elementor-widget-container\">\n\t\t\t\t\t\t\t\t\t<p>En septiembre de 2011, CDC present\u00f3 una demanda por da\u00f1os y perjuicios derivados del c\u00e1rtel de la cera de parafina contra ExxonMobil, Shell, Total y Sasol. La demanda se present\u00f3 en La Haya (Pa\u00edses Bajos). CDC adquiri\u00f3 las demandas por da\u00f1os y perjuicios esencialmente de los productores de velas, con centros de producci\u00f3n en cinco pa\u00edses europeos. Los datos detallados de las transacciones recogidos por CDC de las empresas perjudicadas, junto con otros datos de mercado, mostraron que el c\u00e1rtel provoc\u00f3 importantes sobreprecios. Estas conclusiones fueron confirmadas por expertos econ\u00f3micos externos. El da\u00f1o total, incluidos los intereses, reclamado por CDC fue de m\u00e1s de 100 millones de euros. El Tribunal de La Haya, mediante sentencia de 12 de diciembre de 2014, confirm\u00f3 su competencia, la validez de las asignaciones de las reclamaciones y las leyes aplicables.<\/p><p>En junio de 2015, como se desprende de la informaci\u00f3n p\u00fablica de Sasol, CDC logr\u00f3 un acuerdo extrajudicial y posteriormente retir\u00f3 la acci\u00f3n contra Sasol. En 2017, CDC, tras nuevos acuerdos, retir\u00f3 la acci\u00f3n contra el resto de los demandados.<\/p>\t\t\t\t\t\t\t\t<\/div>\n\t\t\t\t<\/div>\n\t\t\t\t<div class=\"elementor-element elementor-element-f9826b7 elementor-widget elementor-widget-spacer\" data-id=\"f9826b7\" data-element_type=\"widget\" data-e-type=\"widget\" data-widget_type=\"spacer.default\">\n\t\t\t\t<div class=\"elementor-widget-container\">\n\t\t\t\t\t\t\t<div class=\"elementor-spacer\">\n\t\t\t<div class=\"elementor-spacer-inner\"><\/div>\n\t\t<\/div>\n\t\t\t\t\t\t<\/div>\n\t\t\t\t<\/div>\n\t\t\t\t\t<\/div>\n\t\t<\/div>\n\t\t\t\t\t<\/div>\n\t\t<\/section>\n\t\t\t\t<\/div>","protected":false},"excerpt":{"rendered":"<p>In 2011, CDC filed in The Hague, the Netherlands, a legal action enforcing claims for damages resulting\u00a0from the Europe-wide paraffin wax cartel. Previously, CDC had acquired the claims from\u00a0eight purchasers of paraffin wax. Paraffin wax is mainly used for candle production but\u00a0has also a wide range of applications in packaging, cosmetics, construction and food industry. [&hellip;]<\/p>\n","protected":false},"author":2,"featured_media":0,"parent":40,"menu_order":0,"comment_status":"closed","ping_status":"closed","template":"elementor_header_footer","meta":{"footnotes":""},"coauthors":[],"class_list":["post-530","page","type-page","status-publish","hentry"],"yoast_head":"<!-- This site is optimized with the Yoast SEO plugin v27.3 - https:\/\/yoast.com\/product\/yoast-seo-wordpress\/ -->\n<title>Paraffin Wax - CDC<\/title>\n<meta name=\"robots\" content=\"index, follow, max-snippet:-1, max-image-preview:large, max-video-preview:-1\" \/>\n<link rel=\"canonical\" href=\"https:\/\/carteldamageclaims.com\/es\/cases\/paraffin-wax\/\" \/>\n<meta property=\"og:locale\" content=\"es_ES\" \/>\n<meta property=\"og:type\" content=\"article\" \/>\n<meta property=\"og:title\" content=\"Paraffin Wax - CDC\" \/>\n<meta property=\"og:description\" content=\"In 2011, CDC filed in The Hague, the Netherlands, a legal action enforcing claims for damages resulting\u00a0from the Europe-wide paraffin wax cartel. Previously, CDC had acquired the claims from\u00a0eight purchasers of paraffin wax. Paraffin wax is mainly used for candle production but\u00a0has also a wide range of applications in packaging, cosmetics, construction and food industry. [&hellip;]\" \/>\n<meta property=\"og:url\" content=\"https:\/\/carteldamageclaims.com\/es\/cases\/paraffin-wax\/\" \/>\n<meta property=\"og:site_name\" content=\"CDC\" \/>\n<meta property=\"article:modified_time\" content=\"2021-01-28T10:04:18+00:00\" \/>\n<meta name=\"twitter:card\" content=\"summary_large_image\" \/>\n<meta name=\"twitter:label1\" content=\"Est. reading time\" \/>\n\t<meta name=\"twitter:data1\" content=\"2 minutes\" \/>\n\t<meta name=\"twitter:label2\" content=\"Written by\" \/>\n\t<meta name=\"twitter:data2\" content=\"Christian Classen\" \/>\n<script type=\"application\/ld+json\" class=\"yoast-schema-graph\">{\"@context\":\"https:\\\/\\\/schema.org\",\"@graph\":[{\"@type\":\"WebPage\",\"@id\":\"https:\\\/\\\/carteldamageclaims.com\\\/cases\\\/paraffin-wax\\\/\",\"url\":\"https:\\\/\\\/carteldamageclaims.com\\\/cases\\\/paraffin-wax\\\/\",\"name\":\"Paraffin Wax - CDC\",\"isPartOf\":{\"@id\":\"https:\\\/\\\/carteldamageclaims.com\\\/#website\"},\"datePublished\":\"2020-09-09T10:14:08+00:00\",\"dateModified\":\"2021-01-28T10:04:18+00:00\",\"breadcrumb\":{\"@id\":\"https:\\\/\\\/carteldamageclaims.com\\\/cases\\\/paraffin-wax\\\/#breadcrumb\"},\"inLanguage\":\"es-ES\",\"potentialAction\":[{\"@type\":\"ReadAction\",\"target\":[\"https:\\\/\\\/carteldamageclaims.com\\\/cases\\\/paraffin-wax\\\/\"]}]},{\"@type\":\"BreadcrumbList\",\"@id\":\"https:\\\/\\\/carteldamageclaims.com\\\/cases\\\/paraffin-wax\\\/#breadcrumb\",\"itemListElement\":[{\"@type\":\"ListItem\",\"position\":1,\"name\":\"Home\",\"item\":\"https:\\\/\\\/carteldamageclaims.com\\\/\"},{\"@type\":\"ListItem\",\"position\":2,\"name\":\"CASES\",\"item\":\"https:\\\/\\\/carteldamageclaims.com\\\/cases\\\/\"},{\"@type\":\"ListItem\",\"position\":3,\"name\":\"Paraffin Wax\"}]},{\"@type\":\"WebSite\",\"@id\":\"https:\\\/\\\/carteldamageclaims.com\\\/#website\",\"url\":\"https:\\\/\\\/carteldamageclaims.com\\\/\",\"name\":\"CDC Cartel Damage Claims\",\"description\":\"Cartel Damage Claims\",\"publisher\":{\"@id\":\"https:\\\/\\\/carteldamageclaims.com\\\/#organization\"},\"potentialAction\":[{\"@type\":\"SearchAction\",\"target\":{\"@type\":\"EntryPoint\",\"urlTemplate\":\"https:\\\/\\\/carteldamageclaims.com\\\/?s={search_term_string}\"},\"query-input\":{\"@type\":\"PropertyValueSpecification\",\"valueRequired\":true,\"valueName\":\"search_term_string\"}}],\"inLanguage\":\"es-ES\"},{\"@type\":\"Organization\",\"@id\":\"https:\\\/\\\/carteldamageclaims.com\\\/#organization\",\"name\":\"CDC Cartel Damage Claims\",\"url\":\"https:\\\/\\\/carteldamageclaims.com\\\/\",\"logo\":{\"@type\":\"ImageObject\",\"inLanguage\":\"es-ES\",\"@id\":\"https:\\\/\\\/carteldamageclaims.com\\\/#\\\/schema\\\/logo\\\/image\\\/\",\"url\":\"https:\\\/\\\/carteldamageclaims.com\\\/wp-content\\\/uploads\\\/2020\\\/09\\\/CDC-Logo.jpg\",\"contentUrl\":\"https:\\\/\\\/carteldamageclaims.com\\\/wp-content\\\/uploads\\\/2020\\\/09\\\/CDC-Logo.jpg\",\"width\":225,\"height\":54,\"caption\":\"CDC Cartel Damage Claims\"},\"image\":{\"@id\":\"https:\\\/\\\/carteldamageclaims.com\\\/#\\\/schema\\\/logo\\\/image\\\/\"}}]}<\/script>\n<!-- \/ Yoast SEO plugin. -->","yoast_head_json":{"title":"Paraffin Wax - CDC","robots":{"index":"index","follow":"follow","max-snippet":"max-snippet:-1","max-image-preview":"max-image-preview:large","max-video-preview":"max-video-preview:-1"},"canonical":"https:\/\/carteldamageclaims.com\/es\/cases\/paraffin-wax\/","og_locale":"es_ES","og_type":"article","og_title":"Paraffin Wax - CDC","og_description":"In 2011, CDC filed in The Hague, the Netherlands, a legal action enforcing claims for damages resulting\u00a0from the Europe-wide paraffin wax cartel. Previously, CDC had acquired the claims from\u00a0eight purchasers of paraffin wax. Paraffin wax is mainly used for candle production but\u00a0has also a wide range of applications in packaging, cosmetics, construction and food industry. [&hellip;]","og_url":"https:\/\/carteldamageclaims.com\/es\/cases\/paraffin-wax\/","og_site_name":"CDC","article_modified_time":"2021-01-28T10:04:18+00:00","twitter_card":"summary_large_image","twitter_misc":{"Est. reading time":"2 minutes","Written by":"Christian Classen"},"schema":{"@context":"https:\/\/schema.org","@graph":[{"@type":"WebPage","@id":"https:\/\/carteldamageclaims.com\/cases\/paraffin-wax\/","url":"https:\/\/carteldamageclaims.com\/cases\/paraffin-wax\/","name":"Paraffin Wax - CDC","isPartOf":{"@id":"https:\/\/carteldamageclaims.com\/#website"},"datePublished":"2020-09-09T10:14:08+00:00","dateModified":"2021-01-28T10:04:18+00:00","breadcrumb":{"@id":"https:\/\/carteldamageclaims.com\/cases\/paraffin-wax\/#breadcrumb"},"inLanguage":"es-ES","potentialAction":[{"@type":"ReadAction","target":["https:\/\/carteldamageclaims.com\/cases\/paraffin-wax\/"]}]},{"@type":"BreadcrumbList","@id":"https:\/\/carteldamageclaims.com\/cases\/paraffin-wax\/#breadcrumb","itemListElement":[{"@type":"ListItem","position":1,"name":"Home","item":"https:\/\/carteldamageclaims.com\/"},{"@type":"ListItem","position":2,"name":"CASES","item":"https:\/\/carteldamageclaims.com\/cases\/"},{"@type":"ListItem","position":3,"name":"Paraffin Wax"}]},{"@type":"WebSite","@id":"https:\/\/carteldamageclaims.com\/#website","url":"https:\/\/carteldamageclaims.com\/","name":"CDC Cartel Damage Claims","description":"Cartel Damage Claims","publisher":{"@id":"https:\/\/carteldamageclaims.com\/#organization"},"potentialAction":[{"@type":"SearchAction","target":{"@type":"EntryPoint","urlTemplate":"https:\/\/carteldamageclaims.com\/?s={search_term_string}"},"query-input":{"@type":"PropertyValueSpecification","valueRequired":true,"valueName":"search_term_string"}}],"inLanguage":"es-ES"},{"@type":"Organization","@id":"https:\/\/carteldamageclaims.com\/#organization","name":"CDC Cartel Damage Claims","url":"https:\/\/carteldamageclaims.com\/","logo":{"@type":"ImageObject","inLanguage":"es-ES","@id":"https:\/\/carteldamageclaims.com\/#\/schema\/logo\/image\/","url":"https:\/\/carteldamageclaims.com\/wp-content\/uploads\/2020\/09\/CDC-Logo.jpg","contentUrl":"https:\/\/carteldamageclaims.com\/wp-content\/uploads\/2020\/09\/CDC-Logo.jpg","width":225,"height":54,"caption":"CDC Cartel Damage Claims"},"image":{"@id":"https:\/\/carteldamageclaims.com\/#\/schema\/logo\/image\/"}}]}},"_links":{"self":[{"href":"https:\/\/carteldamageclaims.com\/es\/wp-json\/wp\/v2\/pages\/530","targetHints":{"allow":["GET"]}}],"collection":[{"href":"https:\/\/carteldamageclaims.com\/es\/wp-json\/wp\/v2\/pages"}],"about":[{"href":"https:\/\/carteldamageclaims.com\/es\/wp-json\/wp\/v2\/types\/page"}],"author":[{"embeddable":true,"href":"https:\/\/carteldamageclaims.com\/es\/wp-json\/wp\/v2\/users\/2"}],"replies":[{"embeddable":true,"href":"https:\/\/carteldamageclaims.com\/es\/wp-json\/wp\/v2\/comments?post=530"}],"version-history":[{"count":18,"href":"https:\/\/carteldamageclaims.com\/es\/wp-json\/wp\/v2\/pages\/530\/revisions"}],"predecessor-version":[{"id":6947,"href":"https:\/\/carteldamageclaims.com\/es\/wp-json\/wp\/v2\/pages\/530\/revisions\/6947"}],"up":[{"embeddable":true,"href":"https:\/\/carteldamageclaims.com\/es\/wp-json\/wp\/v2\/pages\/40"}],"wp:attachment":[{"href":"https:\/\/carteldamageclaims.com\/es\/wp-json\/wp\/v2\/media?parent=530"}],"wp:term":[{"taxonomy":"author","embeddable":true,"href":"https:\/\/carteldamageclaims.com\/es\/wp-json\/wp\/v2\/coauthors?post=530"}],"curies":[{"name":"wp","href":"https:\/\/api.w.org\/{rel}","templated":true}]}}