{"id":535,"date":"2020-09-09T12:22:11","date_gmt":"2020-09-09T10:22:11","guid":{"rendered":"https:\/\/carteldamageclaims.com\/?page_id=535"},"modified":"2021-01-28T11:01:10","modified_gmt":"2021-01-28T10:01:10","slug":"sodium-chlorate","status":"publish","type":"page","link":"https:\/\/carteldamageclaims.com\/es\/cases\/sodium-chlorate\/","title":{"rendered":"Clorato de sodio"},"content":{"rendered":"<div data-elementor-type=\"wp-page\" data-elementor-id=\"535\" class=\"elementor elementor-535\" data-elementor-post-type=\"page\">\n\t\t\t\t\t\t<section class=\"elementor-section elementor-top-section elementor-element elementor-element-e461854 elementor-section-boxed elementor-section-height-default elementor-section-height-default\" data-id=\"e461854\" data-element_type=\"section\" data-e-type=\"section\" data-settings=\"{&quot;background_background&quot;:&quot;classic&quot;}\">\n\t\t\t\t\t\t<div class=\"elementor-container elementor-column-gap-default\">\n\t\t\t\t\t<div class=\"elementor-column elementor-col-100 elementor-top-column elementor-element elementor-element-72bc5b5\" data-id=\"72bc5b5\" data-element_type=\"column\" data-e-type=\"column\">\n\t\t\t<div class=\"elementor-widget-wrap elementor-element-populated\">\n\t\t\t\t\t\t\t<\/div>\n\t\t<\/div>\n\t\t\t\t\t<\/div>\n\t\t<\/section>\n\t\t\t\t<section class=\"elementor-section elementor-top-section elementor-element elementor-element-e859103 elementor-section-boxed elementor-section-height-default elementor-section-height-default\" data-id=\"e859103\" data-element_type=\"section\" data-e-type=\"section\" data-settings=\"{&quot;background_background&quot;:&quot;classic&quot;}\">\n\t\t\t\t\t\t\t<div class=\"elementor-background-overlay\"><\/div>\n\t\t\t\t\t\t\t<div class=\"elementor-container elementor-column-gap-default\">\n\t\t\t\t\t<div class=\"elementor-column elementor-col-50 elementor-top-column elementor-element elementor-element-591e5df\" data-id=\"591e5df\" data-element_type=\"column\" data-e-type=\"column\">\n\t\t\t<div class=\"elementor-widget-wrap elementor-element-populated\">\n\t\t\t\t\t\t<div class=\"elementor-element elementor-element-4fd825f elementor-widget elementor-widget-spacer\" data-id=\"4fd825f\" data-element_type=\"widget\" data-e-type=\"widget\" data-widget_type=\"spacer.default\">\n\t\t\t\t<div class=\"elementor-widget-container\">\n\t\t\t\t\t\t\t<div class=\"elementor-spacer\">\n\t\t\t<div class=\"elementor-spacer-inner\"><\/div>\n\t\t<\/div>\n\t\t\t\t\t\t<\/div>\n\t\t\t\t<\/div>\n\t\t\t\t\t<\/div>\n\t\t<\/div>\n\t\t\t\t<div class=\"elementor-column elementor-col-50 elementor-top-column elementor-element elementor-element-92579b0\" data-id=\"92579b0\" data-element_type=\"column\" data-e-type=\"column\">\n\t\t\t<div class=\"elementor-widget-wrap elementor-element-populated\">\n\t\t\t\t\t\t<div class=\"elementor-element elementor-element-f11ebe5 elementor-widget elementor-widget-spacer\" data-id=\"f11ebe5\" data-element_type=\"widget\" data-e-type=\"widget\" data-widget_type=\"spacer.default\">\n\t\t\t\t<div class=\"elementor-widget-container\">\n\t\t\t\t\t\t\t<div class=\"elementor-spacer\">\n\t\t\t<div class=\"elementor-spacer-inner\"><\/div>\n\t\t<\/div>\n\t\t\t\t\t\t<\/div>\n\t\t\t\t<\/div>\n\t\t\t\t\t<\/div>\n\t\t<\/div>\n\t\t\t\t\t<\/div>\n\t\t<\/section>\n\t\t\t\t<section class=\"elementor-section elementor-top-section elementor-element elementor-element-5dff73a elementor-section-boxed elementor-section-height-default elementor-section-height-default\" data-id=\"5dff73a\" data-element_type=\"section\" data-e-type=\"section\">\n\t\t\t\t\t\t<div class=\"elementor-container elementor-column-gap-default\">\n\t\t\t\t\t<div class=\"elementor-column elementor-col-100 elementor-top-column elementor-element elementor-element-ab00f95\" data-id=\"ab00f95\" data-element_type=\"column\" data-e-type=\"column\">\n\t\t\t<div class=\"elementor-widget-wrap elementor-element-populated\">\n\t\t\t\t\t\t<div class=\"elementor-element elementor-element-5f2db3e elementor-widget elementor-widget-spacer\" data-id=\"5f2db3e\" data-element_type=\"widget\" data-e-type=\"widget\" data-widget_type=\"spacer.default\">\n\t\t\t\t<div class=\"elementor-widget-container\">\n\t\t\t\t\t\t\t<div class=\"elementor-spacer\">\n\t\t\t<div class=\"elementor-spacer-inner\"><\/div>\n\t\t<\/div>\n\t\t\t\t\t\t<\/div>\n\t\t\t\t<\/div>\n\t\t\t\t<div class=\"elementor-element elementor-element-907d28c elementor-widget elementor-widget-text-editor\" data-id=\"907d28c\" data-element_type=\"widget\" data-e-type=\"widget\" data-widget_type=\"text-editor.default\">\n\t\t\t\t<div class=\"elementor-widget-container\">\n\t\t\t\t\t\t\t\t\t<p>En mayo de 2011, CDC present\u00f3 una demanda contra cuatro miembros del c\u00e1rtel de clorato de sodio a nivel europeo en los tribunales de \u00c1msterdam (Pa\u00edses Bajos). El clorato de sodio es un agente blanqueador utilizado principalmente en la industria de la pulpa y el papel.<\/p>\t\t\t\t\t\t\t\t<\/div>\n\t\t\t\t<\/div>\n\t\t\t\t<div class=\"elementor-element elementor-element-8d7ac36 elementor-widget elementor-widget-spacer\" data-id=\"8d7ac36\" data-element_type=\"widget\" data-e-type=\"widget\" data-widget_type=\"spacer.default\">\n\t\t\t\t<div class=\"elementor-widget-container\">\n\t\t\t\t\t\t\t<div class=\"elementor-spacer\">\n\t\t\t<div class=\"elementor-spacer-inner\"><\/div>\n\t\t<\/div>\n\t\t\t\t\t\t<\/div>\n\t\t\t\t<\/div>\n\t\t\t\t<div class=\"elementor-element elementor-element-9de5eb0 elementor-widget elementor-widget-heading\" data-id=\"9de5eb0\" data-element_type=\"widget\" data-e-type=\"widget\" data-widget_type=\"heading.default\">\n\t\t\t\t<div class=\"elementor-widget-container\">\n\t\t\t\t\t<h2 class=\"elementor-heading-title elementor-size-default\">Antecedentes - C\u00e1rtel europeo del clorato de sodio\n\n<\/h2>\t\t\t\t<\/div>\n\t\t\t\t<\/div>\n\t\t\t\t<div class=\"elementor-element elementor-element-366f183 elementor-widget elementor-widget-text-editor\" data-id=\"366f183\" data-element_type=\"widget\" data-e-type=\"widget\" data-widget_type=\"text-editor.default\">\n\t\t\t\t<div class=\"elementor-widget-container\">\n\t\t\t\t\t\t\t\t\t<p>El 11 de junio de 2008, la Comisi\u00f3n Europea constat\u00f3 que&nbsp;<a href=\"https:\/\/www.akzonobel.com\/en\" target=\"_blank\" rel=\"noopener noreferrer\">Eka Chemicals AB \/ Akzo Nobel NV,<\/a>,&nbsp;<a href=\"https:\/\/www.kemira.com\/\" target=\"_blank\" rel=\"noopener noreferrer\">Finnish Chemicals Oy (ahora Kemira Chemicals)\/ Erikem Luxembourg SA<\/a>,&nbsp;<a href=\"https:\/\/www.arkema.com\/en\/\" target=\"_blank\" rel=\"noopener noreferrer\">Arkema France SA \/ Elf Aquitaine SA<\/a>y&nbsp;<a href=\"http:\/\/www.ercros.es\/index.php?lang=en\" target=\"_blank\" rel=\"noopener noreferrer\">Aragonesas Industrias y Energ\u00eda SAU\/ Uralita SA<\/a>&nbsp;hab\u00edan participado de 1994 a 2000 en acuerdos anticompetitivos y pr\u00e1cticas concertadas a escala europea en el mercado del clorato de sodio.<\/p>\n<p>En numerosas reuniones, los miembros del c\u00e1rtel del clorato de sodio fijaron los precios y controlaron su aplicaci\u00f3n, se repartieron los clientes y las cuotas \nde mercado e intercambiaron informaci\u00f3n comercialmente sensible. Los miembros del c\u00e1rtel persegu\u00edan una estrategia para estabilizar artificialmente el mercado del clorato s\u00f3dico. Su objetivo final era, seg\u00fan la Comisi\u00f3n, \"coordinar la pol\u00edtica de precios frente a los clientes y maximizar as\u00ed los m\u00e1rgenes\".<\/p>\n<p>Tres grupos de empresas reconocieron su participaci\u00f3n en el cartel del clorato s\u00f3dico y cooperaron con la Comisi\u00f3n en el marco de su programa de clemencia. La Comisi\u00f3n impuso multas de m\u00e1s de 79 millones de euros a todos los grupos de empresas.<\/p>\t\t\t\t\t\t\t\t<\/div>\n\t\t\t\t<\/div>\n\t\t\t\t<div class=\"elementor-element elementor-element-83cab40 elementor-widget elementor-widget-spacer\" data-id=\"83cab40\" data-element_type=\"widget\" data-e-type=\"widget\" data-widget_type=\"spacer.default\">\n\t\t\t\t<div class=\"elementor-widget-container\">\n\t\t\t\t\t\t\t<div class=\"elementor-spacer\">\n\t\t\t<div class=\"elementor-spacer-inner\"><\/div>\n\t\t<\/div>\n\t\t\t\t\t\t<\/div>\n\t\t\t\t<\/div>\n\t\t\t\t<div class=\"elementor-element elementor-element-29df993 elementor-widget elementor-widget-heading\" data-id=\"29df993\" data-element_type=\"widget\" data-e-type=\"widget\" data-widget_type=\"heading.default\">\n\t\t\t\t<div class=\"elementor-widget-container\">\n\t\t\t\t\t<h2 class=\"elementor-heading-title elementor-size-default\">La acci\u00f3n de da\u00f1os de CDC<\/h2>\t\t\t\t<\/div>\n\t\t\t\t<\/div>\n\t\t\t\t<div class=\"elementor-element elementor-element-9645da7 elementor-widget elementor-widget-text-editor\" data-id=\"9645da7\" data-element_type=\"widget\" data-e-type=\"widget\" data-widget_type=\"text-editor.default\">\n\t\t\t\t<div class=\"elementor-widget-container\">\n\t\t\t\t\t\t\t\t\t<p>El 31 de mayo de 2011, CDC present\u00f3 una demanda por da\u00f1os y perjuicios contra Akzo Nobel, EKA Chemicals, Kemira Chemicals y Arkema France ante el Tribunal de Distrito de \u00c1msterdam, Pa\u00edses Bajos. Previamente, diez empresas de pulpa y papel con un total de 27 centros de producci\u00f3n ubicados en 9 pa\u00edses europeos hab\u00edan cedido a CDC sus reclamaciones por da\u00f1os y perjuicios derivados del c\u00e1rtel del clorato s\u00f3dico. Representan casi la mitad de la demanda global europea de clorato de sodio.<\/p><p>Bas\u00e1ndose en los datos detallados de las transacciones recogidas de las empresas perjudicadas, CDC revel\u00f3, junto con sus expertos econ\u00f3micos externos, que el c\u00e1rtel dio lugar a importantes sobreprecios. Los compradores de clorato de sodio sufrieron da\u00f1os y perjuicios de los que los miembros del c\u00e1rtel son responsables conjunta y solidariamente. El da\u00f1o total, incluidos los intereses, reclamado por CDC fue de m\u00e1s de 100 millones de euros.<\/p><p>El 4 de junio de 2014, el Tribunal de Distrito de \u00c1msterdam confirm\u00f3 su competencia internacional para conocer del caso. En esta sentencia hist\u00f3rica, \nel Tribunal sostuvo que todas las empresas que la Comisi\u00f3n consider\u00f3 que hab\u00edan participado en el c\u00e1rtel pueden ser demandadas conjuntamente en el lugar donde una de ellas tiene su sede. El Tribunal tambi\u00e9n confirm\u00f3 que esto se aplica a las empresas matrices, como Akzo Nobel, que era destinataria de la decisi\u00f3n de imposici\u00f3n de multas de la Comisi\u00f3n y cuyas filiales participaron directamente en las reuniones del c\u00e1rtel. Tambi\u00e9n rechaz\u00f3 el argumento de que carec\u00eda de competencia debido a la jurisdicci\u00f3n general y a las cl\u00e1usulas de arbitraje supuestamente acordadas en algunos contratos de suministro sobre la compra de clorato s\u00f3dico, porque las reclamaciones por da\u00f1os del c\u00e1rtel no est\u00e1n relacionadas con una relaci\u00f3n contractual, sino que son el resultado de la manipulaci\u00f3n clandestina del mercado por parte de todos los miembros del c\u00e1rtel. Posteriormente, el Tribunal de Apelaci\u00f3n de \u00c1msterdam confirm\u00f3 la sentencia de primera instancia mediante resoluci\u00f3n de 21 de julio de 2015. El Tribunal de Distrito de \u00c1msterdam, mediante sentencia de 10 de mayo de 2017, confirm\u00f3 la validez de las asignaciones, pero consider\u00f3 que algunas reclamaciones ya hab\u00edan prescrito. Tanto CDC como Kemira Chemicals recurrieron la sentencia de primera instancia.<\/p><p>El 4 de febrero de 2020, el Tribunal de Apelaci\u00f3n de \u00c1msterdam, en una sentencia hist\u00f3rica, dictamin\u00f3 que las reclamaciones presentadas por CDC \ncontra Kemira Chemicals no hab\u00edan prescrito y confirm\u00f3 la validez de las asignaciones. La sentencia proporciona una seguridad jur\u00eddica adicional en el \u00e1mbito de la aplicaci\u00f3n privada de la legislaci\u00f3n antimonopolio. El comunicado de prensa de CDC en relaci\u00f3n con la sentencia del Tribunal de Apelaci\u00f3n puede encontrarse\u00a0<a href=\"https:\/\/www.carteldamageclaims.com\/wp-content\/uploads\/2020\/02\/200204-CDC-Press-Release-Court-of-Appeal-judgment-Sodium-Chlorate-Cartel-Litigation.pdf\" target=\"_blank\" rel=\"noopener noreferrer\">aqu\u00ed<\/a>Una traducci\u00f3n al ingl\u00e9s de la sentencia tambi\u00e9n est\u00e1 disponible\u00a0<a href=\"https:\/\/www.carteldamageclaims.com\/wp-content\/uploads\/2020\/02\/2020-02-04-Translation-Judgment-of-the-Amsterdam-Court-of-Appeal-CDC-Kemira_3310107.pdf\" target=\"_blank\" rel=\"noopener noreferrer\">aqu\u00ed<\/a>.<\/p><p>Como se puede observar en art\u00edculos de prensa, comunicados de prensa, informes anuales y declaraciones p\u00fablicas de los demandados, \nCDC ha llegado a acuerdos extrajudiciales con Arkema France, Akzo Nobel y Eka Chemicals y ha retirado la acci\u00f3n contra estas empresas.<\/p><p>El procedimiento contin\u00faa contra el \u00fanico demandado restante, Kemira Chemicals, y est\u00e1 actualmente pendiente ante el Tribunal de Distrito de \u00c1msterdam.<\/p>\t\t\t\t\t\t\t\t<\/div>\n\t\t\t\t<\/div>\n\t\t\t\t\t<\/div>\n\t\t<\/div>\n\t\t\t\t\t<\/div>\n\t\t<\/section>\n\t\t\t\t<\/div>","protected":false},"excerpt":{"rendered":"<p>In May 2011, CDC filed an action against four members of the Europe-wide sodium chlorate cartel in the Courts of Amsterdam, the Netherlands. Sodium chlorate is a bleaching agent mainly used in the pulp and paper industry. Background \u2013 European Sodium Chlorate Cartel On 11 June 2008 the European Commission found that&nbsp;Eka Chemicals AB \/ [&hellip;]<\/p>\n","protected":false},"author":2,"featured_media":0,"parent":40,"menu_order":0,"comment_status":"closed","ping_status":"closed","template":"elementor_header_footer","meta":{"footnotes":""},"coauthors":[],"class_list":["post-535","page","type-page","status-publish","hentry"],"yoast_head":"<!-- This site is optimized with the Yoast SEO plugin v27.3 - https:\/\/yoast.com\/product\/yoast-seo-wordpress\/ -->\n<title>Sodium Chlorate - CDC<\/title>\n<meta name=\"robots\" content=\"index, follow, max-snippet:-1, max-image-preview:large, max-video-preview:-1\" \/>\n<link rel=\"canonical\" href=\"https:\/\/carteldamageclaims.com\/es\/cases\/sodium-chlorate\/\" \/>\n<meta property=\"og:locale\" content=\"es_ES\" \/>\n<meta property=\"og:type\" content=\"article\" \/>\n<meta property=\"og:title\" content=\"Sodium Chlorate - CDC\" \/>\n<meta property=\"og:description\" content=\"In May 2011, CDC filed an action against four members of the Europe-wide sodium chlorate cartel in the Courts of Amsterdam, the Netherlands. Sodium chlorate is a bleaching agent mainly used in the pulp and paper industry. Background \u2013 European Sodium Chlorate Cartel On 11 June 2008 the European Commission found that&nbsp;Eka Chemicals AB \/ [&hellip;]\" \/>\n<meta property=\"og:url\" content=\"https:\/\/carteldamageclaims.com\/es\/cases\/sodium-chlorate\/\" \/>\n<meta property=\"og:site_name\" content=\"CDC\" \/>\n<meta property=\"article:modified_time\" content=\"2021-01-28T10:01:10+00:00\" \/>\n<meta name=\"twitter:card\" content=\"summary_large_image\" \/>\n<meta name=\"twitter:label1\" content=\"Est. reading time\" \/>\n\t<meta name=\"twitter:data1\" content=\"3 minutes\" \/>\n\t<meta name=\"twitter:label2\" content=\"Written by\" \/>\n\t<meta name=\"twitter:data2\" content=\"Christian Classen\" \/>\n<script type=\"application\/ld+json\" class=\"yoast-schema-graph\">{\"@context\":\"https:\\\/\\\/schema.org\",\"@graph\":[{\"@type\":\"WebPage\",\"@id\":\"https:\\\/\\\/carteldamageclaims.com\\\/cases\\\/sodium-chlorate\\\/\",\"url\":\"https:\\\/\\\/carteldamageclaims.com\\\/cases\\\/sodium-chlorate\\\/\",\"name\":\"Sodium Chlorate - CDC\",\"isPartOf\":{\"@id\":\"https:\\\/\\\/carteldamageclaims.com\\\/#website\"},\"datePublished\":\"2020-09-09T10:22:11+00:00\",\"dateModified\":\"2021-01-28T10:01:10+00:00\",\"breadcrumb\":{\"@id\":\"https:\\\/\\\/carteldamageclaims.com\\\/cases\\\/sodium-chlorate\\\/#breadcrumb\"},\"inLanguage\":\"es-ES\",\"potentialAction\":[{\"@type\":\"ReadAction\",\"target\":[\"https:\\\/\\\/carteldamageclaims.com\\\/cases\\\/sodium-chlorate\\\/\"]}]},{\"@type\":\"BreadcrumbList\",\"@id\":\"https:\\\/\\\/carteldamageclaims.com\\\/cases\\\/sodium-chlorate\\\/#breadcrumb\",\"itemListElement\":[{\"@type\":\"ListItem\",\"position\":1,\"name\":\"Home\",\"item\":\"https:\\\/\\\/carteldamageclaims.com\\\/\"},{\"@type\":\"ListItem\",\"position\":2,\"name\":\"CASES\",\"item\":\"https:\\\/\\\/carteldamageclaims.com\\\/cases\\\/\"},{\"@type\":\"ListItem\",\"position\":3,\"name\":\"Sodium Chlorate\"}]},{\"@type\":\"WebSite\",\"@id\":\"https:\\\/\\\/carteldamageclaims.com\\\/#website\",\"url\":\"https:\\\/\\\/carteldamageclaims.com\\\/\",\"name\":\"CDC Cartel Damage Claims\",\"description\":\"Cartel Damage Claims\",\"publisher\":{\"@id\":\"https:\\\/\\\/carteldamageclaims.com\\\/#organization\"},\"potentialAction\":[{\"@type\":\"SearchAction\",\"target\":{\"@type\":\"EntryPoint\",\"urlTemplate\":\"https:\\\/\\\/carteldamageclaims.com\\\/?s={search_term_string}\"},\"query-input\":{\"@type\":\"PropertyValueSpecification\",\"valueRequired\":true,\"valueName\":\"search_term_string\"}}],\"inLanguage\":\"es-ES\"},{\"@type\":\"Organization\",\"@id\":\"https:\\\/\\\/carteldamageclaims.com\\\/#organization\",\"name\":\"CDC Cartel Damage Claims\",\"url\":\"https:\\\/\\\/carteldamageclaims.com\\\/\",\"logo\":{\"@type\":\"ImageObject\",\"inLanguage\":\"es-ES\",\"@id\":\"https:\\\/\\\/carteldamageclaims.com\\\/#\\\/schema\\\/logo\\\/image\\\/\",\"url\":\"https:\\\/\\\/carteldamageclaims.com\\\/wp-content\\\/uploads\\\/2020\\\/09\\\/CDC-Logo.jpg\",\"contentUrl\":\"https:\\\/\\\/carteldamageclaims.com\\\/wp-content\\\/uploads\\\/2020\\\/09\\\/CDC-Logo.jpg\",\"width\":225,\"height\":54,\"caption\":\"CDC Cartel Damage Claims\"},\"image\":{\"@id\":\"https:\\\/\\\/carteldamageclaims.com\\\/#\\\/schema\\\/logo\\\/image\\\/\"}}]}<\/script>\n<!-- \/ Yoast SEO plugin. -->","yoast_head_json":{"title":"Sodium Chlorate - CDC","robots":{"index":"index","follow":"follow","max-snippet":"max-snippet:-1","max-image-preview":"max-image-preview:large","max-video-preview":"max-video-preview:-1"},"canonical":"https:\/\/carteldamageclaims.com\/es\/cases\/sodium-chlorate\/","og_locale":"es_ES","og_type":"article","og_title":"Sodium Chlorate - CDC","og_description":"In May 2011, CDC filed an action against four members of the Europe-wide sodium chlorate cartel in the Courts of Amsterdam, the Netherlands. Sodium chlorate is a bleaching agent mainly used in the pulp and paper industry. Background \u2013 European Sodium Chlorate Cartel On 11 June 2008 the European Commission found that&nbsp;Eka Chemicals AB \/ [&hellip;]","og_url":"https:\/\/carteldamageclaims.com\/es\/cases\/sodium-chlorate\/","og_site_name":"CDC","article_modified_time":"2021-01-28T10:01:10+00:00","twitter_card":"summary_large_image","twitter_misc":{"Est. reading time":"3 minutes","Written by":"Christian Classen"},"schema":{"@context":"https:\/\/schema.org","@graph":[{"@type":"WebPage","@id":"https:\/\/carteldamageclaims.com\/cases\/sodium-chlorate\/","url":"https:\/\/carteldamageclaims.com\/cases\/sodium-chlorate\/","name":"Sodium Chlorate - CDC","isPartOf":{"@id":"https:\/\/carteldamageclaims.com\/#website"},"datePublished":"2020-09-09T10:22:11+00:00","dateModified":"2021-01-28T10:01:10+00:00","breadcrumb":{"@id":"https:\/\/carteldamageclaims.com\/cases\/sodium-chlorate\/#breadcrumb"},"inLanguage":"es-ES","potentialAction":[{"@type":"ReadAction","target":["https:\/\/carteldamageclaims.com\/cases\/sodium-chlorate\/"]}]},{"@type":"BreadcrumbList","@id":"https:\/\/carteldamageclaims.com\/cases\/sodium-chlorate\/#breadcrumb","itemListElement":[{"@type":"ListItem","position":1,"name":"Home","item":"https:\/\/carteldamageclaims.com\/"},{"@type":"ListItem","position":2,"name":"CASES","item":"https:\/\/carteldamageclaims.com\/cases\/"},{"@type":"ListItem","position":3,"name":"Sodium Chlorate"}]},{"@type":"WebSite","@id":"https:\/\/carteldamageclaims.com\/#website","url":"https:\/\/carteldamageclaims.com\/","name":"CDC Cartel Damage Claims","description":"Cartel Damage Claims","publisher":{"@id":"https:\/\/carteldamageclaims.com\/#organization"},"potentialAction":[{"@type":"SearchAction","target":{"@type":"EntryPoint","urlTemplate":"https:\/\/carteldamageclaims.com\/?s={search_term_string}"},"query-input":{"@type":"PropertyValueSpecification","valueRequired":true,"valueName":"search_term_string"}}],"inLanguage":"es-ES"},{"@type":"Organization","@id":"https:\/\/carteldamageclaims.com\/#organization","name":"CDC Cartel Damage Claims","url":"https:\/\/carteldamageclaims.com\/","logo":{"@type":"ImageObject","inLanguage":"es-ES","@id":"https:\/\/carteldamageclaims.com\/#\/schema\/logo\/image\/","url":"https:\/\/carteldamageclaims.com\/wp-content\/uploads\/2020\/09\/CDC-Logo.jpg","contentUrl":"https:\/\/carteldamageclaims.com\/wp-content\/uploads\/2020\/09\/CDC-Logo.jpg","width":225,"height":54,"caption":"CDC Cartel Damage Claims"},"image":{"@id":"https:\/\/carteldamageclaims.com\/#\/schema\/logo\/image\/"}}]}},"_links":{"self":[{"href":"https:\/\/carteldamageclaims.com\/es\/wp-json\/wp\/v2\/pages\/535","targetHints":{"allow":["GET"]}}],"collection":[{"href":"https:\/\/carteldamageclaims.com\/es\/wp-json\/wp\/v2\/pages"}],"about":[{"href":"https:\/\/carteldamageclaims.com\/es\/wp-json\/wp\/v2\/types\/page"}],"author":[{"embeddable":true,"href":"https:\/\/carteldamageclaims.com\/es\/wp-json\/wp\/v2\/users\/2"}],"replies":[{"embeddable":true,"href":"https:\/\/carteldamageclaims.com\/es\/wp-json\/wp\/v2\/comments?post=535"}],"version-history":[{"count":17,"href":"https:\/\/carteldamageclaims.com\/es\/wp-json\/wp\/v2\/pages\/535\/revisions"}],"predecessor-version":[{"id":6935,"href":"https:\/\/carteldamageclaims.com\/es\/wp-json\/wp\/v2\/pages\/535\/revisions\/6935"}],"up":[{"embeddable":true,"href":"https:\/\/carteldamageclaims.com\/es\/wp-json\/wp\/v2\/pages\/40"}],"wp:attachment":[{"href":"https:\/\/carteldamageclaims.com\/es\/wp-json\/wp\/v2\/media?parent=535"}],"wp:term":[{"taxonomy":"author","embeddable":true,"href":"https:\/\/carteldamageclaims.com\/es\/wp-json\/wp\/v2\/coauthors?post=535"}],"curies":[{"name":"wp","href":"https:\/\/api.w.org\/{rel}","templated":true}]}}