{"id":7330,"date":"2021-04-30T08:56:59","date_gmt":"2021-04-30T06:56:59","guid":{"rendered":"https:\/\/carteldamageclaims.com\/?page_id=7330"},"modified":"2022-04-01T13:29:15","modified_gmt":"2022-04-01T11:29:15","slug":"milk-cartel","status":"publish","type":"page","link":"https:\/\/carteldamageclaims.com\/es\/cases\/milk-cartel\/","title":{"rendered":"El c\u00e1rtel de la leche"},"content":{"rendered":"<div data-elementor-type=\"wp-page\" data-elementor-id=\"7330\" class=\"elementor elementor-7330\" data-elementor-post-type=\"page\">\n\t\t\t\t\t\t<section class=\"elementor-section elementor-top-section elementor-element elementor-element-d3ab98c elementor-section-boxed elementor-section-height-default elementor-section-height-default\" data-id=\"d3ab98c\" data-element_type=\"section\" data-e-type=\"section\" data-settings=\"{&quot;background_background&quot;:&quot;classic&quot;}\">\n\t\t\t\t\t\t<div class=\"elementor-container elementor-column-gap-default\">\n\t\t\t\t\t<div class=\"elementor-column elementor-col-100 elementor-top-column elementor-element elementor-element-71f91e3\" data-id=\"71f91e3\" data-element_type=\"column\" data-e-type=\"column\">\n\t\t\t<div class=\"elementor-widget-wrap elementor-element-populated\">\n\t\t\t\t\t\t\t<\/div>\n\t\t<\/div>\n\t\t\t\t\t<\/div>\n\t\t<\/section>\n\t\t\t\t<section class=\"elementor-section elementor-top-section elementor-element elementor-element-aabda83 elementor-section-full_width elementor-section-height-default elementor-section-height-default\" data-id=\"aabda83\" data-element_type=\"section\" data-e-type=\"section\" data-settings=\"{&quot;background_background&quot;:&quot;classic&quot;}\">\n\t\t\t\t\t\t<div class=\"elementor-container elementor-column-gap-default\">\n\t\t\t\t\t<div class=\"elementor-column elementor-col-100 elementor-top-column elementor-element elementor-element-a5d2a9e\" data-id=\"a5d2a9e\" data-element_type=\"column\" data-e-type=\"column\">\n\t\t\t<div class=\"elementor-widget-wrap elementor-element-populated\">\n\t\t\t\t\t\t<div class=\"elementor-element elementor-element-c6cd6d9 elementor-widget elementor-widget-image\" data-id=\"c6cd6d9\" data-element_type=\"widget\" data-e-type=\"widget\" data-widget_type=\"image.default\">\n\t\t\t\t<div class=\"elementor-widget-container\">\n\t\t\t\t\t\t\t\t\t\t\t\t\t\t\t<img fetchpriority=\"high\" decoding=\"async\" width=\"850\" height=\"213\" src=\"https:\/\/carteldamageclaims.com\/wp-content\/uploads\/2021\/05\/Header-Leche-1024x256.png\" class=\"attachment-large size-large wp-image-7453\" alt=\"Milk carton - Icon blue\" srcset=\"https:\/\/carteldamageclaims.com\/wp-content\/uploads\/2021\/05\/Header-Leche-1024x256.png 1024w, https:\/\/carteldamageclaims.com\/wp-content\/uploads\/2021\/05\/Header-Leche-300x75.png 300w, https:\/\/carteldamageclaims.com\/wp-content\/uploads\/2021\/05\/Header-Leche-768x192.png 768w, https:\/\/carteldamageclaims.com\/wp-content\/uploads\/2021\/05\/Header-Leche-16x4.png 16w, https:\/\/carteldamageclaims.com\/wp-content\/uploads\/2021\/05\/Header-Leche-615x154.png 615w, https:\/\/carteldamageclaims.com\/wp-content\/uploads\/2021\/05\/Header-Leche.png 1120w\" sizes=\"(max-width: 850px) 100vw, 850px\" \/>\t\t\t\t\t\t\t\t\t\t\t\t\t\t\t<\/div>\n\t\t\t\t<\/div>\n\t\t\t\t\t<\/div>\n\t\t<\/div>\n\t\t\t\t\t<\/div>\n\t\t<\/section>\n\t\t\t\t<section class=\"elementor-section elementor-top-section elementor-element elementor-element-3a0473e2 elementor-section-boxed elementor-section-height-default elementor-section-height-default\" data-id=\"3a0473e2\" data-element_type=\"section\" data-e-type=\"section\">\n\t\t\t\t\t\t<div class=\"elementor-container elementor-column-gap-default\">\n\t\t\t\t\t<div class=\"elementor-column elementor-col-100 elementor-top-column elementor-element elementor-element-1dee42c3\" data-id=\"1dee42c3\" data-element_type=\"column\" data-e-type=\"column\">\n\t\t\t<div class=\"elementor-widget-wrap elementor-element-populated\">\n\t\t\t\t\t\t<div class=\"elementor-element elementor-element-43a8e58b elementor-widget elementor-widget-text-editor\" data-id=\"43a8e58b\" data-element_type=\"widget\" data-e-type=\"widget\" data-widget_type=\"text-editor.default\">\n\t\t\t\t<div class=\"elementor-widget-container\">\n\t\t\t\t\t\t\t\t\t\n<p>El 11 de julio de 2019, la Comisi\u00f3n Nacional de los Mercados y la Competencia (\"CNMC\") ha impuesto una multa de 80 millones de euros a diez grandes empresas l\u00e1cteas que operan en Espa\u00f1a por infracciones al derecho de la competencia entre los a\u00f1os 2000 y 2013 (Expte. S\/0425\/12 INDUSTRIAS L\u00c1CTEAS 2).<\/p>\n\n<p>Actualmente, CDC est\u00e1 preparando las demandas grupales por da\u00f1os y perjuicios a las que tienen derecho los ganaderos l\u00e1cteos perjudicados por el c\u00e1rtel de la leche (m\u00e1s informaci\u00f3n al respecto m\u00e1s adelante).<\/p>\n\n<p><strong>Contexto \u2013 El cartel de la leche en Espa\u00f1a<\/strong><\/p>\n\n<p>Seg\u00fan las conclusiones de la CNMC, los principales compradores de leche cruda de vaca intercambiaban informaci\u00f3n sobre los precios de compra, las cantidades compradas y los excedentes de leche desde el a\u00f1o 2000. Esto les permit\u00eda coordinar estrategias comerciales, restringir la competencia en el mercado de suministro de leche de vaca no tratada e impedir que los ganaderos obtuvieran precios de mercado competitivos por su leche cruda. De este modo, impidieron a los ganaderos negociar los precios y les dieron a elegir entre vender su leche a precios m\u00e1s bajos o no poder venderla en absoluto. Seg\u00fan la CNMC, de esta manera, los miembros del c\u00e1rtel consiguieron forzar los precios por debajo de los niveles competitivos.<\/p>\n\n<p>Las empresas implicadas en el c\u00e1rtel de la leche son Calidad Pascual, S.A. (antes Grupo Leche Pascual, S.A.), Central Lechera de Galicia (CELEGA, S.L.), Corporaci\u00f3n Alimentaria Pe\u00f1asanta, S.A. , Danone, S.A. , Grupo Lactalis Iberia, S.A. , Nestl\u00e9 Espa\u00f1a, S.A. , Industrias L\u00e1cteas de Granada, S.L.U. (antes PULEVA FOOD, S.L.), Schreiber Food Espa\u00f1a, S.L. (antes SENOBLE IBERICA, S.L.), Association of Galician Dairy Companies, Guild of the Catalan Dairy Industry, Industrias L\u00e1cteas Asturianas, S.A. , Grupo Leche R\u00edo, S.A. , Feiraco L\u00e1cteos, S.L. , Leche Celta, S.L. , Forlactaria Operadores Lecheros, S.A. y Central Lechera Asturiana, S.A.T.<\/p>\n\n<p><strong>Indemnizaci\u00f3n a los productores de leche<\/strong><\/p>\n\n<p>Los productores de leche afectados por el c\u00e1rtel tienen derecho, seg\u00fan la legislaci\u00f3n espa\u00f1ola y de la UE, a reclamar a los miembros del c\u00e1rtel una indemnizaci\u00f3n \u00edntegra por los da\u00f1os causados por las pr\u00e1cticas anticompetitivas establecidas por la CNMC. Cualquier reclamaci\u00f3n por da\u00f1os y perjuicios incluir\u00eda tambi\u00e9n los intereses devengados desde el momento en que se produjo el da\u00f1o. En su resoluci\u00f3n, la CNMC estima que las pr\u00e1cticas anticompetitivas de las empresas l\u00e1cteas supusieron una disminuci\u00f3n artificial de los precios de m\u00e1s del 10%. Seg\u00fan esto, cada productor l\u00e1cteo podr\u00eda reclamar al menos el 10% de sus ventas durante el periodo del c\u00e1rtel m\u00e1s los intereses devengados. Sin embargo, el grado de los da\u00f1os sufridos en cada caso individual s\u00f3lo puede cuantificarse tras la realizaci\u00f3n de un an\u00e1lisis exhaustivo de los da\u00f1os econ\u00f3micos.<\/p>\n\n<p><strong>Ejecuci\u00f3n de reclamaciones agrupadas a trav\u00e9s del CDC<\/strong><\/p>\n\n<p>Junto a sus socios de cooperaci\u00f3n, CDC est\u00e1 preparando el ejercicio de las demandas por da\u00f1os y perjuicios de un gran n\u00famero de productores de leche. Los productores l\u00e1cteos no s\u00f3lo se benefician de los casi 20 a\u00f1os de experiencia y conocimientos de CDC en el \u00e1mbito de la ejecuci\u00f3n de reclamaciones por da\u00f1os y perjuicios en materia de defensa de la competencia en toda Europa, sino tambi\u00e9n de la plena asunci\u00f3n de todos los costes y riesgos por parte de CDC. Las ventajas de la recopilaci\u00f3n exhaustiva de datos asociada al \"bundling model\" desarrollado por CDC tambi\u00e9n permite la preparaci\u00f3n de un s\u00f3lido an\u00e1lisis de los da\u00f1os, as\u00ed como la mejor presentaci\u00f3n posible de las pruebas en caso de procedimiento judicial. Los efectos de sinergia y el mayor poder de negociaci\u00f3n frente a los miembros del c\u00e1rtel conseguidos gracias a las demandas grupales completan la alineaci\u00f3n total entre los intereses de los productores l\u00e1cteos perjudicados, por un lado, y los de CDC, por otro.<\/p>\n\n<p><strong>\u00bfPuedo unirme al m\u00e9todo de agrupaci\u00f3n de CDC?<\/strong><\/p>\n<p>\u00a1S\u00ed! En teor\u00eda, CDC est\u00e1 abierto a incluir las reclamaciones de otros productores l\u00e1cteos en su ejercicio de las demandas grupales. Si est\u00e1 interesado en obtener m\u00e1s informaci\u00f3n al respecto, s\u00f3lo tiene que ponerse en contacto con nosotros. Estaremos encantados de explicarle personalmente nuestro m\u00e9todo y todas las ventajas asociadas (tambi\u00e9n hablamos espa\u00f1ol).<\/p>\n\t\t\t\t\t\t\t\t<\/div>\n\t\t\t\t<\/div>\n\t\t\t\t\t<\/div>\n\t\t<\/div>\n\t\t\t\t\t<\/div>\n\t\t<\/section>\n\t\t\t\t<section class=\"elementor-section elementor-top-section elementor-element elementor-element-317bfc6 elementor-section-boxed elementor-section-height-default elementor-section-height-default\" data-id=\"317bfc6\" data-element_type=\"section\" data-e-type=\"section\">\n\t\t\t\t\t\t<div class=\"elementor-container elementor-column-gap-default\">\n\t\t\t\t\t<div class=\"elementor-column elementor-col-100 elementor-top-column elementor-element elementor-element-f28017e\" data-id=\"f28017e\" data-element_type=\"column\" data-e-type=\"column\">\n\t\t\t<div class=\"elementor-widget-wrap elementor-element-populated\">\n\t\t\t\t\t\t<div class=\"elementor-element elementor-element-730cd0c elementor-align-center elementor-widget elementor-widget-button\" data-id=\"730cd0c\" data-element_type=\"widget\" data-e-type=\"widget\" data-widget_type=\"button.default\">\n\t\t\t\t<div class=\"elementor-widget-container\">\n\t\t\t\t\t\t\t\t\t<div class=\"elementor-button-wrapper\">\n\t\t\t\t\t<a class=\"elementor-button elementor-button-link elementor-size-md\" href=\"mailto:mail@carteldamageclaims.com\">\n\t\t\t\t\t\t<span class=\"elementor-button-content-wrapper\">\n\t\t\t\t\t\t\t\t\t<span class=\"elementor-button-text\">\u00a1P\u00f3ngase en contacto con CDC sin demora!<\/span>\n\t\t\t\t\t<\/span>\n\t\t\t\t\t<\/a>\n\t\t\t\t<\/div>\n\t\t\t\t\t\t\t\t<\/div>\n\t\t\t\t<\/div>\n\t\t\t\t<div class=\"elementor-element elementor-element-773819f elementor-widget elementor-widget-spacer\" data-id=\"773819f\" data-element_type=\"widget\" data-e-type=\"widget\" data-widget_type=\"spacer.default\">\n\t\t\t\t<div class=\"elementor-widget-container\">\n\t\t\t\t\t\t\t<div class=\"elementor-spacer\">\n\t\t\t<div class=\"elementor-spacer-inner\"><\/div>\n\t\t<\/div>\n\t\t\t\t\t\t<\/div>\n\t\t\t\t<\/div>\n\t\t\t\t\t<\/div>\n\t\t<\/div>\n\t\t\t\t\t<\/div>\n\t\t<\/section>\n\t\t\t\t<\/div>","protected":false},"excerpt":{"rendered":"<p>On 11 July 2019, the Spanish Competition Authority, the \u2018Comisi\u00f3n Nacional de Mercados y Competencia\u2019 (\u2018CNMC\u2019) fined ten large dairy companies operating in Spain \u20ac80 million for breaches of competition law between the years 2000 and 2013 (Expte. S\/0425\/12 INDUSTRIAS L\u00c1CTEAS 2). CDC is currently preparing the bundled enforcement of damage claims to which the [&hellip;]<\/p>\n","protected":false},"author":2,"featured_media":0,"parent":40,"menu_order":0,"comment_status":"closed","ping_status":"closed","template":"elementor_header_footer","meta":{"footnotes":""},"coauthors":[],"class_list":["post-7330","page","type-page","status-publish","hentry"],"yoast_head":"<!-- This site is optimized with the Yoast SEO plugin v27.3 - https:\/\/yoast.com\/product\/yoast-seo-wordpress\/ -->\n<title>Milk Cartel - CDC<\/title>\n<meta name=\"robots\" content=\"index, follow, max-snippet:-1, max-image-preview:large, max-video-preview:-1\" \/>\n<link rel=\"canonical\" href=\"https:\/\/carteldamageclaims.com\/es\/cases\/milk-cartel\/\" \/>\n<meta property=\"og:locale\" content=\"es_ES\" \/>\n<meta property=\"og:type\" content=\"article\" \/>\n<meta property=\"og:title\" content=\"Milk Cartel - CDC\" \/>\n<meta property=\"og:description\" content=\"On 11 July 2019, the Spanish Competition Authority, the \u2018Comisi\u00f3n Nacional de Mercados y Competencia\u2019 (\u2018CNMC\u2019) fined ten large dairy companies operating in Spain \u20ac80 million for breaches of competition law between the years 2000 and 2013 (Expte. S\/0425\/12 INDUSTRIAS L\u00c1CTEAS 2). CDC is currently preparing the bundled enforcement of damage claims to which the [&hellip;]\" \/>\n<meta property=\"og:url\" content=\"https:\/\/carteldamageclaims.com\/es\/cases\/milk-cartel\/\" \/>\n<meta property=\"og:site_name\" content=\"CDC\" \/>\n<meta property=\"article:modified_time\" content=\"2022-04-01T11:29:15+00:00\" \/>\n<meta property=\"og:image\" content=\"https:\/\/carteldamageclaims.com\/wp-content\/uploads\/2021\/05\/Header-Leche-1024x256.png\" \/>\n<meta name=\"twitter:card\" content=\"summary_large_image\" \/>\n<meta name=\"twitter:label1\" content=\"Est. reading time\" \/>\n\t<meta name=\"twitter:data1\" content=\"3 minutes\" \/>\n\t<meta name=\"twitter:label2\" content=\"Written by\" \/>\n\t<meta name=\"twitter:data2\" content=\"Christian Classen\" \/>\n<script type=\"application\/ld+json\" class=\"yoast-schema-graph\">{\"@context\":\"https:\\\/\\\/schema.org\",\"@graph\":[{\"@type\":\"WebPage\",\"@id\":\"https:\\\/\\\/carteldamageclaims.com\\\/cases\\\/milk-cartel\\\/\",\"url\":\"https:\\\/\\\/carteldamageclaims.com\\\/cases\\\/milk-cartel\\\/\",\"name\":\"Milk Cartel - CDC\",\"isPartOf\":{\"@id\":\"https:\\\/\\\/carteldamageclaims.com\\\/#website\"},\"primaryImageOfPage\":{\"@id\":\"https:\\\/\\\/carteldamageclaims.com\\\/cases\\\/milk-cartel\\\/#primaryimage\"},\"image\":{\"@id\":\"https:\\\/\\\/carteldamageclaims.com\\\/cases\\\/milk-cartel\\\/#primaryimage\"},\"thumbnailUrl\":\"https:\\\/\\\/carteldamageclaims.com\\\/wp-content\\\/uploads\\\/2021\\\/05\\\/Header-Leche-1024x256.png\",\"datePublished\":\"2021-04-30T06:56:59+00:00\",\"dateModified\":\"2022-04-01T11:29:15+00:00\",\"breadcrumb\":{\"@id\":\"https:\\\/\\\/carteldamageclaims.com\\\/cases\\\/milk-cartel\\\/#breadcrumb\"},\"inLanguage\":\"es-ES\",\"potentialAction\":[{\"@type\":\"ReadAction\",\"target\":[\"https:\\\/\\\/carteldamageclaims.com\\\/cases\\\/milk-cartel\\\/\"]}]},{\"@type\":\"ImageObject\",\"inLanguage\":\"es-ES\",\"@id\":\"https:\\\/\\\/carteldamageclaims.com\\\/cases\\\/milk-cartel\\\/#primaryimage\",\"url\":\"https:\\\/\\\/carteldamageclaims.com\\\/wp-content\\\/uploads\\\/2021\\\/05\\\/Header-Leche-1024x256.png\",\"contentUrl\":\"https:\\\/\\\/carteldamageclaims.com\\\/wp-content\\\/uploads\\\/2021\\\/05\\\/Header-Leche-1024x256.png\"},{\"@type\":\"BreadcrumbList\",\"@id\":\"https:\\\/\\\/carteldamageclaims.com\\\/cases\\\/milk-cartel\\\/#breadcrumb\",\"itemListElement\":[{\"@type\":\"ListItem\",\"position\":1,\"name\":\"Home\",\"item\":\"https:\\\/\\\/carteldamageclaims.com\\\/\"},{\"@type\":\"ListItem\",\"position\":2,\"name\":\"CASES\",\"item\":\"https:\\\/\\\/carteldamageclaims.com\\\/cases\\\/\"},{\"@type\":\"ListItem\",\"position\":3,\"name\":\"Milk Cartel\"}]},{\"@type\":\"WebSite\",\"@id\":\"https:\\\/\\\/carteldamageclaims.com\\\/#website\",\"url\":\"https:\\\/\\\/carteldamageclaims.com\\\/\",\"name\":\"CDC Cartel Damage Claims\",\"description\":\"Cartel Damage Claims\",\"publisher\":{\"@id\":\"https:\\\/\\\/carteldamageclaims.com\\\/#organization\"},\"potentialAction\":[{\"@type\":\"SearchAction\",\"target\":{\"@type\":\"EntryPoint\",\"urlTemplate\":\"https:\\\/\\\/carteldamageclaims.com\\\/?s={search_term_string}\"},\"query-input\":{\"@type\":\"PropertyValueSpecification\",\"valueRequired\":true,\"valueName\":\"search_term_string\"}}],\"inLanguage\":\"es-ES\"},{\"@type\":\"Organization\",\"@id\":\"https:\\\/\\\/carteldamageclaims.com\\\/#organization\",\"name\":\"CDC Cartel Damage Claims\",\"url\":\"https:\\\/\\\/carteldamageclaims.com\\\/\",\"logo\":{\"@type\":\"ImageObject\",\"inLanguage\":\"es-ES\",\"@id\":\"https:\\\/\\\/carteldamageclaims.com\\\/#\\\/schema\\\/logo\\\/image\\\/\",\"url\":\"https:\\\/\\\/carteldamageclaims.com\\\/wp-content\\\/uploads\\\/2020\\\/09\\\/CDC-Logo.jpg\",\"contentUrl\":\"https:\\\/\\\/carteldamageclaims.com\\\/wp-content\\\/uploads\\\/2020\\\/09\\\/CDC-Logo.jpg\",\"width\":225,\"height\":54,\"caption\":\"CDC Cartel Damage Claims\"},\"image\":{\"@id\":\"https:\\\/\\\/carteldamageclaims.com\\\/#\\\/schema\\\/logo\\\/image\\\/\"}}]}<\/script>\n<!-- \/ Yoast SEO plugin. -->","yoast_head_json":{"title":"Milk Cartel - CDC","robots":{"index":"index","follow":"follow","max-snippet":"max-snippet:-1","max-image-preview":"max-image-preview:large","max-video-preview":"max-video-preview:-1"},"canonical":"https:\/\/carteldamageclaims.com\/es\/cases\/milk-cartel\/","og_locale":"es_ES","og_type":"article","og_title":"Milk Cartel - CDC","og_description":"On 11 July 2019, the Spanish Competition Authority, the \u2018Comisi\u00f3n Nacional de Mercados y Competencia\u2019 (\u2018CNMC\u2019) fined ten large dairy companies operating in Spain \u20ac80 million for breaches of competition law between the years 2000 and 2013 (Expte. S\/0425\/12 INDUSTRIAS L\u00c1CTEAS 2). CDC is currently preparing the bundled enforcement of damage claims to which the [&hellip;]","og_url":"https:\/\/carteldamageclaims.com\/es\/cases\/milk-cartel\/","og_site_name":"CDC","article_modified_time":"2022-04-01T11:29:15+00:00","og_image":[{"url":"https:\/\/carteldamageclaims.com\/wp-content\/uploads\/2021\/05\/Header-Leche-1024x256.png","type":"","width":"","height":""}],"twitter_card":"summary_large_image","twitter_misc":{"Est. reading time":"3 minutes","Written by":"Christian Classen"},"schema":{"@context":"https:\/\/schema.org","@graph":[{"@type":"WebPage","@id":"https:\/\/carteldamageclaims.com\/cases\/milk-cartel\/","url":"https:\/\/carteldamageclaims.com\/cases\/milk-cartel\/","name":"Milk Cartel - CDC","isPartOf":{"@id":"https:\/\/carteldamageclaims.com\/#website"},"primaryImageOfPage":{"@id":"https:\/\/carteldamageclaims.com\/cases\/milk-cartel\/#primaryimage"},"image":{"@id":"https:\/\/carteldamageclaims.com\/cases\/milk-cartel\/#primaryimage"},"thumbnailUrl":"https:\/\/carteldamageclaims.com\/wp-content\/uploads\/2021\/05\/Header-Leche-1024x256.png","datePublished":"2021-04-30T06:56:59+00:00","dateModified":"2022-04-01T11:29:15+00:00","breadcrumb":{"@id":"https:\/\/carteldamageclaims.com\/cases\/milk-cartel\/#breadcrumb"},"inLanguage":"es-ES","potentialAction":[{"@type":"ReadAction","target":["https:\/\/carteldamageclaims.com\/cases\/milk-cartel\/"]}]},{"@type":"ImageObject","inLanguage":"es-ES","@id":"https:\/\/carteldamageclaims.com\/cases\/milk-cartel\/#primaryimage","url":"https:\/\/carteldamageclaims.com\/wp-content\/uploads\/2021\/05\/Header-Leche-1024x256.png","contentUrl":"https:\/\/carteldamageclaims.com\/wp-content\/uploads\/2021\/05\/Header-Leche-1024x256.png"},{"@type":"BreadcrumbList","@id":"https:\/\/carteldamageclaims.com\/cases\/milk-cartel\/#breadcrumb","itemListElement":[{"@type":"ListItem","position":1,"name":"Home","item":"https:\/\/carteldamageclaims.com\/"},{"@type":"ListItem","position":2,"name":"CASES","item":"https:\/\/carteldamageclaims.com\/cases\/"},{"@type":"ListItem","position":3,"name":"Milk Cartel"}]},{"@type":"WebSite","@id":"https:\/\/carteldamageclaims.com\/#website","url":"https:\/\/carteldamageclaims.com\/","name":"CDC Cartel Damage Claims","description":"Cartel Damage Claims","publisher":{"@id":"https:\/\/carteldamageclaims.com\/#organization"},"potentialAction":[{"@type":"SearchAction","target":{"@type":"EntryPoint","urlTemplate":"https:\/\/carteldamageclaims.com\/?s={search_term_string}"},"query-input":{"@type":"PropertyValueSpecification","valueRequired":true,"valueName":"search_term_string"}}],"inLanguage":"es-ES"},{"@type":"Organization","@id":"https:\/\/carteldamageclaims.com\/#organization","name":"CDC Cartel Damage Claims","url":"https:\/\/carteldamageclaims.com\/","logo":{"@type":"ImageObject","inLanguage":"es-ES","@id":"https:\/\/carteldamageclaims.com\/#\/schema\/logo\/image\/","url":"https:\/\/carteldamageclaims.com\/wp-content\/uploads\/2020\/09\/CDC-Logo.jpg","contentUrl":"https:\/\/carteldamageclaims.com\/wp-content\/uploads\/2020\/09\/CDC-Logo.jpg","width":225,"height":54,"caption":"CDC Cartel Damage Claims"},"image":{"@id":"https:\/\/carteldamageclaims.com\/#\/schema\/logo\/image\/"}}]}},"_links":{"self":[{"href":"https:\/\/carteldamageclaims.com\/es\/wp-json\/wp\/v2\/pages\/7330","targetHints":{"allow":["GET"]}}],"collection":[{"href":"https:\/\/carteldamageclaims.com\/es\/wp-json\/wp\/v2\/pages"}],"about":[{"href":"https:\/\/carteldamageclaims.com\/es\/wp-json\/wp\/v2\/types\/page"}],"author":[{"embeddable":true,"href":"https:\/\/carteldamageclaims.com\/es\/wp-json\/wp\/v2\/users\/2"}],"replies":[{"embeddable":true,"href":"https:\/\/carteldamageclaims.com\/es\/wp-json\/wp\/v2\/comments?post=7330"}],"version-history":[{"count":23,"href":"https:\/\/carteldamageclaims.com\/es\/wp-json\/wp\/v2\/pages\/7330\/revisions"}],"predecessor-version":[{"id":8899,"href":"https:\/\/carteldamageclaims.com\/es\/wp-json\/wp\/v2\/pages\/7330\/revisions\/8899"}],"up":[{"embeddable":true,"href":"https:\/\/carteldamageclaims.com\/es\/wp-json\/wp\/v2\/pages\/40"}],"wp:attachment":[{"href":"https:\/\/carteldamageclaims.com\/es\/wp-json\/wp\/v2\/media?parent=7330"}],"wp:term":[{"taxonomy":"author","embeddable":true,"href":"https:\/\/carteldamageclaims.com\/es\/wp-json\/wp\/v2\/coauthors?post=7330"}],"curies":[{"name":"wp","href":"https:\/\/api.w.org\/{rel}","templated":true}]}}