{"id":7904,"date":"2022-01-11T10:11:05","date_gmt":"2022-01-11T09:11:05","guid":{"rendered":"https:\/\/carteldamageclaims.com\/our-cases-2\/cars\/"},"modified":"2022-01-11T10:11:05","modified_gmt":"2022-01-11T09:11:05","slug":"cars","status":"publish","type":"page","link":"https:\/\/carteldamageclaims.com\/es\/cars\/","title":{"rendered":"Cars #2"},"content":{"rendered":"<p>On 23 July 2015, the Spanish Competition Authority, the \u2018Comisi\u00f3n Nacional de Mercados y Competencia\u2019 (\u2018CNMC\u2019) fined 21 car manufacturers and two consulting agencies operating in Spain EUR 171 million for breaches of competition law between February 2006 and August 2013, the highest fine in CNMC\u00b4s history (Exp. S\/0482\/13 Fabricantes de Autom\u00f3viles).<\/p>\n<h2> Background \u2013 The Spanish Car Cartel<\/h2>\n<p>The fined companies, covering more than 90% of the Spanish market, exchanged commercially sensitive information on car sales. By doing so, they were able to control the vast majority of the distribution and after-sales market in Spain allowing them to establish commercial conditions detrimental to their customers. Among other things, this resulted in both consumers and companies paying higher prices for cars due to the illegal conduct of the car manufacturers. Preliminary price overcharge estimations are in the range of 10-15%.<br \/>\nThe fined entities are: AUTOM\u00d3VILES CITRO\u00cbN ESPA\u00d1A, B&amp;M AUTOM\u00d3VILES ESPA\u00d1A, BMW IB\u00c9RICA, S.A.U., CHEVROLET ESPA\u00d1A, S.A.U., CHRYSLER ESPA\u00d1A, S.L., FIAT GROUP AUTOMOBILES SPAIN, S.A., FORD ESPA\u00d1A, S.L., GENERAL MOTORS ESPA\u00d1A, S.L.U., HONDA MOTOR EUROPE LIMITED, BRANCH IN SPAIN, S.L., HYUNDAI MOTOR ESPA\u00d1A, S.L.U., KIA MOTORS IBERIA, S.L., MAZDA AUTOM\u00d3VILES ESPA\u00d1A, S.A., MERCEDES BENZ ESPA\u00d1A, S.A., NISSAN IBERIA, S.A., PEUGEOT ESPA\u00d1A, S.A., PORSCHE IB\u00c9RICA, S.A., RENAULT ESPA\u00d1A COMERCIAL, S.A., SEAT, S.A., SNAP-ON BUSINESS SOLUTIONS, S.L., TOYOTA ESPA\u00d1A, S.L., URBAN SCIENCE ESPA\u00d1A, S.L.U., VOLKSWAGEN AUDI ESPA\u00d1A, S.A. and VOLVO CAR ESPA\u00d1A, S.A..<br \/>\nSEAT, S.A. as well as the other companies forming part of the Group to which it belongs (VOLKSWAGEN AUDI ESPA\u00d1A, S.A. and PORSCHE IB\u00c9RICA, S.A.), met the requirements set out in article 65 of the LDC and, consequently, were exempted from paying the fine relating to their participation in the infringing conduct.<\/p>\n<h2>Claims enforcement with CDC<\/h2>\n<p>Companies and individuals harmed by the car cartel are entitled to claim the damages suffered, plus interest, from the car manufacturers. As in CDC\u2019s other cases, we offer to those cartel victims the full outsourcing of the claims enforcement process. Operating under the &#8216;assignment model&#8217; invented by CDC, we together with our cooperation partners act as a one-stop-shop covering all relevant areas of claims enforcement, such as legal, economics, data collection\/analysis, funding, negotiating and \u2013 if necessary \u2013 litigation in court. In addition, the assignment model allows CDC to assume all enforcement-related costs and risks (including the adverse cost risk in case of losing in court) to the benefit of victims of the car cartel. These are among the many reasons why already thousands of companies and individuals harmed by the Spanish car manufacturers cartel have entrusted their claims to CDC.<\/p>\n<p>To provide attractive commercial conditions for everyone, we offer two different purchase price models to choose from:<\/p>\n<ul>\n<li>For those interested in an early substantial upfront payment, CDC offers a direct payment of EUR 100.00 upon the transfer of damage claim to CDC. This upfront payment is paid regardless of whether the claims enforcement will be successful and is accompanied by a 50\/50 split of the net compensation recovered.<\/li>\n<li>For cartel victims who would rather keep a bigger share of the potential compensation to be recovered instead of a substantial upfront payment, we offer our traditional 75\/25 split model.<\/li>\n<\/ul>\n<p>&nbsp;Learn more about both models <a href=\"https:\/\/compensaciondelcoche.es\/\">aqu\u00ed<\/a>.<\/p>\n<h2>Referral program<\/h2>\n<p>To gain as many supporters for our action against the car manufacturers cartel as possible, we have established a referral program anyone can participate in. Through this, we offer EUR 20.00 to everyone successfully referring a friend, family member, colleague, or acquaintance, to our cause. Participating is as simple as it gets, all one needs to do to get started is share an individual referral link to our registration platform via e-mail or social media. Click <a href=\"https:\/\/compensaciondelcoche.es\/programa-referidos\">aqu\u00ed<\/a> to find out more about our referral program.<\/p>\n<h2>Join the action<\/h2>\n<p>An individual or company affected by the car manufacturers cartel can still join our action by starting the convenient and fully automated registration process under <a href=\"https:\/\/compensaciondelcoche.es\/registro\">https:\/\/compensaciondelcoche.es\/registro.<\/a><\/p>","protected":false},"excerpt":{"rendered":"<p>On 23 July 2015, the Spanish Competition Authority, the \u2018Comisi\u00f3n Nacional de Mercados y Competencia\u2019 (\u2018CNMC\u2019) fined 21 car manufacturers and two consulting agencies operating in Spain EUR 171 million for breaches of competition law between February 2006 and August 2013, the highest fine in CNMC\u00b4s history (Exp. S\/0482\/13 Fabricantes de Autom\u00f3viles). Background \u2013 The [&hellip;]<\/p>\n","protected":false},"author":30,"featured_media":0,"parent":0,"menu_order":0,"comment_status":"closed","ping_status":"closed","template":"elementor_header_footer","meta":{"footnotes":""},"coauthors":[],"class_list":["post-7904","page","type-page","status-publish","hentry"],"yoast_head":"<!-- This site is optimized with the Yoast SEO plugin v27.3 - https:\/\/yoast.com\/product\/yoast-seo-wordpress\/ -->\n<title>Cars #2 - CDC<\/title>\n<meta name=\"robots\" content=\"index, follow, max-snippet:-1, max-image-preview:large, max-video-preview:-1\" \/>\n<link rel=\"canonical\" href=\"https:\/\/carteldamageclaims.com\/es\/cars\/\" \/>\n<meta property=\"og:locale\" content=\"es_ES\" \/>\n<meta property=\"og:type\" content=\"article\" \/>\n<meta property=\"og:title\" content=\"Cars #2 - CDC\" \/>\n<meta property=\"og:description\" content=\"On 23 July 2015, the Spanish Competition Authority, the \u2018Comisi\u00f3n Nacional de Mercados y Competencia\u2019 (\u2018CNMC\u2019) fined 21 car manufacturers and two consulting agencies operating in Spain EUR 171 million for breaches of competition law between February 2006 and August 2013, the highest fine in CNMC\u00b4s history (Exp. S\/0482\/13 Fabricantes de Autom\u00f3viles). Background \u2013 The [&hellip;]\" \/>\n<meta property=\"og:url\" content=\"https:\/\/carteldamageclaims.com\/es\/cars\/\" \/>\n<meta property=\"og:site_name\" content=\"CDC\" \/>\n<meta name=\"twitter:card\" content=\"summary_large_image\" \/>\n<meta name=\"twitter:label1\" content=\"Est. reading time\" \/>\n\t<meta name=\"twitter:data1\" content=\"3 minutes\" \/>\n\t<meta name=\"twitter:label2\" content=\"Written by\" \/>\n\t<meta name=\"twitter:data2\" content=\"Andr\u00e9 Fassbender\" \/>\n<script type=\"application\/ld+json\" class=\"yoast-schema-graph\">{\"@context\":\"https:\\\/\\\/schema.org\",\"@graph\":[{\"@type\":\"WebPage\",\"@id\":\"https:\\\/\\\/carteldamageclaims.com\\\/es\\\/cars\\\/\",\"url\":\"https:\\\/\\\/carteldamageclaims.com\\\/es\\\/cars\\\/\",\"name\":\"Cars #2 - CDC\",\"isPartOf\":{\"@id\":\"https:\\\/\\\/carteldamageclaims.com\\\/#website\"},\"datePublished\":\"2022-01-11T09:11:05+00:00\",\"breadcrumb\":{\"@id\":\"https:\\\/\\\/carteldamageclaims.com\\\/es\\\/cars\\\/#breadcrumb\"},\"inLanguage\":\"es-ES\",\"potentialAction\":[{\"@type\":\"ReadAction\",\"target\":[\"https:\\\/\\\/carteldamageclaims.com\\\/es\\\/cars\\\/\"]}]},{\"@type\":\"BreadcrumbList\",\"@id\":\"https:\\\/\\\/carteldamageclaims.com\\\/es\\\/cars\\\/#breadcrumb\",\"itemListElement\":[{\"@type\":\"ListItem\",\"position\":1,\"name\":\"Home\",\"item\":\"https:\\\/\\\/carteldamageclaims.com\\\/\"},{\"@type\":\"ListItem\",\"position\":2,\"name\":\"Cars #2\"}]},{\"@type\":\"WebSite\",\"@id\":\"https:\\\/\\\/carteldamageclaims.com\\\/#website\",\"url\":\"https:\\\/\\\/carteldamageclaims.com\\\/\",\"name\":\"CDC Cartel Damage Claims\",\"description\":\"Cartel Damage Claims\",\"publisher\":{\"@id\":\"https:\\\/\\\/carteldamageclaims.com\\\/#organization\"},\"potentialAction\":[{\"@type\":\"SearchAction\",\"target\":{\"@type\":\"EntryPoint\",\"urlTemplate\":\"https:\\\/\\\/carteldamageclaims.com\\\/?s={search_term_string}\"},\"query-input\":{\"@type\":\"PropertyValueSpecification\",\"valueRequired\":true,\"valueName\":\"search_term_string\"}}],\"inLanguage\":\"es-ES\"},{\"@type\":\"Organization\",\"@id\":\"https:\\\/\\\/carteldamageclaims.com\\\/#organization\",\"name\":\"CDC Cartel Damage Claims\",\"url\":\"https:\\\/\\\/carteldamageclaims.com\\\/\",\"logo\":{\"@type\":\"ImageObject\",\"inLanguage\":\"es-ES\",\"@id\":\"https:\\\/\\\/carteldamageclaims.com\\\/#\\\/schema\\\/logo\\\/image\\\/\",\"url\":\"https:\\\/\\\/carteldamageclaims.com\\\/wp-content\\\/uploads\\\/2020\\\/09\\\/CDC-Logo.jpg\",\"contentUrl\":\"https:\\\/\\\/carteldamageclaims.com\\\/wp-content\\\/uploads\\\/2020\\\/09\\\/CDC-Logo.jpg\",\"width\":225,\"height\":54,\"caption\":\"CDC Cartel Damage Claims\"},\"image\":{\"@id\":\"https:\\\/\\\/carteldamageclaims.com\\\/#\\\/schema\\\/logo\\\/image\\\/\"}}]}<\/script>\n<!-- \/ Yoast SEO plugin. -->","yoast_head_json":{"title":"Cars #2 - CDC","robots":{"index":"index","follow":"follow","max-snippet":"max-snippet:-1","max-image-preview":"max-image-preview:large","max-video-preview":"max-video-preview:-1"},"canonical":"https:\/\/carteldamageclaims.com\/es\/cars\/","og_locale":"es_ES","og_type":"article","og_title":"Cars #2 - CDC","og_description":"On 23 July 2015, the Spanish Competition Authority, the \u2018Comisi\u00f3n Nacional de Mercados y Competencia\u2019 (\u2018CNMC\u2019) fined 21 car manufacturers and two consulting agencies operating in Spain EUR 171 million for breaches of competition law between February 2006 and August 2013, the highest fine in CNMC\u00b4s history (Exp. S\/0482\/13 Fabricantes de Autom\u00f3viles). Background \u2013 The [&hellip;]","og_url":"https:\/\/carteldamageclaims.com\/es\/cars\/","og_site_name":"CDC","twitter_card":"summary_large_image","twitter_misc":{"Est. reading time":"3 minutes","Written by":"Andr\u00e9 Fassbender"},"schema":{"@context":"https:\/\/schema.org","@graph":[{"@type":"WebPage","@id":"https:\/\/carteldamageclaims.com\/es\/cars\/","url":"https:\/\/carteldamageclaims.com\/es\/cars\/","name":"Cars #2 - CDC","isPartOf":{"@id":"https:\/\/carteldamageclaims.com\/#website"},"datePublished":"2022-01-11T09:11:05+00:00","breadcrumb":{"@id":"https:\/\/carteldamageclaims.com\/es\/cars\/#breadcrumb"},"inLanguage":"es-ES","potentialAction":[{"@type":"ReadAction","target":["https:\/\/carteldamageclaims.com\/es\/cars\/"]}]},{"@type":"BreadcrumbList","@id":"https:\/\/carteldamageclaims.com\/es\/cars\/#breadcrumb","itemListElement":[{"@type":"ListItem","position":1,"name":"Home","item":"https:\/\/carteldamageclaims.com\/"},{"@type":"ListItem","position":2,"name":"Cars #2"}]},{"@type":"WebSite","@id":"https:\/\/carteldamageclaims.com\/#website","url":"https:\/\/carteldamageclaims.com\/","name":"CDC Cartel Damage Claims","description":"Cartel Damage Claims","publisher":{"@id":"https:\/\/carteldamageclaims.com\/#organization"},"potentialAction":[{"@type":"SearchAction","target":{"@type":"EntryPoint","urlTemplate":"https:\/\/carteldamageclaims.com\/?s={search_term_string}"},"query-input":{"@type":"PropertyValueSpecification","valueRequired":true,"valueName":"search_term_string"}}],"inLanguage":"es-ES"},{"@type":"Organization","@id":"https:\/\/carteldamageclaims.com\/#organization","name":"CDC Cartel Damage Claims","url":"https:\/\/carteldamageclaims.com\/","logo":{"@type":"ImageObject","inLanguage":"es-ES","@id":"https:\/\/carteldamageclaims.com\/#\/schema\/logo\/image\/","url":"https:\/\/carteldamageclaims.com\/wp-content\/uploads\/2020\/09\/CDC-Logo.jpg","contentUrl":"https:\/\/carteldamageclaims.com\/wp-content\/uploads\/2020\/09\/CDC-Logo.jpg","width":225,"height":54,"caption":"CDC Cartel Damage Claims"},"image":{"@id":"https:\/\/carteldamageclaims.com\/#\/schema\/logo\/image\/"}}]}},"_links":{"self":[{"href":"https:\/\/carteldamageclaims.com\/es\/wp-json\/wp\/v2\/pages\/7904","targetHints":{"allow":["GET"]}}],"collection":[{"href":"https:\/\/carteldamageclaims.com\/es\/wp-json\/wp\/v2\/pages"}],"about":[{"href":"https:\/\/carteldamageclaims.com\/es\/wp-json\/wp\/v2\/types\/page"}],"author":[{"embeddable":true,"href":"https:\/\/carteldamageclaims.com\/es\/wp-json\/wp\/v2\/users\/30"}],"replies":[{"embeddable":true,"href":"https:\/\/carteldamageclaims.com\/es\/wp-json\/wp\/v2\/comments?post=7904"}],"version-history":[{"count":0,"href":"https:\/\/carteldamageclaims.com\/es\/wp-json\/wp\/v2\/pages\/7904\/revisions"}],"wp:attachment":[{"href":"https:\/\/carteldamageclaims.com\/es\/wp-json\/wp\/v2\/media?parent=7904"}],"wp:term":[{"taxonomy":"author","embeddable":true,"href":"https:\/\/carteldamageclaims.com\/es\/wp-json\/wp\/v2\/coauthors?post=7904"}],"curies":[{"name":"wp","href":"https:\/\/api.w.org\/{rel}","templated":true}]}}