{"id":2040,"date":"2021-01-06T09:35:04","date_gmt":"2021-01-06T08:35:04","guid":{"rendered":"https:\/\/carteldamageclaims.com\/?page_id=2040"},"modified":"2024-01-05T14:40:26","modified_gmt":"2024-01-05T13:40:26","slug":"akos-reger","status":"publish","type":"page","link":"https:\/\/carteldamageclaims.com\/fr\/about-us\/meet-the-team\/akos-reger\/","title":{"rendered":"Akos Reger"},"content":{"rendered":"<div data-elementor-type=\"wp-page\" data-elementor-id=\"2040\" class=\"elementor elementor-2040\" data-elementor-post-type=\"page\">\n\t\t\t\t\t\t<section class=\"elementor-section elementor-top-section elementor-element elementor-element-ab44274 elementor-section-boxed elementor-section-height-default elementor-section-height-default\" data-id=\"ab44274\" data-element_type=\"section\" data-e-type=\"section\">\n\t\t\t\t\t\t<div class=\"elementor-container elementor-column-gap-default\">\n\t\t\t\t\t<div class=\"elementor-column elementor-col-100 elementor-top-column elementor-element elementor-element-1676374\" data-id=\"1676374\" data-element_type=\"column\" data-e-type=\"column\">\n\t\t\t<div class=\"elementor-widget-wrap elementor-element-populated\">\n\t\t\t\t\t\t<div class=\"elementor-element elementor-element-7e71578 elementor-widget elementor-widget-heading\" data-id=\"7e71578\" data-element_type=\"widget\" data-e-type=\"widget\" data-widget_type=\"heading.default\">\n\t\t\t\t<div class=\"elementor-widget-container\">\n\t\t\t\t\t<h1 class=\"elementor-heading-title elementor-size-default\">Akos Reger<\/h1>\t\t\t\t<\/div>\n\t\t\t\t<\/div>\n\t\t\t\t<div class=\"elementor-element elementor-element-150e12f elementor-widget elementor-widget-image\" data-id=\"150e12f\" data-element_type=\"widget\" data-e-type=\"widget\" data-widget_type=\"image.default\">\n\t\t\t\t<div class=\"elementor-widget-container\">\n\t\t\t\t\t\t\t\t\t\t\t\t\t\t\t<img fetchpriority=\"high\" decoding=\"async\" width=\"396\" height=\"446\" src=\"https:\/\/carteldamageclaims.com\/wp-content\/uploads\/2021\/01\/cdc-Akos-Reger.png\" class=\"attachment-full size-full wp-image-2053\" alt=\"Meet the Team of experts - Photo of Akos Reger, person in business suit, smiling, male, gallantly, standing upright,crossed arms\" srcset=\"https:\/\/carteldamageclaims.com\/wp-content\/uploads\/2021\/01\/cdc-Akos-Reger.png 396w, https:\/\/carteldamageclaims.com\/wp-content\/uploads\/2021\/01\/cdc-Akos-Reger-266x300.png 266w, https:\/\/carteldamageclaims.com\/wp-content\/uploads\/2021\/01\/elementor\/thumbs\/cdc-Akos-Reger-r57w5vsuo9akiu2pytblph4hg5yoiu7hve3dg03uzs.png 230w\" sizes=\"(max-width: 396px) 100vw, 396px\" \/>\t\t\t\t\t\t\t\t\t\t\t\t\t\t\t<\/div>\n\t\t\t\t<\/div>\n\t\t\t\t<div class=\"elementor-element elementor-element-73851c3 elementor-widget elementor-widget-text-editor\" data-id=\"73851c3\" data-element_type=\"widget\" data-e-type=\"widget\" data-widget_type=\"text-editor.default\">\n\t\t\t\t<div class=\"elementor-widget-container\">\n\t\t\t\t\t\t\t\t\t<p>Akos est senior \u00e9conomiste \u00e0 CDC et poss\u00e8de plusieurs ann\u00e9es d'exp\u00e9rience dans le domaine de l'\u00e9conomie de la concurrence. En tant que praticien, il a travaill\u00e9 sur diverses enqu\u00eates portant sur des ententes et des demandes de dommages et int\u00e9r\u00eats, ainsi que sur des enqu\u00eates portant sur des fusions et des positions dominantes. Akos a conseill\u00e9 des clients dans des affaires devant la Commission europ\u00e9enne, les autorit\u00e9s nationales et les tribunaux. Son exp\u00e9rience couvre une large s\u00e9lection de march\u00e9s : t\u00e9l\u00e9communications, transports, produits de grande consommation, mati\u00e8res premi\u00e8res, banques, syst\u00e8mes de paiement, etc. Depuis qu'il a rejoint CDC en 2020, Akos a \u00e9t\u00e9 impliqu\u00e9 dans des affaires de dommages et int\u00e9r\u00eats li\u00e9es \u00e0 des comportements d\u2019ententes et d'abus de position dominante.<\/p><p>Akos a \u00e9tudi\u00e9 l'\u00e9conomie \u00e0 l'Utrecht School of Economics, \u00e0 l'Universit\u00e9 libre de Bruxelles et \u00e0 l'Universit\u00e9 Corvinus de Budapest. Il publie fr\u00e9quemment sur divers sujets concernant les ententes et la concurrence.<\/p><p>Pendant son temps libre, Akos pratique l'escrime \u00e0 un niveau comp\u00e9titif.<\/p><p>Langues : anglais, n\u00e9erlandais, fran\u00e7ais et hongrois.<\/p>\t\t\t\t\t\t\t\t<\/div>\n\t\t\t\t<\/div>\n\t\t\t\t\t<\/div>\n\t\t<\/div>\n\t\t\t\t\t<\/div>\n\t\t<\/section>\n\t\t\t\t<section class=\"elementor-section elementor-top-section elementor-element elementor-element-c0d9bb3 elementor-section-boxed elementor-section-height-default elementor-section-height-default\" data-id=\"c0d9bb3\" data-element_type=\"section\" data-e-type=\"section\">\n\t\t\t\t\t\t<div class=\"elementor-container elementor-column-gap-default\">\n\t\t\t\t\t<div class=\"elementor-column elementor-col-20 elementor-top-column elementor-element elementor-element-2ccf329\" data-id=\"2ccf329\" data-element_type=\"column\" data-e-type=\"column\">\n\t\t\t<div class=\"elementor-widget-wrap\">\n\t\t\t\t\t\t\t<\/div>\n\t\t<\/div>\n\t\t\t\t<div class=\"elementor-column elementor-col-20 elementor-top-column elementor-element elementor-element-8f1fd38\" data-id=\"8f1fd38\" data-element_type=\"column\" data-e-type=\"column\">\n\t\t\t<div class=\"elementor-widget-wrap elementor-element-populated\">\n\t\t\t\t\t\t<div class=\"elementor-element elementor-element-6e4781a elementor-shape-circle elementor-grid-0 e-grid-align-center elementor-widget elementor-widget-social-icons\" data-id=\"6e4781a\" data-element_type=\"widget\" data-e-type=\"widget\" data-widget_type=\"social-icons.default\">\n\t\t\t\t<div class=\"elementor-widget-container\">\n\t\t\t\t\t\t\t<div class=\"elementor-social-icons-wrapper elementor-grid\">\n\t\t\t\t\t\t\t<span class=\"elementor-grid-item\">\n\t\t\t\t\t<a class=\"elementor-icon elementor-social-icon elementor-social-icon-linkedin elementor-repeater-item-02681da\" href=\"https:\/\/www.linkedin.com\/in\/akos-reger-5528811a\/\" target=\"_blank\">\n\t\t\t\t\t\t<span class=\"elementor-screen-only\">Linkedin<\/span>\n\t\t\t\t\t\t<i aria-hidden=\"true\" class=\"fab fa-linkedin\"><\/i>\t\t\t\t\t<\/a>\n\t\t\t\t<\/span>\n\t\t\t\t\t<\/div>\n\t\t\t\t\t\t<\/div>\n\t\t\t\t<\/div>\n\t\t\t\t\t<\/div>\n\t\t<\/div>\n\t\t\t\t<div class=\"elementor-column elementor-col-20 elementor-top-column elementor-element elementor-element-9647eb0\" data-id=\"9647eb0\" data-element_type=\"column\" data-e-type=\"column\">\n\t\t\t<div class=\"elementor-widget-wrap elementor-element-populated\">\n\t\t\t\t\t\t<div class=\"elementor-element elementor-element-adb98be elementor-view-framed elementor-shape-circle elementor-widget elementor-widget-icon\" data-id=\"adb98be\" data-element_type=\"widget\" data-e-type=\"widget\" data-widget_type=\"icon.default\">\n\t\t\t\t<div class=\"elementor-widget-container\">\n\t\t\t\t\t\t\t<div class=\"elementor-icon-wrapper\">\n\t\t\t<a class=\"elementor-icon\" href=\"mailto:reger@carteldamageclaims.com\">\n\t\t\t<i aria-hidden=\"true\" class=\"fas fa-envelope\"><\/i>\t\t\t<\/a>\n\t\t<\/div>\n\t\t\t\t\t\t<\/div>\n\t\t\t\t<\/div>\n\t\t\t\t\t<\/div>\n\t\t<\/div>\n\t\t\t\t<div class=\"elementor-column elementor-col-20 elementor-top-column elementor-element elementor-element-bc85f21\" data-id=\"bc85f21\" data-element_type=\"column\" data-e-type=\"column\">\n\t\t\t<div class=\"elementor-widget-wrap elementor-element-populated\">\n\t\t\t\t\t\t<div class=\"elementor-element elementor-element-322c250 elementor-view-default elementor-widget elementor-widget-icon\" data-id=\"322c250\" data-element_type=\"widget\" data-e-type=\"widget\" data-widget_type=\"icon.default\">\n\t\t\t\t<div class=\"elementor-widget-container\">\n\t\t\t\t\t\t\t<div class=\"elementor-icon-wrapper\">\n\t\t\t<a class=\"elementor-icon\" href=\"https:\/\/carteldamageclaims.com\/fr\/author\/Akos-Reger\/\" target=\"_blank\">\n\t\t\t<i aria-hidden=\"true\" class=\"far fa-newspaper\"><\/i>\t\t\t<\/a>\n\t\t<\/div>\n\t\t\t\t\t\t<\/div>\n\t\t\t\t<\/div>\n\t\t\t\t\t<\/div>\n\t\t<\/div>\n\t\t\t\t<div class=\"elementor-column elementor-col-20 elementor-top-column elementor-element elementor-element-f1f2667\" data-id=\"f1f2667\" data-element_type=\"column\" data-e-type=\"column\">\n\t\t\t<div class=\"elementor-widget-wrap\">\n\t\t\t\t\t\t\t<\/div>\n\t\t<\/div>\n\t\t\t\t\t<\/div>\n\t\t<\/section>\n\t\t\t\t<section class=\"elementor-section elementor-top-section elementor-element elementor-element-eb4cb6a elementor-section-boxed elementor-section-height-default elementor-section-height-default\" data-id=\"eb4cb6a\" data-element_type=\"section\" data-e-type=\"section\">\n\t\t\t\t\t\t<div class=\"elementor-container elementor-column-gap-default\">\n\t\t\t\t\t<div class=\"elementor-column elementor-col-100 elementor-top-column elementor-element elementor-element-606e8e4\" data-id=\"606e8e4\" data-element_type=\"column\" data-e-type=\"column\">\n\t\t\t<div class=\"elementor-widget-wrap elementor-element-populated\">\n\t\t\t\t\t\t<div class=\"elementor-element elementor-element-57ec8bd elementor-widget elementor-widget-spacer\" data-id=\"57ec8bd\" data-element_type=\"widget\" data-e-type=\"widget\" data-widget_type=\"spacer.default\">\n\t\t\t\t<div class=\"elementor-widget-container\">\n\t\t\t\t\t\t\t<div class=\"elementor-spacer\">\n\t\t\t<div class=\"elementor-spacer-inner\"><\/div>\n\t\t<\/div>\n\t\t\t\t\t\t<\/div>\n\t\t\t\t<\/div>\n\t\t\t\t\t<\/div>\n\t\t<\/div>\n\t\t\t\t\t<\/div>\n\t\t<\/section>\n\t\t\t\t<section class=\"elementor-section elementor-top-section elementor-element elementor-element-a6d53e6 elementor-section-boxed elementor-section-height-default elementor-section-height-default\" data-id=\"a6d53e6\" data-element_type=\"section\" data-e-type=\"section\">\n\t\t\t\t\t\t<div class=\"elementor-container elementor-column-gap-default\">\n\t\t\t\t\t<div class=\"elementor-column elementor-col-100 elementor-top-column elementor-element elementor-element-4cef4a6\" data-id=\"4cef4a6\" data-element_type=\"column\" data-e-type=\"column\">\n\t\t\t<div class=\"elementor-widget-wrap elementor-element-populated\">\n\t\t\t\t\t\t<div class=\"elementor-element elementor-element-28b0efb elementor-align-center elementor-widget elementor-widget-button\" data-id=\"28b0efb\" data-element_type=\"widget\" data-e-type=\"widget\" data-widget_type=\"button.default\">\n\t\t\t\t<div class=\"elementor-widget-container\">\n\t\t\t\t\t\t\t\t\t<div class=\"elementor-button-wrapper\">\n\t\t\t\t\t<a class=\"elementor-button elementor-button-link elementor-size-md\" href=\"\/fr\/about-us\/meet-the-team\/\">\n\t\t\t\t\t\t<span class=\"elementor-button-content-wrapper\">\n\t\t\t\t\t\t\t\t\t<span class=\"elementor-button-text\">Rencontrez l\u2019\u00e9quipe<\/span>\n\t\t\t\t\t<\/span>\n\t\t\t\t\t<\/a>\n\t\t\t\t<\/div>\n\t\t\t\t\t\t\t\t<\/div>\n\t\t\t\t<\/div>\n\t\t\t\t\t<\/div>\n\t\t<\/div>\n\t\t\t\t\t<\/div>\n\t\t<\/section>\n\t\t\t\t<\/div>","protected":false},"excerpt":{"rendered":"<p>Akos Reger Akos is a senior economist at CDC and has multiple years of experience in the field of competition economics. As a private practitioner he worked on various cartel investigations and damages claims, as well as merger and dominance investigations. Akos advised clients on cases in front of the European Commission, national authorities, and [&hellip;]<\/p>\n","protected":false},"author":2,"featured_media":0,"parent":28,"menu_order":0,"comment_status":"closed","ping_status":"closed","template":"elementor_header_footer","meta":{"footnotes":""},"coauthors":[],"class_list":["post-2040","page","type-page","status-publish","hentry"],"yoast_head":"<!-- This site is optimized with the Yoast SEO plugin v27.3 - https:\/\/yoast.com\/product\/yoast-seo-wordpress\/ -->\n<title>Akos Reger - CDC part of multidisciplinary and international team<\/title>\n<meta name=\"description\" content=\"Akos Reger is a senior economist at CDC and has multiple years of experience in the field of competition economics. Get to know his strengths!\" \/>\n<meta name=\"robots\" content=\"index, follow, max-snippet:-1, max-image-preview:large, max-video-preview:-1\" \/>\n<link rel=\"canonical\" href=\"https:\/\/carteldamageclaims.com\/fr\/about-us\/meet-the-team\/akos-reger\/\" \/>\n<meta property=\"og:locale\" content=\"fr_FR\" \/>\n<meta property=\"og:type\" content=\"article\" \/>\n<meta property=\"og:title\" content=\"Akos Reger - CDC part of multidisciplinary and international team\" \/>\n<meta property=\"og:description\" content=\"Akos Reger is a senior economist at CDC and has multiple years of experience in the field of competition economics. Get to know his strengths!\" \/>\n<meta property=\"og:url\" content=\"https:\/\/carteldamageclaims.com\/fr\/about-us\/meet-the-team\/akos-reger\/\" \/>\n<meta property=\"og:site_name\" content=\"CDC\" \/>\n<meta property=\"article:modified_time\" content=\"2024-01-05T13:40:26+00:00\" \/>\n<meta property=\"og:image\" content=\"https:\/\/carteldamageclaims.com\/wp-content\/uploads\/2021\/01\/cdc-Akos-Reger.png\" \/>\n<meta name=\"twitter:card\" content=\"summary_large_image\" \/>\n<meta name=\"twitter:label1\" content=\"Est. reading time\" \/>\n\t<meta name=\"twitter:data1\" content=\"1 minute\" \/>\n\t<meta name=\"twitter:label2\" content=\"Written by\" \/>\n\t<meta name=\"twitter:data2\" content=\"Christian Classen\" \/>\n<script type=\"application\/ld+json\" class=\"yoast-schema-graph\">{\"@context\":\"https:\\\/\\\/schema.org\",\"@graph\":[{\"@type\":\"WebPage\",\"@id\":\"https:\\\/\\\/carteldamageclaims.com\\\/about-us\\\/meet-the-team\\\/akos-reger\\\/\",\"url\":\"https:\\\/\\\/carteldamageclaims.com\\\/about-us\\\/meet-the-team\\\/akos-reger\\\/\",\"name\":\"Akos Reger - CDC part of multidisciplinary and international team\",\"isPartOf\":{\"@id\":\"https:\\\/\\\/carteldamageclaims.com\\\/#website\"},\"primaryImageOfPage\":{\"@id\":\"https:\\\/\\\/carteldamageclaims.com\\\/about-us\\\/meet-the-team\\\/akos-reger\\\/#primaryimage\"},\"image\":{\"@id\":\"https:\\\/\\\/carteldamageclaims.com\\\/about-us\\\/meet-the-team\\\/akos-reger\\\/#primaryimage\"},\"thumbnailUrl\":\"https:\\\/\\\/carteldamageclaims.com\\\/wp-content\\\/uploads\\\/2021\\\/01\\\/cdc-Akos-Reger.png\",\"datePublished\":\"2021-01-06T08:35:04+00:00\",\"dateModified\":\"2024-01-05T13:40:26+00:00\",\"description\":\"Akos Reger is a senior economist at CDC and has multiple years of experience in the field of competition economics. Get to know his strengths!\",\"breadcrumb\":{\"@id\":\"https:\\\/\\\/carteldamageclaims.com\\\/about-us\\\/meet-the-team\\\/akos-reger\\\/#breadcrumb\"},\"inLanguage\":\"fr-FR\",\"potentialAction\":[{\"@type\":\"ReadAction\",\"target\":[\"https:\\\/\\\/carteldamageclaims.com\\\/about-us\\\/meet-the-team\\\/akos-reger\\\/\"]}]},{\"@type\":\"ImageObject\",\"inLanguage\":\"fr-FR\",\"@id\":\"https:\\\/\\\/carteldamageclaims.com\\\/about-us\\\/meet-the-team\\\/akos-reger\\\/#primaryimage\",\"url\":\"https:\\\/\\\/carteldamageclaims.com\\\/wp-content\\\/uploads\\\/2021\\\/01\\\/cdc-Akos-Reger.png\",\"contentUrl\":\"https:\\\/\\\/carteldamageclaims.com\\\/wp-content\\\/uploads\\\/2021\\\/01\\\/cdc-Akos-Reger.png\"},{\"@type\":\"BreadcrumbList\",\"@id\":\"https:\\\/\\\/carteldamageclaims.com\\\/about-us\\\/meet-the-team\\\/akos-reger\\\/#breadcrumb\",\"itemListElement\":[{\"@type\":\"ListItem\",\"position\":1,\"name\":\"Home\",\"item\":\"https:\\\/\\\/carteldamageclaims.com\\\/\"},{\"@type\":\"ListItem\",\"position\":2,\"name\":\"ABOUT US\",\"item\":\"https:\\\/\\\/carteldamageclaims.com\\\/de\\\/about-us\\\/\"},{\"@type\":\"ListItem\",\"position\":3,\"name\":\"Meet the Team\",\"item\":\"https:\\\/\\\/carteldamageclaims.com\\\/about-us\\\/meet-the-team\\\/\"},{\"@type\":\"ListItem\",\"position\":4,\"name\":\"Akos Reger\"}]},{\"@type\":\"WebSite\",\"@id\":\"https:\\\/\\\/carteldamageclaims.com\\\/#website\",\"url\":\"https:\\\/\\\/carteldamageclaims.com\\\/\",\"name\":\"CDC Cartel Damage Claims\",\"description\":\"Cartel Damage Claims\",\"publisher\":{\"@id\":\"https:\\\/\\\/carteldamageclaims.com\\\/#organization\"},\"potentialAction\":[{\"@type\":\"SearchAction\",\"target\":{\"@type\":\"EntryPoint\",\"urlTemplate\":\"https:\\\/\\\/carteldamageclaims.com\\\/?s={search_term_string}\"},\"query-input\":{\"@type\":\"PropertyValueSpecification\",\"valueRequired\":true,\"valueName\":\"search_term_string\"}}],\"inLanguage\":\"fr-FR\"},{\"@type\":\"Organization\",\"@id\":\"https:\\\/\\\/carteldamageclaims.com\\\/#organization\",\"name\":\"CDC Cartel Damage Claims\",\"url\":\"https:\\\/\\\/carteldamageclaims.com\\\/\",\"logo\":{\"@type\":\"ImageObject\",\"inLanguage\":\"fr-FR\",\"@id\":\"https:\\\/\\\/carteldamageclaims.com\\\/#\\\/schema\\\/logo\\\/image\\\/\",\"url\":\"https:\\\/\\\/carteldamageclaims.com\\\/wp-content\\\/uploads\\\/2020\\\/09\\\/CDC-Logo.jpg\",\"contentUrl\":\"https:\\\/\\\/carteldamageclaims.com\\\/wp-content\\\/uploads\\\/2020\\\/09\\\/CDC-Logo.jpg\",\"width\":225,\"height\":54,\"caption\":\"CDC Cartel Damage Claims\"},\"image\":{\"@id\":\"https:\\\/\\\/carteldamageclaims.com\\\/#\\\/schema\\\/logo\\\/image\\\/\"}}]}<\/script>\n<!-- \/ Yoast SEO plugin. -->","yoast_head_json":{"title":"Akos Reger - CDC part of multidisciplinary and international team","description":"Akos Reger is a senior economist at CDC and has multiple years of experience in the field of competition economics. Get to know his strengths!","robots":{"index":"index","follow":"follow","max-snippet":"max-snippet:-1","max-image-preview":"max-image-preview:large","max-video-preview":"max-video-preview:-1"},"canonical":"https:\/\/carteldamageclaims.com\/fr\/about-us\/meet-the-team\/akos-reger\/","og_locale":"fr_FR","og_type":"article","og_title":"Akos Reger - CDC part of multidisciplinary and international team","og_description":"Akos Reger is a senior economist at CDC and has multiple years of experience in the field of competition economics. Get to know his strengths!","og_url":"https:\/\/carteldamageclaims.com\/fr\/about-us\/meet-the-team\/akos-reger\/","og_site_name":"CDC","article_modified_time":"2024-01-05T13:40:26+00:00","og_image":[{"url":"https:\/\/carteldamageclaims.com\/wp-content\/uploads\/2021\/01\/cdc-Akos-Reger.png","type":"","width":"","height":""}],"twitter_card":"summary_large_image","twitter_misc":{"Est. reading time":"1 minute","Written by":"Christian Classen"},"schema":{"@context":"https:\/\/schema.org","@graph":[{"@type":"WebPage","@id":"https:\/\/carteldamageclaims.com\/about-us\/meet-the-team\/akos-reger\/","url":"https:\/\/carteldamageclaims.com\/about-us\/meet-the-team\/akos-reger\/","name":"Akos Reger - CDC part of multidisciplinary and international team","isPartOf":{"@id":"https:\/\/carteldamageclaims.com\/#website"},"primaryImageOfPage":{"@id":"https:\/\/carteldamageclaims.com\/about-us\/meet-the-team\/akos-reger\/#primaryimage"},"image":{"@id":"https:\/\/carteldamageclaims.com\/about-us\/meet-the-team\/akos-reger\/#primaryimage"},"thumbnailUrl":"https:\/\/carteldamageclaims.com\/wp-content\/uploads\/2021\/01\/cdc-Akos-Reger.png","datePublished":"2021-01-06T08:35:04+00:00","dateModified":"2024-01-05T13:40:26+00:00","description":"Akos Reger is a senior economist at CDC and has multiple years of experience in the field of competition economics. Get to know his strengths!","breadcrumb":{"@id":"https:\/\/carteldamageclaims.com\/about-us\/meet-the-team\/akos-reger\/#breadcrumb"},"inLanguage":"fr-FR","potentialAction":[{"@type":"ReadAction","target":["https:\/\/carteldamageclaims.com\/about-us\/meet-the-team\/akos-reger\/"]}]},{"@type":"ImageObject","inLanguage":"fr-FR","@id":"https:\/\/carteldamageclaims.com\/about-us\/meet-the-team\/akos-reger\/#primaryimage","url":"https:\/\/carteldamageclaims.com\/wp-content\/uploads\/2021\/01\/cdc-Akos-Reger.png","contentUrl":"https:\/\/carteldamageclaims.com\/wp-content\/uploads\/2021\/01\/cdc-Akos-Reger.png"},{"@type":"BreadcrumbList","@id":"https:\/\/carteldamageclaims.com\/about-us\/meet-the-team\/akos-reger\/#breadcrumb","itemListElement":[{"@type":"ListItem","position":1,"name":"Home","item":"https:\/\/carteldamageclaims.com\/"},{"@type":"ListItem","position":2,"name":"ABOUT US","item":"https:\/\/carteldamageclaims.com\/de\/about-us\/"},{"@type":"ListItem","position":3,"name":"Meet the Team","item":"https:\/\/carteldamageclaims.com\/about-us\/meet-the-team\/"},{"@type":"ListItem","position":4,"name":"Akos Reger"}]},{"@type":"WebSite","@id":"https:\/\/carteldamageclaims.com\/#website","url":"https:\/\/carteldamageclaims.com\/","name":"CDC Cartel Damage Claims","description":"Cartel Damage Claims","publisher":{"@id":"https:\/\/carteldamageclaims.com\/#organization"},"potentialAction":[{"@type":"SearchAction","target":{"@type":"EntryPoint","urlTemplate":"https:\/\/carteldamageclaims.com\/?s={search_term_string}"},"query-input":{"@type":"PropertyValueSpecification","valueRequired":true,"valueName":"search_term_string"}}],"inLanguage":"fr-FR"},{"@type":"Organization","@id":"https:\/\/carteldamageclaims.com\/#organization","name":"CDC Cartel Damage Claims","url":"https:\/\/carteldamageclaims.com\/","logo":{"@type":"ImageObject","inLanguage":"fr-FR","@id":"https:\/\/carteldamageclaims.com\/#\/schema\/logo\/image\/","url":"https:\/\/carteldamageclaims.com\/wp-content\/uploads\/2020\/09\/CDC-Logo.jpg","contentUrl":"https:\/\/carteldamageclaims.com\/wp-content\/uploads\/2020\/09\/CDC-Logo.jpg","width":225,"height":54,"caption":"CDC Cartel Damage Claims"},"image":{"@id":"https:\/\/carteldamageclaims.com\/#\/schema\/logo\/image\/"}}]}},"_links":{"self":[{"href":"https:\/\/carteldamageclaims.com\/fr\/wp-json\/wp\/v2\/pages\/2040","targetHints":{"allow":["GET"]}}],"collection":[{"href":"https:\/\/carteldamageclaims.com\/fr\/wp-json\/wp\/v2\/pages"}],"about":[{"href":"https:\/\/carteldamageclaims.com\/fr\/wp-json\/wp\/v2\/types\/page"}],"author":[{"embeddable":true,"href":"https:\/\/carteldamageclaims.com\/fr\/wp-json\/wp\/v2\/users\/2"}],"replies":[{"embeddable":true,"href":"https:\/\/carteldamageclaims.com\/fr\/wp-json\/wp\/v2\/comments?post=2040"}],"version-history":[{"count":23,"href":"https:\/\/carteldamageclaims.com\/fr\/wp-json\/wp\/v2\/pages\/2040\/revisions"}],"predecessor-version":[{"id":10253,"href":"https:\/\/carteldamageclaims.com\/fr\/wp-json\/wp\/v2\/pages\/2040\/revisions\/10253"}],"up":[{"embeddable":true,"href":"https:\/\/carteldamageclaims.com\/fr\/wp-json\/wp\/v2\/pages\/28"}],"wp:attachment":[{"href":"https:\/\/carteldamageclaims.com\/fr\/wp-json\/wp\/v2\/media?parent=2040"}],"wp:term":[{"taxonomy":"author","embeddable":true,"href":"https:\/\/carteldamageclaims.com\/fr\/wp-json\/wp\/v2\/coauthors?post=2040"}],"curies":[{"name":"wp","href":"https:\/\/api.w.org\/{rel}","templated":true}]}}