{"id":218,"date":"2020-07-27T13:00:44","date_gmt":"2020-07-27T11:00:44","guid":{"rendered":"https:\/\/carteldamageclaims.com\/?page_id=218"},"modified":"2024-01-05T14:43:07","modified_gmt":"2024-01-05T13:43:07","slug":"till-schreiber","status":"publish","type":"page","link":"https:\/\/carteldamageclaims.com\/fr\/about-us\/meet-the-team\/till-schreiber\/","title":{"rendered":"Till Schreiber"},"content":{"rendered":"<div data-elementor-type=\"wp-page\" data-elementor-id=\"218\" class=\"elementor elementor-218\" data-elementor-post-type=\"page\">\n\t\t\t\t\t\t<section class=\"elementor-section elementor-top-section elementor-element elementor-element-12cf1e9 elementor-section-boxed elementor-section-height-default elementor-section-height-default\" data-id=\"12cf1e9\" data-element_type=\"section\" data-e-type=\"section\">\n\t\t\t\t\t\t<div class=\"elementor-container elementor-column-gap-default\">\n\t\t\t\t\t<div class=\"elementor-column elementor-col-100 elementor-top-column elementor-element elementor-element-157469d\" data-id=\"157469d\" data-element_type=\"column\" data-e-type=\"column\">\n\t\t\t<div class=\"elementor-widget-wrap elementor-element-populated\">\n\t\t\t\t\t\t<div class=\"elementor-element elementor-element-ea58715 elementor-widget elementor-widget-heading\" data-id=\"ea58715\" data-element_type=\"widget\" data-e-type=\"widget\" data-widget_type=\"heading.default\">\n\t\t\t\t<div class=\"elementor-widget-container\">\n\t\t\t\t\t<h1 class=\"elementor-heading-title elementor-size-default\">Dr Till Schreiber\n<\/h1>\t\t\t\t<\/div>\n\t\t\t\t<\/div>\n\t\t\t\t<div class=\"elementor-element elementor-element-6855b4d elementor-widget elementor-widget-image\" data-id=\"6855b4d\" data-element_type=\"widget\" data-e-type=\"widget\" data-widget_type=\"image.default\">\n\t\t\t\t<div class=\"elementor-widget-container\">\n\t\t\t\t\t\t\t\t\t\t\t\t\t\t\t<img fetchpriority=\"high\" decoding=\"async\" width=\"396\" height=\"446\" src=\"https:\/\/carteldamageclaims.com\/wp-content\/uploads\/2020\/07\/Till-Schreiber-Cartel-Damage-Claims-cdc.png\" class=\"attachment-full size-full wp-image-210\" alt=\"Meet the Team of experts - Photo of Till Schreiber, person in business suit, smiling, male, gallantly, standing upright\" srcset=\"https:\/\/carteldamageclaims.com\/wp-content\/uploads\/2020\/07\/Till-Schreiber-Cartel-Damage-Claims-cdc.png 396w, https:\/\/carteldamageclaims.com\/wp-content\/uploads\/2020\/07\/Till-Schreiber-Cartel-Damage-Claims-cdc-266x300.png 266w\" sizes=\"(max-width: 396px) 100vw, 396px\" \/>\t\t\t\t\t\t\t\t\t\t\t\t\t\t\t<\/div>\n\t\t\t\t<\/div>\n\t\t\t\t<div class=\"elementor-element elementor-element-fe02d19 elementor-widget elementor-widget-text-editor\" data-id=\"fe02d19\" data-element_type=\"widget\" data-e-type=\"widget\" data-widget_type=\"text-editor.default\">\n\t\t\t\t<div class=\"elementor-widget-container\">\n\t\t\t\t\t\t\t\t\t<p>Till est le directeur g\u00e9n\u00e9ral de CDC. A la t\u00eate du groupe CDC, Till en dirige les op\u00e9rations et est responsable de l\u2019\u00e9laboration de la strat\u00e9gie et de la r\u00e9ussite de certaines des actions en indemnit\u00e9 pour infractions au droit de la concurrence les plus importantes en Europe. Depuis qu\u2019il a rejoint CDC en 2007, Till a pilot\u00e9 le processus d\u2019acquisition de cr\u00e9ances indemnitaires  aupr\u00e8s d\u2019entreprises dans toute l\u2019Union europ\u00e9enne. Il a jou\u00e9 un r\u00f4le central dans la n\u00e9gociation et la conception de transactions conclues par CDC en Allemagne, aux Pays-Bas et dans les pays nordiques. Till intervient souvent  dans le cadre de conf\u00e9rences internationales sur l\u2019application du droit priv\u00e9 de la concurrence et sur l\u2019approche novatrice de CDC.<\/p><p>Avant de rejoindre CDC, Till a exerc\u00e9 pendant six ann\u00e9es le droit en tant qu\u2019avocat sp\u00e9cialis\u00e9 en droit de la concurrence au sein d\u2019un grand cabinet d\u2019avocats international \u00e0 Bruxelles, Cologne et Madrid. Dans ce cadre,  Till  a  repr\u00e9sent\u00e9  des  entreprises  dans  divers  secteurs  industriels  dans  le  cadre  d\u2019enqu\u00eates portant sur des ententes paneurop\u00e9ennes. Till a \u00e9tudi\u00e9 le droit \u00e0 Bonn, Cologne, Barcelone et Londres (University College) et a publi\u00e9 une th\u00e8se de doctorat sur le droit international de la concurrence.<\/p><p>Till aime l\u2019art moderne et le sport, ainsi que passer du temps avec sa famille et ses amis.<\/p><p>Langues : Allemand, anglais, espagnol, fran\u00e7ais et n\u00e9erlandais<\/p>\t\t\t\t\t\t\t\t<\/div>\n\t\t\t\t<\/div>\n\t\t\t\t\t<\/div>\n\t\t<\/div>\n\t\t\t\t\t<\/div>\n\t\t<\/section>\n\t\t\t\t<section class=\"elementor-section elementor-top-section elementor-element elementor-element-5e489a6 elementor-section-boxed elementor-section-height-default elementor-section-height-default\" data-id=\"5e489a6\" data-element_type=\"section\" data-e-type=\"section\">\n\t\t\t\t\t\t<div class=\"elementor-container elementor-column-gap-default\">\n\t\t\t\t\t<div class=\"elementor-column elementor-col-20 elementor-top-column elementor-element elementor-element-cdceb1c\" data-id=\"cdceb1c\" data-element_type=\"column\" data-e-type=\"column\">\n\t\t\t<div class=\"elementor-widget-wrap\">\n\t\t\t\t\t\t\t<\/div>\n\t\t<\/div>\n\t\t\t\t<div class=\"elementor-column elementor-col-20 elementor-top-column elementor-element elementor-element-cff219f\" data-id=\"cff219f\" data-element_type=\"column\" data-e-type=\"column\">\n\t\t\t<div class=\"elementor-widget-wrap elementor-element-populated\">\n\t\t\t\t\t\t<div class=\"elementor-element elementor-element-2d3d4a1 elementor-shape-circle elementor-grid-0 e-grid-align-center elementor-widget elementor-widget-social-icons\" data-id=\"2d3d4a1\" data-element_type=\"widget\" data-e-type=\"widget\" data-widget_type=\"social-icons.default\">\n\t\t\t\t<div class=\"elementor-widget-container\">\n\t\t\t\t\t\t\t<div class=\"elementor-social-icons-wrapper elementor-grid\">\n\t\t\t\t\t\t\t<span class=\"elementor-grid-item\">\n\t\t\t\t\t<a class=\"elementor-icon elementor-social-icon elementor-social-icon-linkedin elementor-repeater-item-02681da\" href=\"https:\/\/www.linkedin.com\/in\/till-schreiber-b6722399\/\" target=\"_blank\">\n\t\t\t\t\t\t<span class=\"elementor-screen-only\">Linkedin<\/span>\n\t\t\t\t\t\t<i aria-hidden=\"true\" class=\"fab fa-linkedin\"><\/i>\t\t\t\t\t<\/a>\n\t\t\t\t<\/span>\n\t\t\t\t\t<\/div>\n\t\t\t\t\t\t<\/div>\n\t\t\t\t<\/div>\n\t\t\t\t\t<\/div>\n\t\t<\/div>\n\t\t\t\t<div class=\"elementor-column elementor-col-20 elementor-top-column elementor-element elementor-element-1addfb7\" data-id=\"1addfb7\" data-element_type=\"column\" data-e-type=\"column\">\n\t\t\t<div class=\"elementor-widget-wrap elementor-element-populated\">\n\t\t\t\t\t\t<div class=\"elementor-element elementor-element-43610c3 elementor-view-framed elementor-shape-circle elementor-widget elementor-widget-icon\" data-id=\"43610c3\" data-element_type=\"widget\" data-e-type=\"widget\" data-widget_type=\"icon.default\">\n\t\t\t\t<div class=\"elementor-widget-container\">\n\t\t\t\t\t\t\t<div class=\"elementor-icon-wrapper\">\n\t\t\t<a class=\"elementor-icon\" href=\"mailto:schreiber@carteldamageclaims.com\">\n\t\t\t<i aria-hidden=\"true\" class=\"fas fa-envelope\"><\/i>\t\t\t<\/a>\n\t\t<\/div>\n\t\t\t\t\t\t<\/div>\n\t\t\t\t<\/div>\n\t\t\t\t\t<\/div>\n\t\t<\/div>\n\t\t\t\t<div class=\"elementor-column elementor-col-20 elementor-top-column elementor-element elementor-element-31a7e6a\" data-id=\"31a7e6a\" data-element_type=\"column\" data-e-type=\"column\">\n\t\t\t<div class=\"elementor-widget-wrap elementor-element-populated\">\n\t\t\t\t\t\t<div class=\"elementor-element elementor-element-ce3b204 elementor-view-default elementor-widget elementor-widget-icon\" data-id=\"ce3b204\" data-element_type=\"widget\" data-e-type=\"widget\" data-widget_type=\"icon.default\">\n\t\t\t\t<div class=\"elementor-widget-container\">\n\t\t\t\t\t\t\t<div class=\"elementor-icon-wrapper\">\n\t\t\t<a class=\"elementor-icon\" href=\"https:\/\/carteldamageclaims.com\/fr\/author\/Till-Schreiber\/\" target=\"_blank\">\n\t\t\t<i aria-hidden=\"true\" class=\"far fa-newspaper\"><\/i>\t\t\t<\/a>\n\t\t<\/div>\n\t\t\t\t\t\t<\/div>\n\t\t\t\t<\/div>\n\t\t\t\t\t<\/div>\n\t\t<\/div>\n\t\t\t\t<div class=\"elementor-column elementor-col-20 elementor-top-column elementor-element elementor-element-08684d3\" data-id=\"08684d3\" data-element_type=\"column\" data-e-type=\"column\">\n\t\t\t<div class=\"elementor-widget-wrap\">\n\t\t\t\t\t\t\t<\/div>\n\t\t<\/div>\n\t\t\t\t\t<\/div>\n\t\t<\/section>\n\t\t\t\t<section class=\"elementor-section elementor-top-section elementor-element elementor-element-0ec0185 elementor-section-boxed elementor-section-height-default elementor-section-height-default\" data-id=\"0ec0185\" data-element_type=\"section\" data-e-type=\"section\">\n\t\t\t\t\t\t<div class=\"elementor-container elementor-column-gap-default\">\n\t\t\t\t\t<div class=\"elementor-column elementor-col-100 elementor-top-column elementor-element elementor-element-fb9c5b5\" data-id=\"fb9c5b5\" data-element_type=\"column\" data-e-type=\"column\">\n\t\t\t<div class=\"elementor-widget-wrap elementor-element-populated\">\n\t\t\t\t\t\t<div class=\"elementor-element elementor-element-719e9fa elementor-widget elementor-widget-spacer\" data-id=\"719e9fa\" data-element_type=\"widget\" data-e-type=\"widget\" data-widget_type=\"spacer.default\">\n\t\t\t\t<div class=\"elementor-widget-container\">\n\t\t\t\t\t\t\t<div class=\"elementor-spacer\">\n\t\t\t<div class=\"elementor-spacer-inner\"><\/div>\n\t\t<\/div>\n\t\t\t\t\t\t<\/div>\n\t\t\t\t<\/div>\n\t\t\t\t\t<\/div>\n\t\t<\/div>\n\t\t\t\t\t<\/div>\n\t\t<\/section>\n\t\t\t\t<section class=\"elementor-section elementor-top-section elementor-element elementor-element-e31463c elementor-section-boxed elementor-section-height-default elementor-section-height-default\" data-id=\"e31463c\" data-element_type=\"section\" data-e-type=\"section\">\n\t\t\t\t\t\t<div class=\"elementor-container elementor-column-gap-default\">\n\t\t\t\t\t<div class=\"elementor-column elementor-col-100 elementor-top-column elementor-element elementor-element-0f5eea1\" data-id=\"0f5eea1\" data-element_type=\"column\" data-e-type=\"column\">\n\t\t\t<div class=\"elementor-widget-wrap elementor-element-populated\">\n\t\t\t\t\t\t<div class=\"elementor-element elementor-element-de0b566 elementor-align-center elementor-widget elementor-widget-button\" data-id=\"de0b566\" data-element_type=\"widget\" data-e-type=\"widget\" data-widget_type=\"button.default\">\n\t\t\t\t<div class=\"elementor-widget-container\">\n\t\t\t\t\t\t\t\t\t<div class=\"elementor-button-wrapper\">\n\t\t\t\t\t<a class=\"elementor-button elementor-button-link elementor-size-md\" href=\"\/fr\/about-us\/meet-the-team\/\">\n\t\t\t\t\t\t<span class=\"elementor-button-content-wrapper\">\n\t\t\t\t\t\t\t\t\t<span class=\"elementor-button-text\">Rencontrez l\u2019\u00e9quipe<\/span>\n\t\t\t\t\t<\/span>\n\t\t\t\t\t<\/a>\n\t\t\t\t<\/div>\n\t\t\t\t\t\t\t\t<\/div>\n\t\t\t\t<\/div>\n\t\t\t\t<div class=\"elementor-element elementor-element-839ea54 elementor-widget elementor-widget-spacer\" data-id=\"839ea54\" data-element_type=\"widget\" data-e-type=\"widget\" data-widget_type=\"spacer.default\">\n\t\t\t\t<div class=\"elementor-widget-container\">\n\t\t\t\t\t\t\t<div class=\"elementor-spacer\">\n\t\t\t<div class=\"elementor-spacer-inner\"><\/div>\n\t\t<\/div>\n\t\t\t\t\t\t<\/div>\n\t\t\t\t<\/div>\n\t\t\t\t\t<\/div>\n\t\t<\/div>\n\t\t\t\t\t<\/div>\n\t\t<\/section>\n\t\t\t\t<\/div>","protected":false},"excerpt":{"rendered":"<p>Dr Till Schreiber Till is the managing director of CDC. At the helm, Till manages the CDC operations and is responsible for mapping out the strategy and ensuring the successful performance of some of the largest antitrust damage actions in Europe. Since joining CDC in 2007, Till has steered the claims acquisition process with corporate [&hellip;]<\/p>\n","protected":false},"author":2,"featured_media":0,"parent":28,"menu_order":0,"comment_status":"closed","ping_status":"closed","template":"elementor_header_footer","meta":{"footnotes":""},"coauthors":[],"class_list":["post-218","page","type-page","status-publish","hentry"],"yoast_head":"<!-- This site is optimized with the Yoast SEO plugin v27.3 - https:\/\/yoast.com\/product\/yoast-seo-wordpress\/ -->\n<title>Till Schreiber - CDC part of multidisciplinary and international team<\/title>\n<meta name=\"description\" content=\"Till Schreiber is responsible for the successful performance of some of the largest antitrust damage actions in EU. Get to know his strengths!\" \/>\n<meta name=\"robots\" content=\"index, follow, max-snippet:-1, max-image-preview:large, max-video-preview:-1\" \/>\n<link rel=\"canonical\" href=\"https:\/\/carteldamageclaims.com\/fr\/about-us\/meet-the-team\/till-schreiber\/\" \/>\n<meta property=\"og:locale\" content=\"fr_FR\" \/>\n<meta property=\"og:type\" content=\"article\" \/>\n<meta property=\"og:title\" content=\"Till Schreiber - CDC part of multidisciplinary and international team\" \/>\n<meta property=\"og:description\" content=\"Till Schreiber is responsible for the successful performance of some of the largest antitrust damage actions in EU. Get to know his strengths!\" \/>\n<meta property=\"og:url\" content=\"https:\/\/carteldamageclaims.com\/fr\/about-us\/meet-the-team\/till-schreiber\/\" \/>\n<meta property=\"og:site_name\" content=\"CDC\" \/>\n<meta property=\"article:modified_time\" content=\"2024-01-05T13:43:07+00:00\" \/>\n<meta property=\"og:image\" content=\"https:\/\/carteldamageclaims.com\/wp-content\/uploads\/2020\/07\/Till-Schreiber-Cartel-Damage-Claims-cdc.png\" \/>\n<meta name=\"twitter:card\" content=\"summary_large_image\" \/>\n<meta name=\"twitter:label1\" content=\"Est. reading time\" \/>\n\t<meta name=\"twitter:data1\" content=\"2 minutes\" \/>\n\t<meta name=\"twitter:label2\" content=\"Written by\" \/>\n\t<meta name=\"twitter:data2\" content=\"Christian Classen\" \/>\n<script type=\"application\/ld+json\" class=\"yoast-schema-graph\">{\"@context\":\"https:\\\/\\\/schema.org\",\"@graph\":[{\"@type\":\"WebPage\",\"@id\":\"https:\\\/\\\/carteldamageclaims.com\\\/about-us\\\/meet-the-team\\\/till-schreiber\\\/\",\"url\":\"https:\\\/\\\/carteldamageclaims.com\\\/about-us\\\/meet-the-team\\\/till-schreiber\\\/\",\"name\":\"Till Schreiber - CDC part of multidisciplinary and international team\",\"isPartOf\":{\"@id\":\"https:\\\/\\\/carteldamageclaims.com\\\/#website\"},\"primaryImageOfPage\":{\"@id\":\"https:\\\/\\\/carteldamageclaims.com\\\/about-us\\\/meet-the-team\\\/till-schreiber\\\/#primaryimage\"},\"image\":{\"@id\":\"https:\\\/\\\/carteldamageclaims.com\\\/about-us\\\/meet-the-team\\\/till-schreiber\\\/#primaryimage\"},\"thumbnailUrl\":\"https:\\\/\\\/carteldamageclaims.com\\\/wp-content\\\/uploads\\\/2020\\\/07\\\/Till-Schreiber-Cartel-Damage-Claims-cdc.png\",\"datePublished\":\"2020-07-27T11:00:44+00:00\",\"dateModified\":\"2024-01-05T13:43:07+00:00\",\"description\":\"Till Schreiber is responsible for the successful performance of some of the largest antitrust damage actions in EU. Get to know his strengths!\",\"breadcrumb\":{\"@id\":\"https:\\\/\\\/carteldamageclaims.com\\\/about-us\\\/meet-the-team\\\/till-schreiber\\\/#breadcrumb\"},\"inLanguage\":\"fr-FR\",\"potentialAction\":[{\"@type\":\"ReadAction\",\"target\":[\"https:\\\/\\\/carteldamageclaims.com\\\/about-us\\\/meet-the-team\\\/till-schreiber\\\/\"]}]},{\"@type\":\"ImageObject\",\"inLanguage\":\"fr-FR\",\"@id\":\"https:\\\/\\\/carteldamageclaims.com\\\/about-us\\\/meet-the-team\\\/till-schreiber\\\/#primaryimage\",\"url\":\"https:\\\/\\\/carteldamageclaims.com\\\/wp-content\\\/uploads\\\/2020\\\/07\\\/Till-Schreiber-Cartel-Damage-Claims-cdc.png\",\"contentUrl\":\"https:\\\/\\\/carteldamageclaims.com\\\/wp-content\\\/uploads\\\/2020\\\/07\\\/Till-Schreiber-Cartel-Damage-Claims-cdc.png\"},{\"@type\":\"BreadcrumbList\",\"@id\":\"https:\\\/\\\/carteldamageclaims.com\\\/about-us\\\/meet-the-team\\\/till-schreiber\\\/#breadcrumb\",\"itemListElement\":[{\"@type\":\"ListItem\",\"position\":1,\"name\":\"Home\",\"item\":\"https:\\\/\\\/carteldamageclaims.com\\\/\"},{\"@type\":\"ListItem\",\"position\":2,\"name\":\"ABOUT US\",\"item\":\"https:\\\/\\\/carteldamageclaims.com\\\/de\\\/about-us\\\/\"},{\"@type\":\"ListItem\",\"position\":3,\"name\":\"Meet the Team\",\"item\":\"https:\\\/\\\/carteldamageclaims.com\\\/about-us\\\/meet-the-team\\\/\"},{\"@type\":\"ListItem\",\"position\":4,\"name\":\"Till Schreiber\"}]},{\"@type\":\"WebSite\",\"@id\":\"https:\\\/\\\/carteldamageclaims.com\\\/#website\",\"url\":\"https:\\\/\\\/carteldamageclaims.com\\\/\",\"name\":\"CDC Cartel Damage Claims\",\"description\":\"Cartel Damage Claims\",\"publisher\":{\"@id\":\"https:\\\/\\\/carteldamageclaims.com\\\/#organization\"},\"potentialAction\":[{\"@type\":\"SearchAction\",\"target\":{\"@type\":\"EntryPoint\",\"urlTemplate\":\"https:\\\/\\\/carteldamageclaims.com\\\/?s={search_term_string}\"},\"query-input\":{\"@type\":\"PropertyValueSpecification\",\"valueRequired\":true,\"valueName\":\"search_term_string\"}}],\"inLanguage\":\"fr-FR\"},{\"@type\":\"Organization\",\"@id\":\"https:\\\/\\\/carteldamageclaims.com\\\/#organization\",\"name\":\"CDC Cartel Damage Claims\",\"url\":\"https:\\\/\\\/carteldamageclaims.com\\\/\",\"logo\":{\"@type\":\"ImageObject\",\"inLanguage\":\"fr-FR\",\"@id\":\"https:\\\/\\\/carteldamageclaims.com\\\/#\\\/schema\\\/logo\\\/image\\\/\",\"url\":\"https:\\\/\\\/carteldamageclaims.com\\\/wp-content\\\/uploads\\\/2020\\\/09\\\/CDC-Logo.jpg\",\"contentUrl\":\"https:\\\/\\\/carteldamageclaims.com\\\/wp-content\\\/uploads\\\/2020\\\/09\\\/CDC-Logo.jpg\",\"width\":225,\"height\":54,\"caption\":\"CDC Cartel Damage Claims\"},\"image\":{\"@id\":\"https:\\\/\\\/carteldamageclaims.com\\\/#\\\/schema\\\/logo\\\/image\\\/\"}}]}<\/script>\n<!-- \/ Yoast SEO plugin. -->","yoast_head_json":{"title":"Till Schreiber - CDC part of multidisciplinary and international team","description":"Till Schreiber is responsible for the successful performance of some of the largest antitrust damage actions in EU. Get to know his strengths!","robots":{"index":"index","follow":"follow","max-snippet":"max-snippet:-1","max-image-preview":"max-image-preview:large","max-video-preview":"max-video-preview:-1"},"canonical":"https:\/\/carteldamageclaims.com\/fr\/about-us\/meet-the-team\/till-schreiber\/","og_locale":"fr_FR","og_type":"article","og_title":"Till Schreiber - CDC part of multidisciplinary and international team","og_description":"Till Schreiber is responsible for the successful performance of some of the largest antitrust damage actions in EU. Get to know his strengths!","og_url":"https:\/\/carteldamageclaims.com\/fr\/about-us\/meet-the-team\/till-schreiber\/","og_site_name":"CDC","article_modified_time":"2024-01-05T13:43:07+00:00","og_image":[{"url":"https:\/\/carteldamageclaims.com\/wp-content\/uploads\/2020\/07\/Till-Schreiber-Cartel-Damage-Claims-cdc.png","type":"","width":"","height":""}],"twitter_card":"summary_large_image","twitter_misc":{"Est. reading time":"2 minutes","Written by":"Christian Classen"},"schema":{"@context":"https:\/\/schema.org","@graph":[{"@type":"WebPage","@id":"https:\/\/carteldamageclaims.com\/about-us\/meet-the-team\/till-schreiber\/","url":"https:\/\/carteldamageclaims.com\/about-us\/meet-the-team\/till-schreiber\/","name":"Till Schreiber - CDC part of multidisciplinary and international team","isPartOf":{"@id":"https:\/\/carteldamageclaims.com\/#website"},"primaryImageOfPage":{"@id":"https:\/\/carteldamageclaims.com\/about-us\/meet-the-team\/till-schreiber\/#primaryimage"},"image":{"@id":"https:\/\/carteldamageclaims.com\/about-us\/meet-the-team\/till-schreiber\/#primaryimage"},"thumbnailUrl":"https:\/\/carteldamageclaims.com\/wp-content\/uploads\/2020\/07\/Till-Schreiber-Cartel-Damage-Claims-cdc.png","datePublished":"2020-07-27T11:00:44+00:00","dateModified":"2024-01-05T13:43:07+00:00","description":"Till Schreiber is responsible for the successful performance of some of the largest antitrust damage actions in EU. Get to know his strengths!","breadcrumb":{"@id":"https:\/\/carteldamageclaims.com\/about-us\/meet-the-team\/till-schreiber\/#breadcrumb"},"inLanguage":"fr-FR","potentialAction":[{"@type":"ReadAction","target":["https:\/\/carteldamageclaims.com\/about-us\/meet-the-team\/till-schreiber\/"]}]},{"@type":"ImageObject","inLanguage":"fr-FR","@id":"https:\/\/carteldamageclaims.com\/about-us\/meet-the-team\/till-schreiber\/#primaryimage","url":"https:\/\/carteldamageclaims.com\/wp-content\/uploads\/2020\/07\/Till-Schreiber-Cartel-Damage-Claims-cdc.png","contentUrl":"https:\/\/carteldamageclaims.com\/wp-content\/uploads\/2020\/07\/Till-Schreiber-Cartel-Damage-Claims-cdc.png"},{"@type":"BreadcrumbList","@id":"https:\/\/carteldamageclaims.com\/about-us\/meet-the-team\/till-schreiber\/#breadcrumb","itemListElement":[{"@type":"ListItem","position":1,"name":"Home","item":"https:\/\/carteldamageclaims.com\/"},{"@type":"ListItem","position":2,"name":"ABOUT US","item":"https:\/\/carteldamageclaims.com\/de\/about-us\/"},{"@type":"ListItem","position":3,"name":"Meet the Team","item":"https:\/\/carteldamageclaims.com\/about-us\/meet-the-team\/"},{"@type":"ListItem","position":4,"name":"Till Schreiber"}]},{"@type":"WebSite","@id":"https:\/\/carteldamageclaims.com\/#website","url":"https:\/\/carteldamageclaims.com\/","name":"CDC Cartel Damage Claims","description":"Cartel Damage Claims","publisher":{"@id":"https:\/\/carteldamageclaims.com\/#organization"},"potentialAction":[{"@type":"SearchAction","target":{"@type":"EntryPoint","urlTemplate":"https:\/\/carteldamageclaims.com\/?s={search_term_string}"},"query-input":{"@type":"PropertyValueSpecification","valueRequired":true,"valueName":"search_term_string"}}],"inLanguage":"fr-FR"},{"@type":"Organization","@id":"https:\/\/carteldamageclaims.com\/#organization","name":"CDC Cartel Damage Claims","url":"https:\/\/carteldamageclaims.com\/","logo":{"@type":"ImageObject","inLanguage":"fr-FR","@id":"https:\/\/carteldamageclaims.com\/#\/schema\/logo\/image\/","url":"https:\/\/carteldamageclaims.com\/wp-content\/uploads\/2020\/09\/CDC-Logo.jpg","contentUrl":"https:\/\/carteldamageclaims.com\/wp-content\/uploads\/2020\/09\/CDC-Logo.jpg","width":225,"height":54,"caption":"CDC Cartel Damage Claims"},"image":{"@id":"https:\/\/carteldamageclaims.com\/#\/schema\/logo\/image\/"}}]}},"_links":{"self":[{"href":"https:\/\/carteldamageclaims.com\/fr\/wp-json\/wp\/v2\/pages\/218","targetHints":{"allow":["GET"]}}],"collection":[{"href":"https:\/\/carteldamageclaims.com\/fr\/wp-json\/wp\/v2\/pages"}],"about":[{"href":"https:\/\/carteldamageclaims.com\/fr\/wp-json\/wp\/v2\/types\/page"}],"author":[{"embeddable":true,"href":"https:\/\/carteldamageclaims.com\/fr\/wp-json\/wp\/v2\/users\/2"}],"replies":[{"embeddable":true,"href":"https:\/\/carteldamageclaims.com\/fr\/wp-json\/wp\/v2\/comments?post=218"}],"version-history":[{"count":30,"href":"https:\/\/carteldamageclaims.com\/fr\/wp-json\/wp\/v2\/pages\/218\/revisions"}],"predecessor-version":[{"id":10265,"href":"https:\/\/carteldamageclaims.com\/fr\/wp-json\/wp\/v2\/pages\/218\/revisions\/10265"}],"up":[{"embeddable":true,"href":"https:\/\/carteldamageclaims.com\/fr\/wp-json\/wp\/v2\/pages\/28"}],"wp:attachment":[{"href":"https:\/\/carteldamageclaims.com\/fr\/wp-json\/wp\/v2\/media?parent=218"}],"wp:term":[{"taxonomy":"author","embeddable":true,"href":"https:\/\/carteldamageclaims.com\/fr\/wp-json\/wp\/v2\/coauthors?post=218"}],"curies":[{"name":"wp","href":"https:\/\/api.w.org\/{rel}","templated":true}]}}