{"id":27,"date":"2020-07-03T16:31:27","date_gmt":"2020-07-03T14:31:27","guid":{"rendered":"https:\/\/carteldamageclaims.com\/?page_id=27"},"modified":"2026-03-20T08:39:10","modified_gmt":"2026-03-20T07:39:10","slug":"our-history","status":"publish","type":"page","link":"https:\/\/carteldamageclaims.com\/fr\/about-us\/our-history\/","title":{"rendered":"Notre histoire"},"content":{"rendered":"<div data-elementor-type=\"wp-page\" data-elementor-id=\"27\" class=\"elementor elementor-27\" data-elementor-post-type=\"page\">\n\t\t\t\t\t\t<section class=\"elementor-section elementor-top-section elementor-element elementor-element-9659d5b elementor-section-boxed elementor-section-height-default elementor-section-height-default\" data-id=\"9659d5b\" data-element_type=\"section\" data-e-type=\"section\">\n\t\t\t\t\t\t<div class=\"elementor-container elementor-column-gap-default\">\n\t\t\t\t\t<div class=\"elementor-column elementor-col-100 elementor-top-column elementor-element elementor-element-f1c62fc\" data-id=\"f1c62fc\" data-element_type=\"column\" data-e-type=\"column\">\n\t\t\t<div class=\"elementor-widget-wrap elementor-element-populated\">\n\t\t\t\t\t\t\t<\/div>\n\t\t<\/div>\n\t\t\t\t\t<\/div>\n\t\t<\/section>\n\t\t\t\t<section class=\"elementor-section elementor-top-section elementor-element elementor-element-7f9ad90 elementor-hidden-desktop elementor-section-boxed elementor-section-height-default elementor-section-height-default\" data-id=\"7f9ad90\" data-element_type=\"section\" data-e-type=\"section\" data-settings=\"{&quot;background_background&quot;:&quot;classic&quot;}\">\n\t\t\t\t\t\t<div class=\"elementor-container elementor-column-gap-default\">\n\t\t\t\t\t<div class=\"elementor-column elementor-col-100 elementor-top-column elementor-element elementor-element-1d448f1\" data-id=\"1d448f1\" data-element_type=\"column\" data-e-type=\"column\">\n\t\t\t<div class=\"elementor-widget-wrap elementor-element-populated\">\n\t\t\t\t\t\t<div class=\"elementor-element elementor-element-337cfaa elementor-widget elementor-widget-image\" data-id=\"337cfaa\" data-element_type=\"widget\" data-e-type=\"widget\" data-widget_type=\"image.default\">\n\t\t\t\t<div class=\"elementor-widget-container\">\n\t\t\t\t\t\t\t\t\t\t\t\t\t\t\t<img fetchpriority=\"high\" decoding=\"async\" width=\"850\" height=\"364\" src=\"https:\/\/carteldamageclaims.com\/wp-content\/uploads\/2020\/11\/cdc-lawyers-1024x439.png\" class=\"attachment-large size-large wp-image-960\" alt=\"Cabinets d\u2019avocats\" srcset=\"https:\/\/carteldamageclaims.com\/wp-content\/uploads\/2020\/11\/cdc-lawyers-1024x439.png 1024w, https:\/\/carteldamageclaims.com\/wp-content\/uploads\/2020\/11\/cdc-lawyers-300x129.png 300w, https:\/\/carteldamageclaims.com\/wp-content\/uploads\/2020\/11\/cdc-lawyers-768x329.png 768w, https:\/\/carteldamageclaims.com\/wp-content\/uploads\/2020\/11\/cdc-lawyers-615x264.png 615w, https:\/\/carteldamageclaims.com\/wp-content\/uploads\/2020\/11\/cdc-lawyers.png 1120w\" sizes=\"(max-width: 850px) 100vw, 850px\" \/>\t\t\t\t\t\t\t\t\t\t\t\t\t\t\t<\/div>\n\t\t\t\t<\/div>\n\t\t\t\t<div class=\"elementor-element elementor-element-8e4b414 elementor-widget elementor-widget-text-editor\" data-id=\"8e4b414\" data-element_type=\"widget\" data-e-type=\"widget\" data-widget_type=\"text-editor.default\">\n\t\t\t\t<div class=\"elementor-widget-container\">\n\t\t\t\t\t\t\t\t\t<p>Il n'y a pas de magie<\/p><p>dans la r\u00e9ussite.<\/p><p>Il faut travailler<\/p><p>dur, faire des<\/p><p>choix et pers\u00e9v\u00e9rer.<\/p>\t\t\t\t\t\t\t\t<\/div>\n\t\t\t\t<\/div>\n\t\t\t\t\t<\/div>\n\t\t<\/div>\n\t\t\t\t\t<\/div>\n\t\t<\/section>\n\t\t\t\t<section class=\"elementor-section elementor-top-section elementor-element elementor-element-b790e2b elementor-hidden-tablet elementor-hidden-phone elementor-section-boxed elementor-section-height-default elementor-section-height-default\" data-id=\"b790e2b\" data-element_type=\"section\" data-e-type=\"section\" data-settings=\"{&quot;background_background&quot;:&quot;classic&quot;}\">\n\t\t\t\t\t\t\t<div class=\"elementor-background-overlay\"><\/div>\n\t\t\t\t\t\t\t<div class=\"elementor-container elementor-column-gap-default\">\n\t\t\t\t\t<div class=\"elementor-column elementor-col-50 elementor-top-column elementor-element elementor-element-cf1cc7a\" data-id=\"cf1cc7a\" data-element_type=\"column\" data-e-type=\"column\">\n\t\t\t<div class=\"elementor-widget-wrap elementor-element-populated\">\n\t\t\t\t\t\t<div class=\"elementor-element elementor-element-d8b7454 elementor-widget elementor-widget-spacer\" data-id=\"d8b7454\" data-element_type=\"widget\" data-e-type=\"widget\" data-widget_type=\"spacer.default\">\n\t\t\t\t<div class=\"elementor-widget-container\">\n\t\t\t\t\t\t\t<div class=\"elementor-spacer\">\n\t\t\t<div class=\"elementor-spacer-inner\"><\/div>\n\t\t<\/div>\n\t\t\t\t\t\t<\/div>\n\t\t\t\t<\/div>\n\t\t\t\t\t<\/div>\n\t\t<\/div>\n\t\t\t\t<div class=\"elementor-column elementor-col-50 elementor-top-column elementor-element elementor-element-e19873e\" data-id=\"e19873e\" data-element_type=\"column\" data-e-type=\"column\">\n\t\t\t<div class=\"elementor-widget-wrap elementor-element-populated\">\n\t\t\t\t\t\t<div class=\"elementor-element elementor-element-1bfac24 elementor-widget elementor-widget-spacer\" data-id=\"1bfac24\" data-element_type=\"widget\" data-e-type=\"widget\" data-widget_type=\"spacer.default\">\n\t\t\t\t<div class=\"elementor-widget-container\">\n\t\t\t\t\t\t\t<div class=\"elementor-spacer\">\n\t\t\t<div class=\"elementor-spacer-inner\"><\/div>\n\t\t<\/div>\n\t\t\t\t\t\t<\/div>\n\t\t\t\t<\/div>\n\t\t\t\t<div class=\"elementor-element elementor-element-0e9661e elementor-widget elementor-widget-text-editor\" data-id=\"0e9661e\" data-element_type=\"widget\" data-e-type=\"widget\" data-widget_type=\"text-editor.default\">\n\t\t\t\t<div class=\"elementor-widget-container\">\n\t\t\t\t\t\t\t\t\t<p>Il n'y a pas de magie dans la r\u00e9ussite. Il faut travailler dur, faire des choix et pers\u00e9v\u00e9rer.<\/p>\t\t\t\t\t\t\t\t<\/div>\n\t\t\t\t<\/div>\n\t\t\t\t<div class=\"elementor-element elementor-element-29a2267 elementor-widget elementor-widget-spacer\" data-id=\"29a2267\" data-element_type=\"widget\" data-e-type=\"widget\" data-widget_type=\"spacer.default\">\n\t\t\t\t<div class=\"elementor-widget-container\">\n\t\t\t\t\t\t\t<div class=\"elementor-spacer\">\n\t\t\t<div class=\"elementor-spacer-inner\"><\/div>\n\t\t<\/div>\n\t\t\t\t\t\t<\/div>\n\t\t\t\t<\/div>\n\t\t\t\t\t<\/div>\n\t\t<\/div>\n\t\t\t\t\t<\/div>\n\t\t<\/section>\n\t\t\t\t<section class=\"elementor-section elementor-top-section elementor-element elementor-element-794f7e3 elementor-hidden-tablet elementor-hidden-phone elementor-section-boxed elementor-section-height-default elementor-section-height-default\" data-id=\"794f7e3\" data-element_type=\"section\" data-e-type=\"section\">\n\t\t\t\t\t\t<div class=\"elementor-container elementor-column-gap-default\">\n\t\t\t\t\t<div class=\"elementor-column elementor-col-50 elementor-top-column elementor-element elementor-element-199aa65\" data-id=\"199aa65\" data-element_type=\"column\" data-e-type=\"column\">\n\t\t\t<div class=\"elementor-widget-wrap\">\n\t\t\t\t\t\t\t<\/div>\n\t\t<\/div>\n\t\t\t\t<div class=\"elementor-column elementor-col-50 elementor-top-column elementor-element elementor-element-b30917a\" data-id=\"b30917a\" data-element_type=\"column\" data-e-type=\"column\">\n\t\t\t<div class=\"elementor-widget-wrap elementor-element-populated\">\n\t\t\t\t\t\t<div class=\"elementor-element elementor-element-b6f9287 elementor-widget elementor-widget-image\" data-id=\"b6f9287\" data-element_type=\"widget\" data-e-type=\"widget\" data-widget_type=\"image.default\">\n\t\t\t\t<div class=\"elementor-widget-container\">\n\t\t\t\t\t\t\t\t\t\t\t\t\t\t\t<img decoding=\"async\" width=\"500\" height=\"334\" src=\"https:\/\/carteldamageclaims.com\/wp-content\/uploads\/2020\/11\/our-history-cdc-.jpg\" class=\"attachment-large size-large wp-image-1578\" alt=\"Notre histoire\" srcset=\"https:\/\/carteldamageclaims.com\/wp-content\/uploads\/2020\/11\/our-history-cdc-.jpg 500w, https:\/\/carteldamageclaims.com\/wp-content\/uploads\/2020\/11\/our-history-cdc--300x200.jpg 300w\" sizes=\"(max-width: 500px) 100vw, 500px\" \/>\t\t\t\t\t\t\t\t\t\t\t\t\t\t\t<\/div>\n\t\t\t\t<\/div>\n\t\t\t\t\t<\/div>\n\t\t<\/div>\n\t\t\t\t\t<\/div>\n\t\t<\/section>\n\t\t\t\t<section class=\"elementor-section elementor-top-section elementor-element elementor-element-34a58a0 elementor-section-boxed elementor-section-height-default elementor-section-height-default\" data-id=\"34a58a0\" data-element_type=\"section\" data-e-type=\"section\">\n\t\t\t\t\t\t<div class=\"elementor-container elementor-column-gap-default\">\n\t\t\t\t\t<div class=\"elementor-column elementor-col-100 elementor-top-column elementor-element elementor-element-1dde006\" data-id=\"1dde006\" data-element_type=\"column\" data-e-type=\"column\">\n\t\t\t<div class=\"elementor-widget-wrap elementor-element-populated\">\n\t\t\t\t\t\t<div class=\"elementor-element elementor-element-fac64ba elementor-widget elementor-widget-spacer\" data-id=\"fac64ba\" data-element_type=\"widget\" data-e-type=\"widget\" data-widget_type=\"spacer.default\">\n\t\t\t\t<div class=\"elementor-widget-container\">\n\t\t\t\t\t\t\t<div class=\"elementor-spacer\">\n\t\t\t<div class=\"elementor-spacer-inner\"><\/div>\n\t\t<\/div>\n\t\t\t\t\t\t<\/div>\n\t\t\t\t<\/div>\n\t\t\t\t<div class=\"elementor-element elementor-element-a3a5468 elementor-widget elementor-widget-text-editor\" data-id=\"a3a5468\" data-element_type=\"widget\" data-e-type=\"widget\" data-widget_type=\"text-editor.default\">\n\t\t\t\t<div class=\"elementor-widget-container\">\n\t\t\t\t\t\t\t\t\t<p>CDC Cartel Damage Claims a \u00e9t\u00e9 fond\u00e9e en 2002 par le Dr Ulrich Classen, un avocat exp\u00e9riment\u00e9 en droit de la concurrence et un ancien fonctionnaire de l'Office f\u00e9d\u00e9ral allemand des cartels. Il a cr\u00e9\u00e9 CDC en r\u00e9ponse directe \u00e0 la situation insatisfaisante dans laquelle les entreprises l\u00e9s\u00e9es par un comportement anticoncurrentiel n'ont pas pu obtenir r\u00e9paration malgr\u00e9 la constatation d'une infraction et l'imposition d'amendes par les autorit\u00e9s de la concurrence.<\/p><p>Les raisons pour lesquelles ces entreprises ne pouvaient pas obtenir l\u2019indemnisation qu\u2019elles \u00e9taient en droit de recevoir \u00e9taient nombreuses et beaucoup de ces derni\u00e8res restent d\u2019actualit\u00e9 :<\/p><ul><li><span style=\"color: #7a7a7a;\">La jurisprudence relative au droit \u00e0 la r\u00e9paration \u00e9tait incertaine<\/span><\/li><li>Les entreprises individuelles ne disposaient pas de donn\u00e9es \u00e0 l\u2019\u00e9chelle de l\u2019ensemble du march\u00e9 suffisantes pour \u00e9tablir leurs pr\u00e9judices<\/li><li><span style=\"color: #7a7a7a;\">Faire appel \u00e0 des experts juridiques et \u00e9conomiques \u00e9tait co\u00fbteux et une pratique rare<\/span><\/li><li><span style=\"color: #7a7a7a;\">Les proc\u00e9dures \u00e9taient risqu\u00e9es, complexes et longues<\/span><\/li><li><span style=\"color: #7a7a7a;\">Les entreprises ont d\u00fb assumer tous les risques et les co\u00fbts li\u00e9s aux actions en justice<\/span><\/li><\/ul><div><p>Tous ces obstacles ne concernaient pas uniquement les petites et moyennes entreprises (PME), mais \u00e9galement les multinationales.<\/p><p>Pour surmonter ces obstacles, Ulrich a eu l\u2019id\u00e9e de rassembler au sein d\u2019une m\u00eame entreprise toutes les comp\u00e9tences juridiques, \u00e9conomiques, informatiques, d\u2019analyse de donn\u00e9es, de n\u00e9gociation et de financement n\u00e9cessaires pour l\u2019emporter. Il a \u00e9galement \u00e9t\u00e9 le pionnier de la m\u00e9thode consistant \u00e0 regrouper les demandes d'indemnisation de plusieurs entreprises l\u00e9s\u00e9es en une seule action en justice, puis \u00e0 porter cette action en justice au nom de CDC, \u00e0 ses propres frais et risques. Cette approche est connue depuis lors sous le nom de \u00ab mod\u00e8le de regroupement de CDC \u00bb. Pour la premi\u00e8re fois, les entreprises europ\u00e9ennes se sont vu offrir la possibilit\u00e9 d'externaliser enti\u00e8rement leurs demandes de dommages et int\u00e9r\u00eats pour infraction aux r\u00e8gles de concurrence, sans avoir \u00e0 supporter les co\u00fbts et les risques li\u00e9s \u00e0 l'action en justice. CDC ne serait r\u00e9mun\u00e9r\u00e9 que si l'action aboutissait.<\/p><p>En l\u2019absence d\u2019un syst\u00e8me de recours collectifs en Europe, l\u2019innovation de CDC a fourni une v\u00e9ritable solution aux entreprises europ\u00e9ennes l\u00e9s\u00e9es par des cartels.<\/p><p>CDC continues to innovate and operate throughout Europe with offices in Belgium, Luxembourg and Germany. To date, it has achieved ground-breaking judgments and settlements, relieving companies of the damages caused by competition law infringements. Through our unrivalled experience and know-how that has been strengthened since 2002, our unique multi-disciplinary and international team of experts, damaged companies can focus on their core businesses while CDC achieves optimum compensation for antitrust damages.<\/p><\/div>\t\t\t\t\t\t\t\t<\/div>\n\t\t\t\t<\/div>\n\t\t\t\t<div class=\"elementor-element elementor-element-c0b4cf3 elementor-align-center elementor-widget elementor-widget-button\" data-id=\"c0b4cf3\" data-element_type=\"widget\" data-e-type=\"widget\" data-widget_type=\"button.default\">\n\t\t\t\t<div class=\"elementor-widget-container\">\n\t\t\t\t\t\t\t\t\t<div class=\"elementor-button-wrapper\">\n\t\t\t\t\t<a class=\"elementor-button elementor-button-link elementor-size-md\" href=\"mailto:mail@carteldamageclaims.com\">\n\t\t\t\t\t\t<span class=\"elementor-button-content-wrapper\">\n\t\t\t\t\t\t\t\t\t<span class=\"elementor-button-text\">Contactez-nous pour savoir comment nous pouvons aider votre entreprise<\/span>\n\t\t\t\t\t<\/span>\n\t\t\t\t\t<\/a>\n\t\t\t\t<\/div>\n\t\t\t\t\t\t\t\t<\/div>\n\t\t\t\t<\/div>\n\t\t\t\t<div class=\"elementor-element elementor-element-ea6eb11 elementor-widget elementor-widget-spacer\" data-id=\"ea6eb11\" data-element_type=\"widget\" data-e-type=\"widget\" data-widget_type=\"spacer.default\">\n\t\t\t\t<div class=\"elementor-widget-container\">\n\t\t\t\t\t\t\t<div class=\"elementor-spacer\">\n\t\t\t<div class=\"elementor-spacer-inner\"><\/div>\n\t\t<\/div>\n\t\t\t\t\t\t<\/div>\n\t\t\t\t<\/div>\n\t\t\t\t\t<\/div>\n\t\t<\/div>\n\t\t\t\t\t<\/div>\n\t\t<\/section>\n\t\t\t\t<\/div>","protected":false},"excerpt":{"rendered":"<p>There is no magic to achievement. It\u00b4s really about\u00a0hard work, choices\u00a0and persistence. There is no magic to achievement. It\u00b4s really about hard work, choices and persistence. CDC Cartel Damage Claims was founded in 2002 by Dr Ulrich Classen, an experienced competition lawyer and a former official of the German Federal Cartel Office. He created CDC [&hellip;]<\/p>\n","protected":false},"author":2,"featured_media":0,"parent":24,"menu_order":0,"comment_status":"closed","ping_status":"closed","template":"elementor_header_footer","meta":{"footnotes":""},"coauthors":[101],"class_list":["post-27","page","type-page","status-publish","hentry"],"yoast_head":"<!-- This site is optimized with the Yoast SEO plugin v27.3 - https:\/\/yoast.com\/product\/yoast-seo-wordpress\/ -->\n<title>Our History - CDC<\/title>\n<meta name=\"robots\" content=\"index, follow, max-snippet:-1, max-image-preview:large, max-video-preview:-1\" \/>\n<link rel=\"canonical\" href=\"https:\/\/carteldamageclaims.com\/fr\/about-us\/our-history\/\" \/>\n<meta property=\"og:locale\" content=\"fr_FR\" \/>\n<meta property=\"og:type\" content=\"article\" \/>\n<meta property=\"og:title\" content=\"Our History - CDC\" \/>\n<meta property=\"og:description\" content=\"There is no magic to achievement. It\u00b4s really about\u00a0hard work, choices\u00a0and persistence. There is no magic to achievement. It\u00b4s really about hard work, choices and persistence. CDC Cartel Damage Claims was founded in 2002 by Dr Ulrich Classen, an experienced competition lawyer and a former official of the German Federal Cartel Office. He created CDC [&hellip;]\" \/>\n<meta property=\"og:url\" content=\"https:\/\/carteldamageclaims.com\/fr\/about-us\/our-history\/\" \/>\n<meta property=\"og:site_name\" content=\"CDC\" \/>\n<meta property=\"article:modified_time\" content=\"2026-03-20T07:39:10+00:00\" \/>\n<meta property=\"og:image\" content=\"https:\/\/carteldamageclaims.com\/wp-content\/uploads\/2020\/11\/cdc-lawyers.png\" \/>\n\t<meta property=\"og:image:width\" content=\"1120\" \/>\n\t<meta property=\"og:image:height\" content=\"480\" \/>\n\t<meta property=\"og:image:type\" content=\"image\/png\" \/>\n<meta name=\"twitter:card\" content=\"summary_large_image\" \/>\n<meta name=\"twitter:label1\" content=\"Est. reading time\" \/>\n\t<meta name=\"twitter:data1\" content=\"3 minutes\" \/>\n\t<meta name=\"twitter:label2\" content=\"Written by\" \/>\n\t<meta name=\"twitter:data2\" content=\"Christian Classen\" \/>\n<script type=\"application\/ld+json\" class=\"yoast-schema-graph\">{\"@context\":\"https:\\\/\\\/schema.org\",\"@graph\":[{\"@type\":\"WebPage\",\"@id\":\"https:\\\/\\\/carteldamageclaims.com\\\/about-us\\\/our-history\\\/\",\"url\":\"https:\\\/\\\/carteldamageclaims.com\\\/about-us\\\/our-history\\\/\",\"name\":\"Our History - CDC\",\"isPartOf\":{\"@id\":\"https:\\\/\\\/carteldamageclaims.com\\\/#website\"},\"primaryImageOfPage\":{\"@id\":\"https:\\\/\\\/carteldamageclaims.com\\\/about-us\\\/our-history\\\/#primaryimage\"},\"image\":{\"@id\":\"https:\\\/\\\/carteldamageclaims.com\\\/about-us\\\/our-history\\\/#primaryimage\"},\"thumbnailUrl\":\"https:\\\/\\\/carteldamageclaims.com\\\/wp-content\\\/uploads\\\/2020\\\/11\\\/cdc-lawyers-1024x439.png\",\"datePublished\":\"2020-07-03T14:31:27+00:00\",\"dateModified\":\"2026-03-20T07:39:10+00:00\",\"breadcrumb\":{\"@id\":\"https:\\\/\\\/carteldamageclaims.com\\\/about-us\\\/our-history\\\/#breadcrumb\"},\"inLanguage\":\"fr-FR\",\"potentialAction\":[{\"@type\":\"ReadAction\",\"target\":[\"https:\\\/\\\/carteldamageclaims.com\\\/about-us\\\/our-history\\\/\"]}]},{\"@type\":\"ImageObject\",\"inLanguage\":\"fr-FR\",\"@id\":\"https:\\\/\\\/carteldamageclaims.com\\\/about-us\\\/our-history\\\/#primaryimage\",\"url\":\"https:\\\/\\\/carteldamageclaims.com\\\/wp-content\\\/uploads\\\/2020\\\/11\\\/cdc-lawyers-1024x439.png\",\"contentUrl\":\"https:\\\/\\\/carteldamageclaims.com\\\/wp-content\\\/uploads\\\/2020\\\/11\\\/cdc-lawyers-1024x439.png\"},{\"@type\":\"BreadcrumbList\",\"@id\":\"https:\\\/\\\/carteldamageclaims.com\\\/about-us\\\/our-history\\\/#breadcrumb\",\"itemListElement\":[{\"@type\":\"ListItem\",\"position\":1,\"name\":\"Home\",\"item\":\"https:\\\/\\\/carteldamageclaims.com\\\/\"},{\"@type\":\"ListItem\",\"position\":2,\"name\":\"ABOUT US\",\"item\":\"https:\\\/\\\/carteldamageclaims.com\\\/de\\\/about-us\\\/\"},{\"@type\":\"ListItem\",\"position\":3,\"name\":\"Our History\"}]},{\"@type\":\"WebSite\",\"@id\":\"https:\\\/\\\/carteldamageclaims.com\\\/#website\",\"url\":\"https:\\\/\\\/carteldamageclaims.com\\\/\",\"name\":\"CDC Cartel Damage Claims\",\"description\":\"Cartel Damage Claims\",\"publisher\":{\"@id\":\"https:\\\/\\\/carteldamageclaims.com\\\/#organization\"},\"potentialAction\":[{\"@type\":\"SearchAction\",\"target\":{\"@type\":\"EntryPoint\",\"urlTemplate\":\"https:\\\/\\\/carteldamageclaims.com\\\/?s={search_term_string}\"},\"query-input\":{\"@type\":\"PropertyValueSpecification\",\"valueRequired\":true,\"valueName\":\"search_term_string\"}}],\"inLanguage\":\"fr-FR\"},{\"@type\":\"Organization\",\"@id\":\"https:\\\/\\\/carteldamageclaims.com\\\/#organization\",\"name\":\"CDC Cartel Damage Claims\",\"url\":\"https:\\\/\\\/carteldamageclaims.com\\\/\",\"logo\":{\"@type\":\"ImageObject\",\"inLanguage\":\"fr-FR\",\"@id\":\"https:\\\/\\\/carteldamageclaims.com\\\/#\\\/schema\\\/logo\\\/image\\\/\",\"url\":\"https:\\\/\\\/carteldamageclaims.com\\\/wp-content\\\/uploads\\\/2020\\\/09\\\/CDC-Logo.jpg\",\"contentUrl\":\"https:\\\/\\\/carteldamageclaims.com\\\/wp-content\\\/uploads\\\/2020\\\/09\\\/CDC-Logo.jpg\",\"width\":225,\"height\":54,\"caption\":\"CDC Cartel Damage Claims\"},\"image\":{\"@id\":\"https:\\\/\\\/carteldamageclaims.com\\\/#\\\/schema\\\/logo\\\/image\\\/\"}}]}<\/script>\n<!-- \/ Yoast SEO plugin. -->","yoast_head_json":{"title":"Our History - CDC","robots":{"index":"index","follow":"follow","max-snippet":"max-snippet:-1","max-image-preview":"max-image-preview:large","max-video-preview":"max-video-preview:-1"},"canonical":"https:\/\/carteldamageclaims.com\/fr\/about-us\/our-history\/","og_locale":"fr_FR","og_type":"article","og_title":"Our History - CDC","og_description":"There is no magic to achievement. It\u00b4s really about\u00a0hard work, choices\u00a0and persistence. There is no magic to achievement. It\u00b4s really about hard work, choices and persistence. CDC Cartel Damage Claims was founded in 2002 by Dr Ulrich Classen, an experienced competition lawyer and a former official of the German Federal Cartel Office. He created CDC [&hellip;]","og_url":"https:\/\/carteldamageclaims.com\/fr\/about-us\/our-history\/","og_site_name":"CDC","article_modified_time":"2026-03-20T07:39:10+00:00","og_image":[{"width":1120,"height":480,"url":"https:\/\/carteldamageclaims.com\/wp-content\/uploads\/2020\/11\/cdc-lawyers.png","type":"image\/png"}],"twitter_card":"summary_large_image","twitter_misc":{"Est. reading time":"3 minutes","Written by":"Christian Classen"},"schema":{"@context":"https:\/\/schema.org","@graph":[{"@type":"WebPage","@id":"https:\/\/carteldamageclaims.com\/about-us\/our-history\/","url":"https:\/\/carteldamageclaims.com\/about-us\/our-history\/","name":"Our History - CDC","isPartOf":{"@id":"https:\/\/carteldamageclaims.com\/#website"},"primaryImageOfPage":{"@id":"https:\/\/carteldamageclaims.com\/about-us\/our-history\/#primaryimage"},"image":{"@id":"https:\/\/carteldamageclaims.com\/about-us\/our-history\/#primaryimage"},"thumbnailUrl":"https:\/\/carteldamageclaims.com\/wp-content\/uploads\/2020\/11\/cdc-lawyers-1024x439.png","datePublished":"2020-07-03T14:31:27+00:00","dateModified":"2026-03-20T07:39:10+00:00","breadcrumb":{"@id":"https:\/\/carteldamageclaims.com\/about-us\/our-history\/#breadcrumb"},"inLanguage":"fr-FR","potentialAction":[{"@type":"ReadAction","target":["https:\/\/carteldamageclaims.com\/about-us\/our-history\/"]}]},{"@type":"ImageObject","inLanguage":"fr-FR","@id":"https:\/\/carteldamageclaims.com\/about-us\/our-history\/#primaryimage","url":"https:\/\/carteldamageclaims.com\/wp-content\/uploads\/2020\/11\/cdc-lawyers-1024x439.png","contentUrl":"https:\/\/carteldamageclaims.com\/wp-content\/uploads\/2020\/11\/cdc-lawyers-1024x439.png"},{"@type":"BreadcrumbList","@id":"https:\/\/carteldamageclaims.com\/about-us\/our-history\/#breadcrumb","itemListElement":[{"@type":"ListItem","position":1,"name":"Home","item":"https:\/\/carteldamageclaims.com\/"},{"@type":"ListItem","position":2,"name":"ABOUT US","item":"https:\/\/carteldamageclaims.com\/de\/about-us\/"},{"@type":"ListItem","position":3,"name":"Our History"}]},{"@type":"WebSite","@id":"https:\/\/carteldamageclaims.com\/#website","url":"https:\/\/carteldamageclaims.com\/","name":"CDC Cartel Damage Claims","description":"Cartel Damage Claims","publisher":{"@id":"https:\/\/carteldamageclaims.com\/#organization"},"potentialAction":[{"@type":"SearchAction","target":{"@type":"EntryPoint","urlTemplate":"https:\/\/carteldamageclaims.com\/?s={search_term_string}"},"query-input":{"@type":"PropertyValueSpecification","valueRequired":true,"valueName":"search_term_string"}}],"inLanguage":"fr-FR"},{"@type":"Organization","@id":"https:\/\/carteldamageclaims.com\/#organization","name":"CDC Cartel Damage Claims","url":"https:\/\/carteldamageclaims.com\/","logo":{"@type":"ImageObject","inLanguage":"fr-FR","@id":"https:\/\/carteldamageclaims.com\/#\/schema\/logo\/image\/","url":"https:\/\/carteldamageclaims.com\/wp-content\/uploads\/2020\/09\/CDC-Logo.jpg","contentUrl":"https:\/\/carteldamageclaims.com\/wp-content\/uploads\/2020\/09\/CDC-Logo.jpg","width":225,"height":54,"caption":"CDC Cartel Damage Claims"},"image":{"@id":"https:\/\/carteldamageclaims.com\/#\/schema\/logo\/image\/"}}]}},"_links":{"self":[{"href":"https:\/\/carteldamageclaims.com\/fr\/wp-json\/wp\/v2\/pages\/27","targetHints":{"allow":["GET"]}}],"collection":[{"href":"https:\/\/carteldamageclaims.com\/fr\/wp-json\/wp\/v2\/pages"}],"about":[{"href":"https:\/\/carteldamageclaims.com\/fr\/wp-json\/wp\/v2\/types\/page"}],"author":[{"embeddable":true,"href":"https:\/\/carteldamageclaims.com\/fr\/wp-json\/wp\/v2\/users\/2"}],"replies":[{"embeddable":true,"href":"https:\/\/carteldamageclaims.com\/fr\/wp-json\/wp\/v2\/comments?post=27"}],"version-history":[{"count":40,"href":"https:\/\/carteldamageclaims.com\/fr\/wp-json\/wp\/v2\/pages\/27\/revisions"}],"predecessor-version":[{"id":11391,"href":"https:\/\/carteldamageclaims.com\/fr\/wp-json\/wp\/v2\/pages\/27\/revisions\/11391"}],"up":[{"embeddable":true,"href":"https:\/\/carteldamageclaims.com\/fr\/wp-json\/wp\/v2\/pages\/24"}],"wp:attachment":[{"href":"https:\/\/carteldamageclaims.com\/fr\/wp-json\/wp\/v2\/media?parent=27"}],"wp:term":[{"taxonomy":"author","embeddable":true,"href":"https:\/\/carteldamageclaims.com\/fr\/wp-json\/wp\/v2\/coauthors?post=27"}],"curies":[{"name":"wp","href":"https:\/\/api.w.org\/{rel}","templated":true}]}}