{"id":530,"date":"2020-09-09T12:14:08","date_gmt":"2020-09-09T10:14:08","guid":{"rendered":"https:\/\/carteldamageclaims.com\/?page_id=530"},"modified":"2021-01-28T11:04:18","modified_gmt":"2021-01-28T10:04:18","slug":"paraffin-wax","status":"publish","type":"page","link":"https:\/\/carteldamageclaims.com\/fr\/cases\/paraffin-wax\/","title":{"rendered":"Cartel de cire de paraffine"},"content":{"rendered":"<div data-elementor-type=\"wp-page\" data-elementor-id=\"530\" class=\"elementor elementor-530\" data-elementor-post-type=\"page\">\n\t\t\t\t\t\t<section class=\"elementor-section elementor-top-section elementor-element elementor-element-e1d22fe elementor-section-boxed elementor-section-height-default elementor-section-height-default\" data-id=\"e1d22fe\" data-element_type=\"section\" data-e-type=\"section\" data-settings=\"{&quot;background_background&quot;:&quot;classic&quot;}\">\n\t\t\t\t\t\t<div class=\"elementor-container elementor-column-gap-default\">\n\t\t\t\t\t<div class=\"elementor-column elementor-col-100 elementor-top-column elementor-element elementor-element-7d786da\" data-id=\"7d786da\" data-element_type=\"column\" data-e-type=\"column\">\n\t\t\t<div class=\"elementor-widget-wrap elementor-element-populated\">\n\t\t\t\t\t\t\t<\/div>\n\t\t<\/div>\n\t\t\t\t\t<\/div>\n\t\t<\/section>\n\t\t\t\t<section class=\"elementor-section elementor-top-section elementor-element elementor-element-e036b63 elementor-section-boxed elementor-section-height-default elementor-section-height-default\" data-id=\"e036b63\" data-element_type=\"section\" data-e-type=\"section\" data-settings=\"{&quot;background_background&quot;:&quot;classic&quot;}\">\n\t\t\t\t\t\t\t<div class=\"elementor-background-overlay\"><\/div>\n\t\t\t\t\t\t\t<div class=\"elementor-container elementor-column-gap-default\">\n\t\t\t\t\t<div class=\"elementor-column elementor-col-50 elementor-top-column elementor-element elementor-element-c487cf5\" data-id=\"c487cf5\" data-element_type=\"column\" data-e-type=\"column\">\n\t\t\t<div class=\"elementor-widget-wrap elementor-element-populated\">\n\t\t\t\t\t\t<div class=\"elementor-element elementor-element-528834e elementor-widget elementor-widget-spacer\" data-id=\"528834e\" data-element_type=\"widget\" data-e-type=\"widget\" data-widget_type=\"spacer.default\">\n\t\t\t\t<div class=\"elementor-widget-container\">\n\t\t\t\t\t\t\t<div class=\"elementor-spacer\">\n\t\t\t<div class=\"elementor-spacer-inner\"><\/div>\n\t\t<\/div>\n\t\t\t\t\t\t<\/div>\n\t\t\t\t<\/div>\n\t\t\t\t\t<\/div>\n\t\t<\/div>\n\t\t\t\t<div class=\"elementor-column elementor-col-50 elementor-top-column elementor-element elementor-element-881cb83\" data-id=\"881cb83\" data-element_type=\"column\" data-e-type=\"column\">\n\t\t\t<div class=\"elementor-widget-wrap elementor-element-populated\">\n\t\t\t\t\t\t<div class=\"elementor-element elementor-element-39ec8fc elementor-widget elementor-widget-spacer\" data-id=\"39ec8fc\" data-element_type=\"widget\" data-e-type=\"widget\" data-widget_type=\"spacer.default\">\n\t\t\t\t<div class=\"elementor-widget-container\">\n\t\t\t\t\t\t\t<div class=\"elementor-spacer\">\n\t\t\t<div class=\"elementor-spacer-inner\"><\/div>\n\t\t<\/div>\n\t\t\t\t\t\t<\/div>\n\t\t\t\t<\/div>\n\t\t\t\t\t<\/div>\n\t\t<\/div>\n\t\t\t\t\t<\/div>\n\t\t<\/section>\n\t\t\t\t<section class=\"elementor-section elementor-top-section elementor-element elementor-element-4e21ad8 elementor-section-boxed elementor-section-height-default elementor-section-height-default\" data-id=\"4e21ad8\" data-element_type=\"section\" data-e-type=\"section\">\n\t\t\t\t\t\t<div class=\"elementor-container elementor-column-gap-default\">\n\t\t\t\t\t<div class=\"elementor-column elementor-col-100 elementor-top-column elementor-element elementor-element-4298e63\" data-id=\"4298e63\" data-element_type=\"column\" data-e-type=\"column\">\n\t\t\t<div class=\"elementor-widget-wrap elementor-element-populated\">\n\t\t\t\t\t\t<div class=\"elementor-element elementor-element-27033b0 elementor-widget elementor-widget-spacer\" data-id=\"27033b0\" data-element_type=\"widget\" data-e-type=\"widget\" data-widget_type=\"spacer.default\">\n\t\t\t\t<div class=\"elementor-widget-container\">\n\t\t\t\t\t\t\t<div class=\"elementor-spacer\">\n\t\t\t<div class=\"elementor-spacer-inner\"><\/div>\n\t\t<\/div>\n\t\t\t\t\t\t<\/div>\n\t\t\t\t<\/div>\n\t\t\t\t<div class=\"elementor-element elementor-element-1f837a2 elementor-widget elementor-widget-text-editor\" data-id=\"1f837a2\" data-element_type=\"widget\" data-e-type=\"widget\" data-widget_type=\"text-editor.default\">\n\t\t\t\t<div class=\"elementor-widget-container\">\n\t\t\t\t\t\t\t\t\t<p>En 2011, CDC a d\u00e9pos\u00e9 \u00e0 La Haye, aux Pays-Bas, une action en justice pour faire valoir les demandes de dommages et int\u00e9r\u00eats r\u00e9sultant du cartel europ\u00e9en des cires de paraffine. Auparavant, CDC avait acquis les cr\u00e9ances de huit acheteurs de cire de paraffine. La cire de paraffine est principalement utilis\u00e9e pour la production de bougies, mais elle a \u00e9galement un large \u00e9ventail d'applications dans l'emballage, les cosm\u00e9tiques, la construction et l'industrie alimentaire.<\/p>\t\t\t\t\t\t\t\t<\/div>\n\t\t\t\t<\/div>\n\t\t\t\t<div class=\"elementor-element elementor-element-a71f27b elementor-widget elementor-widget-spacer\" data-id=\"a71f27b\" data-element_type=\"widget\" data-e-type=\"widget\" data-widget_type=\"spacer.default\">\n\t\t\t\t<div class=\"elementor-widget-container\">\n\t\t\t\t\t\t\t<div class=\"elementor-spacer\">\n\t\t\t<div class=\"elementor-spacer-inner\"><\/div>\n\t\t<\/div>\n\t\t\t\t\t\t<\/div>\n\t\t\t\t<\/div>\n\t\t\t\t<div class=\"elementor-element elementor-element-b7fecbd elementor-widget elementor-widget-heading\" data-id=\"b7fecbd\" data-element_type=\"widget\" data-e-type=\"widget\" data-widget_type=\"heading.default\">\n\t\t\t\t<div class=\"elementor-widget-container\">\n\t\t\t\t\t<h2 class=\"elementor-heading-title elementor-size-default\">Contexte \u2013 Le cartel europ\u00e9en de la cire de paraffine\n\n<\/h2>\t\t\t\t<\/div>\n\t\t\t\t<\/div>\n\t\t\t\t<div class=\"elementor-element elementor-element-bb310a2 elementor-widget elementor-widget-text-editor\" data-id=\"bb310a2\" data-element_type=\"widget\" data-e-type=\"widget\" data-widget_type=\"text-editor.default\">\n\t\t\t\t<div class=\"elementor-widget-container\">\n\t\t\t\t\t\t\t\t\t<p>Le 1er octobre 2008, la Commission europ\u00e9enne a d\u00e9couvert qu'\u00a0<a href=\"https:\/\/www.eni.com\/en_IT\/home.page\" target=\"_blank\" rel=\"noopener noreferrer\">ENI<\/a>,\u00a0<a href=\"http:\/\/corporate.exxonmobil.com\/en\" target=\"_blank\" rel=\"noopener noreferrer\">ExxonMobil<\/a>,\u00a0<a href=\"http:\/\/hur.com\/en\/\" target=\"_blank\" rel=\"noopener noreferrer\">Hansen &amp; Rosenthal\/Tudapetrol<\/a>,\u00a0<a href=\"https:\/\/molgroup.info\/en\/about-mol-group\" target=\"_blank\" rel=\"noopener noreferrer\">MOL<\/a>,\u00a0<a href=\"https:\/\/www.repsol.com\/us_en\/\" target=\"_blank\" rel=\"noopener noreferrer\">Repsol<\/a>,\u00a0<a href=\"http:\/\/www.sasol.com\/\" target=\"_blank\" rel=\"noopener noreferrer\">Sasol<\/a>,\u00a0<a href=\"http:\/\/www.shell.com\/\" target=\"_blank\" rel=\"noopener noreferrer\">Shell<\/a>,\u00a0<a href=\"https:\/\/www.rwe.com\/web\/cms\/en\/8\/rwe\/\" target=\"_blank\" rel=\"noopener noreferrer\">RWE<\/a>, et\u00a0<a href=\"http:\/\/www.total.com\/en\" target=\"_blank\" rel=\"noopener noreferrer\">Total<\/a>\u00a0avaient particip\u00e9 \u00e0 un cartel europ\u00e9en de la paraffine de 1992 \u00e0 2005 tout au moins. Au cours de plus de 50 r\u00e9unions organis\u00e9es dans toute l'Europe, des centaines de lettres, de fax et de courriels ont \u00e9t\u00e9 envoy\u00e9s aux membres du cartel pour fixer des prix cibles et contr\u00f4ler leur application, r\u00e9partir les clients ainsi que les parts de march\u00e9 et \u00e9changer des informations commerciales sensibles.<\/p><p>Selon la Commission europ\u00e9enne, le plan global consistait \u00e0 r\u00e9duire et \u00e0 emp\u00eacher la concurrence sur les prix afin de stabiliser ou d'augmenter les prix en convenant des prix minimums et d'augmentations de prix. Les membres du cartel visaient \u00e0 r\u00e9duire, voire \u00e0 \u00e9liminer la concurrence dans le but ultime de r\u00e9aliser des b\u00e9n\u00e9fices plus \u00e9lev\u00e9s. Quatre groupes ont reconnu leur participation \u00e0 l'entente et ont coop\u00e9r\u00e9 avec la Commission dans le cadre de son programme de cl\u00e9mence. La Commission a inflig\u00e9 des amendes de plus de 676 millions d'euros \u00e0 tous les groupes de soci\u00e9t\u00e9s.<\/p>\t\t\t\t\t\t\t\t<\/div>\n\t\t\t\t<\/div>\n\t\t\t\t<div class=\"elementor-element elementor-element-9ebad97 elementor-widget elementor-widget-spacer\" data-id=\"9ebad97\" data-element_type=\"widget\" data-e-type=\"widget\" data-widget_type=\"spacer.default\">\n\t\t\t\t<div class=\"elementor-widget-container\">\n\t\t\t\t\t\t\t<div class=\"elementor-spacer\">\n\t\t\t<div class=\"elementor-spacer-inner\"><\/div>\n\t\t<\/div>\n\t\t\t\t\t\t<\/div>\n\t\t\t\t<\/div>\n\t\t\t\t<div class=\"elementor-element elementor-element-7d3e5ee elementor-widget elementor-widget-heading\" data-id=\"7d3e5ee\" data-element_type=\"widget\" data-e-type=\"widget\" data-widget_type=\"heading.default\">\n\t\t\t\t<div class=\"elementor-widget-container\">\n\t\t\t\t\t<h2 class=\"elementor-heading-title elementor-size-default\">L\u2019action en dommages et int\u00e9r\u00eats de CDC\n\n<\/h2>\t\t\t\t<\/div>\n\t\t\t\t<\/div>\n\t\t\t\t<div class=\"elementor-element elementor-element-3cee3df elementor-widget elementor-widget-text-editor\" data-id=\"3cee3df\" data-element_type=\"widget\" data-e-type=\"widget\" data-widget_type=\"text-editor.default\">\n\t\t\t\t<div class=\"elementor-widget-container\">\n\t\t\t\t\t\t\t\t\t<p>En septembre 2011, CDC a intent\u00e9 une action en dommages et int\u00e9r\u00eats r\u00e9sultant du cartel de la cire de paraffine contre ExxonMobil, Shell, Total et Sasol. L'action a \u00e9t\u00e9 intent\u00e9e \u00e0 La Haye, aux Pays-Bas. CDC a essentiellement achet\u00e9 les cr\u00e9ances de dommages-int\u00e9r\u00eats des producteurs de bougies ayant des sites de production dans cinq pays europ\u00e9ens. Les donn\u00e9es d\u00e9taill\u00e9es sur les transactions recueillies par CDC aupr\u00e8s des entreprises ayant subi des dommages, ainsi que d'autres donn\u00e9es sur le march\u00e9, ont r\u00e9v\u00e9l\u00e9 que l'entente avait entra\u00een\u00e9 des surco\u00fbts importants. Ces conclusions ont \u00e9t\u00e9 confirm\u00e9es par des experts \u00e9conomiques externes. Le montant total des dommages, y compris les int\u00e9r\u00eats r\u00e9clam\u00e9s par CDC, s'\u00e9levait \u00e0 plus de 100 millions d'euros. Par son jugement du 12 d\u00e9cembre 2014, la Cour de La Haye a confirm\u00e9 sa comp\u00e9tence, la validit\u00e9 des cessions de cr\u00e9ances et les lois applicables.<\/p><p>En juin 2015, comme le montrent les rapports publics de Sasol, CDC a obtenu un r\u00e8glement \u00e0 l'amiable et a ensuite renonc\u00e9 \u00e0 l'action contre Sasol. En 2017, apr\u00e8s d'autres r\u00e8glements, CDC a retir\u00e9 l'action contre les autres d\u00e9fendeurs.<\/p>\t\t\t\t\t\t\t\t<\/div>\n\t\t\t\t<\/div>\n\t\t\t\t<div class=\"elementor-element elementor-element-f9826b7 elementor-widget elementor-widget-spacer\" data-id=\"f9826b7\" data-element_type=\"widget\" data-e-type=\"widget\" data-widget_type=\"spacer.default\">\n\t\t\t\t<div class=\"elementor-widget-container\">\n\t\t\t\t\t\t\t<div class=\"elementor-spacer\">\n\t\t\t<div class=\"elementor-spacer-inner\"><\/div>\n\t\t<\/div>\n\t\t\t\t\t\t<\/div>\n\t\t\t\t<\/div>\n\t\t\t\t\t<\/div>\n\t\t<\/div>\n\t\t\t\t\t<\/div>\n\t\t<\/section>\n\t\t\t\t<\/div>","protected":false},"excerpt":{"rendered":"<p>In 2011, CDC filed in The Hague, the Netherlands, a legal action enforcing claims for damages resulting\u00a0from the Europe-wide paraffin wax cartel. Previously, CDC had acquired the claims from\u00a0eight purchasers of paraffin wax. Paraffin wax is mainly used for candle production but\u00a0has also a wide range of applications in packaging, cosmetics, construction and food industry. [&hellip;]<\/p>\n","protected":false},"author":2,"featured_media":0,"parent":40,"menu_order":0,"comment_status":"closed","ping_status":"closed","template":"elementor_header_footer","meta":{"footnotes":""},"coauthors":[],"class_list":["post-530","page","type-page","status-publish","hentry"],"yoast_head":"<!-- This site is optimized with the Yoast SEO plugin v27.4 - https:\/\/yoast.com\/product\/yoast-seo-wordpress\/ -->\n<title>Paraffin Wax - CDC<\/title>\n<meta name=\"robots\" content=\"index, follow, max-snippet:-1, max-image-preview:large, max-video-preview:-1\" \/>\n<link rel=\"canonical\" href=\"https:\/\/carteldamageclaims.com\/fr\/nuestros-casos\/paraffin-wax\/\" \/>\n<meta property=\"og:locale\" content=\"fr_FR\" \/>\n<meta property=\"og:type\" content=\"article\" \/>\n<meta property=\"og:title\" content=\"Paraffin Wax - CDC\" \/>\n<meta property=\"og:description\" content=\"In 2011, CDC filed in The Hague, the Netherlands, a legal action enforcing claims for damages resulting\u00a0from the Europe-wide paraffin wax cartel. Previously, CDC had acquired the claims from\u00a0eight purchasers of paraffin wax. Paraffin wax is mainly used for candle production but\u00a0has also a wide range of applications in packaging, cosmetics, construction and food industry. [&hellip;]\" \/>\n<meta property=\"og:url\" content=\"https:\/\/carteldamageclaims.com\/fr\/nuestros-casos\/paraffin-wax\/\" \/>\n<meta property=\"og:site_name\" content=\"CDC\" \/>\n<meta property=\"article:modified_time\" content=\"2021-01-28T10:04:18+00:00\" \/>\n<meta name=\"twitter:card\" content=\"summary_large_image\" \/>\n<meta name=\"twitter:label1\" content=\"Est. reading time\" \/>\n\t<meta name=\"twitter:data1\" content=\"2 minutes\" \/>\n\t<meta name=\"twitter:label2\" content=\"Written by\" \/>\n\t<meta name=\"twitter:data2\" content=\"Christian Classen\" \/>\n<script type=\"application\/ld+json\" class=\"yoast-schema-graph\">{\"@context\":\"https:\\\/\\\/schema.org\",\"@graph\":[{\"@type\":\"WebPage\",\"@id\":\"https:\\\/\\\/carteldamageclaims.com\\\/cases\\\/paraffin-wax\\\/\",\"url\":\"https:\\\/\\\/carteldamageclaims.com\\\/cases\\\/paraffin-wax\\\/\",\"name\":\"Paraffin Wax - CDC\",\"isPartOf\":{\"@id\":\"https:\\\/\\\/carteldamageclaims.com\\\/#website\"},\"datePublished\":\"2020-09-09T10:14:08+00:00\",\"dateModified\":\"2021-01-28T10:04:18+00:00\",\"breadcrumb\":{\"@id\":\"https:\\\/\\\/carteldamageclaims.com\\\/cases\\\/paraffin-wax\\\/#breadcrumb\"},\"inLanguage\":\"fr-FR\",\"potentialAction\":[{\"@type\":\"ReadAction\",\"target\":[\"https:\\\/\\\/carteldamageclaims.com\\\/cases\\\/paraffin-wax\\\/\"]}]},{\"@type\":\"BreadcrumbList\",\"@id\":\"https:\\\/\\\/carteldamageclaims.com\\\/cases\\\/paraffin-wax\\\/#breadcrumb\",\"itemListElement\":[{\"@type\":\"ListItem\",\"position\":1,\"name\":\"Home\",\"item\":\"https:\\\/\\\/carteldamageclaims.com\\\/\"},{\"@type\":\"ListItem\",\"position\":2,\"name\":\"CASES\",\"item\":\"https:\\\/\\\/carteldamageclaims.com\\\/cases\\\/\"},{\"@type\":\"ListItem\",\"position\":3,\"name\":\"Paraffin Wax\"}]},{\"@type\":\"WebSite\",\"@id\":\"https:\\\/\\\/carteldamageclaims.com\\\/#website\",\"url\":\"https:\\\/\\\/carteldamageclaims.com\\\/\",\"name\":\"CDC Cartel Damage Claims\",\"description\":\"Cartel Damage Claims\",\"publisher\":{\"@id\":\"https:\\\/\\\/carteldamageclaims.com\\\/#organization\"},\"potentialAction\":[{\"@type\":\"SearchAction\",\"target\":{\"@type\":\"EntryPoint\",\"urlTemplate\":\"https:\\\/\\\/carteldamageclaims.com\\\/?s={search_term_string}\"},\"query-input\":{\"@type\":\"PropertyValueSpecification\",\"valueRequired\":true,\"valueName\":\"search_term_string\"}}],\"inLanguage\":\"fr-FR\"},{\"@type\":\"Organization\",\"@id\":\"https:\\\/\\\/carteldamageclaims.com\\\/#organization\",\"name\":\"CDC Cartel Damage Claims\",\"url\":\"https:\\\/\\\/carteldamageclaims.com\\\/\",\"logo\":{\"@type\":\"ImageObject\",\"inLanguage\":\"fr-FR\",\"@id\":\"https:\\\/\\\/carteldamageclaims.com\\\/#\\\/schema\\\/logo\\\/image\\\/\",\"url\":\"https:\\\/\\\/carteldamageclaims.com\\\/wp-content\\\/uploads\\\/2020\\\/09\\\/CDC-Logo.jpg\",\"contentUrl\":\"https:\\\/\\\/carteldamageclaims.com\\\/wp-content\\\/uploads\\\/2020\\\/09\\\/CDC-Logo.jpg\",\"width\":225,\"height\":54,\"caption\":\"CDC Cartel Damage Claims\"},\"image\":{\"@id\":\"https:\\\/\\\/carteldamageclaims.com\\\/#\\\/schema\\\/logo\\\/image\\\/\"}}]}<\/script>\n<!-- \/ Yoast SEO plugin. -->","yoast_head_json":{"title":"Paraffin Wax - CDC","robots":{"index":"index","follow":"follow","max-snippet":"max-snippet:-1","max-image-preview":"max-image-preview:large","max-video-preview":"max-video-preview:-1"},"canonical":"https:\/\/carteldamageclaims.com\/fr\/nuestros-casos\/paraffin-wax\/","og_locale":"fr_FR","og_type":"article","og_title":"Paraffin Wax - CDC","og_description":"In 2011, CDC filed in The Hague, the Netherlands, a legal action enforcing claims for damages resulting\u00a0from the Europe-wide paraffin wax cartel. Previously, CDC had acquired the claims from\u00a0eight purchasers of paraffin wax. Paraffin wax is mainly used for candle production but\u00a0has also a wide range of applications in packaging, cosmetics, construction and food industry. [&hellip;]","og_url":"https:\/\/carteldamageclaims.com\/fr\/nuestros-casos\/paraffin-wax\/","og_site_name":"CDC","article_modified_time":"2021-01-28T10:04:18+00:00","twitter_card":"summary_large_image","twitter_misc":{"Est. reading time":"2 minutes","Written by":"Christian Classen"},"schema":{"@context":"https:\/\/schema.org","@graph":[{"@type":"WebPage","@id":"https:\/\/carteldamageclaims.com\/cases\/paraffin-wax\/","url":"https:\/\/carteldamageclaims.com\/cases\/paraffin-wax\/","name":"Paraffin Wax - CDC","isPartOf":{"@id":"https:\/\/carteldamageclaims.com\/#website"},"datePublished":"2020-09-09T10:14:08+00:00","dateModified":"2021-01-28T10:04:18+00:00","breadcrumb":{"@id":"https:\/\/carteldamageclaims.com\/cases\/paraffin-wax\/#breadcrumb"},"inLanguage":"fr-FR","potentialAction":[{"@type":"ReadAction","target":["https:\/\/carteldamageclaims.com\/cases\/paraffin-wax\/"]}]},{"@type":"BreadcrumbList","@id":"https:\/\/carteldamageclaims.com\/cases\/paraffin-wax\/#breadcrumb","itemListElement":[{"@type":"ListItem","position":1,"name":"Home","item":"https:\/\/carteldamageclaims.com\/"},{"@type":"ListItem","position":2,"name":"CASES","item":"https:\/\/carteldamageclaims.com\/cases\/"},{"@type":"ListItem","position":3,"name":"Paraffin Wax"}]},{"@type":"WebSite","@id":"https:\/\/carteldamageclaims.com\/#website","url":"https:\/\/carteldamageclaims.com\/","name":"CDC Cartel Damage Claims","description":"Cartel Damage Claims","publisher":{"@id":"https:\/\/carteldamageclaims.com\/#organization"},"potentialAction":[{"@type":"SearchAction","target":{"@type":"EntryPoint","urlTemplate":"https:\/\/carteldamageclaims.com\/?s={search_term_string}"},"query-input":{"@type":"PropertyValueSpecification","valueRequired":true,"valueName":"search_term_string"}}],"inLanguage":"fr-FR"},{"@type":"Organization","@id":"https:\/\/carteldamageclaims.com\/#organization","name":"CDC Cartel Damage Claims","url":"https:\/\/carteldamageclaims.com\/","logo":{"@type":"ImageObject","inLanguage":"fr-FR","@id":"https:\/\/carteldamageclaims.com\/#\/schema\/logo\/image\/","url":"https:\/\/carteldamageclaims.com\/wp-content\/uploads\/2020\/09\/CDC-Logo.jpg","contentUrl":"https:\/\/carteldamageclaims.com\/wp-content\/uploads\/2020\/09\/CDC-Logo.jpg","width":225,"height":54,"caption":"CDC Cartel Damage Claims"},"image":{"@id":"https:\/\/carteldamageclaims.com\/#\/schema\/logo\/image\/"}}]}},"_links":{"self":[{"href":"https:\/\/carteldamageclaims.com\/fr\/wp-json\/wp\/v2\/pages\/530","targetHints":{"allow":["GET"]}}],"collection":[{"href":"https:\/\/carteldamageclaims.com\/fr\/wp-json\/wp\/v2\/pages"}],"about":[{"href":"https:\/\/carteldamageclaims.com\/fr\/wp-json\/wp\/v2\/types\/page"}],"author":[{"embeddable":true,"href":"https:\/\/carteldamageclaims.com\/fr\/wp-json\/wp\/v2\/users\/2"}],"replies":[{"embeddable":true,"href":"https:\/\/carteldamageclaims.com\/fr\/wp-json\/wp\/v2\/comments?post=530"}],"version-history":[{"count":18,"href":"https:\/\/carteldamageclaims.com\/fr\/wp-json\/wp\/v2\/pages\/530\/revisions"}],"predecessor-version":[{"id":6947,"href":"https:\/\/carteldamageclaims.com\/fr\/wp-json\/wp\/v2\/pages\/530\/revisions\/6947"}],"up":[{"embeddable":true,"href":"https:\/\/carteldamageclaims.com\/fr\/wp-json\/wp\/v2\/pages\/40"}],"wp:attachment":[{"href":"https:\/\/carteldamageclaims.com\/fr\/wp-json\/wp\/v2\/media?parent=530"}],"wp:term":[{"taxonomy":"author","embeddable":true,"href":"https:\/\/carteldamageclaims.com\/fr\/wp-json\/wp\/v2\/coauthors?post=530"}],"curies":[{"name":"wp","href":"https:\/\/api.w.org\/{rel}","templated":true}]}}