{"id":535,"date":"2020-09-09T12:22:11","date_gmt":"2020-09-09T10:22:11","guid":{"rendered":"https:\/\/carteldamageclaims.com\/?page_id=535"},"modified":"2021-01-28T11:01:10","modified_gmt":"2021-01-28T10:01:10","slug":"sodium-chlorate","status":"publish","type":"page","link":"https:\/\/carteldamageclaims.com\/fr\/cases\/sodium-chlorate\/","title":{"rendered":"Cartel du chlorate de sodium"},"content":{"rendered":"<div data-elementor-type=\"wp-page\" data-elementor-id=\"535\" class=\"elementor elementor-535\" data-elementor-post-type=\"page\">\n\t\t\t\t\t\t<section class=\"elementor-section elementor-top-section elementor-element elementor-element-e461854 elementor-section-boxed elementor-section-height-default elementor-section-height-default\" data-id=\"e461854\" data-element_type=\"section\" data-e-type=\"section\" data-settings=\"{&quot;background_background&quot;:&quot;classic&quot;}\">\n\t\t\t\t\t\t<div class=\"elementor-container elementor-column-gap-default\">\n\t\t\t\t\t<div class=\"elementor-column elementor-col-100 elementor-top-column elementor-element elementor-element-72bc5b5\" data-id=\"72bc5b5\" data-element_type=\"column\" data-e-type=\"column\">\n\t\t\t<div class=\"elementor-widget-wrap elementor-element-populated\">\n\t\t\t\t\t\t\t<\/div>\n\t\t<\/div>\n\t\t\t\t\t<\/div>\n\t\t<\/section>\n\t\t\t\t<section class=\"elementor-section elementor-top-section elementor-element elementor-element-e859103 elementor-section-boxed elementor-section-height-default elementor-section-height-default\" data-id=\"e859103\" data-element_type=\"section\" data-e-type=\"section\" data-settings=\"{&quot;background_background&quot;:&quot;classic&quot;}\">\n\t\t\t\t\t\t\t<div class=\"elementor-background-overlay\"><\/div>\n\t\t\t\t\t\t\t<div class=\"elementor-container elementor-column-gap-default\">\n\t\t\t\t\t<div class=\"elementor-column elementor-col-50 elementor-top-column elementor-element elementor-element-591e5df\" data-id=\"591e5df\" data-element_type=\"column\" data-e-type=\"column\">\n\t\t\t<div class=\"elementor-widget-wrap elementor-element-populated\">\n\t\t\t\t\t\t<div class=\"elementor-element elementor-element-4fd825f elementor-widget elementor-widget-spacer\" data-id=\"4fd825f\" data-element_type=\"widget\" data-e-type=\"widget\" data-widget_type=\"spacer.default\">\n\t\t\t\t<div class=\"elementor-widget-container\">\n\t\t\t\t\t\t\t<div class=\"elementor-spacer\">\n\t\t\t<div class=\"elementor-spacer-inner\"><\/div>\n\t\t<\/div>\n\t\t\t\t\t\t<\/div>\n\t\t\t\t<\/div>\n\t\t\t\t\t<\/div>\n\t\t<\/div>\n\t\t\t\t<div class=\"elementor-column elementor-col-50 elementor-top-column elementor-element elementor-element-92579b0\" data-id=\"92579b0\" data-element_type=\"column\" data-e-type=\"column\">\n\t\t\t<div class=\"elementor-widget-wrap elementor-element-populated\">\n\t\t\t\t\t\t<div class=\"elementor-element elementor-element-f11ebe5 elementor-widget elementor-widget-spacer\" data-id=\"f11ebe5\" data-element_type=\"widget\" data-e-type=\"widget\" data-widget_type=\"spacer.default\">\n\t\t\t\t<div class=\"elementor-widget-container\">\n\t\t\t\t\t\t\t<div class=\"elementor-spacer\">\n\t\t\t<div class=\"elementor-spacer-inner\"><\/div>\n\t\t<\/div>\n\t\t\t\t\t\t<\/div>\n\t\t\t\t<\/div>\n\t\t\t\t\t<\/div>\n\t\t<\/div>\n\t\t\t\t\t<\/div>\n\t\t<\/section>\n\t\t\t\t<section class=\"elementor-section elementor-top-section elementor-element elementor-element-5dff73a elementor-section-boxed elementor-section-height-default elementor-section-height-default\" data-id=\"5dff73a\" data-element_type=\"section\" data-e-type=\"section\">\n\t\t\t\t\t\t<div class=\"elementor-container elementor-column-gap-default\">\n\t\t\t\t\t<div class=\"elementor-column elementor-col-100 elementor-top-column elementor-element elementor-element-ab00f95\" data-id=\"ab00f95\" data-element_type=\"column\" data-e-type=\"column\">\n\t\t\t<div class=\"elementor-widget-wrap elementor-element-populated\">\n\t\t\t\t\t\t<div class=\"elementor-element elementor-element-5f2db3e elementor-widget elementor-widget-spacer\" data-id=\"5f2db3e\" data-element_type=\"widget\" data-e-type=\"widget\" data-widget_type=\"spacer.default\">\n\t\t\t\t<div class=\"elementor-widget-container\">\n\t\t\t\t\t\t\t<div class=\"elementor-spacer\">\n\t\t\t<div class=\"elementor-spacer-inner\"><\/div>\n\t\t<\/div>\n\t\t\t\t\t\t<\/div>\n\t\t\t\t<\/div>\n\t\t\t\t<div class=\"elementor-element elementor-element-907d28c elementor-widget elementor-widget-text-editor\" data-id=\"907d28c\" data-element_type=\"widget\" data-e-type=\"widget\" data-widget_type=\"text-editor.default\">\n\t\t\t\t<div class=\"elementor-widget-container\">\n\t\t\t\t\t\t\t\t\t<p>En mai 2011, CDC a d\u00e9pos\u00e9 une action contre quatre membres du cartel europ\u00e9en du chlorate de sodium devant les tribunaux d'Amsterdam, aux Pays-Bas. Le chlorate de sodium est un agent de blanchiment principalement utilis\u00e9 dans l'industrie de la p\u00e2te et du papier.<\/p>\t\t\t\t\t\t\t\t<\/div>\n\t\t\t\t<\/div>\n\t\t\t\t<div class=\"elementor-element elementor-element-8d7ac36 elementor-widget elementor-widget-spacer\" data-id=\"8d7ac36\" data-element_type=\"widget\" data-e-type=\"widget\" data-widget_type=\"spacer.default\">\n\t\t\t\t<div class=\"elementor-widget-container\">\n\t\t\t\t\t\t\t<div class=\"elementor-spacer\">\n\t\t\t<div class=\"elementor-spacer-inner\"><\/div>\n\t\t<\/div>\n\t\t\t\t\t\t<\/div>\n\t\t\t\t<\/div>\n\t\t\t\t<div class=\"elementor-element elementor-element-9de5eb0 elementor-widget elementor-widget-heading\" data-id=\"9de5eb0\" data-element_type=\"widget\" data-e-type=\"widget\" data-widget_type=\"heading.default\">\n\t\t\t\t<div class=\"elementor-widget-container\">\n\t\t\t\t\t<h2 class=\"elementor-heading-title elementor-size-default\">Contexte \u2013 Cartel europ\u00e9en du chlorate de sodium\n\n<\/h2>\t\t\t\t<\/div>\n\t\t\t\t<\/div>\n\t\t\t\t<div class=\"elementor-element elementor-element-366f183 elementor-widget elementor-widget-text-editor\" data-id=\"366f183\" data-element_type=\"widget\" data-e-type=\"widget\" data-widget_type=\"text-editor.default\">\n\t\t\t\t<div class=\"elementor-widget-container\">\n\t\t\t\t\t\t\t\t\t<p>Le 11 juin 2008, la Commission europ\u00e9enne a constat\u00e9 qu'&nbsp;<a href=\"https:\/\/www.akzonobel.com\/en\" target=\"_blank\" rel=\"noopener noreferrer\">Eka Chemicals AB \/ Akzo Nobel NV<\/a>,&nbsp;<a href=\"https:\/\/www.kemira.com\/\" target=\"_blank\" rel=\"noopener noreferrer\">Finnish Chemicals Oy (aujourd'hui Kemira Chemicals) \/ Erikem Luxembourg SA<\/a>,&nbsp;<a href=\"https:\/\/www.arkema.com\/en\/\" target=\"_blank\" rel=\"noopener noreferrer\">Arkema France SA \/ Elf Aquitaine SA<\/a>, et&nbsp;<a href=\"http:\/\/www.ercros.es\/index.php?lang=en\" target=\"_blank\" rel=\"noopener noreferrer\">Aragonesas Industrias y Energia SAU\/ Uralita SA<\/a>&nbsp;avaient particip\u00e9 de 1994 \u00e0 2000 \u00e0 des accords et pratiques concert\u00e9es anticoncurrentiels \u00e0 l'\u00e9chelle europ\u00e9enne sur le march\u00e9 du chlorate de sodium.<\/p>\n<p>Lors de nombreuses r\u00e9unions, les membres du cartel du chlorate de sodium ont fix\u00e9 les prix et surveill\u00e9 leur application, se sont r\u00e9parti les clients ainsi que les parts de march\u00e9 et ont \u00e9chang\u00e9 des informations commercialement sensibles. Les membres du cartel ont poursuivi une strat\u00e9gie visant \u00e0 stabiliser artificiellement le march\u00e9 du chlorate de sodium. Leur objectif ultime \u00e9tait, selon la Commission, de \"coordonner la politique de prix \u00e0 l'\u00e9gard des clients et de maximiser ainsi les marges\".<\/p>\n<p>Trois groupes d'entreprises ont reconnu leur participation \u00e0 l'entente sur le chlorate de sodium et ont coop\u00e9r\u00e9 avec la Commission dans le cadre de son programme de cl\u00e9mence. La Commission a inflig\u00e9 des amendes de plus de 79 millions d'euros \u00e0 tous les groupes de soci\u00e9t\u00e9s.<\/p>\t\t\t\t\t\t\t\t<\/div>\n\t\t\t\t<\/div>\n\t\t\t\t<div class=\"elementor-element elementor-element-83cab40 elementor-widget elementor-widget-spacer\" data-id=\"83cab40\" data-element_type=\"widget\" data-e-type=\"widget\" data-widget_type=\"spacer.default\">\n\t\t\t\t<div class=\"elementor-widget-container\">\n\t\t\t\t\t\t\t<div class=\"elementor-spacer\">\n\t\t\t<div class=\"elementor-spacer-inner\"><\/div>\n\t\t<\/div>\n\t\t\t\t\t\t<\/div>\n\t\t\t\t<\/div>\n\t\t\t\t<div class=\"elementor-element elementor-element-29df993 elementor-widget elementor-widget-heading\" data-id=\"29df993\" data-element_type=\"widget\" data-e-type=\"widget\" data-widget_type=\"heading.default\">\n\t\t\t\t<div class=\"elementor-widget-container\">\n\t\t\t\t\t<h2 class=\"elementor-heading-title elementor-size-default\">L\u2019action en dommages et int\u00e9r\u00eats de CDC<\/h2>\t\t\t\t<\/div>\n\t\t\t\t<\/div>\n\t\t\t\t<div class=\"elementor-element elementor-element-9645da7 elementor-widget elementor-widget-text-editor\" data-id=\"9645da7\" data-element_type=\"widget\" data-e-type=\"widget\" data-widget_type=\"text-editor.default\">\n\t\t\t\t<div class=\"elementor-widget-container\">\n\t\t\t\t\t\t\t\t\t<p>Le 31 mai 2011, CDC a intent\u00e9 une action en dommages et int\u00e9r\u00eats contre Akzo Nobel, EKA Chemicals, Kemira Chemicals et Arkema France devant le tribunal d'Amsterdam, aux Pays-Bas. Auparavant, dix entreprises de p\u00e2tes et papiers, avec un total de 27 sites de production situ\u00e9s dans 9 pays europ\u00e9ens, avaient vendu \u00e0 CDC leurs demandes de dommages et int\u00e9r\u00eats r\u00e9sultant du cartel du chlorate de sodium. Elles repr\u00e9sentent pr\u00e8s de la moiti\u00e9 de la demande europ\u00e9enne totale de chlorate de sodium.<\/p><p>Sur base de donn\u00e9es d\u00e9taill\u00e9es des transactions recueillies aupr\u00e8s des entreprises ayant subi des dommages, CDC a r\u00e9v\u00e9l\u00e9 \u00e0 l'aide de ses experts \u00e9conomiques externes, que le cartel avait entra\u00een\u00e9 d'importants surco\u00fbts de prix. Les acheteurs de chlorate de sodium ont subi des dommages pour lesquels les membres du cartel sont conjointement et solidairement responsables. Le montant total des dommages, y compris les int\u00e9r\u00eats r\u00e9clam\u00e9s par CDC, s'\u00e9levait \u00e0 plus de 100 millions d'euros.<\/p><p>Le 4 juin 2014, le tribunal de district d'Amsterdam a confirm\u00e9 sa comp\u00e9tence internationale pour entendre l'affaire. Dans ce jugement historique, le tribunal a estim\u00e9 que toutes les entreprises, dont la Commission a constat\u00e9 la participation \u00e0 l'entente, peuvent \u00eatre poursuivies ensemble au lieu o\u00f9 l'une d'entre elles a son si\u00e8ge. La Cour a \u00e9galement confirm\u00e9 que cela s'applique aux soci\u00e9t\u00e9s m\u00e8res telles qu'Akzo Nobel, qui \u00e9tait destinataire de la D\u00e9cision de la Commission lui infligeant une amende et dont les filiales ont directement particip\u00e9 aux r\u00e9unions de l'entente. Elle a \u00e9galement rejet\u00e9 l'argument selon lequel elle n'\u00e9tait pas comp\u00e9tente en raison de sa comp\u00e9tence g\u00e9n\u00e9rale et des clauses d'arbitrage pr\u00e9tendument convenues dans le cadre de certains contrats de fourniture concernant l'achat de chlorate de sodium, puisque les demandes de dommages-int\u00e9r\u00eats li\u00e9es \u00e0 l'entente ne sont pas li\u00e9es d'une relation contractuelle mais r\u00e9sultent de la manipulation clandestine du march\u00e9 par tous les membres de l'entente. La Cour d'appel d'Amsterdam a ensuite confirm\u00e9 le jugement de premi\u00e8re instance par une d\u00e9cision du 21 juillet 2015. Sur le fond, le tribunal d'Amsterdam a confirm\u00e9 la validit\u00e9 des cessions par jugement du 10 mai 2017, mais a consid\u00e9r\u00e9 certaines demandes comme \u00e9tant d\u00e9j\u00e0 prescrites. CDC et Kemira Chemicals ont fait appel du jugement de premi\u00e8re instance.<\/p><p>Le 4 f\u00e9vrier 2020, la Cour d'appel d'Amsterdam a rendu un jugement historique selon lequel les demandes de CDC contre Kemira Chemicals ne sont pas prescrites et a confirm\u00e9 la validit\u00e9 des cessions. Ce jugement apporte une s\u00e9curit\u00e9 juridique suppl\u00e9mentaire dans le domaine de l'application des r\u00e8gles de concurrence dans le secteur priv\u00e9. Le communiqu\u00e9 de presse de CDC concernant l'arr\u00eat de la Cour d'appel peut \u00eatre consult\u00e9 ici. Une traduction en anglais de l'arr\u00eat est \u00e9galement disponible\u00a0<a href=\"https:\/\/www.carteldamageclaims.com\/wp-content\/uploads\/2020\/02\/200204-CDC-Press-Release-Court-of-Appeal-judgment-Sodium-Chlorate-Cartel-Litigation.pdf\" target=\"_blank\" rel=\"noopener noreferrer\">ici<\/a>. An English translation of the judgment is also available\u00a0<a href=\"https:\/\/www.carteldamageclaims.com\/wp-content\/uploads\/2020\/02\/2020-02-04-Translation-Judgment-of-the-Amsterdam-Court-of-Appeal-CDC-Kemira_3310107.pdf\" target=\"_blank\" rel=\"noopener noreferrer\">ici<\/a>.<\/p><p>Comme le montrent les articles de presse, les communiqu\u00e9s de presse, les rapports annuels et les d\u00e9clarations publiques des d\u00e9fendeurs, CDC a conclu des accords extrajudiciaires avec Arkema France, Akzo Nobel et Eka Chemicals et a retir\u00e9 l'action contre ces soci\u00e9t\u00e9s.<\/p><p>La proc\u00e9dure se poursuit contre le seul d\u00e9fendeur restant, Kemira Chemicals, et est actuellement en cours devant le tribunal de district d'Amsterdam.<\/p>\t\t\t\t\t\t\t\t<\/div>\n\t\t\t\t<\/div>\n\t\t\t\t\t<\/div>\n\t\t<\/div>\n\t\t\t\t\t<\/div>\n\t\t<\/section>\n\t\t\t\t<\/div>","protected":false},"excerpt":{"rendered":"<p>In May 2011, CDC filed an action against four members of the Europe-wide sodium chlorate cartel in the Courts of Amsterdam, the Netherlands. Sodium chlorate is a bleaching agent mainly used in the pulp and paper industry. Background \u2013 European Sodium Chlorate Cartel On 11 June 2008 the European Commission found that&nbsp;Eka Chemicals AB \/ [&hellip;]<\/p>\n","protected":false},"author":2,"featured_media":0,"parent":40,"menu_order":0,"comment_status":"closed","ping_status":"closed","template":"elementor_header_footer","meta":{"footnotes":""},"coauthors":[],"class_list":["post-535","page","type-page","status-publish","hentry"],"yoast_head":"<!-- This site is optimized with the Yoast SEO plugin v27.4 - https:\/\/yoast.com\/product\/yoast-seo-wordpress\/ -->\n<title>Sodium Chlorate - CDC<\/title>\n<meta name=\"robots\" content=\"index, follow, max-snippet:-1, max-image-preview:large, max-video-preview:-1\" \/>\n<link rel=\"canonical\" href=\"https:\/\/carteldamageclaims.com\/fr\/nuestros-casos\/sodium-chlorate\/\" \/>\n<meta property=\"og:locale\" content=\"fr_FR\" \/>\n<meta property=\"og:type\" content=\"article\" \/>\n<meta property=\"og:title\" content=\"Sodium Chlorate - CDC\" \/>\n<meta property=\"og:description\" content=\"In May 2011, CDC filed an action against four members of the Europe-wide sodium chlorate cartel in the Courts of Amsterdam, the Netherlands. Sodium chlorate is a bleaching agent mainly used in the pulp and paper industry. Background \u2013 European Sodium Chlorate Cartel On 11 June 2008 the European Commission found that&nbsp;Eka Chemicals AB \/ [&hellip;]\" \/>\n<meta property=\"og:url\" content=\"https:\/\/carteldamageclaims.com\/fr\/nuestros-casos\/sodium-chlorate\/\" \/>\n<meta property=\"og:site_name\" content=\"CDC\" \/>\n<meta property=\"article:modified_time\" content=\"2021-01-28T10:01:10+00:00\" \/>\n<meta name=\"twitter:card\" content=\"summary_large_image\" \/>\n<meta name=\"twitter:label1\" content=\"Est. reading time\" \/>\n\t<meta name=\"twitter:data1\" content=\"3 minutes\" \/>\n\t<meta name=\"twitter:label2\" content=\"Written by\" \/>\n\t<meta name=\"twitter:data2\" content=\"Christian Classen\" \/>\n<script type=\"application\/ld+json\" class=\"yoast-schema-graph\">{\"@context\":\"https:\\\/\\\/schema.org\",\"@graph\":[{\"@type\":\"WebPage\",\"@id\":\"https:\\\/\\\/carteldamageclaims.com\\\/cases\\\/sodium-chlorate\\\/\",\"url\":\"https:\\\/\\\/carteldamageclaims.com\\\/cases\\\/sodium-chlorate\\\/\",\"name\":\"Sodium Chlorate - CDC\",\"isPartOf\":{\"@id\":\"https:\\\/\\\/carteldamageclaims.com\\\/#website\"},\"datePublished\":\"2020-09-09T10:22:11+00:00\",\"dateModified\":\"2021-01-28T10:01:10+00:00\",\"breadcrumb\":{\"@id\":\"https:\\\/\\\/carteldamageclaims.com\\\/cases\\\/sodium-chlorate\\\/#breadcrumb\"},\"inLanguage\":\"fr-FR\",\"potentialAction\":[{\"@type\":\"ReadAction\",\"target\":[\"https:\\\/\\\/carteldamageclaims.com\\\/cases\\\/sodium-chlorate\\\/\"]}]},{\"@type\":\"BreadcrumbList\",\"@id\":\"https:\\\/\\\/carteldamageclaims.com\\\/cases\\\/sodium-chlorate\\\/#breadcrumb\",\"itemListElement\":[{\"@type\":\"ListItem\",\"position\":1,\"name\":\"Home\",\"item\":\"https:\\\/\\\/carteldamageclaims.com\\\/\"},{\"@type\":\"ListItem\",\"position\":2,\"name\":\"CASES\",\"item\":\"https:\\\/\\\/carteldamageclaims.com\\\/cases\\\/\"},{\"@type\":\"ListItem\",\"position\":3,\"name\":\"Sodium Chlorate\"}]},{\"@type\":\"WebSite\",\"@id\":\"https:\\\/\\\/carteldamageclaims.com\\\/#website\",\"url\":\"https:\\\/\\\/carteldamageclaims.com\\\/\",\"name\":\"CDC Cartel Damage Claims\",\"description\":\"Cartel Damage Claims\",\"publisher\":{\"@id\":\"https:\\\/\\\/carteldamageclaims.com\\\/#organization\"},\"potentialAction\":[{\"@type\":\"SearchAction\",\"target\":{\"@type\":\"EntryPoint\",\"urlTemplate\":\"https:\\\/\\\/carteldamageclaims.com\\\/?s={search_term_string}\"},\"query-input\":{\"@type\":\"PropertyValueSpecification\",\"valueRequired\":true,\"valueName\":\"search_term_string\"}}],\"inLanguage\":\"fr-FR\"},{\"@type\":\"Organization\",\"@id\":\"https:\\\/\\\/carteldamageclaims.com\\\/#organization\",\"name\":\"CDC Cartel Damage Claims\",\"url\":\"https:\\\/\\\/carteldamageclaims.com\\\/\",\"logo\":{\"@type\":\"ImageObject\",\"inLanguage\":\"fr-FR\",\"@id\":\"https:\\\/\\\/carteldamageclaims.com\\\/#\\\/schema\\\/logo\\\/image\\\/\",\"url\":\"https:\\\/\\\/carteldamageclaims.com\\\/wp-content\\\/uploads\\\/2020\\\/09\\\/CDC-Logo.jpg\",\"contentUrl\":\"https:\\\/\\\/carteldamageclaims.com\\\/wp-content\\\/uploads\\\/2020\\\/09\\\/CDC-Logo.jpg\",\"width\":225,\"height\":54,\"caption\":\"CDC Cartel Damage Claims\"},\"image\":{\"@id\":\"https:\\\/\\\/carteldamageclaims.com\\\/#\\\/schema\\\/logo\\\/image\\\/\"}}]}<\/script>\n<!-- \/ Yoast SEO plugin. -->","yoast_head_json":{"title":"Sodium Chlorate - CDC","robots":{"index":"index","follow":"follow","max-snippet":"max-snippet:-1","max-image-preview":"max-image-preview:large","max-video-preview":"max-video-preview:-1"},"canonical":"https:\/\/carteldamageclaims.com\/fr\/nuestros-casos\/sodium-chlorate\/","og_locale":"fr_FR","og_type":"article","og_title":"Sodium Chlorate - CDC","og_description":"In May 2011, CDC filed an action against four members of the Europe-wide sodium chlorate cartel in the Courts of Amsterdam, the Netherlands. Sodium chlorate is a bleaching agent mainly used in the pulp and paper industry. Background \u2013 European Sodium Chlorate Cartel On 11 June 2008 the European Commission found that&nbsp;Eka Chemicals AB \/ [&hellip;]","og_url":"https:\/\/carteldamageclaims.com\/fr\/nuestros-casos\/sodium-chlorate\/","og_site_name":"CDC","article_modified_time":"2021-01-28T10:01:10+00:00","twitter_card":"summary_large_image","twitter_misc":{"Est. reading time":"3 minutes","Written by":"Christian Classen"},"schema":{"@context":"https:\/\/schema.org","@graph":[{"@type":"WebPage","@id":"https:\/\/carteldamageclaims.com\/cases\/sodium-chlorate\/","url":"https:\/\/carteldamageclaims.com\/cases\/sodium-chlorate\/","name":"Sodium Chlorate - CDC","isPartOf":{"@id":"https:\/\/carteldamageclaims.com\/#website"},"datePublished":"2020-09-09T10:22:11+00:00","dateModified":"2021-01-28T10:01:10+00:00","breadcrumb":{"@id":"https:\/\/carteldamageclaims.com\/cases\/sodium-chlorate\/#breadcrumb"},"inLanguage":"fr-FR","potentialAction":[{"@type":"ReadAction","target":["https:\/\/carteldamageclaims.com\/cases\/sodium-chlorate\/"]}]},{"@type":"BreadcrumbList","@id":"https:\/\/carteldamageclaims.com\/cases\/sodium-chlorate\/#breadcrumb","itemListElement":[{"@type":"ListItem","position":1,"name":"Home","item":"https:\/\/carteldamageclaims.com\/"},{"@type":"ListItem","position":2,"name":"CASES","item":"https:\/\/carteldamageclaims.com\/cases\/"},{"@type":"ListItem","position":3,"name":"Sodium Chlorate"}]},{"@type":"WebSite","@id":"https:\/\/carteldamageclaims.com\/#website","url":"https:\/\/carteldamageclaims.com\/","name":"CDC Cartel Damage Claims","description":"Cartel Damage Claims","publisher":{"@id":"https:\/\/carteldamageclaims.com\/#organization"},"potentialAction":[{"@type":"SearchAction","target":{"@type":"EntryPoint","urlTemplate":"https:\/\/carteldamageclaims.com\/?s={search_term_string}"},"query-input":{"@type":"PropertyValueSpecification","valueRequired":true,"valueName":"search_term_string"}}],"inLanguage":"fr-FR"},{"@type":"Organization","@id":"https:\/\/carteldamageclaims.com\/#organization","name":"CDC Cartel Damage Claims","url":"https:\/\/carteldamageclaims.com\/","logo":{"@type":"ImageObject","inLanguage":"fr-FR","@id":"https:\/\/carteldamageclaims.com\/#\/schema\/logo\/image\/","url":"https:\/\/carteldamageclaims.com\/wp-content\/uploads\/2020\/09\/CDC-Logo.jpg","contentUrl":"https:\/\/carteldamageclaims.com\/wp-content\/uploads\/2020\/09\/CDC-Logo.jpg","width":225,"height":54,"caption":"CDC Cartel Damage Claims"},"image":{"@id":"https:\/\/carteldamageclaims.com\/#\/schema\/logo\/image\/"}}]}},"_links":{"self":[{"href":"https:\/\/carteldamageclaims.com\/fr\/wp-json\/wp\/v2\/pages\/535","targetHints":{"allow":["GET"]}}],"collection":[{"href":"https:\/\/carteldamageclaims.com\/fr\/wp-json\/wp\/v2\/pages"}],"about":[{"href":"https:\/\/carteldamageclaims.com\/fr\/wp-json\/wp\/v2\/types\/page"}],"author":[{"embeddable":true,"href":"https:\/\/carteldamageclaims.com\/fr\/wp-json\/wp\/v2\/users\/2"}],"replies":[{"embeddable":true,"href":"https:\/\/carteldamageclaims.com\/fr\/wp-json\/wp\/v2\/comments?post=535"}],"version-history":[{"count":17,"href":"https:\/\/carteldamageclaims.com\/fr\/wp-json\/wp\/v2\/pages\/535\/revisions"}],"predecessor-version":[{"id":6935,"href":"https:\/\/carteldamageclaims.com\/fr\/wp-json\/wp\/v2\/pages\/535\/revisions\/6935"}],"up":[{"embeddable":true,"href":"https:\/\/carteldamageclaims.com\/fr\/wp-json\/wp\/v2\/pages\/40"}],"wp:attachment":[{"href":"https:\/\/carteldamageclaims.com\/fr\/wp-json\/wp\/v2\/media?parent=535"}],"wp:term":[{"taxonomy":"author","embeddable":true,"href":"https:\/\/carteldamageclaims.com\/fr\/wp-json\/wp\/v2\/coauthors?post=535"}],"curies":[{"name":"wp","href":"https:\/\/api.w.org\/{rel}","templated":true}]}}