{"id":7330,"date":"2021-04-30T08:56:59","date_gmt":"2021-04-30T06:56:59","guid":{"rendered":"https:\/\/carteldamageclaims.com\/?page_id=7330"},"modified":"2022-04-01T13:29:15","modified_gmt":"2022-04-01T11:29:15","slug":"milk-cartel","status":"publish","type":"page","link":"https:\/\/carteldamageclaims.com\/fr\/cases\/milk-cartel\/","title":{"rendered":"Milk Cartel"},"content":{"rendered":"<div data-elementor-type=\"wp-page\" data-elementor-id=\"7330\" class=\"elementor elementor-7330\" data-elementor-post-type=\"page\">\n\t\t\t\t\t\t<section class=\"elementor-section elementor-top-section elementor-element elementor-element-d3ab98c elementor-section-boxed elementor-section-height-default elementor-section-height-default\" data-id=\"d3ab98c\" data-element_type=\"section\" data-e-type=\"section\" data-settings=\"{&quot;background_background&quot;:&quot;classic&quot;}\">\n\t\t\t\t\t\t<div class=\"elementor-container elementor-column-gap-default\">\n\t\t\t\t\t<div class=\"elementor-column elementor-col-100 elementor-top-column elementor-element elementor-element-71f91e3\" data-id=\"71f91e3\" data-element_type=\"column\" data-e-type=\"column\">\n\t\t\t<div class=\"elementor-widget-wrap elementor-element-populated\">\n\t\t\t\t\t\t\t<\/div>\n\t\t<\/div>\n\t\t\t\t\t<\/div>\n\t\t<\/section>\n\t\t\t\t<section class=\"elementor-section elementor-top-section elementor-element elementor-element-aabda83 elementor-section-full_width elementor-section-height-default elementor-section-height-default\" data-id=\"aabda83\" data-element_type=\"section\" data-e-type=\"section\" data-settings=\"{&quot;background_background&quot;:&quot;classic&quot;}\">\n\t\t\t\t\t\t<div class=\"elementor-container elementor-column-gap-default\">\n\t\t\t\t\t<div class=\"elementor-column elementor-col-100 elementor-top-column elementor-element elementor-element-a5d2a9e\" data-id=\"a5d2a9e\" data-element_type=\"column\" data-e-type=\"column\">\n\t\t\t<div class=\"elementor-widget-wrap elementor-element-populated\">\n\t\t\t\t\t\t<div class=\"elementor-element elementor-element-c6cd6d9 elementor-widget elementor-widget-image\" data-id=\"c6cd6d9\" data-element_type=\"widget\" data-e-type=\"widget\" data-widget_type=\"image.default\">\n\t\t\t\t<div class=\"elementor-widget-container\">\n\t\t\t\t\t\t\t\t\t\t\t\t\t\t\t<img fetchpriority=\"high\" decoding=\"async\" width=\"850\" height=\"213\" src=\"https:\/\/carteldamageclaims.com\/wp-content\/uploads\/2021\/05\/Header-Leche-1024x256.png\" class=\"attachment-large size-large wp-image-7453\" alt=\"Milk carton - Icon blue\" srcset=\"https:\/\/carteldamageclaims.com\/wp-content\/uploads\/2021\/05\/Header-Leche-1024x256.png 1024w, https:\/\/carteldamageclaims.com\/wp-content\/uploads\/2021\/05\/Header-Leche-300x75.png 300w, https:\/\/carteldamageclaims.com\/wp-content\/uploads\/2021\/05\/Header-Leche-768x192.png 768w, https:\/\/carteldamageclaims.com\/wp-content\/uploads\/2021\/05\/Header-Leche-16x4.png 16w, https:\/\/carteldamageclaims.com\/wp-content\/uploads\/2021\/05\/Header-Leche-615x154.png 615w, https:\/\/carteldamageclaims.com\/wp-content\/uploads\/2021\/05\/Header-Leche.png 1120w\" sizes=\"(max-width: 850px) 100vw, 850px\" \/>\t\t\t\t\t\t\t\t\t\t\t\t\t\t\t<\/div>\n\t\t\t\t<\/div>\n\t\t\t\t\t<\/div>\n\t\t<\/div>\n\t\t\t\t\t<\/div>\n\t\t<\/section>\n\t\t\t\t<section class=\"elementor-section elementor-top-section elementor-element elementor-element-3a0473e2 elementor-section-boxed elementor-section-height-default elementor-section-height-default\" data-id=\"3a0473e2\" data-element_type=\"section\" data-e-type=\"section\">\n\t\t\t\t\t\t<div class=\"elementor-container elementor-column-gap-default\">\n\t\t\t\t\t<div class=\"elementor-column elementor-col-100 elementor-top-column elementor-element elementor-element-1dee42c3\" data-id=\"1dee42c3\" data-element_type=\"column\" data-e-type=\"column\">\n\t\t\t<div class=\"elementor-widget-wrap elementor-element-populated\">\n\t\t\t\t\t\t<div class=\"elementor-element elementor-element-43a8e58b elementor-widget elementor-widget-text-editor\" data-id=\"43a8e58b\" data-element_type=\"widget\" data-e-type=\"widget\" data-widget_type=\"text-editor.default\">\n\t\t\t\t<div class=\"elementor-widget-container\">\n\t\t\t\t\t\t\t\t\t\n<p>On 11 July 2019, the Spanish Competition Authority, the \u2018Comisi\u00f3n Nacional de Mercados y Competencia\u2019 (\u2018CNMC\u2019) fined ten large dairy companies operating in Spain \u20ac80 million for breaches of competition law between the years 2000 and 2013 (Expte. S\/0425\/12 INDUSTRIAS L\u00c1CTEAS 2).<\/p>\n\n<p>CDC is currently preparing the bundled enforcement of damage claims to which the dairy farmers harmed by the milk cartel are entitled (more on this below).<\/p>\n\n<p><strong>Background &#8211; The Spanish Milk Cartel<\/strong><\/p>\n\n<p>According to the CNMC&#8217;s findings, the main purchasers of raw cow&#8217;s milk exchanged information on purchase prices, purchase quantities and milk surpluses since 2000. This enabled them to coordinate trading strategies, restrict competition in the market for the supply of unprocessed cow&#8217;s milk and prevent farmers from obtaining competitive market prices for their raw milk. As a result, they prevented dairy farmers from negotiating prices and gave them the choice of either selling their milk at lower prices or not being able to sell some of it at all. According to the CNMC, this way the cartel members managed to force prices below competitive levels.<\/p>\n\n<p>The companies involved in the milk cartel are Calidad Pascual, S.A. (formerly Grupo Leche Pascual, S.A.), Central Lechera de Galicia (CELEGA, S.L.), Corporaci\u00f3n Alimentaria Pe\u00f1asanta, S.A. , Danone, S.A. , Grupo Lactalis Iberia, S.A. , Nestl\u00e9 Espa\u00f1a, S.A. , Industrias L\u00e1cteas de Granada, S.L.U. (formerly PULEVA FOOD, S.L.), Schreiber Food Espa\u00f1a, S.L. (formerly SENOBLE IBERICA, S.L.), Association of Galician Dairy Companies, Guild of the Catalan Dairy Industry, Industrias L\u00e1cteas Asturianas, S.A. , Grupo Leche R\u00edo, S.A. , Feiraco L\u00e1cteos, S.L. , Leche Celta, S.L. , Forlactaria Operadores Lecheros, S.A. and Central Lechera Asturiana, S.A.T.<\/p>\n\n<p><strong>Compensation for dairy farmers<\/strong><\/p>\n\n<p>Dairy farmers affected by the cartel are entitled under Spanish and EU-law to claim full compensation from the cartel members for the damage caused by the anti-competitive practices established by the CNMC. Any claim for damages would also include accrued interest from the time the damage occurred. In its decision, the CNMC estimates that the anti-competitive practices of the dairy companies resulted in an artificial price decrease of more than 10%. According to this, each dairy farmer could claim at least 10% of his turnover during the cartel period plus accrued interest. However, how much damage was suffered in each individual case can only be quantified after a comprehensive economic damage analysis has been carried out.<\/p>\n\n<p><strong>Bundled claim enforcement through CDC<\/strong><\/p>\n\n<p>Together with its cooperation partners, CDC is currently preparing to enforce the claims for damages of a large number of dairy farmers. The dairy farmers are not only benefiting from CDC&#8217;s almost 20 years of experience and expertise in the field of Europe-wide enforcement of antitrust claims for damages, but also from CDC&#8217;s full assumption of all costs and risks. The advantages of comprehensive data collection associated with the &#8220;bundling model&#8221; developed by CDC also enables the preparation of a robust damage analysis as well as the best possible presentation of evidence in the event of court proceedings. The synergy effects and stronger negotiating power vis-\u00e0-vis the cartel members achieved through the bundling of claims round off the complete alignment of interests between the harmed dairy farmers on the one hand and CDC on the other.<\/p>\n\n<p><strong>Can I still join CDC&#8217;s bundling approach?<\/strong><\/p>\n<p>Yes! CDC is in principle open to including the claims of additional dairy farmers in its bundled claims enforcement. If you are interested in more detailed information on this, simply contact us. We will be happy to personally explain our approach and all the associated benefits to you (we also speak Spanish).<\/p>\n\t\t\t\t\t\t\t\t<\/div>\n\t\t\t\t<\/div>\n\t\t\t\t\t<\/div>\n\t\t<\/div>\n\t\t\t\t\t<\/div>\n\t\t<\/section>\n\t\t\t\t<section class=\"elementor-section elementor-top-section elementor-element elementor-element-317bfc6 elementor-section-boxed elementor-section-height-default elementor-section-height-default\" data-id=\"317bfc6\" data-element_type=\"section\" data-e-type=\"section\">\n\t\t\t\t\t\t<div class=\"elementor-container elementor-column-gap-default\">\n\t\t\t\t\t<div class=\"elementor-column elementor-col-100 elementor-top-column elementor-element elementor-element-f28017e\" data-id=\"f28017e\" data-element_type=\"column\" data-e-type=\"column\">\n\t\t\t<div class=\"elementor-widget-wrap elementor-element-populated\">\n\t\t\t\t\t\t<div class=\"elementor-element elementor-element-730cd0c elementor-align-center elementor-widget elementor-widget-button\" data-id=\"730cd0c\" data-element_type=\"widget\" data-e-type=\"widget\" data-widget_type=\"button.default\">\n\t\t\t\t<div class=\"elementor-widget-container\">\n\t\t\t\t\t\t\t\t\t<div class=\"elementor-button-wrapper\">\n\t\t\t\t\t<a class=\"elementor-button elementor-button-link elementor-size-md\" href=\"mailto:mail@carteldamageclaims.com\">\n\t\t\t\t\t\t<span class=\"elementor-button-content-wrapper\">\n\t\t\t\t\t\t\t\t\t<span class=\"elementor-button-text\">Contact CDC without delay<\/span>\n\t\t\t\t\t<\/span>\n\t\t\t\t\t<\/a>\n\t\t\t\t<\/div>\n\t\t\t\t\t\t\t\t<\/div>\n\t\t\t\t<\/div>\n\t\t\t\t<div class=\"elementor-element elementor-element-773819f elementor-widget elementor-widget-spacer\" data-id=\"773819f\" data-element_type=\"widget\" data-e-type=\"widget\" data-widget_type=\"spacer.default\">\n\t\t\t\t<div class=\"elementor-widget-container\">\n\t\t\t\t\t\t\t<div class=\"elementor-spacer\">\n\t\t\t<div class=\"elementor-spacer-inner\"><\/div>\n\t\t<\/div>\n\t\t\t\t\t\t<\/div>\n\t\t\t\t<\/div>\n\t\t\t\t\t<\/div>\n\t\t<\/div>\n\t\t\t\t\t<\/div>\n\t\t<\/section>\n\t\t\t\t<\/div>","protected":false},"excerpt":{"rendered":"<p>On 11 July 2019, the Spanish Competition Authority, the \u2018Comisi\u00f3n Nacional de Mercados y Competencia\u2019 (\u2018CNMC\u2019) fined ten large dairy companies operating in Spain \u20ac80 million for breaches of competition law between the years 2000 and 2013 (Expte. S\/0425\/12 INDUSTRIAS L\u00c1CTEAS 2). CDC is currently preparing the bundled enforcement of damage claims to which the [&hellip;]<\/p>\n","protected":false},"author":2,"featured_media":0,"parent":40,"menu_order":0,"comment_status":"closed","ping_status":"closed","template":"elementor_header_footer","meta":{"footnotes":""},"coauthors":[],"class_list":["post-7330","page","type-page","status-publish","hentry"],"yoast_head":"<!-- This site is optimized with the Yoast SEO plugin v27.3 - https:\/\/yoast.com\/product\/yoast-seo-wordpress\/ -->\n<title>Milk Cartel - CDC<\/title>\n<meta name=\"robots\" content=\"index, follow, max-snippet:-1, max-image-preview:large, max-video-preview:-1\" \/>\n<link rel=\"canonical\" href=\"https:\/\/carteldamageclaims.com\/fr\/nuestros-casos\/milk-cartel\/\" \/>\n<meta property=\"og:locale\" content=\"fr_FR\" \/>\n<meta property=\"og:type\" content=\"article\" \/>\n<meta property=\"og:title\" content=\"Milk Cartel - CDC\" \/>\n<meta property=\"og:description\" content=\"On 11 July 2019, the Spanish Competition Authority, the \u2018Comisi\u00f3n Nacional de Mercados y Competencia\u2019 (\u2018CNMC\u2019) fined ten large dairy companies operating in Spain \u20ac80 million for breaches of competition law between the years 2000 and 2013 (Expte. S\/0425\/12 INDUSTRIAS L\u00c1CTEAS 2). CDC is currently preparing the bundled enforcement of damage claims to which the [&hellip;]\" \/>\n<meta property=\"og:url\" content=\"https:\/\/carteldamageclaims.com\/fr\/nuestros-casos\/milk-cartel\/\" \/>\n<meta property=\"og:site_name\" content=\"CDC\" \/>\n<meta property=\"article:modified_time\" content=\"2022-04-01T11:29:15+00:00\" \/>\n<meta property=\"og:image\" content=\"https:\/\/carteldamageclaims.com\/wp-content\/uploads\/2021\/05\/Header-Leche-1024x256.png\" \/>\n<meta name=\"twitter:card\" content=\"summary_large_image\" \/>\n<meta name=\"twitter:label1\" content=\"Est. reading time\" \/>\n\t<meta name=\"twitter:data1\" content=\"3 minutes\" \/>\n\t<meta name=\"twitter:label2\" content=\"Written by\" \/>\n\t<meta name=\"twitter:data2\" content=\"Christian Classen\" \/>\n<script type=\"application\/ld+json\" class=\"yoast-schema-graph\">{\"@context\":\"https:\\\/\\\/schema.org\",\"@graph\":[{\"@type\":\"WebPage\",\"@id\":\"https:\\\/\\\/carteldamageclaims.com\\\/cases\\\/milk-cartel\\\/\",\"url\":\"https:\\\/\\\/carteldamageclaims.com\\\/cases\\\/milk-cartel\\\/\",\"name\":\"Milk Cartel - CDC\",\"isPartOf\":{\"@id\":\"https:\\\/\\\/carteldamageclaims.com\\\/#website\"},\"primaryImageOfPage\":{\"@id\":\"https:\\\/\\\/carteldamageclaims.com\\\/cases\\\/milk-cartel\\\/#primaryimage\"},\"image\":{\"@id\":\"https:\\\/\\\/carteldamageclaims.com\\\/cases\\\/milk-cartel\\\/#primaryimage\"},\"thumbnailUrl\":\"https:\\\/\\\/carteldamageclaims.com\\\/wp-content\\\/uploads\\\/2021\\\/05\\\/Header-Leche-1024x256.png\",\"datePublished\":\"2021-04-30T06:56:59+00:00\",\"dateModified\":\"2022-04-01T11:29:15+00:00\",\"breadcrumb\":{\"@id\":\"https:\\\/\\\/carteldamageclaims.com\\\/cases\\\/milk-cartel\\\/#breadcrumb\"},\"inLanguage\":\"fr-FR\",\"potentialAction\":[{\"@type\":\"ReadAction\",\"target\":[\"https:\\\/\\\/carteldamageclaims.com\\\/cases\\\/milk-cartel\\\/\"]}]},{\"@type\":\"ImageObject\",\"inLanguage\":\"fr-FR\",\"@id\":\"https:\\\/\\\/carteldamageclaims.com\\\/cases\\\/milk-cartel\\\/#primaryimage\",\"url\":\"https:\\\/\\\/carteldamageclaims.com\\\/wp-content\\\/uploads\\\/2021\\\/05\\\/Header-Leche-1024x256.png\",\"contentUrl\":\"https:\\\/\\\/carteldamageclaims.com\\\/wp-content\\\/uploads\\\/2021\\\/05\\\/Header-Leche-1024x256.png\"},{\"@type\":\"BreadcrumbList\",\"@id\":\"https:\\\/\\\/carteldamageclaims.com\\\/cases\\\/milk-cartel\\\/#breadcrumb\",\"itemListElement\":[{\"@type\":\"ListItem\",\"position\":1,\"name\":\"Home\",\"item\":\"https:\\\/\\\/carteldamageclaims.com\\\/\"},{\"@type\":\"ListItem\",\"position\":2,\"name\":\"CASES\",\"item\":\"https:\\\/\\\/carteldamageclaims.com\\\/cases\\\/\"},{\"@type\":\"ListItem\",\"position\":3,\"name\":\"Milk Cartel\"}]},{\"@type\":\"WebSite\",\"@id\":\"https:\\\/\\\/carteldamageclaims.com\\\/#website\",\"url\":\"https:\\\/\\\/carteldamageclaims.com\\\/\",\"name\":\"CDC Cartel Damage Claims\",\"description\":\"Cartel Damage Claims\",\"publisher\":{\"@id\":\"https:\\\/\\\/carteldamageclaims.com\\\/#organization\"},\"potentialAction\":[{\"@type\":\"SearchAction\",\"target\":{\"@type\":\"EntryPoint\",\"urlTemplate\":\"https:\\\/\\\/carteldamageclaims.com\\\/?s={search_term_string}\"},\"query-input\":{\"@type\":\"PropertyValueSpecification\",\"valueRequired\":true,\"valueName\":\"search_term_string\"}}],\"inLanguage\":\"fr-FR\"},{\"@type\":\"Organization\",\"@id\":\"https:\\\/\\\/carteldamageclaims.com\\\/#organization\",\"name\":\"CDC Cartel Damage Claims\",\"url\":\"https:\\\/\\\/carteldamageclaims.com\\\/\",\"logo\":{\"@type\":\"ImageObject\",\"inLanguage\":\"fr-FR\",\"@id\":\"https:\\\/\\\/carteldamageclaims.com\\\/#\\\/schema\\\/logo\\\/image\\\/\",\"url\":\"https:\\\/\\\/carteldamageclaims.com\\\/wp-content\\\/uploads\\\/2020\\\/09\\\/CDC-Logo.jpg\",\"contentUrl\":\"https:\\\/\\\/carteldamageclaims.com\\\/wp-content\\\/uploads\\\/2020\\\/09\\\/CDC-Logo.jpg\",\"width\":225,\"height\":54,\"caption\":\"CDC Cartel Damage Claims\"},\"image\":{\"@id\":\"https:\\\/\\\/carteldamageclaims.com\\\/#\\\/schema\\\/logo\\\/image\\\/\"}}]}<\/script>\n<!-- \/ Yoast SEO plugin. -->","yoast_head_json":{"title":"Milk Cartel - CDC","robots":{"index":"index","follow":"follow","max-snippet":"max-snippet:-1","max-image-preview":"max-image-preview:large","max-video-preview":"max-video-preview:-1"},"canonical":"https:\/\/carteldamageclaims.com\/fr\/nuestros-casos\/milk-cartel\/","og_locale":"fr_FR","og_type":"article","og_title":"Milk Cartel - CDC","og_description":"On 11 July 2019, the Spanish Competition Authority, the \u2018Comisi\u00f3n Nacional de Mercados y Competencia\u2019 (\u2018CNMC\u2019) fined ten large dairy companies operating in Spain \u20ac80 million for breaches of competition law between the years 2000 and 2013 (Expte. S\/0425\/12 INDUSTRIAS L\u00c1CTEAS 2). CDC is currently preparing the bundled enforcement of damage claims to which the [&hellip;]","og_url":"https:\/\/carteldamageclaims.com\/fr\/nuestros-casos\/milk-cartel\/","og_site_name":"CDC","article_modified_time":"2022-04-01T11:29:15+00:00","og_image":[{"url":"https:\/\/carteldamageclaims.com\/wp-content\/uploads\/2021\/05\/Header-Leche-1024x256.png","type":"","width":"","height":""}],"twitter_card":"summary_large_image","twitter_misc":{"Est. reading time":"3 minutes","Written by":"Christian Classen"},"schema":{"@context":"https:\/\/schema.org","@graph":[{"@type":"WebPage","@id":"https:\/\/carteldamageclaims.com\/cases\/milk-cartel\/","url":"https:\/\/carteldamageclaims.com\/cases\/milk-cartel\/","name":"Milk Cartel - CDC","isPartOf":{"@id":"https:\/\/carteldamageclaims.com\/#website"},"primaryImageOfPage":{"@id":"https:\/\/carteldamageclaims.com\/cases\/milk-cartel\/#primaryimage"},"image":{"@id":"https:\/\/carteldamageclaims.com\/cases\/milk-cartel\/#primaryimage"},"thumbnailUrl":"https:\/\/carteldamageclaims.com\/wp-content\/uploads\/2021\/05\/Header-Leche-1024x256.png","datePublished":"2021-04-30T06:56:59+00:00","dateModified":"2022-04-01T11:29:15+00:00","breadcrumb":{"@id":"https:\/\/carteldamageclaims.com\/cases\/milk-cartel\/#breadcrumb"},"inLanguage":"fr-FR","potentialAction":[{"@type":"ReadAction","target":["https:\/\/carteldamageclaims.com\/cases\/milk-cartel\/"]}]},{"@type":"ImageObject","inLanguage":"fr-FR","@id":"https:\/\/carteldamageclaims.com\/cases\/milk-cartel\/#primaryimage","url":"https:\/\/carteldamageclaims.com\/wp-content\/uploads\/2021\/05\/Header-Leche-1024x256.png","contentUrl":"https:\/\/carteldamageclaims.com\/wp-content\/uploads\/2021\/05\/Header-Leche-1024x256.png"},{"@type":"BreadcrumbList","@id":"https:\/\/carteldamageclaims.com\/cases\/milk-cartel\/#breadcrumb","itemListElement":[{"@type":"ListItem","position":1,"name":"Home","item":"https:\/\/carteldamageclaims.com\/"},{"@type":"ListItem","position":2,"name":"CASES","item":"https:\/\/carteldamageclaims.com\/cases\/"},{"@type":"ListItem","position":3,"name":"Milk Cartel"}]},{"@type":"WebSite","@id":"https:\/\/carteldamageclaims.com\/#website","url":"https:\/\/carteldamageclaims.com\/","name":"CDC Cartel Damage Claims","description":"Cartel Damage Claims","publisher":{"@id":"https:\/\/carteldamageclaims.com\/#organization"},"potentialAction":[{"@type":"SearchAction","target":{"@type":"EntryPoint","urlTemplate":"https:\/\/carteldamageclaims.com\/?s={search_term_string}"},"query-input":{"@type":"PropertyValueSpecification","valueRequired":true,"valueName":"search_term_string"}}],"inLanguage":"fr-FR"},{"@type":"Organization","@id":"https:\/\/carteldamageclaims.com\/#organization","name":"CDC Cartel Damage Claims","url":"https:\/\/carteldamageclaims.com\/","logo":{"@type":"ImageObject","inLanguage":"fr-FR","@id":"https:\/\/carteldamageclaims.com\/#\/schema\/logo\/image\/","url":"https:\/\/carteldamageclaims.com\/wp-content\/uploads\/2020\/09\/CDC-Logo.jpg","contentUrl":"https:\/\/carteldamageclaims.com\/wp-content\/uploads\/2020\/09\/CDC-Logo.jpg","width":225,"height":54,"caption":"CDC Cartel Damage Claims"},"image":{"@id":"https:\/\/carteldamageclaims.com\/#\/schema\/logo\/image\/"}}]}},"_links":{"self":[{"href":"https:\/\/carteldamageclaims.com\/fr\/wp-json\/wp\/v2\/pages\/7330","targetHints":{"allow":["GET"]}}],"collection":[{"href":"https:\/\/carteldamageclaims.com\/fr\/wp-json\/wp\/v2\/pages"}],"about":[{"href":"https:\/\/carteldamageclaims.com\/fr\/wp-json\/wp\/v2\/types\/page"}],"author":[{"embeddable":true,"href":"https:\/\/carteldamageclaims.com\/fr\/wp-json\/wp\/v2\/users\/2"}],"replies":[{"embeddable":true,"href":"https:\/\/carteldamageclaims.com\/fr\/wp-json\/wp\/v2\/comments?post=7330"}],"version-history":[{"count":23,"href":"https:\/\/carteldamageclaims.com\/fr\/wp-json\/wp\/v2\/pages\/7330\/revisions"}],"predecessor-version":[{"id":8899,"href":"https:\/\/carteldamageclaims.com\/fr\/wp-json\/wp\/v2\/pages\/7330\/revisions\/8899"}],"up":[{"embeddable":true,"href":"https:\/\/carteldamageclaims.com\/fr\/wp-json\/wp\/v2\/pages\/40"}],"wp:attachment":[{"href":"https:\/\/carteldamageclaims.com\/fr\/wp-json\/wp\/v2\/media?parent=7330"}],"wp:term":[{"taxonomy":"author","embeddable":true,"href":"https:\/\/carteldamageclaims.com\/fr\/wp-json\/wp\/v2\/coauthors?post=7330"}],"curies":[{"name":"wp","href":"https:\/\/api.w.org\/{rel}","templated":true}]}}