{"id":7927,"date":"2020-07-03T16:33:20","date_gmt":"2020-07-03T14:33:20","guid":{"rendered":"https:\/\/carteldamageclaims.com\/our-cases-2\/on-going-cases\/"},"modified":"2020-07-03T16:33:20","modified_gmt":"2020-07-03T14:33:20","slug":"on-going-cases","status":"publish","type":"page","link":"https:\/\/carteldamageclaims.com\/fr\/on-going-cases\/","title":{"rendered":"Trucks \u200b #2"},"content":{"rendered":"<h2>Votre entreprise a subi un pr\u00e9judice important en raison du cartel des camions<br \/>\n<\/h2>\n<p class=\"translation-block\">CDC a r\u00e9alis\u00e9 une analyse \u00e9conomique pr\u00e9liminaire du pr\u00e9judice subi par les entreprises ayant achet\u00e9, lou\u00e9 ou pris en leasing des camions de plus de 6 tonnes, en France et dans le reste de l\u2019Europe, entre 1997 et 2011. Cette analyse montre que ces entreprises ont \u00e9t\u00e9 surfactur\u00e9es d\u2019environ 10% par rapport \u00e0 ce qu\u2019ils auraient pay\u00e9 si les constructeurs n\u2019avaient pas mis en place un cartel. CDC est \u00e9galement en train d'analyser les dommages suppl\u00e9mentaires r\u00e9sultant de l'introduction tardive des nouvelles technologies d'\u00e9mission (normes EURO 3 \u00e0 6). Cette introduction tardive a probablement entra\u00een\u00e9 une augmentation des co\u00fbts d'exploitation, notamment sous la forme d'une hausse du prix des carburants et des p\u00e9ages routiers.  Tout dommage subi par les clients est soumis \u00e0 des int\u00e9r\u00eats \u00e0 compter de la date \u00e0 laquelle le dommage s'est produit. En raison de la longue dur\u00e9e du cartel des camions, les int\u00e9r\u00eats peuvent repr\u00e9senter une augmentation de 50 \u00e0 100 % de la surcharge r\u00e9clam\u00e9e. Si votre entreprise a achet\u00e9, lou\u00e9 ou pris en leasing des camions pendant cette p\u00e9riode, elle a droit \u00e0 une indemnisation compl\u00e8te de ces dommages, en plus des int\u00e9r\u00eats courus.<\/p>\n<h2>Rejoignez sans attendre l\u2019action men\u00e9e par CDC, sans frais ni risque<br \/>\n<\/h2>\n<p>Le 13 juillet 2017, CDC a intent\u00e9 une action en indemnisation contre MAN, Volvo \/ Renault, Daimler, Iveco et DAF devant le tribunal de district d'Amsterdam aux Pays-Bas. Cette action porte sur toutes les marques de camions, y compris Scania. Dans ce contexte, CDC poursuit d\u00e9j\u00e0 les demandes de plus de 700 grandes entreprises et PME \u00e0 travers l'Europe. L'action de CDC est consid\u00e9r\u00e9e comme la plus avanc\u00e9e et la plus importante des Pays-Bas. Les tribunaux n\u00e9erlandais sont connus pour leur expertise et leur efficacit\u00e9. La souplesse des lois proc\u00e9durales n\u00e9erlandaises permet \u00e9galement \u00e0 tous les acheteurs et loueurs de camions en Europe de se joindre \u00e0 l'action de CDC. Les entreprises l\u00e9s\u00e9es par le cartel des camions peuvent contacter CDC pour se joindre \u00e0 la proc\u00e9dure et b\u00e9n\u00e9ficier de ses d\u00e9veloppements positifs. Le 15 mai 2019, CDC a obtenu son premier jugement important dans le litige relatif \u00e0 l'entente sur les camions. Le communiqu\u00e9 de presse de CDC relatif \u00e0 ce jugement peut \u00eatre consult\u00e9\u00a0<a href=\"https:\/\/carteldamageclaims.com\/wp-content\/uploads\/2021\/04\/190517-CDC-Press-release-Judgment-Amsterdam-District-Court-Trucks-Cartel-Litigation-EN.pdf\" target=\"_blank\" rel=\"noopener noreferrer\">ici<\/a>. Le 12 mai 2021, le Tribunal de district d'Amsterdam a statu\u00e9 en faveur de CDC dans un jugement cl\u00e9 <a href=\"https:\/\/carteldamageclaims.com\/wp-content\/uploads\/2021\/06\/Translation-of-Trucks-Judgment-12-May-2021-002.pdf\" target=\"_blank\" rel=\"noopener\">(lien vers la traduction anglaise)<\/a>, confirmant l'effet contraignant de l'ensemble de la d\u00e9cision de la Commission europ\u00e9enne, la port\u00e9e et la nature du cartel des camions ainsi que la probabilit\u00e9 d'un dommage caus\u00e9. Le communiqu\u00e9 de presse de CDC concernant ce jugement peut \u00eatre trouv\u00e9 <a href=\"https:\/\/carteldamageclaims.com\/wp-content\/uploads\/2021\/06\/210512_Trucks-Cartel-Communique\u0301-de-presse-FR.pdf\" target=\"_blank\" rel=\"noopener\">ici.<\/a><\/p>\n<h2>Les avantages de l\u2019approche de CDC<br \/>\n<\/h2>\n<p>CDC a achet\u00e9 et regroupe les r\u00e9clamations d'un grand nombre de soci\u00e9t\u00e9s endommag\u00e9es par le cartel des camions. Cette approche collective permet une analyse des dommages nettement plus solide qu'une analyse bas\u00e9e sur les donn\u00e9es d'une seule entreprise. Le regroupement des demandes d'indemnisation en une seule action cr\u00e9e \u00e9galement des synergies consid\u00e9rables dans le processus de recouvrement, tout en contribuant \u00e0 la rentabilit\u00e9 et en renfor\u00e7ant la position de n\u00e9gociation vis-\u00e0-vis des constructeurs de camions. CDC intente l'action en justice en son nom propre et supporte tous les co\u00fbts et les risques li\u00e9s \u00e0 la proc\u00e9dure en investissant ses propres ressources et en g\u00e9rant enti\u00e8rement tous les aspects de l'affaire. Lorsque nous parvenons \u00e0 un r\u00e8glement ou \u00e0 un jugement favorable, nous redistribuons plus de 65 % des dommages obtenus. Nous alignons pleinement nos int\u00e9r\u00eats sur les entreprises l\u00e9s\u00e9es en travaillant sur la base du principe \"no-win no-fee\". Dans des affaires pr\u00e9c\u00e9dentes prises par CDC, plusieurs r\u00e8glements \u00e0 l'amiable ont donn\u00e9 lieu au paiement de dizaines de millions d'euros \u00e0 diverses entreprises europ\u00e9ennes.<\/p>\n<h2>Cartel europ\u00e9en des constructeurs de camions<br \/>\n<\/h2>\n<p>Le 19 juillet 2016, cinq constructeurs europ\u00e9ens de camions se sont vus inflig\u00e9s une amende record de 2,93 milliards d\u2019euros par la Commission europ\u00e9enne. Selon la Commission, MAN, Volvo\/Renault, Daimler, Iveco et DAF ont particip\u00e9 \u00e0 des activit\u00e9s illicites comprenant notamment la fixation des prix au niveau des bar\u00e8mes brut pour les camions, la coordination du calendrier d\u2019introduction de nouvelles technologies d\u2019\u00e9mission, et la r\u00e9percussion des co\u00fbts y aff\u00e9rents sur les clients. Le 27 septembre 2017, la Commission a \u00e9galement inflig\u00e9 une amende de 880 millions d\u2019euros \u00e0 Scania. L\u2019entente a dur\u00e9 plus de 14 ans, de 1997 \u00e0 2011, et couvrait des camions de poids moyen (entre 6 et 16 tonnes) et de poids lourds (plus de 16 tonnes) dans l\u2019ensemble de l\u2019Espace \u00e9conomique europ\u00e9en (EEE). Par cons\u00e9quent, toute entreprise qui a achet\u00e9 (pris en leasing ou lou\u00e9) des camions de poids moyen ou lourd pendant cette p\u00e9riode a le droit de r\u00e9clamer une r\u00e9paration contre les constructeurs de camions.<\/p>\n<p>\t\t\t<a role=\"button\"><br \/>\n\t\t\t\t\t\tContact CDC without delay<br \/>\n\t\t\t\t\t<\/a><\/p>","protected":false},"excerpt":{"rendered":"<p>Your business may have incurred damages due to the trucks cartel CDC Cartel Damage Claims has conducted a preliminary economic analysis of the damage suffered by\u00a0companies that purchased or leased trucks over 6 tonnes in Europe between 1997 and 2011.\u00a0This analysis shows\u00a0that truck customers were overcharged by approximately 10% compared to what they would have [&hellip;]<\/p>\n","protected":false},"author":2,"featured_media":0,"parent":0,"menu_order":0,"comment_status":"closed","ping_status":"closed","template":"elementor_header_footer","meta":{"footnotes":""},"coauthors":[],"class_list":["post-7927","page","type-page","status-publish","hentry"],"yoast_head":"<!-- This site is optimized with the Yoast SEO plugin v27.3 - https:\/\/yoast.com\/product\/yoast-seo-wordpress\/ -->\n<title>Trucks \u200b #2 - CDC<\/title>\n<meta name=\"robots\" content=\"index, follow, max-snippet:-1, max-image-preview:large, max-video-preview:-1\" \/>\n<link rel=\"canonical\" href=\"https:\/\/carteldamageclaims.com\/fr\/on-going-cases\/\" \/>\n<meta property=\"og:locale\" content=\"fr_FR\" \/>\n<meta property=\"og:type\" content=\"article\" \/>\n<meta property=\"og:title\" content=\"Trucks \u200b #2 - CDC\" \/>\n<meta property=\"og:description\" content=\"Your business may have incurred damages due to the trucks cartel CDC Cartel Damage Claims has conducted a preliminary economic analysis of the damage suffered by\u00a0companies that purchased or leased trucks over 6 tonnes in Europe between 1997 and 2011.\u00a0This analysis shows\u00a0that truck customers were overcharged by approximately 10% compared to what they would have [&hellip;]\" \/>\n<meta property=\"og:url\" content=\"https:\/\/carteldamageclaims.com\/fr\/on-going-cases\/\" \/>\n<meta property=\"og:site_name\" content=\"CDC\" \/>\n<meta name=\"twitter:card\" content=\"summary_large_image\" \/>\n<meta name=\"twitter:label1\" content=\"Est. reading time\" \/>\n\t<meta name=\"twitter:data1\" content=\"3 minutes\" \/>\n\t<meta name=\"twitter:label2\" content=\"Written by\" \/>\n\t<meta name=\"twitter:data2\" content=\"Christian Classen\" \/>\n<script type=\"application\/ld+json\" class=\"yoast-schema-graph\">{\"@context\":\"https:\\\/\\\/schema.org\",\"@graph\":[{\"@type\":\"WebPage\",\"@id\":\"https:\\\/\\\/carteldamageclaims.com\\\/es\\\/on-going-cases\\\/\",\"url\":\"https:\\\/\\\/carteldamageclaims.com\\\/es\\\/on-going-cases\\\/\",\"name\":\"Trucks \u200b #2 - CDC\",\"isPartOf\":{\"@id\":\"https:\\\/\\\/carteldamageclaims.com\\\/#website\"},\"datePublished\":\"2020-07-03T14:33:20+00:00\",\"breadcrumb\":{\"@id\":\"https:\\\/\\\/carteldamageclaims.com\\\/es\\\/on-going-cases\\\/#breadcrumb\"},\"inLanguage\":\"fr-FR\",\"potentialAction\":[{\"@type\":\"ReadAction\",\"target\":[\"https:\\\/\\\/carteldamageclaims.com\\\/es\\\/on-going-cases\\\/\"]}]},{\"@type\":\"BreadcrumbList\",\"@id\":\"https:\\\/\\\/carteldamageclaims.com\\\/es\\\/on-going-cases\\\/#breadcrumb\",\"itemListElement\":[{\"@type\":\"ListItem\",\"position\":1,\"name\":\"Home\",\"item\":\"https:\\\/\\\/carteldamageclaims.com\\\/\"},{\"@type\":\"ListItem\",\"position\":2,\"name\":\"Trucks \u200b #2\"}]},{\"@type\":\"WebSite\",\"@id\":\"https:\\\/\\\/carteldamageclaims.com\\\/#website\",\"url\":\"https:\\\/\\\/carteldamageclaims.com\\\/\",\"name\":\"CDC Cartel Damage Claims\",\"description\":\"Cartel Damage Claims\",\"publisher\":{\"@id\":\"https:\\\/\\\/carteldamageclaims.com\\\/#organization\"},\"potentialAction\":[{\"@type\":\"SearchAction\",\"target\":{\"@type\":\"EntryPoint\",\"urlTemplate\":\"https:\\\/\\\/carteldamageclaims.com\\\/?s={search_term_string}\"},\"query-input\":{\"@type\":\"PropertyValueSpecification\",\"valueRequired\":true,\"valueName\":\"search_term_string\"}}],\"inLanguage\":\"fr-FR\"},{\"@type\":\"Organization\",\"@id\":\"https:\\\/\\\/carteldamageclaims.com\\\/#organization\",\"name\":\"CDC Cartel Damage Claims\",\"url\":\"https:\\\/\\\/carteldamageclaims.com\\\/\",\"logo\":{\"@type\":\"ImageObject\",\"inLanguage\":\"fr-FR\",\"@id\":\"https:\\\/\\\/carteldamageclaims.com\\\/#\\\/schema\\\/logo\\\/image\\\/\",\"url\":\"https:\\\/\\\/carteldamageclaims.com\\\/wp-content\\\/uploads\\\/2020\\\/09\\\/CDC-Logo.jpg\",\"contentUrl\":\"https:\\\/\\\/carteldamageclaims.com\\\/wp-content\\\/uploads\\\/2020\\\/09\\\/CDC-Logo.jpg\",\"width\":225,\"height\":54,\"caption\":\"CDC Cartel Damage Claims\"},\"image\":{\"@id\":\"https:\\\/\\\/carteldamageclaims.com\\\/#\\\/schema\\\/logo\\\/image\\\/\"}}]}<\/script>\n<!-- \/ Yoast SEO plugin. -->","yoast_head_json":{"title":"Trucks \u200b #2 - CDC","robots":{"index":"index","follow":"follow","max-snippet":"max-snippet:-1","max-image-preview":"max-image-preview:large","max-video-preview":"max-video-preview:-1"},"canonical":"https:\/\/carteldamageclaims.com\/fr\/on-going-cases\/","og_locale":"fr_FR","og_type":"article","og_title":"Trucks \u200b #2 - CDC","og_description":"Your business may have incurred damages due to the trucks cartel CDC Cartel Damage Claims has conducted a preliminary economic analysis of the damage suffered by\u00a0companies that purchased or leased trucks over 6 tonnes in Europe between 1997 and 2011.\u00a0This analysis shows\u00a0that truck customers were overcharged by approximately 10% compared to what they would have [&hellip;]","og_url":"https:\/\/carteldamageclaims.com\/fr\/on-going-cases\/","og_site_name":"CDC","twitter_card":"summary_large_image","twitter_misc":{"Est. reading time":"3 minutes","Written by":"Christian Classen"},"schema":{"@context":"https:\/\/schema.org","@graph":[{"@type":"WebPage","@id":"https:\/\/carteldamageclaims.com\/es\/on-going-cases\/","url":"https:\/\/carteldamageclaims.com\/es\/on-going-cases\/","name":"Trucks \u200b #2 - CDC","isPartOf":{"@id":"https:\/\/carteldamageclaims.com\/#website"},"datePublished":"2020-07-03T14:33:20+00:00","breadcrumb":{"@id":"https:\/\/carteldamageclaims.com\/es\/on-going-cases\/#breadcrumb"},"inLanguage":"fr-FR","potentialAction":[{"@type":"ReadAction","target":["https:\/\/carteldamageclaims.com\/es\/on-going-cases\/"]}]},{"@type":"BreadcrumbList","@id":"https:\/\/carteldamageclaims.com\/es\/on-going-cases\/#breadcrumb","itemListElement":[{"@type":"ListItem","position":1,"name":"Home","item":"https:\/\/carteldamageclaims.com\/"},{"@type":"ListItem","position":2,"name":"Trucks \u200b #2"}]},{"@type":"WebSite","@id":"https:\/\/carteldamageclaims.com\/#website","url":"https:\/\/carteldamageclaims.com\/","name":"CDC Cartel Damage Claims","description":"Cartel Damage Claims","publisher":{"@id":"https:\/\/carteldamageclaims.com\/#organization"},"potentialAction":[{"@type":"SearchAction","target":{"@type":"EntryPoint","urlTemplate":"https:\/\/carteldamageclaims.com\/?s={search_term_string}"},"query-input":{"@type":"PropertyValueSpecification","valueRequired":true,"valueName":"search_term_string"}}],"inLanguage":"fr-FR"},{"@type":"Organization","@id":"https:\/\/carteldamageclaims.com\/#organization","name":"CDC Cartel Damage Claims","url":"https:\/\/carteldamageclaims.com\/","logo":{"@type":"ImageObject","inLanguage":"fr-FR","@id":"https:\/\/carteldamageclaims.com\/#\/schema\/logo\/image\/","url":"https:\/\/carteldamageclaims.com\/wp-content\/uploads\/2020\/09\/CDC-Logo.jpg","contentUrl":"https:\/\/carteldamageclaims.com\/wp-content\/uploads\/2020\/09\/CDC-Logo.jpg","width":225,"height":54,"caption":"CDC Cartel Damage Claims"},"image":{"@id":"https:\/\/carteldamageclaims.com\/#\/schema\/logo\/image\/"}}]}},"_links":{"self":[{"href":"https:\/\/carteldamageclaims.com\/fr\/wp-json\/wp\/v2\/pages\/7927","targetHints":{"allow":["GET"]}}],"collection":[{"href":"https:\/\/carteldamageclaims.com\/fr\/wp-json\/wp\/v2\/pages"}],"about":[{"href":"https:\/\/carteldamageclaims.com\/fr\/wp-json\/wp\/v2\/types\/page"}],"author":[{"embeddable":true,"href":"https:\/\/carteldamageclaims.com\/fr\/wp-json\/wp\/v2\/users\/2"}],"replies":[{"embeddable":true,"href":"https:\/\/carteldamageclaims.com\/fr\/wp-json\/wp\/v2\/comments?post=7927"}],"version-history":[{"count":0,"href":"https:\/\/carteldamageclaims.com\/fr\/wp-json\/wp\/v2\/pages\/7927\/revisions"}],"wp:attachment":[{"href":"https:\/\/carteldamageclaims.com\/fr\/wp-json\/wp\/v2\/media?parent=7927"}],"wp:term":[{"taxonomy":"author","embeddable":true,"href":"https:\/\/carteldamageclaims.com\/fr\/wp-json\/wp\/v2\/coauthors?post=7927"}],"curies":[{"name":"wp","href":"https:\/\/api.w.org\/{rel}","templated":true}]}}